{"id":16557,"date":"2024-03-24T16:51:55","date_gmt":"2024-03-24T15:51:55","guid":{"rendered":"https:\/\/www.digital-pinball.com\/?post_type=product&#038;p=16557"},"modified":"2025-05-09T20:14:21","modified_gmt":"2025-05-09T18:14:21","slug":"pinball-artwork-rage-race","status":"publish","type":"product","link":"https:\/\/digital-pinball.com\/sv\/virtual-pinball-store\/pinball-artwork-rage-race\/","title":{"rendered":"Flipperkonstverk Rage Race"},"content":{"rendered":"<p>[et_pb_section fb_built=\u201d1\u2033 _builder_version=\u201d4.16\u2033 custom_padding=\u201d0px|||false|false\u201d global_colors_info=\u201d{}\u201d][et_pb_row _builder_version=\u201d4.16\u2033 background_left_size=\u201dposition_top\u201dbackground=\u201dposition_top\u201d \u201drepeat\u201d width=\u201d100%\u201d custom_padding=\u201d0px||0px||false|false\u201d global_colors_info=\u201d{}\u201d][et_pb_column type=\u201d4_4\u2033 _builder_version=\u201d4.16\u2033 custom_padding=\u201d|||\u201d global_colors_info=\u201d{}\u201d custom_padding__hover=\u201d||\u201d][et_pb_wc_cart_notice _builder_version=\u201d4.16\u2033 background_color=\u201d#000000\u2033 custom_button=\u201don\u201d button_text_color=\u201d#00_000\u201d button_text_color=\u201d#000000\u201d button_text_color=\u201d#000000\u201d button_text_color=\u201d#000000\u201d button-#000000\u201dknapp\u201d#000000\u201d x|||| false|false\u201d button_custom_padding=\u201d|||false|false\u201d min_height=\u201d96px\u201d custom_margin=\u201d|0em|2em|0em|false|false\u201d custom_padding=\u201d37px|15px|15px|15px|false|false\u201d global_colors_info =\u201d{}\u201d][\/et_pb_wc_cart_notice][\/et_pb_column][\/et_pb_row][et_pb_row column_structure=\u201d1_2,1_2\u2033 _builder_version=\u201d4.16\u2033 background_size=\u201dinitial\u201d background_position=\u201dtop_left\u201d_repeat\u201d wid_backback\u201d 100%\u201d custom_margin=&quot;|auto|-23px|auto||&quot; custom_padding=\u201d0px||||false|false\u201d global_colors_info=\u201d{}\u201d][et_pb_column type=\u201d1_2\u2033 _builder_version=\u201d4.16\u2033 custom_padding=\u201d|||\u201d global_colors_info=\u201d{}\u201d custom_padding__hover=\u201d||\u201d][et_pb_wc_images show_sale_badge=\u201doff\u201d sale_badge_color=\u201d#e02b20\u2033 _builder_version=\u201d4.16\u2033[global_colors_info=\u201d_p_s][b_p_umc][b_p_umc_images\/global_colors_info=\u201d_\u201d kolumntyp= \u201d1_2\u2033 _builder_version=\u201d4.16\u2033 custom_padding=\u201d|||\u201d Global_Colors_Info = \u201d{}\u201d Custom_padding__hover = \u201d|||\u201d] [ET_PB_WC_TITLE _BUILDER_VERSION = \u201d4.16 \u2033 Global_Colors fo = \u201d{}\u201d] [\/et_pb_wc_rating] [et_pb_wc_price _builder_version=\u201d4.16\u2033 body_text_color=\u201d#000000\u2033 global_colors_info=\u201d{}\u201d][\/et_pb_wc_price][et_pb_wc_description _builder_version=\u201d=info_6\u2033[global_version=\u201d=info_6\u2033] et_pb_wc_add_to_cart show_quantity=\u201doff\u201d show_stock= \u201doff\u201d _builder_version=\u201d4.16\u2033 _module_preset=\u201ddefault\u201d custom_button=\u201don\u201d button_text_color=\u201d#ffffff\u201d button_bg_color=\u201d#000000\u2033 global_colors_info=\u201d{}\u201d][\/et_pb__c][n_bt_pb_c] et_pb_row _builder_version =\u201d4.16\u2033 _module_preset=\u201ddefault\u201d width=\u201d100%\u201d custom_padding=\u201d0px||0px|||\u201d global_colors_info=\u201d{}\u201d][et_pb_column type=\u201d4_4\u2033 _builder_version=\u201d4.16\u2033 _module_preset=\u201ddefault\u201d global_colors_info=\u201d{}\u201d][et_pb_divider color=\u201d#000000\u2033\u2033\u2033version\u201d 3_we\u201d 3_we\u201d divider e_preset= \u201ddefault\u201d min_height=\u201d24.3px\u201d custom_margin=\u201d||-1px|||\u201d global_colors_info=\u201d{}\u201d][\/et_pb_divider][\/et_pb_column][\/et_pb_row][et_pb_row column_structure=\u201d1_3,1_3,1_3\u2033 _builder_version=\u201d4.16\u2033 _module_preset=\u201ddefault\u201d 0_1TPheight\u201dx\u201d0_1TPheight\u201dx custom_padding=&quot;||0px|||&quot; global_colors_info=\u201d{}\u201d][et_pb_column type=\u201d1_3\u2033 _builder_version=\u201d4.16\u2033 _module_preset=\u201ddefault\u201d global_colors_info=\u201d{}\u201d][et_pb_blurb title=\u201dpengarna-tillbaka-garanti\u201d use_icon=\u201don\u201d=\u201d\u201d ||divi||400\u2033 icon_color=\u201d#007fe0\u2033 icon_placement=\u201dleft\u201d image_icon_width=\u201d47px\u201d _builder_version=\u201d4.16\u2033 _module_preset=\u201ddefault\u201d icon_font_size=\u201d47px]info\u201d=\u201d47px\u201d1_color moneyback<br \/>\ninga fr\u00e5gor st\u00e4llda<br \/>\n[\/et_pb_blurb][\/et_pb_column][et_pb_column type=\u201d1_3\u2033 _builder_version=\u201d4.16\u2033 _module_preset=\u201ddefault\u201d global_colors_info=\u201d{}\u201d][et_pb_blurb title=\u201dicon_=\u201d=\u201dicon_con\u201d=\u201d\ue003\u201danv\u00e4ndning_ |divi||400\u2033 icon_color=\u201d#007fe0\u2033 icon_placement=\u201dleft\u201d image_icon_width=\u201d47px\u201d _builder_version=\u201d4.16\u2033 _module_preset=\u201ddefault\u201d icon_font_size=\u201d47px\u201d=\u201d47px\u201d= globala lager\u201d{} finns i lager\u201d{} p\u00e5 1-3 dagar. \u00d6ver hela v\u00e4rlden<\/p>\n<p>&nbsp;<br \/>\n[\/et_pb_blurb][\/et_pb_column][et_pb_column type=\u201d1_3\u2033 _builder_version=\u201d4.16\u2033 _module_preset=\u201ddefault\u201d global_colors_info=\u201d{}\u201d][et_pb_blurb title=\u201dicon_font=\u201d|\u201d vid anv\u00e4ndning_\u201d |divi||400\u2033 icon_color=\u201d#007fe0\u2033 icon_placement=\u201dleft\u201d image_icon_width=\u201d47px\u201d _builder_version=\u201d4.16\u2033 _module_preset=\u201ddefault\u201d icon_font_size=\u201d47px_topp\u201d=\u201d_coloren_off\u201d=\u201d_coloren_offer\u201d \u201d] betala med PayPal, kreditkort eller bank\u00f6verf\u00f6ring<br \/>\n[\/et_pb_blurb][\/et_pb_column][\/et_pb_row][et_pb_row _builder_version=\u201d4.16\u2033 _module_preset=\u201ddefault\u201d width=\u201d100%\u201d custom_padding=\u201d0px||0px|||\u201d global_colors_info=\u201d{}\u201d][et_pb_column type=\u201d4_4\u2033 _builder_version=\u201d4.16\u2033 _module_preset=\u201ddefault\u201d global_colors_info=\u201d{}\u201d][et_pb_divider color=\u201d#000000\u2033\u2033\u2033version\u201d 3_we\u201d 3_we\u201d divider e_preset= \u201ddefault\u201d min_height=\u201d24.3px\u201d custom_margin=\u201d||-1px|||\u201d global_colors_info=\u201d{}\u201d][\/et_pb_divider][\/et_pb_column][\/et_pb_row][et_pb_row _builder_version=\u201d4.16\u2033 background_size=\u201dinitial\u201d background_position=\u201dtop_left\u201d background_repeat=\u201drepeat\u201d0\u201d0color{_infos\u201d1 global_colors_info=\u201d{}\u201d }\u201d][et_pb_column type=\u201d4_4\u2033 _builder_version=\u201d4.16\u2033 custom_padding=\u201d|||\u201d global_colors_info=\u201d{}\u201d custom_padding__hover=\u201d|||\u201d][et_pb_wc_tabs include_tabs=\u201ddescription||recensioner\u201d _builder_version=\u201d4.16\u2033 global_colors_info=\u201d{}\u201d] [\/et_pb_wc_tabs][etpb_wc_tabs][etpb_wc_tabs][etpbn_row][etb_pb][etbn_pb][et_ _builder_version=\u201d4.16\u2033 _module_preset=\u201ddefault\u201d width=\u201d100%\u201d custom_padding=\u201d||0px|||\u201d global_colors_info=\u201d{}\u201d][et_pb_column type=\u201d4_4\u2033 _builder_version=\u201d4.16\u2033 _module_preset=\u201ddefault\u201d global_colors_info=\u201d{}\u201d][et_pb_divider color=\u201d#000000\u2033\u2033\u2033-divider\u201d _\u201d divider_6\u201d 4_we e_preset= \u201ddefault\u201d global_colors_info=\u201d{}\u201d][\/et_pb_divider][\/et_pb_column][\/et_pb_row][et_pb_row _builder_version=\u201d4.16\u2033 _module_preset=\u201ddefault\u201d width=\u201d100%\u201d| 0_p\u201d=\u201d1 customized| global_colors_info=\u201d{}\u201d][et_pb_column type=\u201d4_4\u2033 _builder_version=\u201d4.16\u2033 _module_preset=\u201ddefault\u201d global_colors_info=\u201d{}\u201d][et_pb_text admin_label=\u201dTitel\u201d _text_1_version=\u201d|\u201d4text_1_version=\u201d|\u201d4 |||||\u201d text_font_size=\u201d18px\u201d text_line_height=\u201d1.8em\u201d header_font=\u201d|||||||\u201d header_2_font=&quot;Oswald|||p\u00e5|||||&quot; header_2_text_align=\u201dcenter\u201d header_2_font_size=\u201d40px\u201d header_2_letter_spacing=\u201d1px\u201d header_2_line_height=\u201d1.5em\u201d header_3_font=\u201d|||||||\u201d max_width=\u201d600px\u201d max_width_last_edited=\u201doff|desktop\u201d module_alignment=\u201dcenter\u201d min_height=\u201d10px\u201d custom_margin=\u201d-10px||0px|214px|false|false\u201d locked=\u201doff\u201d global_colors_info=\u201d{}\u201d]<\/p>\n<h2><span style=\"color: #000000;\"><span style=\"caret-color: #000000;\">Relaterade produkter<\/span><\/span><\/h2>\n<p>[\/et_pb_text][et_pb_shop type=&#8221;product_category&#8221; posts_number=&#8221;1&#8243; include_categories=&#8221;183,185&#8243; columns_number=&#8221;5&#8243; _builder_version=&#8221;4.21.0&#8243; _module_preset=&#8221;default&#8221; global_colors_info=&#8221;{}&#8221;][\/et_pb_shop][\/et_pb_column][\/et_pb_row][\/et_pb_section]<\/p>","protected":false},"excerpt":{"rendered":"<p><strong>2 stycken (v\u00e4nster och h\u00f6ger)<\/strong><\/p>","protected":false},"featured_media":16548,"template":"","meta":{"_et_pb_use_builder":"on","_et_pb_old_content":"<h1><strong>Elevate Your Game with Sharpin Artwork Stickers!<\/strong><\/h1>\r\n<strong>Key Features:<\/strong>\r\n<ul>\r\n \t<li><strong>Varied Designs:<\/strong> From classic to contemporary, find the perfect theme to match your style.<\/li>\r\n \t<li><strong>High Quality:<\/strong> Durable vinyl material ensures lasting vibrancy and resilience.<\/li>\r\n \t<li><strong>Easy to Apply:<\/strong> Simple, residue-free application for a swift and stunning transformation.<\/li>\r\n \t<li><strong>Precision Fit:<\/strong> Tailored for the Sharpin machine, ensuring a sleek, integrated look.<\/li>\r\n<\/ul>\r\n&nbsp;\r\n<h2><strong>Why Wait? Personalize Your Pinball Experience Today!<\/strong><\/h2>\r\nOur artwork stickers are more than just decorations; they're an expression of your pinball enthusiasm. Upgrade your Sharpin with a touch of personal flair and enjoy a gaming environment that's truly yours. Order now and redefine your pinball adventure!","_et_gb_content_width":""},"product_brand":[],"product_cat":[67,185,54,177],"product_tag":[],"class_list":{"0":"post-16557","1":"product","2":"type-product","3":"status-publish","4":"has-post-thumbnail","6":"product_cat-spare-parts","7":"product_cat-sticker","8":"product_cat-upgrade","9":"product_cat-weship","11":"first","12":"instock","13":"sold-individually","14":"taxable","15":"shipping-taxable","16":"purchasable","17":"product-type-simple"},"_links":{"self":[{"href":"https:\/\/digital-pinball.com\/sv\/wp-json\/wp\/v2\/product\/16557","targetHints":{"allow":["GET"]}}],"collection":[{"href":"https:\/\/digital-pinball.com\/sv\/wp-json\/wp\/v2\/product"}],"about":[{"href":"https:\/\/digital-pinball.com\/sv\/wp-json\/wp\/v2\/types\/product"}],"wp:featuredmedia":[{"embeddable":true,"href":"https:\/\/digital-pinball.com\/sv\/wp-json\/wp\/v2\/media\/16548"}],"wp:attachment":[{"href":"https:\/\/digital-pinball.com\/sv\/wp-json\/wp\/v2\/media?parent=16557"}],"wp:term":[{"taxonomy":"product_brand","embeddable":true,"href":"https:\/\/digital-pinball.com\/sv\/wp-json\/wp\/v2\/product_brand?post=16557"},{"taxonomy":"product_cat","embeddable":true,"href":"https:\/\/digital-pinball.com\/sv\/wp-json\/wp\/v2\/product_cat?post=16557"},{"taxonomy":"product_tag","embeddable":true,"href":"https:\/\/digital-pinball.com\/sv\/wp-json\/wp\/v2\/product_tag?post=16557"}],"curies":[{"name":"wp","href":"https:\/\/api.w.org\/{rel}","templated":true}]}}