{"id":15963,"date":"2023-05-15T20:43:45","date_gmt":"2023-05-15T18:43:45","guid":{"rendered":"https:\/\/www.digital-pinball.com\/?post_type=product&#038;p=15963"},"modified":"2024-11-26T08:53:21","modified_gmt":"2024-11-26T07:53:21","slug":"digital-plunger","status":"publish","type":"product","link":"https:\/\/digital-pinball.com\/sv\/virtual-pinball-store\/digital-plunger\/","title":{"rendered":"Digital kolv"},"content":{"rendered":"<p>[et_pb_section fb_built=\u201d1\u2033 _builder_version=\u201d4.16\u2033 custom_padding=\u201d0px|||false|false\u201d global_colors_info=\u201d{}\u201d][et_pb_row _builder_version=\u201d4.16\u2033 background_left_size=\u201dposition_top\u201dbackground=\u201dposition_top\u201d \u201drepeat\u201d width=\u201d100%\u201d custom_padding=\u201d0px||0px||false|false\u201d global_colors_info=\u201d{}\u201d][et_pb_column type=\u201d4_4\u2033 _builder_version=\u201d4.16\u2033 custom_padding=\u201d|||\u201d global_colors_info=\u201d{}\u201d custom_padding__hover=\u201d||\u201d][et_pb_wc_cart_notice _builder_version=\u201d4.16\u2033 background_color=\u201d#000000\u2033 custom_button=\u201don\u201d button_text_color=\u201d#00_000\u201d button_text_color=\u201d#000000\u201d button_text_color=\u201d#000000\u201d button_text_color=\u201d#000000\u201d button-#000000\u201dknapp\u201d#000000\u201d x|||| false|false\u201d button_custom_padding=\u201d|||false|false\u201d min_height=\u201d96px\u201d custom_margin=\u201d|0em|2em|0em|false|false\u201d custom_padding=\u201d37px|15px|15px|15px|false|false\u201d global_colors_info =\u201d{}\u201d][\/et_pb_wc_cart_notice][\/et_pb_column][\/et_pb_row][et_pb_row column_structure=\u201d1_2,1_2\u2033 _builder_version=\u201d4.16\u2033 background_size=\u201dinitial\u201d background_position=\u201dtop_left\u201d_repeat\u201d wid_backback\u201d 100%\u201d custom_margin=&quot;|auto|-23px|auto||&quot; custom_padding=\u201d0px||||false|false\u201d global_colors_info=\u201d{}\u201d][et_pb_column type=\u201d1_2\u2033 _builder_version=\u201d4.16\u2033 custom_padding=\u201d|||\u201d global_colors_info=\u201d{}\u201d custom_padding__hover=\u201d||\u201d][et_pb_wc_images show_sale_badge=\u201doff\u201d sale_badge_color=\u201d#e02b20\u2033 _builder_version=\u201d4.16\u2033[global_colors_info=\u201d_p_s][b_p_umc][b_p_umc_images\/global_colors_info=\u201d_\u201d kolumntyp= \u201d1_2\u2033 _builder_version=\u201d4.16\u2033 custom_padding=\u201d|||\u201d Global_Colors_Info = \u201d{}\u201d Custom_padding__hover = \u201d|||\u201d] [ET_PB_WC_TITLE _BUILDER_VERSION = \u201d4.16 \u2033 Global_Colors fo = \u201d{}\u201d] [\/et_pb_wc_rating] [et_pb_wc_price _builder_version=\u201d4.16\u2033 body_text_color=\u201d#000000\u2033 global_colors_info=\u201d{}\u201d][\/et_pb_wc_price][et_pb_wc_description _builder_version=\u201d=info_6\u2033[global_version=\u201d=info_6\u2033] et_pb_wc_add_to_cart show_quantity=\u201doff\u201d show_stock= \u201doff\u201d _builder_version=\u201d4.16\u2033 _module_preset=\u201ddefault\u201d custom_button=\u201don\u201d button_text_color=\u201d#ffffff\u201d button_bg_color=\u201d#000000\u2033 global_colors_info=\u201d{}\u201d][\/et_pb__c][n_bt_pb_c] et_pb_row _builder_version =\u201d4.16\u2033 _module_preset=\u201ddefault\u201d width=\u201d100%\u201d custom_padding=\u201d0px||0px|||\u201d global_colors_info=\u201d{}\u201d][et_pb_column type=\u201d4_4\u2033 _builder_version=\u201d4.16\u2033 _module_preset=\u201ddefault\u201d global_colors_info=\u201d{}\u201d][et_pb_divider color=\u201d#000000\u2033\u2033\u2033version\u201d 3_we\u201d 3_we\u201d divider e_preset= \u201ddefault\u201d min_height=\u201d24.3px\u201d custom_margin=\u201d||-1px|||\u201d global_colors_info=\u201d{}\u201d][\/et_pb_divider][\/et_pb_column][\/et_pb_row][et_pb_row column_structure=\u201d1_3,1_3,1_3\u2033 _builder_version=\u201d4.16\u2033 _module_preset=\u201ddefault\u201d 0_1TPheight\u201dx\u201d0_1TPheight\u201dx custom_padding=&quot;||0px|||&quot; global_colors_info=\u201d{}\u201d][et_pb_column type=\u201d1_3\u2033 _builder_version=\u201d4.16\u2033 _module_preset=\u201ddefault\u201d global_colors_info=\u201d{}\u201d][et_pb_blurb title=\u201dpengarna-tillbaka-garanti\u201d use_icon=\u201don\u201d=\u201d\u201d ||divi||400\u2033 icon_color=\u201d#007fe0\u2033 icon_placement=\u201dleft\u201d image_icon_width=\u201d47px\u201d _builder_version=\u201d4.16\u2033 _module_preset=\u201ddefault\u201d icon_font_size=\u201d47px]info\u201d=\u201d47px\u201d1_color moneyback<br \/>\ninga fr\u00e5gor st\u00e4llda<br \/>\n[\/et_pb_blurb][\/et_pb_column][et_pb_column type=\u201d1_3\u2033 _builder_version=\u201d4.16\u2033 _module_preset=\u201ddefault\u201d global_colors_info=\u201d{}\u201d][et_pb_blurb title=\u201dicon_=\u201d=\u201dicon_con\u201d=\u201d\ue003\u201danv\u00e4ndning_ |divi||400\u2033 icon_color=\u201d#007fe0\u2033 icon_placement=\u201dleft\u201d image_icon_width=\u201d47px\u201d _builder_version=\u201d4.16\u2033 _module_preset=\u201ddefault\u201d icon_font_size=\u201d47px\u201d=\u201d47px\u201d= globala lager\u201d{} finns i lager\u201d{} p\u00e5 1-3 dagar. \u00d6ver hela v\u00e4rlden<\/p>\n<p>&nbsp;<br \/>\n[\/et_pb_blurb][\/et_pb_column][et_pb_column type=\u201d1_3\u2033 _builder_version=\u201d4.16\u2033 _module_preset=\u201ddefault\u201d global_colors_info=\u201d{}\u201d][et_pb_blurb title=\u201dicon_font=\u201d|\u201d vid anv\u00e4ndning_\u201d |divi||400\u2033 icon_color=\u201d#007fe0\u2033 icon_placement=\u201dleft\u201d image_icon_width=\u201d47px\u201d _builder_version=\u201d4.16\u2033 _module_preset=\u201ddefault\u201d icon_font_size=\u201d47px_topp\u201d=\u201d_coloren_off\u201d=\u201d_coloren_offer\u201d \u201d] betala med PayPal, kreditkort eller bank\u00f6verf\u00f6ring<br \/>\n[\/et_pb_blurb][\/et_pb_column][\/et_pb_row][et_pb_row _builder_version=\u201d4.16\u2033 _module_preset=\u201dstandard\u201d width=\u201d100%\u201d custom_padding=\u201d0px||0px|||\u201d global_colors_info=\u201d{}\u201d][et_pb_column type=\u201d4_4\u2033 _builder_version=\u201d4.16\u2033 _module_preset=\u201dstandard\u201d global_colors_info=\u201d{}\u201d][et_pb_divider color=\u201d#000000\u2033 divider_weight=\u201d3px\u201d _builder_version=\u201d4.16\u2033 _module_preset=\u201dstandard\u201d min_height=\u201d24.3px\u201d custom_margin=\u201d||-1px|||\u201d global_colors_info=\u201d{}\u201d][\/et_pb_divider][\/et_pb_column][\/et_pb_row][et_pb_row _builder_version=\u201d4.16\u2033 _module_preset=\u201dstandard\u201d width=\u201d100%\u201d custom_padding=\u201d0px||0px|||\u201d global_colors_info=\u201d{}\u201d][et_pb_column type=\u201d4_4\u2033 _builder_version=\u201d4.16\u2033 _module_preset=\u201ddefault\u201d global_colors_info=\u201d{}\u201d][\/et_pb_column][\/et_pb_row][et_pb_row column_structure=\u201d1_2,1_2\u2033 _builder_version=\u201d4.16\u2033 background_size=\u201dinitial\u201d background_position=\u201dtop_left\u201d background_repeat=\u201drepeat\u201d width=\u201d100%\u201d global_colors_info=\u201d{}\u201d][et_pb_column type=\u201d1_2\u2033 _builder_version=\u201d4.16\u2033 custom_padding=\u201d|||\u201d global_colors_info=\u201d{}\u201d custom_padding__hover=\u201d|||\u201d][et_pb_wc_tabs include_tabs=\u201dbeskrivning||recensioner\u201d _builder_version=\u201d4.16\u2033 global_colors_info=\u201d{}\u201d] [\/et_pb_wc_tabs][\/et_pb_column][et_pb_column type=\u201d1_2\u2033 _builder_version=\u201d4.16\u2033 custom_padding=\u201d|||\u201d global_colors_info=\u201d{}\u201d custom_padding__hover=\u201d|||\u201d][et_pb_text admin_label=\u201dTitel\u201d _builder_version=\u201d4.16\u2033 text_font=\u201dNunito||||||||\u201d text_font_size=\u201d18px\u201d text_line_height=\u201d1.8em\u201d header_font=\u201d||||||||\u201d header_2_font=\u201dOswald|||p\u00e5||||\u201d header_2_text_align=\u201dcentrera\u201d header_2_font_size=\u201d40px\u201d header_2_letter_spacing=\u201d1px\u201d header_2_line_height=\u201d1.5em\u201d header_3_font=\u201d||||||||\u201d max_width=\u201d600px\u201d max_width_last_edited=\u201dav|skrivbord\u201d modul_alignment=\u201dcentrera\u201d min_h\u00f6jd=\u201d10px\u201d anpassad_marginal=\u201d||0px|214px|falskt|falskt\u201d l\u00e5st=\u201dav\u201d global_colors_info=\u201d{}\u201d]<\/p>\n<h2><span style=\"color: #000000;\"><span style=\"caret-color: #000000;\">YOUTUBE-GRANSKNINGAR<\/span><\/span><\/h2>\n<p>[\/et_pb_text][et_pb_video_slider _builder_version=\u201d4.21.0\u2033 _module_preset=\u201dstandard\u201d global_colors_info=\u201d{}\u201d][et_pb_video_slider_item src=\u201dhttps:\/\/youtu.be\/hHjFm7a-jjc\u201d _builder_version=\u201d4.21.0\u2033 _module_preset=\u201dstandard\u201d global_colors_info=\u201d{}\u201d show_image_overlay=\u201dav\u201d][\/et_pb_video_slider_item][et_pb_video_slider_item src=\u201dhttps:\/\/youtu.be\/_QKEi02J1dY\u201d _builder_version=\u201d4.21.0\u2033 _module_preset=\u201dstandard\u201d global_colors_info=\u201d{}\u201d show_image_overlay=\u201dav\u201d][\/et_pb_video_slider_item][\/et_pb_video_slider][\/et_pb_column][\/et_pb_row][et_pb_row _builder_version=\u201d4.16\u2033 _module_preset=\u201dstandard\u201d width=\u201d100%\u201d custom_padding=\u201d||0px|||\u201d global_colors_info=\u201d{}\u201d][et_pb_column type=\u201d4_4\u2033 _builder_version=\u201d4.16\u2033 _module_preset=\u201dstandard\u201d global_colors_info=\u201d{}\u201d][et_pb_divider color=\u201d#000000\u2033 divider_weight=\u201d5px\u201d _builder_version=\u201d4.16\u2033 _module_preset=\u201dstandard\u201d global_colors_info=\u201d{}\u201d][\/et_pb_divider][\/et_pb_column][\/et_pb_row][et_pb_row _builder_version=\u201d4.16\u2033 _module_preset=\u201dstandard\u201d width=\u201d100%\u201d custom_padding=\u201d10px|||||\u201d global_colors_info=\u201d{}\u201d][et_pb_column type=\u201d4_4\u2033 _builder_version=\u201d4.16\u2033 _module_preset=\u201ddefault\u201d global_colors_info=\u201d{}\u201d][et_pb_text admin_label=\u201dTitel\u201d _builder_version=\u201d4.16\u2033 text_font=\u201dNunito||||||||\u201d text_font_size=\u201d18px\u201d text_line_height=\u201d1.8em\u201d header_font=\u201d||||||||\u201d header_2_font=\u201dOswald|||p\u00e5||||\u201d header_2_text_align=\u201dcentrera\u201d header_2_font_size=\u201d40px\u201d header_2_letter_spacing=\u201d1px\u201d header_2_line_height=\u201d1.5em\u201d header_3_font=\u201d||||||||\u201d max_width=&quot;600px&quot; max_width_last_edited=&quot;av|skrivbord&quot; modul_alignment=&quot;mitten&quot; min_h\u00f6jd=&quot;10px&quot; anpassad_marginal=&quot;-10px||0px|214px|falskt|falskt&quot; l\u00e5st=&quot;av&quot; global_colors_info=&quot;{}&quot;]<\/p>\n<h2><span style=\"color: #000000;\"><span style=\"caret-color: #000000;\">Relaterade produkter<\/span><\/span><\/h2>\n<p>[\/et_pb_text][et_pb_shop type=&quot;product_category&quot; posts_number=&quot;1&quot; include_categories=&quot;183&quot; columns_number=&quot;5&quot; _builder_version=&quot;4.16&quot; _module_preset=&quot;default&quot; global_colors_info=&quot;{}&quot;][\/et_pb_shop][\/et_pb_column][\/et_pb_row][\/et_pb_section]<\/p>","protected":false},"excerpt":{"rendered":"<p>Digital kolv f\u00f6r alla flipperspel med 24 mm och 30 mm knapph\u00e5l<\/p>\n<p><strong>i lager<\/strong><\/p>\n<p>&nbsp;<\/p>","protected":false},"featured_media":16140,"template":"","meta":{"_et_pb_use_builder":"on","_et_pb_old_content":"<h1>Digital Plunger (universal Virtual Plunger)<\/h1>\r\n<ul>\r\n \t<li>For all pinball machines with 24mm and 30mm button holes<\/li>\r\n \t<li>2 minute installation. no tools needed<\/li>\r\n<\/ul>\r\nElevate your virtual pinball experience with our Digital Plunger, the ultimate accessory for pinball enthusiasts. This universal digital plunger is engineered to be compatible with any virtual pinball machine featuring a 30 mm or 24mm (standard button size) hole, ensuring a seamless fit for a wide array of setups. Whether you have a custom-built pinball cabinet or a virtual pinball game setup, our plunger kit is designed to integrate effortlessly, providing an pinball launch mechanism. The plunger kit is a must-have for any virtual pinball machine owner looking to upgrade their game. With easy installation, it\u2019s designed to fit everywhere, truly embodying the universal appeal of pinball. Get ready to spring into action and bring the arcade right into your home with our versatile and universally usable digital plunger kit!\r\n\r\n&nbsp;\r\n\r\nHow it works:\r\nOn pulling back the plunger activates the launch button.\r\nThe longer you push back the plunger the stronger the shot will be.","_et_gb_content_width":""},"product_brand":[],"product_cat":[183,67,177],"product_tag":[],"class_list":{"0":"post-15963","1":"product","2":"type-product","3":"status-publish","4":"has-post-thumbnail","6":"product_cat-app-page-shop","7":"product_cat-spare-parts","8":"product_cat-weship","10":"first","11":"instock","12":"taxable","13":"shipping-taxable","14":"purchasable","15":"product-type-simple"},"_links":{"self":[{"href":"https:\/\/digital-pinball.com\/sv\/wp-json\/wp\/v2\/product\/15963","targetHints":{"allow":["GET"]}}],"collection":[{"href":"https:\/\/digital-pinball.com\/sv\/wp-json\/wp\/v2\/product"}],"about":[{"href":"https:\/\/digital-pinball.com\/sv\/wp-json\/wp\/v2\/types\/product"}],"wp:featuredmedia":[{"embeddable":true,"href":"https:\/\/digital-pinball.com\/sv\/wp-json\/wp\/v2\/media\/16140"}],"wp:attachment":[{"href":"https:\/\/digital-pinball.com\/sv\/wp-json\/wp\/v2\/media?parent=15963"}],"wp:term":[{"taxonomy":"product_brand","embeddable":true,"href":"https:\/\/digital-pinball.com\/sv\/wp-json\/wp\/v2\/product_brand?post=15963"},{"taxonomy":"product_cat","embeddable":true,"href":"https:\/\/digital-pinball.com\/sv\/wp-json\/wp\/v2\/product_cat?post=15963"},{"taxonomy":"product_tag","embeddable":true,"href":"https:\/\/digital-pinball.com\/sv\/wp-json\/wp\/v2\/product_tag?post=15963"}],"curies":[{"name":"wp","href":"https:\/\/api.w.org\/{rel}","templated":true}]}}