{"id":15872,"date":"2023-04-25T16:09:42","date_gmt":"2023-04-25T14:09:42","guid":{"rendered":"https:\/\/www.digital-pinball.com\/?post_type=product&#038;p=15872"},"modified":"2024-03-12T15:14:39","modified_gmt":"2024-03-12T14:14:39","slug":"arcade-for-nintendo-switch","status":"publish","type":"product","link":"https:\/\/digital-pinball.com\/sv\/virtual-pinball-store\/arcade-for-nintendo-switch\/","title":{"rendered":"Arcade f\u00f6r Nintendo Switch"},"content":{"rendered":"<p>[et_pb_section fb_built=\u201d1\u2033 _builder_version=\u201d4.16\u2033 custom_padding=\u201d0px|||false|false\u201d global_colors_info=\u201d{}\u201d][et_pb_row column_structure=\u201d1_2,1_2\u2033\u201d _builder_6\u2033initial background.1_version=\u201d4 background_position=\u201dtop_left\u201d background_repeat=\u201drepeat\u201d width=\u201d100%\u201d custom_padding=\u201d0px||0px||false|false\u201d hover_enabled=\u201d0\u2033 global_colors_info=\u201d{}\u201d sticky_enabled=\u201d0\u2033][n_pb=\u201d_col 1_2\u2033 _builder_version=\u201d4.16\u2033 custom_padding=\u201d|||\u201d global_colors_info=\u201d{}\u201d custom_padding__hover=\u201d|||\u201d][et_pb_wc_images sale_badge_color=\u201d#000000\u2033 _builder_version=\u201d4.16\u2033 custom_margin=\u201d||0px||false|false\u201d|_paddingx\u201dfalse|_paddingx\u201dfalse|_pddingx|false global_colors_info=\u201d{}\u201d][\/et_pb_wc_images][\/et_pb_column][et_pb_column type=\u201d1_2\u2033 _builder_version=\u201d4.16\u2033 custom_padding=\u201d|||\u201d global_colors_info=\u201d{}\u201d custom_padding__hover=\u201d|||\u201d][et_pb_wc_title _builder_version=\u201d4.16\u2033 custom_padding=\u201d||0px|||\u201d global_colors_info=\u201d{}\u201d][\/et_pb_wc_title][et_pb_wc_rating product=\u201d14246\u2033 show_reviews_link=\u201doff\u201d _builder_version=\u201d4.21.0\u2033 rating_text_color=\u201d#000000\u2033\u2033 body| 0em|-0,4 em|0em|false|false\u201d global_colors_info=\u201d{}\u201d][\/et_pb_wc_rating][et_pb_wc_price _builder_version=\u201d4.16\u2033 body_text_color=\u201d#0c71c3\u2033 body_font_size=\u201d34pb_wc_rating\u201d[et_pb_wc_price _builder_version=\u201d4.16\u2033 body_text_color=\u201d#0c71c3\u2033 body_font_size=\u201d34pb_wc_rating\u201d34pb_wc_rating\u201d=\u201d34px_height\u201d=\u201d34px_hejt\u201d=\u201dp_line|se\u201d|pad_line| |false\u201d global_colors_info=\u201d{}\u201d][\/et_pb_wc_price][et_pb_wc_description _builder_version=\u201d4.16\u2033 global_colors_info=\u201d{}\u201d][\/et_pb_wc_description][et_pb_wc_off_wc_off_quantity_cart=\u201d_\u201d show 6\u2033 fields_background_color =\u201d#ffffff\u201d field_label_text_color=\u201d#000000\u2033 custom_button=\u201don\u201d button_text_color=\u201d#ffffff\u201d button_bg_color=\u201d#000000\u2033 button_icon=\u201d\ue07a||divi|anpassad_knapp\u201dx_hoverknapp\u201dp_0_0\u201dp_40_2 ||falskt| false\u201d custom_padding=&quot;||0px|||&quot; body_text_color=\u201d#000000\u2033 global_colors_info=\u201d{}\u201d][\/et_pb_wc_add_to_cart][\/et_pb_column][\/et_pb_row][et_pb_row _builder_version=\u201d4.16\u2033 _default\u201d1\u201d0\u201d=\u201ddefault\u201d0\u201d0 x||0px|| |\u201d global_colors_info=\u201d{}\u201d][et_pb_column type=\u201d4_4\u2033 _builder_version=\u201d4.16\u2033 _module_preset=\u201ddefault\u201d global_colors_info=\u201d{}\u201d][et_pb_divider color=\u201d#000000\u2033\u2033\u2033version\u201d 3_we\u201d 3_we\u201d divider e_preset= \u201ddefault\u201d min_height=\u201d24.3px\u201d custom_margin=\u201d||-1px|||\u201d global_colors_info=\u201d{}\u201d][\/et_pb_divider][\/et_pb_column][\/et_pb_row][et_pb_row column_structure=\u201d1_3,1_3,1_3\u2033 _builder_version=\u201d4.16\u2033 _module_preset=\u201ddefault\u201d 0_1TPheight\u201dx\u201d0_1TPheight\u201dx custom_padding=&quot;||0px|||&quot; global_colors_info=\u201d{}\u201d][et_pb_column type=\u201d1_3\u2033 _builder_version=\u201d4.16\u2033 _module_preset=\u201ddefault\u201d global_colors_info=\u201d{}\u201d][et_pb_blurb title=\u201dpengarna-tillbaka-garanti\u201d use_icon=\u201don\u201d=\u201d\u201d ||divi||400\u2033 icon_color=\u201d#007fe0\u2033 icon_placement=\u201dleft\u201d image_icon_width=\u201d47px\u201d _builder_version=\u201d4.16\u2033 _module_preset=\u201ddefault\u201d icon_font_size=\u201d47px]info\u201d=\u201d47px\u201d1_color moneyback<br \/>\ninga fr\u00e5gor st\u00e4llda<br \/>\n[\/et_pb_blurb][\/et_pb_column][et_pb_column type=\u201d1_3\u2033 _builder_version=\u201d4.16\u2033 _module_preset=\u201ddefault\u201d global_colors_info=\u201d{}\u201d][et_pb_blurb title=\u201dicon_=\u201d=\u201dicon_con\u201d=\u201d\ue003\u201danv\u00e4ndning_ |divi||400\u2033 icon_color=\u201d#007fe0\u2033 icon_placement=\u201dleft\u201d image_icon_width=\u201d47px\u201d _builder_version=\u201d4.16\u2033 _module_preset=\u201ddefault\u201d icon_font_size=\u201d47px\u201d=\u201d47px\u201d= globala lager\u201d{} finns i lager\u201d{} p\u00e5 1-3 dagar. \u00d6ver hela v\u00e4rlden<\/p>\n<p>&nbsp;<br \/>\n[\/et_pb_blurb][\/et_pb_column][et_pb_column type=\u201d1_3\u2033 _builder_version=\u201d4.16\u2033 _module_preset=\u201ddefault\u201d global_colors_info=\u201d{}\u201d][et_pb_blurb title=\u201dicon_font=\u201d|\u201d vid anv\u00e4ndning_\u201d |divi||400\u2033 icon_color=\u201d#007fe0\u2033 icon_placement=\u201dleft\u201d image_icon_width=\u201d47px\u201d _builder_version=\u201d4.16\u2033 _module_preset=\u201ddefault\u201d icon_font_size=\u201d47px_topp\u201d=\u201d_coloren_off\u201d=\u201d_coloren_offer\u201d \u201d] betala med PayPal, kreditkort eller bank\u00f6verf\u00f6ring<br \/>\n[\/et_pb_blurb][\/et_pb_column][\/et_pb_row][et_pb_row _builder_version=\u201d4.16\u2033 _module_preset=\u201ddefault\u201d width=\u201d100%\u201d custom_padding=\u201d0px||0px|||\u201d global_colors_info=\u201d{}\u201d][et_pb_column type=\u201d4_4\u2033 _builder_version=\u201d4.16\u2033 _module_preset=\u201ddefault\u201d global_colors_info=\u201d{}\u201d][et_pb_divider color=\u201d#000000\u2033\u2033\u2033version\u201d 3_we\u201d 3_we\u201d divider e_preset= \u201ddefault\u201d min_height=\u201d24.3px\u201d custom_margin=\u201d||-1px|||\u201d global_colors_info=\u201d{}\u201d][\/et_pb_divider][\/et_pb_column][\/et_pb_row][et_pb_row column_structure=\u201d1_2,1_2\u2033 _builder_version=\u201d4.16\u2033 background_size=\u201dinitial\u201d background_position=\u201dtop_left\u201d_repetera=\u201dtop_left\u201d_repetera \u201d100%\u201d locked=\u201doff\u201d global_colors_info=\u201d{}\u201d][et_pb_column type=\u201d1_2\u2033 _builder_version=\u201d4.16\u2033 _module_preset=\u201ddefault\u201d global_colors_info=\u201d{}\u201d][et_pb_wcversions_buildre_tabs_defaults\u201d][et_pb_wcversions_buildre_tabs_views include_ =\u201d4.16\u2033 global_colors_info=\u201d{}\u201d] [\/et_pb_wc_tabs][\/et_pb_column][et_pb_column type=\u201d1_2\u2033 _builder_version=\u201d4.16\u2033 custom_padding=\u201d|||\u201d global_colors_info=\u201d{}\u201d custom_padding__hover=\u201d|||\u201d][et_pb_text _builder_version=\u201d4.16\u2033 _module_preset=\u201ddefault\u201d text_text_color=\u201d#000000\u2033 header_text_color=\u201d#0c_5color=\u201d#0c_5color=\u201d#0c_5color=\u201d#0c_1c3\u2033TP1c2\u2033 TP1c1c31c717 \u2033 header_3_text_color=\u201d#e02b20\u2033 header_4_text_color=\u201d#0c71c3 \u2033 custom_margin=\u201d21px||||false|false\u201d custom_padding=\u201d17px||13px|12px|false|false\u201d border_width_all=\u201d5px\u201d border_color_all=\u201d#e02b20\u2033 global border_style_all_sha_dashed_color\u201d box_style_all=\u201dpreset_color\u201d {}\u201d]<\/p>\n<h3><strong>Missa aldrig en rea:<\/strong><\/h3>\n<div class=\"tnp tnp-subscription-minimal\"><form action=\"https:\/\/digital-pinball.com\/wp-admin\/admin-ajax.php?action=tnp&amp;na=s\" method=\"post\" style=\"text-align: center\"><input type='hidden' name='nl[]' value='13'>\n<input type=\"hidden\" name=\"nr\" value=\"minimal\">\n<input type=\"hidden\" name=\"nlang\" value=\"\">\n<input class=\"tnp-email\" type=\"email\" required name=\"ne\" value=\"\" placeholder=\"E-post\"><input class=\"tnp-submit\" type=\"submit\" value=\"skicka\" style=\"\">\n<div class=\"tnp-field tnp-privacy-field\"><label><input type=\"checkbox\" name=\"ny\" required class=\"tnp-privacy\"> <a target=\"_blank\" href=\"https:\/\/digital-pinball.com\/privacy\/\">Jag godk\u00e4nner integritetspolicyn*<\/a><\/label><\/div><\/form><\/div>\n\n<p>[\/ et_pb_text] [\/ et_pb_column] [\/ et_pb_row] [\/ et_pb_section]<\/p>","protected":false},"excerpt":{"rendered":"<p><strong>i lager<\/strong><\/p>\n<p>Du beh\u00f6ver en Nintendo Switch f\u00f6r att spela<\/p>\n<p><strong>f\u00f6r att \u00e4ven ladda din enhet medan du spelar kan du l\u00e4gga till USB C Y-kabeln:<\/strong><br \/>\n<a href=\"https:\/\/digital-pinball.com\/00\/usb-c-double-cable\/\">g\u00e5 till produkten<\/a><\/p>\n<p>&nbsp;<\/p>","protected":false},"featured_media":15890,"template":"","meta":{"_et_pb_use_builder":"on","_et_pb_old_content":"Introducing the ultimate gaming experience - the arcade machine for the Nintendo Switch! This sleek and stylish arcade machine is the perfect addition to any gamer's collection. Simply slide in your Nintendo Switch and start playing all of your favorite games with the joystick and buttons.\r\n\r\nWhether you're looking to relive the nostalgia of classic arcade games or take your modern gaming to the next level, this arcade machine has got you covered. With its intuitive controls and seamless integration with the Nintendo Switch, you'll be able to play your favorite games for hours on end.\r\n\r\nDon't settle for anything less than the best. Get your hands on the arcade machine for the Nintendo Switch today and experience gaming like never before!","_et_gb_content_width":""},"product_brand":[],"product_cat":[30,173,177],"product_tag":[],"class_list":{"0":"post-15872","1":"product","2":"type-product","3":"status-publish","4":"has-post-thumbnail","6":"product_cat-bartop","7":"product_cat-best-seller","8":"product_cat-weship","10":"first","11":"instock","12":"taxable","13":"shipping-taxable","14":"purchasable","15":"product-type-simple"},"_links":{"self":[{"href":"https:\/\/digital-pinball.com\/sv\/wp-json\/wp\/v2\/product\/15872","targetHints":{"allow":["GET"]}}],"collection":[{"href":"https:\/\/digital-pinball.com\/sv\/wp-json\/wp\/v2\/product"}],"about":[{"href":"https:\/\/digital-pinball.com\/sv\/wp-json\/wp\/v2\/types\/product"}],"wp:featuredmedia":[{"embeddable":true,"href":"https:\/\/digital-pinball.com\/sv\/wp-json\/wp\/v2\/media\/15890"}],"wp:attachment":[{"href":"https:\/\/digital-pinball.com\/sv\/wp-json\/wp\/v2\/media?parent=15872"}],"wp:term":[{"taxonomy":"product_brand","embeddable":true,"href":"https:\/\/digital-pinball.com\/sv\/wp-json\/wp\/v2\/product_brand?post=15872"},{"taxonomy":"product_cat","embeddable":true,"href":"https:\/\/digital-pinball.com\/sv\/wp-json\/wp\/v2\/product_cat?post=15872"},{"taxonomy":"product_tag","embeddable":true,"href":"https:\/\/digital-pinball.com\/sv\/wp-json\/wp\/v2\/product_tag?post=15872"}],"curies":[{"name":"wp","href":"https:\/\/api.w.org\/{rel}","templated":true}]}}