{"id":15284,"date":"2022-10-10T11:07:05","date_gmt":"2022-10-10T09:07:05","guid":{"rendered":"https:\/\/www.digital-pinball.com\/?post_type=product&#038;p=15284"},"modified":"2026-05-11T22:03:45","modified_gmt":"2026-05-11T20:03:45","slug":"sharpin-mini-v3-ipad","status":"publish","type":"product","link":"https:\/\/digital-pinball.com\/sv\/virtual-pinball-store\/sharpin-mini-v3-ipad\/","title":{"rendered":"SHARPIN Mini V3 f\u00f6r iPad"},"content":{"rendered":"<p>[et_pb_section fb_built=\u201d1\u2033 _builder_version=\u201d4.16\u2033 custom_padding=\u201d0px||||false|false\u201d global_colors_info=\u201d{}\u201d][et_pb_row _builder_version=\u201d4.16\u2033 background_left_size=\u201dposition_top\u201dbackground=\u201dposition_top\u201d \u201drepeat\u201d width=\u201d100%\u201d custom_padding=\u201d0px||0px||false|false\u201d global_colors_info=\u201d{}\u201d][et_pb_column type=\u201d4_4\u2033 _builder_version=\u201d4.16\u2033 custom_padding=\u201d|||\u201d global_colors_info=\u201d{}\u201d custom_padding__hover=\u201d||\u201d][et_pb_wc_breadcrumb _builder_version=\u201d4.16\u2033 global_colors_info=\u201d{}\u201d][\/et_pb_wc_breadcrumb][et_pb_wc_br\u00f6dsmula _0.16_bakgrund _0.16_1 \u2033 custom_button=&quot;p\u00e5&quot; button_text_color =\u201d#000000\u2033 button_use_icon=\u201doff\u201d button_custom_margin=\u201d-22px||||false|false\u201d button_custom_padding=\u201d|||false|false\u201d min_height=\u201d96px\u201d custom_margin=\u201d|0em|2em|0em|false| false\u201d custom_padding=\u201d37px|15px|15px|15px|false|false\u201d global_colors_info=\u201d{}\u201d][\/et_pb_wc_cart_notice][\/et_pb_column][\/et_pb_row][et_pb_row column_structure=\u201d1_2,1_4version=\u201d1_2,1_2\u201d background_size=\u201dinitial\u201d background_position=\u201dtop_left\u201d background_repeat=\u201drepeat\u201d width=\u201d100%\u201d custom_margin=\u201d|auto|-23px|auto||\u201d custom_padding=\u201d0px||||false|false\u201d global_colors_info=\u201d{}\u201d][et_pb_column type=\u201d1_2\u2033 _builder_version=\u201d4.16\u2033 custom_padding=\u201d|||\u201d global_colors_info=\u201d{}\u201d custom_padding__hover=\u201d||\u201d][et_pb_wc_images show_sale_badge=\u201doff\u201d sale_badge_color=\u201d#e02b20\u2033 _builder_version=\u201d4.16\u2033[global_colors_info=\u201d_p_s][b_p_umc][b_p_umc_images\/global_colors_info=\u201d_\u201d kolumntyp= \u201d1_2\u2033 _builder_version=\u201d4.16\u2033 custom_padding=\u201d|||\u201d Global_Colors_Info = \u201d{}\u201d Custom_padding__hover = \u201d|||\u201d] [ET_PB_WC_TITLE _BUILDER_VERSION = \u201d4.16 \u2033 Global_Colors fo = \u201d{}\u201d] [\/et_pb_wc_rating] [et_pb_wc_price _builder_version=\u201d4.16\u2033 body_text_color=\u201d#000000\u2033 global_colors_info=\u201d{}\u201d][\/et_pb_wc_price][et_pb_wc_description _builder_version=\u201d=info_6\u2033[global_version=\u201d=info_6\u2033] et_pb_wc_add_to_cart show_quantity=\u201doff\u201d show_stock= \u201doff\u201d _builder_version=\u201d4.16\u2033 _module_preset=\u201ddefault\u201d custom_button=\u201don\u201d button_text_color=\u201d#ffffff\u201d button_bg_color=\u201d#000000\u2033 global_colors_info=\u201d{}\u201d][\/et_pb__c][n_bt_pb_c] et_pb_row column_structure =\u201d1_2,1_2\u2033 _builder_version=\u201d4.16\u2033 background_size=\u201dinitial\u201d background_position=\u201dtop_left\u201d background_repeat=\u201drepeat\u201d width=\u201d100%\u201d global_colors_info=\u201d{}\u201d][et_pb_column type_=\u201d1_2. custom_padding=&quot;|||&quot; global_colors_info=\u201d{}\u201d custom_padding__hover=\u201d|||\u201d][et_pb_wc_tabs include_tabs=\u201ddescription||reviews\u201d _builder_version=\u201d4.16\u2033 global_colors_info=\u201d{}\u201d] [\/et_pb_wc_tabspcol\/et_pb_wc_tabspcol\/et_col\u201d1\u201d1\/2\/et_col\u201d11_2 \u2033 _builder_version=\u201d4.16\u2033 custom_padding=\u201d|||\u201d global_colors_info=\u201d{}\u201d custom_padding__hover=\u201d|||\u201d][et_pb_text admin_label=\u201dTittle\u201d _builder_version=\u201d4.16\u2033 text_font=\u201dNunito||||||||\u201d text_font_size=\u201d18px\u201d text_line_height=\u201d1.8em\u201d header_font=\u201d|||||||\u201d header_2_font=&quot;Oswald|||p\u00e5|||||&quot; header_2_text_align=\u201dcenter\u201d header_2_font_size=\u201d40px\u201d header_2_letter_spacing=\u201d1px\u201d header_2_line_height=\u201d1.5em\u201d header_3_font=\u201d|||||||\u201d max_width=\u201d600px\u201d max_width_last_edited=\u201doff|desktop\u201d module_alignment=\u201dcenter\u201d min_height=\u201d10px\u201d custom_margin=\u201d||0px|214px|false|false\u201d locked=\u201doff\u201d global_colors_info=\u201d{}\u201d]<\/p>\n<h2><span style=\"color: #000000;\"><span style=\"caret-color: #000000;\">YOUTUBE-GRANSKNINGAR<\/span><\/span><\/h2>\n<p>[\/et_pb_text][et_pb_video_slider _builder_version=\u201d4.16\u2033 _module_preset=\u201ddefault\u201d global_colors_info=\u201d{}\u201d][et_pb_video_slider_item src=\u201dhttps:\/\/youtu.be\/u57Rr-_4_6.\u201d \u2033version _4_6._6 \u201d default\u201d global_colors_info=\u201d{}\u201d show_image_overlay=\u201doff\u201d][\/et_pb_video_slider_item][et_pb_video_slider_item src=\u201dhttps:\/\/youtu.be\/tARqzRTN_QQ\u201d _builder_version=\u201d4.6.5\u2033preset\u201d_\u201ddefault\u201d=\u201ddefault \u201d show_image_overlay=\u201doff\u201d][\/et_pb_video_slider_item][et_pb_video_slider_item src=\u201dhttps:\/\/youtu.be\/TeKhhGGt3E4\u2033 _builder_version=\u201d4.6.5\u2033 _module_off\u201d_\u201ds_default\u201d=\u201d_module_off\u201d_\u201ds_default\u201d_image=\u201d_\u201dcolor_\u201d [\/et_pb_video_slider_item][\/et_pb_video_slider][\/et_pb_column][\/et_pb_row][\/et_pb_section]<\/p>","protected":false},"excerpt":{"rendered":"<ul>\n<li><span style=\"color: #ff0000;\"><strong>slut i lager<\/strong><\/span><\/li>\n<\/ul>\n<p>Du beh\u00f6ver en Apple iPad f\u00f6r att spela. (max: 296 mm x 210 mm)<\/p>\n<p>*Du kan ocks\u00e5 anv\u00e4nda en 13\u2033 iPad Pro men du m\u00e5ste montera den sj\u00e4lv mellan sk\u00e5pet och sidolisterna ist\u00e4llet f\u00f6r inuti sk\u00e5pet.<\/p>\n<p><strong>Se till att din iPad har minst iOS 16 installerat.<\/strong><\/p>\n<p>Du kan spela alla iOS-spel med st\u00f6d f\u00f6r gamepad. Spel utan st\u00f6d f\u00f6r kontroller fungerar inte p\u00e5 Sharpin Mini.<\/p>\n<p>Vad ing\u00e5r:<\/p>\n<ul>\n<li>CNC-skuret tr\u00e4sk\u00e5p<\/li>\n<li>Knapp Encoder-Board f\u00f6r att ansluta till din iPad<\/li>\n<li>6 arkadknappar<\/li>\n<li>Designade dekalklisterm\u00e4rken<\/li>\n<li>Lightning till USB-adapter<\/li>\n<\/ul>","protected":false},"featured_media":14755,"template":"","meta":{"_et_pb_use_builder":"on","_et_pb_old_content":"<h3>Play thousands of games.<\/h3>\r\n<a href=\"https:\/\/apps.apple.com\/us\/app\/pinball-hd-collection\/id484550839?see-all=customers-also-bought-apps\"><img class=\"alignnone size-full wp-image-15286\" src=\"https:\/\/digital-pinball.com\/wp-content\/uploads\/2022\/10\/11111.jpg\" alt=\"\" width=\"873\" height=\"664\" \/><\/a>\r\n\r\n[button link=\"<a href=\"https:\/\/apps.apple.com\/us\/app\/pinball-hd-collection\/id484550839?see-all=customers-also-bought-apps\">https:\/\/apps.apple.com\/us\/app\/pinball-hd-collection\/id484550839?see-all=customers-also-bought-apps<\/a>\" color=\"black\" newwindow=\"yes\"]more games[\/button]\r\n\r\nSharpin Pinball is not associated with the Apple App Store or any App on the App Store. All trademarks, logos and brand names are the property of their respective owners. All company, product and service names used in this website are for identification purposes only.","_et_gb_content_width":""},"product_brand":[],"product_cat":[59,147,177],"product_tag":[],"class_list":{"0":"post-15284","1":"product","2":"type-product","3":"status-publish","4":"has-post-thumbnail","6":"product_cat-mini","7":"product_cat-tablets","8":"product_cat-weship","10":"first","11":"outofstock","12":"taxable","13":"shipping-taxable","14":"purchasable","15":"product-type-simple"},"_links":{"self":[{"href":"https:\/\/digital-pinball.com\/sv\/wp-json\/wp\/v2\/product\/15284","targetHints":{"allow":["GET"]}}],"collection":[{"href":"https:\/\/digital-pinball.com\/sv\/wp-json\/wp\/v2\/product"}],"about":[{"href":"https:\/\/digital-pinball.com\/sv\/wp-json\/wp\/v2\/types\/product"}],"wp:featuredmedia":[{"embeddable":true,"href":"https:\/\/digital-pinball.com\/sv\/wp-json\/wp\/v2\/media\/14755"}],"wp:attachment":[{"href":"https:\/\/digital-pinball.com\/sv\/wp-json\/wp\/v2\/media?parent=15284"}],"wp:term":[{"taxonomy":"product_brand","embeddable":true,"href":"https:\/\/digital-pinball.com\/sv\/wp-json\/wp\/v2\/product_brand?post=15284"},{"taxonomy":"product_cat","embeddable":true,"href":"https:\/\/digital-pinball.com\/sv\/wp-json\/wp\/v2\/product_cat?post=15284"},{"taxonomy":"product_tag","embeddable":true,"href":"https:\/\/digital-pinball.com\/sv\/wp-json\/wp\/v2\/product_tag?post=15284"}],"curies":[{"name":"wp","href":"https:\/\/api.w.org\/{rel}","templated":true}]}}