{"id":14246,"date":"2022-01-20T08:41:09","date_gmt":"2022-01-20T07:41:09","guid":{"rendered":"https:\/\/www.digital-pinball.com\/?post_type=product&#038;p=14246"},"modified":"2025-03-07T07:07:42","modified_gmt":"2025-03-07T06:07:42","slug":"virtual-pinball-bartop-sharpin-ultra-max","status":"publish","type":"product","link":"https:\/\/digital-pinball.com\/sv\/virtual-pinball-store\/virtual-pinball-bartop-sharpin-ultra-max\/","title":{"rendered":"SHARPIN Ultra MAX \u2013 Virtual Pinball Bartop"},"content":{"rendered":"<p>[et_pb_section fb_built=\u201d1\u2033 _builder_version=\u201d4.16\u2033 custom_padding=\u201d0px|||false|false\u201d global_colors_info=\u201d{}\u201d][et_pb_row column_structure=\u201d1_2,1_2\u2033\u201d _builder_6\u2033initial background.1_version=\u201d4 background_position=\u201dtop_left\u201d background_repeat=\u201drepeat\u201d width=\u201d100%\u201d custom_padding=\u201d0px||0px||false|false\u201d global_colors_info=\u201d{}\u201d][et_pb_column type=\u201d1_2\u2033 _builder_version=\u201d4_16padding=\u201d4. |||\u201d global_colors_info=\u201d{}\u201d custom_padding__hover=\u201d|||\u201d][et_pb_wc_images sale_badge_color=\u201d#000000\u2033 _builder_version=\u201d4.16\u2033 custom_margin=\u201d||0px||false|false\u201d|_0paddingx\u201dfalse|_paddingx\u201dfalse|_paddingx|false global_colors_info=\u201d{}\u201d][\/et_pb_wc_images][\/et_pb_column][et_pb_column type=\u201d1_2\u2033 _builder_version=\u201d4.16\u2033 custom_padding=\u201d|||\u201d global_colors_info=\u201d{}\u201d custom_padding__hover=\u201d|||\u201d][et_pb_wc_title _builder_version=\u201d4.16\u2033 custom_padding=\u201d||0px|||\u201d Global_Colors_Info = \u201d{}\u201d] [\/ET_PB_WC_TITLE] [ET_PB_WC_RATERING _BUILDER_VERSION = \u201d4.16 \u2033 Rating_Text_Color =\u201d #0000 \u2033 BODY_TEXT_COLOR = \u201d#0000 0000. falsk \u201dglobal_colors_info =\u201d { }\u201d][\/et_pb_wc_rating][et_pb_wc_price _builder_version=\u201d4.16\u2033 body_text_color=\u201d#0c71c3\u2033 body_font_size=\u201d34px\u201d body_line_height=\u201d1em\u201d custom_padding=\u201d|_|_0px\u201d custom_padding=\u201d|_|0px\u201d globala_padding=\u201d|_|0_color\u201d et_pb_wc_price][et_pb_wc_description _builder_version=\u201d4.16\u2033 global_colors_info=\u201d{}\u201d][\/et_pb_wc_description][et_pb_wc_add_to_cart show_quantity=\u201doff\u201d show_stock=\u201dground_6\u201d _tpb_wc_description ffffff\u201d field_label_text_color=\u201d#000000\u2033 custom_button=\u201d on\u201d button_text_color=\u201d#ffffff\u201d button_bg_color=\u201d#000000\u2033 button_icon=\u201d\ue07a||divi||400\u2033 button_on_hover=\u201doff\u201d button_custom_padding=\u201d|42px|\u201d|false|false\u201d| custom|_paddingx| body_text_color=\u201d#000000\u2033 global_colors_info=\u201d{}\u201d][\/et_pb_wc_add_to_cart][\/et_pb_column][\/et_pb_row][et_pb_row _builder_version=\u201d4.16\u2033 _default\u201d1\u201d0\u201d=\u201ddefault\u201d0\u201d0 x||0px|| |\u201d global_colors_info=\u201d{}\u201d][et_pb_column type=\u201d4_4\u2033 _builder_version=\u201d4.16\u2033 _module_preset=\u201ddefault\u201d global_colors_info=\u201d{}\u201d][et_pb_divider color=\u201d#000000\u2033\u2033\u2033version\u201d 3_we\u201d 3_we\u201d divider e_preset= \u201ddefault\u201d min_height=\u201d24.3px\u201d custom_margin=\u201d||-1px|||\u201d global_colors_info=\u201d{}\u201d][\/et_pb_divider][\/et_pb_column][\/et_pb_row][et_pb_row column_structure=\u201d1_3,1_3,1_3\u2033 _builder_version=\u201d4.16\u2033 _module_preset=\u201ddefault\u201d 0_1TPheight\u201dx\u201d0_1TPheight\u201dx custom_padding=&quot;||0px|||&quot; global_colors_info=\u201d{}\u201d][et_pb_column type=\u201d1_3\u2033 _builder_version=\u201d4.16\u2033 _module_preset=\u201ddefault\u201d global_colors_info=\u201d{}\u201d][et_pb_blurb title=\u201dpengarna-tillbaka-garanti\u201d use_icon=\u201don\u201d=\u201d\u201d ||divi||400\u2033 icon_color=\u201d#007fe0\u2033 icon_placement=\u201dleft\u201d image_icon_width=\u201d47px\u201d _builder_version=\u201d4.16\u2033 _module_preset=\u201ddefault\u201d icon_font_size=\u201d47px]info\u201d=\u201d47px\u201d1_color moneyback<br \/>\ninga fr\u00e5gor st\u00e4llda<br \/>\n[\/et_pb_blurb][\/et_pb_column][et_pb_column type=\u201d1_3\u2033 _builder_version=\u201d4.16\u2033 _module_preset=\u201ddefault\u201d global_colors_info=\u201d{}\u201d][et_pb_blurb title=\u201dicon_=\u201d=\u201dicon_con\u201d=\u201d\ue003\u201danv\u00e4ndning_ |divi||400\u2033 icon_color=\u201d#007fe0\u2033 icon_placement=\u201dleft\u201d image_icon_width=\u201d47px\u201d _builder_version=\u201d4.16\u2033 _module_preset=\u201ddefault\u201d icon_font_size=\u201d47px\u201d=\u201d47px\u201d= globala lager\u201d{} finns i lager\u201d{} p\u00e5 1-3 dagar. \u00d6ver hela v\u00e4rlden<br \/>\n[\/et_pb_blurb][\/et_pb_column][et_pb_column type=\u201d1_3\u2033 _builder_version=\u201d4.16\u2033 _module_preset=\u201ddefault\u201d global_colors_info=\u201d{}\u201d][et_pb_blurb title=\u201dicon_font=\u201d|\u201d vid anv\u00e4ndning_\u201d |divi||400\u2033 icon_color=\u201d#007fe0\u2033 icon_placement=\u201dleft\u201d image_icon_width=\u201d47px\u201d _builder_version=\u201d4.16\u2033 _module_preset=\u201ddefault\u201d icon_font_size=\u201d47px_topp\u201d=\u201d_coloren_off\u201d=\u201d_coloren_offer\u201d \u201d] betala med PayPal, kreditkort eller bank\u00f6verf\u00f6ring<br \/>\n[\/et_pb_blurb][\/et_pb_column][\/et_pb_row][et_pb_row _builder_version=\u201d4.16\u2033 _module_preset=\u201ddefault\u201d width=\u201d100%\u201d custom_padding=\u201d0px||0px|||\u201d global_colors_info=\u201d{}\u201d][et_pb_column type=\u201d4_4\u2033 _builder_version=\u201d4.16\u2033 _module_preset=\u201ddefault\u201d global_colors_info=\u201d{}\u201d][et_pb_divider color=\u201d#000000\u2033\u2033\u2033version\u201d 3_we\u201d 3_we\u201d divider e_preset= \u201ddefault\u201d min_height=\u201d24.3px\u201d custom_margin=\u201d||-1px|||\u201d global_colors_info=\u201d{}\u201d][\/et_pb_divider][\/et_pb_column][\/et_pb_row][et_pb_row column_structure=\u201d1_2,1_2\u2033 _builder_version=\u201d4.16\u2033 background_size=\u201dinitial\u201d background_position=\u201dtop_left\u201d_repetera=\u201dtop_left\u201d_repetera \u201d100%\u201d locked=\u201doff\u201d global_colors_info=\u201d{}\u201d][et_pb_column type=\u201d1_2\u2033 _builder_version=\u201d4.16\u2033 _module_preset=\u201ddefault\u201d global_colors_info=\u201d{}\u201d][et_pb_wcversions_buildre_tabs_defaults\u201d][et_pb_wcversions_buildre_tabs_views include_ =\u201d4.16\u2033 global_colors_info=\u201d{}\u201d] [\/et_pb_wc_tabs][\/et_pb_column][et_pb_column type=\u201d1_2\u2033 _builder_version=\u201d4.16\u2033 custom_padding=\u201d|||\u201d global_colors_info=\u201d{}\u201d custom_padding__hover=\u201d|||\u201d][et_pb_text admin_label=\u201dTittle\u201d _builder_version=\u201d4.16\u2033 text_font=\u201dNunito||||||||\u201d text_font_size=\u201d18px\u201d text_line_height=\u201d1.8em\u201d header_font=\u201d|||||||\u201d header_2_font=&quot;Oswald|||p\u00e5|||||&quot; header_2_text_align=\u201dcenter\u201d header_2_font_size=\u201d40px\u201d header_2_letter_spacing=\u201d1px\u201d header_2_line_height=\u201d1.5em\u201d header_3_font=\u201d|||||||\u201d max_width=\u201d600px\u201d max_width_last_edited=\u201doff|desktop\u201d module_alignment=\u201dcenter\u201d min_height=\u201d10px\u201d custom_margin=\u201d||-2px|214px||\u201d locked=&quot;off&quot; global_colors_info=&quot;{}&quot;]<\/p>\n<h2><span style=\"color: #000000;\"><span style=\"caret-color: #000000;\">YOUTUBE-GRANSKNINGAR<\/span><\/span><\/h2>\n<p>[\/et_pb_text][et_pb_video_slider _builder_version=\u201d4.16\u2033 _module_preset=\u201ddefault\u201d global_colors_info=\u201d{}\u201d][et_pb_video_slider_item src=\u201dhttps:\/\/www.youtube.com\/watch?v=B5XoPts_version.bu_5_6.5\u201d\u00a0f\u00e4rger_info =\u201d{}\u201d show_image_overlay=\u201doff\u201d][\/et_pb_video_slider_item][et_pb_video_slider_item src=\u201dhttps:\/\/youtu.be\/wghgwomEckg\u201d _builder_version=\u201d4.6.5\u2033 _module_preset=\u201d{}_layout=bild globalt\u201d_\u201dcoloroverlay=\u201d \u201doff\u201d][\/et_pb_video_slider_item][\/et_pb_video_slider][et_pb_button button_url=\u201dhttps:\/\/www.youtube.com\/results?search_query=sharpin+pinball\u201d button_text=\u201dmore Videos\u201d button_alignment=\u201dcenter\u201d _builder_6_version=\u201d4. \u2033 _module_preset=\u201ddefault\u201d custom_button=\u201don\u201d button_text_color=\u201d#ffffff\u201d button_bg_color=\u201d#e02b20\u2033 button_icon=\u201d\ue0a3||divi||400\u2033 button_on_hover=\u201doff\u201d| custom_padding|false\u201d| custom_padding|color =\u201d{}\u201d][\/et_pb_button][et_pb_text _builder_version=\u201d4.16\u2033 _module_preset=\u201ddefault\u201d text_text_color=\u201d#000000\u2033 header_text_color=\u201d#0c71c3\u20330 \u201d#e02b20\u2033 header_4_text_color=\u201d#0c71c3\u2033 custom_margin=\u201d 21px||||false|false\u201d custom_padding=\u201d17px||13px|12px|false|false\u201d border_width_all=\u201d5px\u201d border_color_all=\u201d#e02b20\u2033 border_style_all=\u201dstreckad\u201d box_shadow_style=\u201dglobalpreset3_style=\u201dglobalpreset3_stil]\u201d<\/p>\n<h3><strong>Missa aldrig en rea:<\/strong><\/h3>\n<p><div class=\"tnp tnp-subscription-minimal\"><form action=\"https:\/\/digital-pinball.com\/wp-admin\/admin-ajax.php?action=tnp&amp;na=s\" method=\"post\" style=\"text-align: center\"><input type='hidden' name='nl[]' value='13'>\n<input type=\"hidden\" name=\"nr\" value=\"minimal\">\n<input type=\"hidden\" name=\"nlang\" value=\"\">\n<input class=\"tnp-email\" type=\"email\" required name=\"ne\" value=\"\" placeholder=\"E-post\"><input class=\"tnp-submit\" type=\"submit\" value=\"skicka\" style=\"\">\n<div class=\"tnp-field tnp-privacy-field\"><label><input type=\"checkbox\" name=\"ny\" required class=\"tnp-privacy\"> <a target=\"_blank\" href=\"https:\/\/digital-pinball.com\/privacy\/\">Jag godk\u00e4nner integritetspolicyn*<\/a><\/label><\/div><\/form><\/div>\n<br \/>\n[\/ et_pb_text] [\/ et_pb_column] [\/ et_pb_row] [\/ et_pb_section]<\/p>","protected":false},"excerpt":{"rendered":"<p data-start=\"71\" data-end=\"338\">De <strong data-start=\"75\" data-end=\"96\">Sharpin Ultra Max<\/strong> levererar det mest kraftfulla och uppslukande virtuella flipperspelet hittills. Uppgraderad med <strong data-start=\"186\" data-end=\"203\">X96 X9 TV-box<\/strong> och den <strong data-start=\"212\" data-end=\"242\">S922X Snapdragon-processor<\/strong>, s\u00e4kerst\u00e4ller det <strong data-start=\"255\" data-end=\"335\">blixtsnabb prestanda, ultralyh\u00f6rda kontroller och s\u00f6ml\u00f6st spel<\/strong>.<\/p>\n<p data-start=\"340\" data-end=\"677\">Njut av tillg\u00e5ng till <strong data-start=\"356\" data-end=\"391\">Google Play Butik flipperspel<\/strong> eller <strong data-start=\"395\" data-end=\"417\">ansluta till din PC<\/strong> f\u00f6r <strong data-start=\"422\" data-end=\"459\">Future Pinball och Visual Pinball<\/strong>, och l\u00e5ser upp tusentals bord. Med en <strong data-start=\"504\" data-end=\"576\">22\u201d Full HD-sk\u00e4rm, h\u00f6gkvalitativa h\u00f6gtalare och arkadliknande knappar<\/strong>, den <strong data-start=\"582\" data-end=\"603\">Sharpin Ultra Max<\/strong> erbjuder en autentisk flipperupplevelse i en elegant, minimalistisk design.<\/p>\n<p data-start=\"679\" data-end=\"734\" data-is-last-node=\"\" data-is-only-node=\"\">\ud83d\udd25 <strong data-start=\"682\" data-end=\"731\">Mer kraft, samma pris \u2013 Spela utan gr\u00e4nser!<\/strong> \ud83d\udd25<\/p>","protected":false},"featured_media":15676,"template":"","meta":{"_et_pb_use_builder":"on","_et_pb_old_content":"<h3>Play thousands of games.<\/h3>\r\n<h3><a href=\"https:\/\/digital-pinball.com\/wp-content\/uploads\/2019\/12\/google-play.jpg\"><img class=\"alignnone size-full wp-image-14229\" src=\"https:\/\/digital-pinball.com\/wp-content\/uploads\/2019\/12\/google-play.jpg\" alt=\"\" width=\"873\" height=\"481\" \/><\/a><\/h3>\r\n[button link=\"https:\/\/play.google.com\/store\/apps\/collection\/cluster?clp=ggEJCgdwaW5iYWxs:S:ANO1ljLJLM4&amp;gsr=CgyCAQkKB3BpbmJhbGw%3D:S:ANO1ljKhr9g\" color=\"black\" newwindow=\"yes\"]more games[\/button]\r\n\r\nSharpin Pinball is not associated with Google Play or any App on the Google Play Store. All trademarks, logos and brand names are the property of their respective owners. All company, product and service names used in this website are for identification purposes only. The availability of pinball apps depends on your country and the Play Store restrictions set by the app developers.\r\n<h1>Sharpin Ultra MAX - Virtual Pinball Bartop<\/h1>\r\n<h4 data-start=\"55\" data-end=\"106\"><strong data-start=\"60\" data-end=\"104\">Experience the Future of Virtual Pinball<\/strong><\/h4>\r\n<p data-start=\"107\" data-end=\"296\">The <strong data-start=\"111\" data-end=\"132\">Sharpin Ultra Max<\/strong> has just received a <strong data-start=\"153\" data-end=\"170\">major upgrade<\/strong>, making it the most powerful and versatile virtual pinball tabletop ever \u2013 and the best part? <strong data-start=\"265\" data-end=\"294\">The price stays the same!<\/strong><\/p>\r\n<p data-start=\"298\" data-end=\"517\">Designed with a sleek, minimalistic aesthetic and built on a high-performance <strong data-start=\"376\" data-end=\"396\">Android platform<\/strong>, the <strong data-start=\"402\" data-end=\"423\">Sharpin Ultra Max<\/strong> delivers an <strong data-start=\"436\" data-end=\"468\">unlimited pinball experience<\/strong> without locking you into a specific ecosystem.<\/p>\r\n\r\n<h3 data-start=\"519\" data-end=\"564\"><strong data-start=\"523\" data-end=\"562\">Unmatched Performance &amp; Flexibility<\/strong><\/h3>\r\n<p data-start=\"565\" data-end=\"876\">At the heart of the <strong data-start=\"585\" data-end=\"606\">Sharpin Ultra Max<\/strong> is the <strong data-start=\"614\" data-end=\"631\">X96 X9 TV box<\/strong>, now powered by the <strong data-start=\"652\" data-end=\"682\">S922X Snapdragon processor<\/strong>, ensuring:<br data-start=\"693\" data-end=\"696\" \/>\u2705 <strong data-start=\"698\" data-end=\"723\">Blazing-fast gameplay<\/strong> with ultra-responsive controls<br data-start=\"754\" data-end=\"757\" \/>\u2705 <strong data-start=\"759\" data-end=\"783\">Seamless performance<\/strong> with zero lag or stutter<br data-start=\"808\" data-end=\"811\" \/>\u2705 <strong data-start=\"813\" data-end=\"874\">Enhanced graphics and fluid motion for a true arcade feel<\/strong><\/p>\r\n\r\n<h3 data-start=\"878\" data-end=\"916\"><strong data-start=\"882\" data-end=\"914\">Endless Gaming Possibilities<\/strong><\/h3>\r\n<p data-start=\"917\" data-end=\"1123\">Unlike traditional pinball machines with a limited selection of games, the <strong data-start=\"992\" data-end=\"1013\">Sharpin Ultra Max<\/strong> gives you access to the <strong data-start=\"1038\" data-end=\"1059\">Google Play Store<\/strong>, opening the door to <strong data-start=\"1081\" data-end=\"1120\">countless pinball and arcade titles<\/strong>.<\/p>\r\n<p data-start=\"1125\" data-end=\"1327\">Want even more? <strong data-start=\"1141\" data-end=\"1166\">Connect it to your PC<\/strong> and enjoy <strong data-start=\"1177\" data-end=\"1195\">Future Pinball<\/strong> and <strong data-start=\"1200\" data-end=\"1218\">Visual Pinball<\/strong>, giving you access to <strong data-start=\"1241\" data-end=\"1272\">thousands of pinball tables<\/strong>, from classic favorites to high-tech modern designs.<\/p>\r\n\r\n<h3 data-start=\"1329\" data-end=\"1368\"><strong data-start=\"1333\" data-end=\"1366\">Immersive Pinball at Its Best<\/strong><\/h3>\r\n<p data-start=\"1369\" data-end=\"1709\">\u2714 <strong data-start=\"1371\" data-end=\"1398\">22-inch Full HD display<\/strong> \u2013 Crisp, vibrant visuals for a stunning gaming experience<br data-start=\"1456\" data-end=\"1459\" \/>\u2714 <strong data-start=\"1461\" data-end=\"1500\">Arcade-style buttons &amp; encoder unit<\/strong> \u2013 Perfectly responsive flipper action<br data-start=\"1538\" data-end=\"1541\" \/>\u2714 <strong data-start=\"1543\" data-end=\"1568\">High-quality speakers<\/strong> \u2013 Dynamic sound for full immersion<br data-start=\"1603\" data-end=\"1606\" \/>\u2714 <strong data-start=\"1608\" data-end=\"1631\">Minimalistic design<\/strong> \u2013 CNC-cut wood cabinet with acrylic glass cover for a sleek, durable finish<\/p>\r\n\r\n<h3 data-start=\"1711\" data-end=\"1748\"><strong data-start=\"1715\" data-end=\"1746\">What\u2019s Included in the Kit?<\/strong><\/h3>\r\n<p data-start=\"1749\" data-end=\"2170\">\u2714 <strong data-start=\"1751\" data-end=\"1768\">X96 X9 TV Box<\/strong> (S922X Snapdragon, custom open-source OS)<br data-start=\"1810\" data-end=\"1813\" \/>\u2714 <strong data-start=\"1815\" data-end=\"1839\">CNC-cut wood cabinet<\/strong> (543mm x 334mm x 260mm)<br data-start=\"1863\" data-end=\"1866\" \/>\u2714 <strong data-start=\"1868\" data-end=\"1889\">Backglass Display<\/strong> <em data-start=\"1890\" data-end=\"1943\">(requires an active WiFi connection to show scores)<\/em><br data-start=\"1943\" data-end=\"1946\" \/>\u2714 <strong data-start=\"1948\" data-end=\"1971\">Acrylic glass cover<\/strong><br data-start=\"1971\" data-end=\"1974\" \/>\u2714 <strong data-start=\"1976\" data-end=\"2018\">Arcade button encoder &amp; arcade buttons<\/strong><br data-start=\"2018\" data-end=\"2021\" \/>\u2714 <strong data-start=\"2023\" data-end=\"2051\">2x high-quality speakers<\/strong><br data-start=\"2051\" data-end=\"2054\" \/>\u2714 <strong data-start=\"2056\" data-end=\"2079\">22\u201d Full HD display<\/strong><br data-start=\"2079\" data-end=\"2082\" data-is-only-node=\"\" \/>\u2714 <strong data-start=\"2084\" data-end=\"2116\">Designed decals &amp; side rails<\/strong><br data-start=\"2116\" data-end=\"2119\" \/>\u2714 <strong data-start=\"2121\" data-end=\"2168\">All necessary screws and assembly materials<\/strong><\/p>\r\nThe second screen needs an active WIFI connection to display the score.","_et_gb_content_width":""},"product_brand":[],"product_cat":[30,173,177],"product_tag":[],"class_list":{"0":"post-14246","1":"product","2":"type-product","3":"status-publish","4":"has-post-thumbnail","6":"product_cat-bartop","7":"product_cat-best-seller","8":"product_cat-weship","10":"first","11":"instock","12":"taxable","13":"shipping-taxable","14":"purchasable","15":"product-type-simple"},"_links":{"self":[{"href":"https:\/\/digital-pinball.com\/sv\/wp-json\/wp\/v2\/product\/14246","targetHints":{"allow":["GET"]}}],"collection":[{"href":"https:\/\/digital-pinball.com\/sv\/wp-json\/wp\/v2\/product"}],"about":[{"href":"https:\/\/digital-pinball.com\/sv\/wp-json\/wp\/v2\/types\/product"}],"wp:featuredmedia":[{"embeddable":true,"href":"https:\/\/digital-pinball.com\/sv\/wp-json\/wp\/v2\/media\/15676"}],"wp:attachment":[{"href":"https:\/\/digital-pinball.com\/sv\/wp-json\/wp\/v2\/media?parent=14246"}],"wp:term":[{"taxonomy":"product_brand","embeddable":true,"href":"https:\/\/digital-pinball.com\/sv\/wp-json\/wp\/v2\/product_brand?post=14246"},{"taxonomy":"product_cat","embeddable":true,"href":"https:\/\/digital-pinball.com\/sv\/wp-json\/wp\/v2\/product_cat?post=14246"},{"taxonomy":"product_tag","embeddable":true,"href":"https:\/\/digital-pinball.com\/sv\/wp-json\/wp\/v2\/product_tag?post=14246"}],"curies":[{"name":"wp","href":"https:\/\/api.w.org\/{rel}","templated":true}]}}