{"id":1336,"date":"2019-12-24T11:58:26","date_gmt":"2019-12-24T10:58:26","guid":{"rendered":"https:\/\/www.digital-pinball.com\/?post_type=product&#038;p=1336"},"modified":"2025-03-07T07:12:21","modified_gmt":"2025-03-07T06:12:21","slug":"virtual-pinball-tabletop-ultra","status":"publish","type":"product","link":"https:\/\/digital-pinball.com\/sv\/virtual-pinball-store\/virtual-pinball-tabletop-ultra\/","title":{"rendered":"Sharpin Ultra Virtual Pinball Bordsskiva"},"content":{"rendered":"<p>[et_pb_section fb_built=\u201d1\u2033 _builder_version=\u201d4.16\u2033 custom_padding=\u201d0px|||false|false\u201d global_colors_info=\u201d{}\u201d][et_pb_row column_structure=\u201d1_2,1_2\u2033\u201d _builder_6\u2033initial background.1_version=\u201d4 background_position=\u201dtop_left\u201d background_repeat=\u201drepeat\u201d width=\u201d100%\u201d custom_padding=\u201d0px||0px||false|false\u201d global_colors_info=\u201d{}\u201d][et_pb_column type=\u201d1_2\u2033 _builder_version=\u201d4_16padding=\u201d4. |||\u201d global_colors_info=\u201d{}\u201d custom_padding__hover=\u201d|||\u201d][et_pb_wc_images sale_badge_color=\u201d#000000\u2033 _builder_version=\u201d4.16\u2033 custom_margin=\u201d||0px||false|false\u201d|_0paddingx\u201dfalse|_paddingx\u201dfalse|_paddingx|false global_colors_info=\u201d{}\u201d][\/et_pb_wc_images][\/et_pb_column][et_pb_column type=\u201d1_2\u2033 _builder_version=\u201d4.16\u2033 custom_padding=\u201d|||\u201d global_colors_info=\u201d{}\u201d custom_padding__hover=\u201d|||\u201d][et_pb_wc_title _builder_version=\u201d4.16\u2033 custom_padding=\u201d||0px|||\u201d Global_Colors_Info = \u201d{}\u201d] [\/ET_PB_WC_TITLE] [ET_PB_WC_RATERING _BUILDER_VERSION = \u201d4.16 \u2033 Rating_Text_Color =\u201d #0000 \u2033 BODY_TEXT_COLOR = \u201d#P50000 \u00b0 falsk \u201dglobal_colors_info =\u201d { }\u201d][\/et_pb_wc_rating][et_pb_wc_price product=\u201d1336\u2033 _builder_version=\u201d4.16\u2033 body_text_color=\u201d#0c71c3\u2033 body_font_size=\u201d34px\u201d body_line_height=\u201d1em_color\u201d|false_padding=\u201d1em\u201d|false_padding=\u201d1em\u201d| { }\u201d][\/et_pb_wc_price][et_pb_wc_add_to_cart product=\u201d1336\u2033 show_quantity=\u201doff\u201d _builder_version=\u201d4.16\u2033 _module_preset=\u201ddefault\u201d custom_button=\u201don\u201d button_text_bff\u201d0 button_text_00\u201d0\u201d0 global_colors_info=&quot;{}&quot; ][\/et_pb_wc_add_to_cart] _version=\u201d4.16\u2033 _module_preset= \u201ddefault\u201d width=\u201d100%\u201d custom_padding=\u201d0px||0px|||\u201d global_colors_info=\u201d{}\u201d][et_pb_column type=\u201d4_4\u2033 _builder_version=\u201d4.16\u2033 _module_preset=\u201ddefault\u201d global_colors_info=\u201d{}\u201d][et_pb_divider color=\u201d#000000\u2033\u2033\u2033version\u201d 3_we\u201d 3_we\u201d divider e_preset= \u201ddefault\u201d min_height=\u201d24.3px\u201d custom_margin=\u201d||-1px|||\u201d global_colors_info=\u201d{}\u201d][\/et_pb_divider][\/et_pb_column][\/et_pb_row][et_pb_row column_structure=\u201d1_3,1_3,1_3\u2033 _builder_version=\u201d4.16\u2033 _module_preset=\u201ddefault\u201d 0_1TPheight\u201dx\u201d0_1TPheight\u201dx custom_padding=&quot;||0px|||&quot; global_colors_info=\u201d{}\u201d][et_pb_column type=\u201d1_3\u2033 _builder_version=\u201d4.16\u2033 _module_preset=\u201ddefault\u201d global_colors_info=\u201d{}\u201d][et_pb_blurb title=\u201dpengarna-tillbaka-garanti\u201d use_icon=\u201don\u201d=\u201d\u201d ||divi||400\u2033 icon_color=\u201d#007fe0\u2033 icon_placement=\u201dleft\u201d image_icon_width=\u201d47px\u201d _builder_version=\u201d4.16\u2033 _module_preset=\u201ddefault\u201d icon_font_size=\u201d47px]info\u201d=\u201d_colors\u201d<\/p>\n<p>14 dagars pengarna-tillbaka-garanti<br \/>inga fr\u00e5gor st\u00e4llda<\/p>\n<p>[\/et_pb_blurb][\/et_pb_column][et_pb_column type=\u201d1_3\u2033 _builder_version=\u201d4.16\u2033 _module_preset=\u201ddefault\u201d global_colors_info=\u201d{}\u201d][et_pb_blurb title=\u201dicon_=\u201d=\u201dicon_con\u201d=\u201d\ue003\u201danv\u00e4ndning_ |divi||400\u2033 icon_color=\u201d#007fe0\u2033 icon_placement=\u201dleft\u201d image_icon_width=\u201d47px\u201d _builder_version=\u201d4.16\u2033 _module_preset=\u201ddefault\u201d icon_font_size=\u201d47px]info\u201d=\u201d_colors\u201d<\/p>\n<p>Alla varor i lager skickas ut inom 1-3 dagar. \u00d6ver hela v\u00e4rlden<\/p>\n<p>&nbsp;<\/p>\n<p>[\/et_pb_blurb][\/et_pb_column][et_pb_column type=\u201d1_3\u2033 _builder_version=\u201d4.16\u2033 _module_preset=\u201ddefault\u201d global_colors_info=\u201d{}\u201d][et_pb_blurb title=\u201dicon_font=\u201d|\u201d vid anv\u00e4ndning_\u201d |divi||400\u2033 icon_color=\u201d#007fe0\u2033 icon_placement=\u201dleft\u201d image_icon_width=\u201d47px\u201d _builder_version=\u201d4.16\u2033 _module_preset=\u201ddefault\u201d icon_font_size=\u201d47px_topp\u201d=\u201d_coloren_off\u201d=\u201d_coloren_offer\u201d \u201d]<\/p>\n<p>betala med PayPal, kreditkort eller bank\u00f6verf\u00f6ring<\/p>\n<p>[\/et_pb_blurb][\/et_pb_column][\/et_pb_row][et_pb_row _builder_version=\u201d4.16\u2033 _module_preset=\u201ddefault\u201d width=\u201d100%\u201d custom_padding=\u201d0px||0px|||\u201d global_colors_info=\u201d{}\u201d][et_pb_column type=\u201d4_4\u2033 _builder_version=\u201d4.16\u2033 _module_preset=\u201ddefault\u201d global_colors_info=\u201d{}\u201d][et_pb_divider color=\u201d#000000\u2033\u2033\u2033version\u201d 3_we\u201d 3_we\u201d divider e_preset= \u201ddefault\u201d min_height=\u201d24.3px\u201d custom_margin=\u201d||-1px|||\u201d global_colors_info=\u201d{}\u201d][\/et_pb_divider][\/et_pb_column][\/et_pb_row][et_pb_row column_structure=\u201d1_2,1_2\u2033 _builder_version=\u201d4.16\u2033 background_size=\u201dinitial\u201d background_position=\u201dtop_left\u201d_repetera=\u201dtop_left\u201d_repetera \u201d100%\u201d locked=\u201doff\u201d global_colors_info=\u201d{}\u201d][et_pb_column type=\u201d1_2\u2033 _builder_version=\u201d4.16\u2033 _module_preset=\u201ddefault\u201d global_colors_info=\u201d{}\u201d][et_pb_wcversions_buildre_tabs_defaults\u201d][et_pb_wcversions_buildre_tabs_views include_ =\u201d4.16\u2033 global_colors_info=\u201d{}\u201d] [\/et_pb_wc_tabs][\/et_pb_column][et_pb_column type=\u201d1_2\u2033 _builder_version=\u201d4.16\u2033 custom_padding=\u201d|||\u201d global_colors_info=\u201d{}\u201d custom_padding__hover=\u201d|||\u201d][et_pb_text admin_label=\u201dTittle\u201d _builder_version=\u201d4.16\u2033 text_font=\u201dNunito||||||||\u201d text_font_size=\u201d18px\u201d text_line_height=\u201d1.8em\u201d header_font=\u201d|||||||\u201d header_2_font=&quot;Oswald|||p\u00e5|||||&quot; header_2_text_align=\u201dcenter\u201d header_2_font_size=\u201d40px\u201d header_2_letter_spacing=\u201d1px\u201d header_2_line_height=\u201d1.5em\u201d header_3_font=\u201d|||||||\u201d max_width=\u201d600px\u201d max_width_last_edited=\u201doff|desktop\u201d module_alignment=\u201dcenter\u201d min_height=\u201d10px\u201d custom_margin=\u201d||-2px|214px||\u201d locked=&quot;off&quot; global_colors_info=&quot;{}&quot;]<\/p>\n<h2><span style=\"color: #000000;\"><span style=\"caret-color: #000000;\">YOUTUBE-GRANSKNINGAR<\/span><\/span><\/h2>\n<p>[\/et_pb_text][et_pb_video_slider _builder_version=\u201d4.16\u2033 _module_preset=\u201ddefault\u201d global_colors_info=\u201d{}\u201d][et_pb_video_slider_item src=\u201dhttps:\/\/youtu.be\/jYzbYbYbilder\u201d \u2033version_builder_6\u201d \u2033version_builder.=\u201d standard\u201d global_colors_info=\u201d{}\u201d show_image_overlay=\u201doff\u201d][\/et_pb_video_slider_item][et_pb_video_slider_item src=\u201dhttps:\/\/youtu.be\/7l2INlsHbEg\u201d _builder_version=\u201d4.6.5\u2033=\u201d_color_de_fault\u201d visa_global_image\u201d_{}de_fault\u201d =\u201doff\u201d][\/et_pb_video_slider_item][et_pb_video_slider_item src=\u201dhttps:\/\/youtu.be\/wghgwomEckg\u201d _builder_version=\u201d4.6.5\u2033 _module_preset=\u201ddefault\u201d global_colors_image\u201d_image=\u201d_\/\u201d et_pb_video_slider_item][\/et_pb_video_slider][et_pb_button button_url=\u201dhttps:\/\/www.youtube.com\/results?search_query=sharpin+pinball\u201d button_text=\u201dmore Videos\u201d button_alignment=\u201dcenter\u201d _builder_version=\u201d=\u201dmodulefault\u201dset\u201d=\u201dmodulefault\u201d custom_button=\u201don\u201d button_text_color=\u201d#ffffff\u201d button_bg_color=\u201d#e02b20\u2033 button_icon=\u201d\ue0a3||divi||400\u2033 button_on_hover=\u201doff\u201d custom_padding=\u201d|46px|||false|false}_info\u201d=_color [\/et_pb_button][\/et_pb_column][\/et_pb_row][\/et_pb_section]<\/p>","protected":false},"excerpt":{"rendered":"<p><b>Senaste versionen med X96 max plus ultra tv-box och Android 11\u00a0<\/b><\/p>\n<p>Njut av obegr\u00e4nsat flipperspel med Sharpin Ultra Virtual Pinball Tabletop, med en 22-tumssk\u00e4rm och tillg\u00e5ng till ett stort utbud av spel fr\u00e5n Google Play Store.<\/p>","protected":false},"featured_media":15787,"template":"","meta":{"_et_pb_use_builder":"on","_et_pb_old_content":"Thousands of games\r\n<h3><a href=\"https:\/\/digital-pinball.com\/wp-content\/uploads\/2019\/12\/google-play.jpg\"><img class=\"alignnone size-full wp-image-14229\" src=\"https:\/\/digital-pinball.com\/wp-content\/uploads\/2019\/12\/google-play.jpg\" alt=\"\" width=\"873\" height=\"481\" \/><\/a><\/h3>\r\n[button link=\"https:\/\/play.google.com\/store\/apps\/collection\/cluster?clp=ggEJCgdwaW5iYWxs:S:ANO1ljLJLM4&amp;gsr=CgyCAQkKB3BpbmJhbGw%3D:S:ANO1ljKhr9g\" color=\"black\" newwindow=\"yes\"]more games[\/button]\r\n\r\nSharpin Pinball is not associated with Google Play or any App on the Google Play Store. All trademarks, logos and brand names are the property of their respective owners. All company, product and service names used in this website are for identification purposes only. The availability of pinball apps depends on your country and the Play Store restrictions set by the app developers.\r\n<h1>Sharpin Ultra Virtual Pinball Tabletop: Unleash Endless Entertainment<\/h1>\r\n<strong>Introduction:<\/strong> Experience the future of gaming with the Sharpin Ultra Virtual Pinball Tabletop, a groundbreaking innovation that transforms your love for pinball into an unlimited adventure. Designed with a sleek, minimalistic aesthetic and built on a powerful Android platform, the Sharpin Ultra offers a versatile gaming experience without confining you to a specific brand or platform.\r\n\r\n<strong>Unmatched Versatility:<\/strong> One of the most striking features of the Sharpin Ultra is its unparalleled flexibility. Unlike many competitors that restrict you to their proprietary games, the Sharpin Ultra opens up a world of possibilities. With access to the Google Play Store, you're not just limited to a handful of titles; you can explore and enjoy a vast array of games that cater to all tastes and interests.\r\n\r\n<strong>Enhanced Connectivity:<\/strong> The innovation doesn't stop there. The Sharpin Ultra transcends traditional boundaries by allowing you to connect it to your PC. This connectivity ushers you into the realms of Future Pinball and Visual Pinball, offering access to thousands of games. Whether you're a fan of classic pinball tables or seek the thrill of modern designs, the Sharpin Ultra has something for everyone.\r\n\r\n<strong>Immersive Gaming Experience:<\/strong> At the heart of the Sharpin Ultra is a vibrant 22-inch monitor that brings every game to life with stunning clarity and detail. Coupled with potent hardware, the machine delivers a smooth and immersive gaming experience that keeps you engaged for hours. The dedicated computing unit, optimized for Android, ensures seamless performance, while the encoder unit flawlessly translates your actions from the arcade buttons to the virtual pin.\r\n\r\n<strong>Minimalistic Design, Maximal Enjoyment:<\/strong> Adhering to a philosophy of minimalism, the Sharpin Ultra features a design that focuses on essentials, eliminating any unnecessary clutter. This approach not only enhances the aesthetic appeal of the device but also contributes to its affordability. Despite its streamlined design, the Sharpin Ultra does not compromise on functionality or fun.\r\n\r\n<strong>Your Arcade, Your Rules:<\/strong> With the Sharpin Ultra Virtual Pinball Tabletop, you're not just buying a gaming machine; you're investing in a portal to endless entertainment. It's not just a product; it's your ticket to a world where you set the rules, choose your adventures, and enjoy unparalleled freedom in your gaming experience.\r\n\r\nEmbark on a journey of endless fun and limitless possibilities with the Sharpin Ultra Virtual Pinball Tabletop \u2013 where your only limit is your imagination.\r\n\r\n<strong>The kit contains: <\/strong>\r\n<ul>\r\n \t<li>Android Box with the following specs:\r\nX96 max plus ultra tv box with android 11, \u00a0amlogic s905x4 quad core, 4gb RAM, 64gb Storage<\/li>\r\n \t<li>cnc cut wood cabinet (543mm x 334mm x 260mm)<\/li>\r\n \t<li>Acrylic glas cover<\/li>\r\n \t<li>arcade button encoder<\/li>\r\n \t<li>arcade buttons<\/li>\r\n \t<li>2x \u00a0speaker<\/li>\r\n \t<li>22\" High-Quality FULL HD Display<\/li>\r\n \t<li>designed decals<\/li>\r\n \t<li>side rails<\/li>\r\n \t<li>screws<\/li>\r\n<\/ul>","_et_gb_content_width":""},"product_brand":[],"product_cat":[30,173,177],"product_tag":[],"class_list":{"0":"post-1336","1":"product","2":"type-product","3":"status-publish","4":"has-post-thumbnail","6":"product_cat-bartop","7":"product_cat-best-seller","8":"product_cat-weship","10":"first","11":"instock","12":"taxable","13":"shipping-taxable","14":"purchasable","15":"product-type-simple"},"_links":{"self":[{"href":"https:\/\/digital-pinball.com\/sv\/wp-json\/wp\/v2\/product\/1336","targetHints":{"allow":["GET"]}}],"collection":[{"href":"https:\/\/digital-pinball.com\/sv\/wp-json\/wp\/v2\/product"}],"about":[{"href":"https:\/\/digital-pinball.com\/sv\/wp-json\/wp\/v2\/types\/product"}],"wp:featuredmedia":[{"embeddable":true,"href":"https:\/\/digital-pinball.com\/sv\/wp-json\/wp\/v2\/media\/15787"}],"wp:attachment":[{"href":"https:\/\/digital-pinball.com\/sv\/wp-json\/wp\/v2\/media?parent=1336"}],"wp:term":[{"taxonomy":"product_brand","embeddable":true,"href":"https:\/\/digital-pinball.com\/sv\/wp-json\/wp\/v2\/product_brand?post=1336"},{"taxonomy":"product_cat","embeddable":true,"href":"https:\/\/digital-pinball.com\/sv\/wp-json\/wp\/v2\/product_cat?post=1336"},{"taxonomy":"product_tag","embeddable":true,"href":"https:\/\/digital-pinball.com\/sv\/wp-json\/wp\/v2\/product_tag?post=1336"}],"curies":[{"name":"wp","href":"https:\/\/api.w.org\/{rel}","templated":true}]}}