{"id":13230,"date":"2021-09-23T08:29:44","date_gmt":"2021-09-23T06:29:44","guid":{"rendered":"https:\/\/www.digital-pinball.com\/payment_methods\/"},"modified":"2024-03-31T09:11:52","modified_gmt":"2024-03-31T07:11:52","slug":"payment_methods","status":"publish","type":"page","link":"https:\/\/digital-pinball.com\/sv\/payment_methods\/","title":{"rendered":"Betalningsmetoder"},"content":{"rendered":"<p><strong>Betalningsmetoder<\/strong><\/p>\n<p>Vi erbjuder dig f\u00f6ljande betalningstyper. Bl\u00e4ddra bara igenom listan f\u00f6r att hitta den b\u00e4sta betalningstypen f\u00f6r dig. Fraktkostnader kan variera beroende p\u00e5 vilken betalningstyp som valts. Priserna i respektive erbjudande \u00e4r slutgiltiga och inkluderar alla priskomponenter (inklusive eventuell till\u00e4mplig skatt s\u00e5som moms). \u00d6vriga skatter (t.ex. de som g\u00e4ller f\u00f6r k\u00f6p inom gemenskapen) och\/eller tullar (t.ex. tull) uppkommer endast i samband med gr\u00e4ns\u00f6verskridande transaktioner och betalas till respektive tull- och\/eller skattemyndigheter och inte s\u00e4ljaren. Kostnaderna f\u00f6r frakt och leverans ing\u00e5r inte i ink\u00f6pspriset och kan ses p\u00e5 sidan &quot;Fraktkostnader&quot;. De anges separat under best\u00e4llningsprocessen och ska betalas av dig ut\u00f6ver k\u00f6peskillingen.<\/p>\n<p><em>Direktbetalning<\/em><\/p>\n<p>Vi kommer att samla in fakturabeloppet fr\u00e5n ditt angivna bankkonto efter att vi mottagit din best\u00e4llning.<\/p>\n<p><em>Kreditkort<\/em><\/p>\n<p>Problemfri kreditkortbetalning.<\/p>\n<p><em>PayPal<\/em><\/p>\n<p>Betalningen \u00e4r \u00e4nnu snabbare och enklare med ditt PayPal -konto.<\/p>\n<p>\u00d6verf\u00f6r det totala beloppet till v\u00e5rt konto:<\/p>\n<p>Kontoinnehavare: Michael Gruber<br \/>\nIBAN:<br \/>\nAT83 2081 5000 4312 2126<\/p>\n<p>BIC:<br \/>\nSTSPAT2GXXX<\/p>","protected":false},"excerpt":{"rendered":"<p>Betalningstyper Vi erbjuder dig f\u00f6ljande betalningstyper. Bl\u00e4ddra helt enkelt i listan f\u00f6r den b\u00e4sta betalningstypen f\u00f6r dig. Fraktkostnaderna kan variera beroende p\u00e5 vald betalningstyp. Priserna som anges i respektive erbjudanden \u00e4r slutgiltiga och inkluderar alla priskomponenter (inklusive eventuell till\u00e4mplig skatt s\u00e5som merv\u00e4rdesskatt (moms)). Andra skatter [\u2026]<\/p>","protected":false},"author":1,"featured_media":0,"parent":0,"menu_order":0,"comment_status":"closed","ping_status":"closed","template":"","meta":{"_et_pb_use_builder":"","_et_pb_old_content":"","_et_gb_content_width":"","footnotes":""},"class_list":["post-13230","page","type-page","status-publish","hentry"],"_links":{"self":[{"href":"https:\/\/digital-pinball.com\/sv\/wp-json\/wp\/v2\/pages\/13230","targetHints":{"allow":["GET"]}}],"collection":[{"href":"https:\/\/digital-pinball.com\/sv\/wp-json\/wp\/v2\/pages"}],"about":[{"href":"https:\/\/digital-pinball.com\/sv\/wp-json\/wp\/v2\/types\/page"}],"author":[{"embeddable":true,"href":"https:\/\/digital-pinball.com\/sv\/wp-json\/wp\/v2\/users\/1"}],"replies":[{"embeddable":true,"href":"https:\/\/digital-pinball.com\/sv\/wp-json\/wp\/v2\/comments?post=13230"}],"version-history":[{"count":2,"href":"https:\/\/digital-pinball.com\/sv\/wp-json\/wp\/v2\/pages\/13230\/revisions"}],"predecessor-version":[{"id":13249,"href":"https:\/\/digital-pinball.com\/sv\/wp-json\/wp\/v2\/pages\/13230\/revisions\/13249"}],"wp:attachment":[{"href":"https:\/\/digital-pinball.com\/sv\/wp-json\/wp\/v2\/media?parent=13230"}],"curies":[{"name":"wp","href":"https:\/\/api.w.org\/{rel}","templated":true}]}}