{"id":13227,"date":"2021-09-23T08:29:44","date_gmt":"2021-09-23T06:29:44","guid":{"rendered":"https:\/\/www.digital-pinball.com\/shipping__delivery\/"},"modified":"2022-03-03T19:49:43","modified_gmt":"2022-03-03T18:49:43","slug":"shipping__delivery","status":"publish","type":"page","link":"https:\/\/digital-pinball.com\/sv\/shipping__delivery\/","title":{"rendered":"Frakt"},"content":{"rendered":"<p><strong>Priser, fraktkostnader och leveransinformation<\/strong><\/p>\n<p>Priserna p\u00e5 produktsidorna inkluderar lagstadgad merv\u00e4rdesskatt (moms) och andra priskomponenter.<\/p>\n<p>F\u00f6rutom de angivna produktpriserna tar vi ocks\u00e5 ut fraktkostnader f\u00f6r leverans. Fraktkostnader meddelas dig under korgprocessen och bekr\u00e4ftas p\u00e5 best\u00e4llningssidan.<\/p>\n<p>Inga fraktkostnader uppst\u00e5r i samband med digitalt inneh\u00e5ll (t.ex. e-b\u00f6cker, programvara, etc.).<\/p>\n<p>Fraktkostnader debiteras schablonm\u00e4ssigt och inkluderar lagstadgad merv\u00e4rdesskatt. Det faktum att momsen som ing\u00e5r i fraktkostnader ber\u00e4knas p\u00e5 grundval av de ink\u00f6pta varorna inneb\u00e4r att den kan minska om de k\u00f6pta varorna \u00e4r f\u00f6rem\u00e5l f\u00f6r en l\u00e4gre momssats (t.ex. b\u00f6cker). Detta i sin tur inneb\u00e4r att slutgiltiga fraktkostnader endast kan ber\u00e4knas under best\u00e4llningsprocessen. Eftersom det inte \u00e4r till\u00e5tet f\u00f6r dem att \u00f6ka kommer de bara att anpassas till din f\u00f6rm\u00e5n (dvs. reducerad).<\/p>\n<div id=\"gtx-trans\" style=\"position: absolute; left: 390px; top: 211px;\">\n<div class=\"gtx-trans-icon\"><\/div>\n<\/div>","protected":false},"excerpt":{"rendered":"<p>Priser, fraktkostnader och leveransinformation Priserna som anges p\u00e5 produktsidor \u00e4r inklusive lagstadgad merv\u00e4rdesskatt (moms) och andra priskomponenter. Ut\u00f6ver de angivna produktpriserna tar vi \u00e4ven ut schablonm\u00e4ssiga fraktkostnader f\u00f6r leverans. Fraktkostnader meddelas dig under korgprocessen och bekr\u00e4ftas p\u00e5 nytt p\u00e5 best\u00e4llningssidan. Nej [\u2026]<\/p>","protected":false},"author":1,"featured_media":0,"parent":0,"menu_order":0,"comment_status":"closed","ping_status":"closed","template":"","meta":{"_et_pb_use_builder":"","_et_pb_old_content":"","_et_gb_content_width":"","footnotes":""},"class_list":["post-13227","page","type-page","status-publish","hentry"],"_links":{"self":[{"href":"https:\/\/digital-pinball.com\/sv\/wp-json\/wp\/v2\/pages\/13227","targetHints":{"allow":["GET"]}}],"collection":[{"href":"https:\/\/digital-pinball.com\/sv\/wp-json\/wp\/v2\/pages"}],"about":[{"href":"https:\/\/digital-pinball.com\/sv\/wp-json\/wp\/v2\/types\/page"}],"author":[{"embeddable":true,"href":"https:\/\/digital-pinball.com\/sv\/wp-json\/wp\/v2\/users\/1"}],"replies":[{"embeddable":true,"href":"https:\/\/digital-pinball.com\/sv\/wp-json\/wp\/v2\/comments?post=13227"}],"version-history":[{"count":3,"href":"https:\/\/digital-pinball.com\/sv\/wp-json\/wp\/v2\/pages\/13227\/revisions"}],"predecessor-version":[{"id":13260,"href":"https:\/\/digital-pinball.com\/sv\/wp-json\/wp\/v2\/pages\/13227\/revisions\/13260"}],"wp:attachment":[{"href":"https:\/\/digital-pinball.com\/sv\/wp-json\/wp\/v2\/media?parent=13227"}],"curies":[{"name":"wp","href":"https:\/\/api.w.org\/{rel}","templated":true}]}}