{"id":13304,"date":"2022-01-17T15:40:43","date_gmt":"2022-01-17T14:40:43","guid":{"rendered":"https:\/\/www.digital-pinball.com\/?page_id=13304"},"modified":"2022-03-03T19:49:43","modified_gmt":"2022-03-03T18:49:43","slug":"refund_returns","status":"publish","type":"page","link":"https:\/\/digital-pinball.com\/nl\/refund_returns\/","title":{"rendered":"Restitutie- en retourbeleid"},"content":{"rendered":"<p>[et_pb_section fb_built=\u201d1\u2033 admin_label=\u201dsection\u201d _builder_version=\u201d3.22\u2033][et_pb_row admin_label=\u201drow\u201d _builder_version=\u201d3.25\u2033 background_size=\u201dinitial\u201d background_position=\u201dtop_left\u201d background_repeat=\u201drepeat\u201d][et_pb_column type= \u201d4_4\u2033 _builder_version=\u201d3.25\u2033 custom_padding=\u201d|||\u201d custom_padding__hover=\u201d|||\u201d][et_pb_text admin_label=\u201dTekst\u201d _builder_version=\u201d4.6.5\u2033 background_size=\u201dinitial\u201d background_position=\u201dtop_left\u201d background_repeat=\u201dherhalen\u201d hover_enabled=\u201d0\u2033 sticky_enabled=\u201d0\u2033]<\/p>\n<h3><strong>&#8212;&#8212;&#8212;&#8212;&#8212;&#8212;&#8212;&#8212;&#8212;&#8212;&#8212;&#8212;&#8212;&#8212;&#8212;&#8212;&#8212;&#8212;&#8212;&#8212;&#8212;-<\/strong><br \/><strong>Instructies voor herroeping<\/strong><br \/><strong>&#8212;&#8212;&#8212;&#8212;&#8212;&#8212;&#8212;&#8212;&#8212;&#8212;&#8212;&#8212;&#8212;&#8212;&#8212;&#8212;&#8212;&#8212;&#8212;&#8212;&#8212;-<\/strong><\/h3>\n<p><strong>Herroepingsrecht in de EU<\/strong><br \/>U heeft het recht om binnen 14 dagen zonder opgave van redenen deze overeenkomst te herroepen. De herroepingstermijn verstrijkt 14 dagen vanaf de dag waarop u, of een derde partij anders dan de vervoerder en door u aangegeven, de goederen fysiek in bezit krijgt. Om het herroepingsrecht uit te oefenen, moet u ons hiervan op de hoogte stellen<\/p>\n<p>Firma Michael Gruber<br \/>Edelstauden 55<br \/>8081 Edelstauden<br \/>Oostenrijk<br \/>E-mail: info@digital-pinball.com<\/p>\n<p>door middel van een ondubbelzinnige verklaring (bv. een brief per post, fax of e-mail) over uw beslissing om dit contract te herroepen. U kunt hiervoor het bijgevoegde modelformulier voor herroeping gebruiken, maar dit is niet verplicht. Om de herroepingstermijn te halen, is het voldoende dat u uw mededeling betreffende uw uitoefening van het herroepingsrecht verzendt voordat de herroepingstermijn is verstreken. Gevolgen van herroeping Als u zich terugtrekt uit dit contract, zullen wij u alle van u ontvangen betalingen terugbetalen, inclusief de leveringskosten (met uitzondering van de extra kosten die voortvloeien uit uw keuze voor een ander type levering dan het goedkoopste type levering). standaardlevering die door ons wordt aangeboden), zonder onnodige vertraging en in elk geval niet later dan 14 dagen vanaf de dag waarop we op de hoogte zijn gebracht van uw beslissing om deze overeenkomst te herroepen. We zullen een dergelijke terugbetaling uitvoeren met hetzelfde betaalmiddel dat u voor de oorspronkelijke transactie heeft gebruikt, tenzij u uitdrukkelijk anders bent overeengekomen; in elk geval zullen er voor u geen kosten in rekening worden gebracht als gevolg van een dergelijke terugbetaling. Wij mogen wachten met terugbetaling totdat wij de goederen hebben teruggekregen of u heeft aangetoond dat u de goederen heeft teruggezonden, al naar gelang welk tijdstip eerst valt. U moet de goederen terugsturen of aan ons overhandigen, zonder onnodige vertraging en in elk geval niet later dan 14 dagen vanaf de dag waarop u ons uw herroeping van dit contract meedeelt. De deadline is gehaald als u de goederen terugstuurt voordat de termijn van 14 dagen is verstreken. De directe kosten van het terugzenden van de goederen komen voor uw rekening. U bent alleen aansprakelijk voor waardevermindering van de goederen als gevolg van de behandeling anders dan nodig is om de aard, kenmerken en werking van de goederen vast te stellen. Modelformulier voor herroeping (vul dit formulier alleen in en stuur het terug als u de overeenkomst wilt herroepen)<\/p>\n<p>Firma Michael Gruber<br \/>Edelstauden 55<br \/>8081 Edelstauden<br \/>Oostenrijk<br \/>E-mail: info@digital-pinball.com<\/p>\n<p>&#8212;&#8212;&#8212;&#8212;&#8211;<br \/>Ik\/Wij (*) deel\/delen (*) u hierbij mede dat ik\/wij (*) mijn\/onze (*) verkoopovereenkomst van de volgende goederen (*)\/voor de levering van de volgende dienst (*) herroepen, \u2013 Besteld op ( *)\/ontvangen op (*), \u2013 Naam consument(en), \u2013 Adres consument(en), \u2013 Handtekening consument(en) (alleen indien dit formulier op papier wordt ingediend), \u2013 Datum<br \/>&#8212;&#8212;&#8212;&#8212;&#8211;<\/p>\n<h3><strong>&#8212;&#8212;&#8212;&#8212;&#8212;&#8212;&#8212;&#8212;&#8212;&#8212;&#8212;&#8212;&#8212;&#8212;&#8212;&#8212;&#8212;&#8212;&#8212;&#8212;&#8212;-<\/strong><br \/><strong>Widerrufsbelehrung<\/strong><br \/><strong>&#8212;&#8212;&#8212;&#8212;&#8212;&#8212;&#8212;&#8212;&#8212;&#8212;&#8212;&#8212;&#8212;&#8212;&#8212;&#8212;&#8212;&#8212;&#8212;&#8212;&#8212;-<\/strong><\/p>\n<\/h3>\n<p><strong>Widerrufsrecht in der EU<\/strong><br \/>Dit is een recht, binnen vierzehn Tagen van Angabe von Gr\u00fcnden diesen Vertrag zuwiderufen. Die Widerrufsfrist betr\u00e4gt vierzehn Tage ab dem Tag, an dem Sie of ein von Ihnen benannter Dritter, der nicht der Bef\u00f6rderer ist, die Waren in Besitz genommen haben bzw. hoed. Um Ihr Widerrufsrecht auszu\u00fcben, m\u00fcssen Sie uns<\/p>\n<p>Firma Michael Gruber<br \/>Edelstauden 55<br \/>8081 Edelstauden<br \/>Oostenrijk<br \/>E-mail: info@digital-pinball.com<\/p>\n<p>mittels einer eindeutigen Erkl\u00e4rung (zB ein mit der Post versandter Brief, Telefax of E-mail) \u00fcber Ihren Entschluss, diesen Vertrag zuwiderufen, informieren. Het is een feit dat het een soort van beigef\u00fcgte is. Zur Wahrung der Widerrufsfrist reicht es aus, dass Sie die Mitteilung \u00fcber die Aus\u00fcbung des Widerrufsrechts vor Ablauf der Widerrufsfrist absenden. Folgen des Widerrufs Wenn Sie diesen Vertrag widerufen, haben wir Ihnen alle Zahlungen, die wir von Ihnen erhalten haben, einschlie\u00dflich der Lieferkosten (mit Ausnahme der zus\u00e4tzlichen Kosten, die sich daraus ergeung, die sich daraus ergeung, dass Sie an e unsung other Art, die sich daraus ergeung, dass Sie an e unsan g\u00fcnstigste Standardlieferung gew\u00e4hlt haben), unverz\u00fcglich and sp\u00e4testens binnen vierzehn Tagen ab dem Tag zur\u00fcckzuzahlen, an dem die Mitteilung \u00fcber Ihren Widerruf dieses Vertrags bei uns eingegangen ist. Voor het verwerven van een verwarmen met een dasselbe Zahlungsmittel, das Sie bei der urspr\u00fcnglichen Transaction eingesetzt haben, es sei denn, mit Ihnen wurde ausdr\u00fccklich et was an anus vereinbart; in keinem Fall werden Ihnen wegen dieser R\u00fcckzahlung Entgelte berechnet. Wir k\u00f6nnen die R\u00fcckzahlung verweigern, bis wir die Waren wieder zur\u00fcckerhalten haben of bis Sie den Nachweis erbracht haben, dass Sie die Waren zur\u00fcckgesandt haben, je nachdem, welches der fr\u00fchere Zeitpunkt ist. Dit is een onverzekerde en in een dag herfst sp\u00e4testens binnen vierzehn Tagen ab dem Tag, een dem Sie uns \u00fcber den Widerruf dieses Vertrags unterrichten, an uns zur\u00fcckzusenden of zu \u00fcbergeben. Die Frist ist gewahrt, wenn Sie die Waren vor Ablauf der Frist von vierzehn Tagen absenden. Deze kosten zijn niet langer geldig. Kosten der R\u00fccksendung der Waren. Er is geen verschil tussen de Wertverlust en de Waren, of de Wertverlust is een van de belangrijkste beschrijvingen, de eigenschappen en de functies van de Waren is niet bekend als de grootte van de winter.<\/p>\n<p><strong>Muster-Widerrufsformular<\/strong><br \/>Wenn Sie den Vertrag widerufen wollen, dann f\u00fcllen Sie bitte dieses Formular aus und senden Sie es zur\u00fcck.)<\/p>\n<p>Firma Michael Gruber<br \/>Edelstauden 55<br \/>8081 Edelstauden<br \/>Oostenrijk<br \/>E-mail: info@digital-pinball.com<\/p>\n<p>&#8212;&#8212;&#8212;&#8212;&#8211;<br \/>Hiermit widerufe(n) ich\/wir (*) den von mir\/uns (*) abgeschlossenen Vertrag \u00fcber den Kauf der folgenden Waren (*)\/ die Erbringung der folgenden Dienstleistung (*) \u2013 Bestellt am (*)\/erhalten am (* ) \u2013 Naam des\/der Verbraucher(s) \u2013 Anschrift des\/der Verbraucher(s) \u2013 Unterschrift des\/der Verbraucher(s) (nur bei Mitteilung auf Papier) \u2013 Datum ___________ (*) Unzutreffendes streichen.<br \/>&#8212;&#8212;&#8212;&#8212;&#8211;<\/p>\n<p>[\/ et_pb_text] [\/ et_pb_column] [\/ et_pb_row] [\/ et_pb_section]<\/p>","protected":false},"excerpt":{"rendered":"<p>\u2014\u2014\u2014\u2014\u2014\u2014\u2014\u2014\u2014\u2014\u2014\u2014\u2014\u2014\u2014\u2014\u2014\u2014\u2014\u2014\u2014\u2014-Instructies voor herroeping\u2014\u2014\u2014\u2014\u2014\u2014\u2014\u2014\u2014\u2014\u2014\u2014\u2014\u2014\u2014\u2014\u2014\u2014\u2014\u2014\u2014- Herroepingsrecht in de EUU hebt het recht om binnen een termijn van 14 dagen zonder opgave van redenen de overeenkomst te herroepen. De herroepingstermijn verstrijkt 14 dagen na de dag waarop u of een door u aangewezen derde, die niet de vervoerder is, het fysieke bezit krijgt van [\u2026]<\/p>","protected":false},"author":1,"featured_media":0,"parent":0,"menu_order":0,"comment_status":"closed","ping_status":"closed","template":"","meta":{"_et_pb_use_builder":"on","_et_pb_old_content":"----------------------------------------------------------------\r\nInstructions on withdrawal \r\n----------------------------------------------------------------\r\n\r\nRight of withdrawal in the EU\r\nYou have the right to withdraw from this contract within 14 days without giving any reason. The withdrawal period will expire after 14 days from the day on which you acquire, or a third party other than the carrier and indicated by you acquires, physical possession of the goods. To exercise the right of withdrawal, you must inform us\r\n\r\nFirma Michael Gruber\r\nEdelstauden 55\r\n8081 Edelstauden\r\nAustria\r\nE-Mail: info@digital-pinball.com\r\n\r\nof your decision to withdraw from this contract by an unequivocal statement (e.g. a letter sent by post, fax or e-mail). You may use the attached model withdrawal form, but it is not obligatory. To meet the withdrawal deadline, it is sufficient for you to send your communication concerning your exercise of the right of withdrawal before the withdrawal period has expired. Effects of withdrawal If you withdraw from this contract, we shall reimburse to you all payments received from you, including the costs of delivery (with the exception of the supplementary costs resulting from your choice of a type of delivery other than the least expensive type of standard delivery offered by us), without undue delay and in any event not later than 14 days from the day on which we are informed about your decision to withdraw from this contract. We will carry out such reimbursement using the same means of payment as you used for the initial transaction, unless you have expressly agreed otherwise; in any event, you will not incur any fees as a result of such reimbursement. We may withhold reimbursement until we have received the goods back or you have supplied evidence of having sent back the goods, whichever is the earliest. You shall send back the goods or hand them over to us, without undue delay and in any event not later than 14 days from the day on which you communicate your withdrawal from this contract to us. The deadline is met if you send back the goods before the period of 14 days has expired. You will have to bear the direct cost of returning the goods. You are only liable for any diminished value of the goods resulting from the handling other than what is necessary to establish the nature, characteristics and functioning of the goods. Model withdrawal form (complete and return this form only if you wish to withdraw from the contract) \r\n\r\nFirma Michael Gruber\r\nEdelstauden 55\r\n8081 Edelstauden\r\nAustria\r\nE-Mail: info@digital-pinball.com\r\n\r\n--------------\r\nI\/We (*) hereby give notice that I\/We (*) withdraw from my\/our (*) contract of sale of the following goods (*)\/for the provision of the following service (*), - Ordered on (*)\/received on (*), - Name of consumer(s), - Address of consumer(s), - Signature of consumer(s) (only if this form is notified on paper), - Date\r\n--------------\r\n\r\n\r\n----------------------------------------------------------------\r\nWiderrufsbelehrung\r\n----------------------------------------------------------------\r\n(english version below)\r\n\r\nWiderrufsrecht in der EU\r\nSie haben das Recht, binnen vierzehn Tagen ohne Angabe von Gr\u00fcnden diesen Vertrag zu widerrufen. Die Widerrufsfrist betr\u00e4gt vierzehn Tage ab dem Tag, an dem Sie oder ein von Ihnen benannter Dritter, der nicht der Bef\u00f6rderer ist, die Waren in Besitz genommen haben bzw. hat. Um Ihr Widerrufsrecht auszu\u00fcben, m\u00fcssen Sie uns\r\n\r\nFirma Michael Gruber\r\nEdelstauden 55\r\n8081 Edelstauden\r\nAustria\r\nE-Mail: info@digital-pinball.com\r\n \r\nmittels einer eindeutigen Erkl\u00e4rung (z.B. ein mit der Post versandter Brief, Telefax oder EMail) \u00fcber Ihren Entschluss, diesen Vertrag zu widerrufen, informieren. Sie k\u00f6nnen daf\u00fcr das beigef\u00fcgte Muster-Widerrufsformular verwenden, das jedoch nicht vorgeschrieben ist. Zur Wahrung der Widerrufsfrist reicht es aus, dass Sie die Mitteilung \u00fcber die Aus\u00fcbung des Widerrufsrechts vor Ablauf der Widerrufsfrist absenden. Folgen des Widerrufs Wenn Sie diesen Vertrag widerrufen, haben wir Ihnen alle Zahlungen, die wir von Ihnen erhalten haben, einschlie\u00dflich der Lieferkosten (mit Ausnahme der zus\u00e4tzlichen Kosten, die sich daraus ergeben, dass Sie eine andere Art der Lieferung als die von uns angebotene, g\u00fcnstigste Standardlieferung gew\u00e4hlt haben), unverz\u00fcglich und sp\u00e4testens binnen vierzehn Tagen ab dem Tag zur\u00fcckzuzahlen, an dem die Mitteilung \u00fcber Ihren Widerruf dieses Vertrags bei uns eingegangen ist. F\u00fcr diese R\u00fcckzahlung verwenden wir dasselbe Zahlungsmittel, das Sie bei der urspr\u00fcnglichen Transaktion eingesetzt haben, es sei denn, mit Ihnen wurde ausdr\u00fccklich etwas anderes vereinbart; in keinem Fall werden Ihnen wegen dieser R\u00fcckzahlung Entgelte berechnet. Wir k\u00f6nnen die R\u00fcckzahlung verweigern, bis wir die Waren wieder zur\u00fcckerhalten haben oder bis Sie den Nachweis erbracht haben, dass Sie die Waren zur\u00fcckgesandt haben, je nachdem, welches der fr\u00fchere Zeitpunkt ist. Sie haben die Waren unverz\u00fcglich und in jedem Fall sp\u00e4testens binnen vierzehn Tagen ab dem Tag, an dem Sie uns \u00fcber den Widerruf dieses Vertrags unterrichten, an uns zur\u00fcckzusenden oder zu \u00fcbergeben. Die Frist ist gewahrt, wenn Sie die Waren vor Ablauf der Frist von vierzehn Tagen absenden. Sie tragen die unmittelbaren Kosten der R\u00fccksendung der Waren. Sie m\u00fcssen f\u00fcr einen etwaigen Wertverlust der Waren nur aufkommen, wenn dieser Wertverlust auf einen zur Pr\u00fcfung der Beschaffenheit, Eigenschaften und Funktionsweise der Waren nicht notwendigen Umgang mit ihnen zur\u00fcckzuf\u00fchren ist. \r\nMuster-Widerrufsformular \r\nWenn Sie den Vertrag widerrufen wollen, dann f\u00fcllen Sie bitte dieses Formular aus und senden Sie es zur\u00fcck.)\r\n\r\nFirma Michael Gruber\r\nEdelstauden 55\r\n8081 Edelstauden\r\nAustria\r\nE-Mail: info@digital-pinball.com\r\n\r\n--------------\r\nHiermit widerrufe(n) ich\/wir (*) den von mir\/uns (*) abgeschlossenen Vertrag \u00fcber den Kauf der folgenden Waren (*)\/ die Erbringung der folgenden Dienstleistung (*) - Bestellt am (*)\/erhalten am (*) - Name des\/der Verbraucher(s) - Anschrift des\/der Verbraucher(s) - Unterschrift des\/der Verbraucher(s) (nur bei Mitteilung auf Papier) - Datum ___________ (*) Unzutreffendes streichen. \r\n--------------\r\n\r\n","_et_gb_content_width":"","footnotes":""},"class_list":["post-13304","page","type-page","status-publish","hentry"],"_links":{"self":[{"href":"https:\/\/digital-pinball.com\/nl\/wp-json\/wp\/v2\/pages\/13304","targetHints":{"allow":["GET"]}}],"collection":[{"href":"https:\/\/digital-pinball.com\/nl\/wp-json\/wp\/v2\/pages"}],"about":[{"href":"https:\/\/digital-pinball.com\/nl\/wp-json\/wp\/v2\/types\/page"}],"author":[{"embeddable":true,"href":"https:\/\/digital-pinball.com\/nl\/wp-json\/wp\/v2\/users\/1"}],"replies":[{"embeddable":true,"href":"https:\/\/digital-pinball.com\/nl\/wp-json\/wp\/v2\/comments?post=13304"}],"version-history":[{"count":3,"href":"https:\/\/digital-pinball.com\/nl\/wp-json\/wp\/v2\/pages\/13304\/revisions"}],"predecessor-version":[{"id":14238,"href":"https:\/\/digital-pinball.com\/nl\/wp-json\/wp\/v2\/pages\/13304\/revisions\/14238"}],"wp:attachment":[{"href":"https:\/\/digital-pinball.com\/nl\/wp-json\/wp\/v2\/media?parent=13304"}],"curies":[{"name":"wp","href":"https:\/\/api.w.org\/{rel}","templated":true}]}}