{"id":13304,"date":"2022-01-17T15:40:43","date_gmt":"2022-01-17T14:40:43","guid":{"rendered":"https:\/\/www.digital-pinball.com\/?page_id=13304"},"modified":"2022-03-03T19:49:43","modified_gmt":"2022-03-03T18:49:43","slug":"refund_returns","status":"publish","type":"page","link":"https:\/\/digital-pinball.com\/it\/refund_returns\/","title":{"rendered":"Politica di rimborso e restituzione"},"content":{"rendered":"<p>[et_pb_section fb_built=\u201d1\u2033 admin_label=\u201dsection\u201d _builder_version=\u201d3.22\u2033][et_pb_row admin_label=\u201drow\u201d _builder_version=\u201d3.25\u2033 background_size=\u201dinitial\u201d background_position=\u201dtop_left\u201d background_repeat=\u201drepeat\u201d][et_pb_column type= \u201d4_4\u2033 _builder_version=\u201d3.25\u2033 custom_padding=\u201d|||\u201d custom_padding__hover=\u201d|||\u201d][et_pb_text admin_label=\u201dTesto\u201d _builder_version=\u201d4.6.5\u2033 background_size=\u201dinitial\u201d background_position=\u201dtop_left\u201d background_repeat=\u201drepeat\u201d hover_enabled=\u201d0\u2033 sticky_enabled=\u201d0\u2033]<\/p>\n<h3><strong>&#8212;&#8212;&#8212;&#8212;&#8212;&#8212;&#8212;&#8212;&#8212;&#8212;&#8212;&#8212;&#8212;&#8212;&#8212;&#8212;&#8212;&#8212;&#8212;&#8212;&#8212;-<\/strong><br \/><strong>Istruzioni sul recesso<\/strong><br \/><strong>&#8212;&#8212;&#8212;&#8212;&#8212;&#8212;&#8212;&#8212;&#8212;&#8212;&#8212;&#8212;&#8212;&#8212;&#8212;&#8212;&#8212;&#8212;&#8212;&#8212;&#8212;-<\/strong><\/h3>\n<p><strong>Diritto di recesso nell&#039;UE<\/strong><br \/>Hai il diritto di recedere dal presente contratto entro 14 giorni senza fornire alcuna motivazione. Il periodo di recesso scadr\u00e0 dopo 14 giorni dal giorno in cui l&#039;acquirente, o una terza parte diversa dal vettore e da lei indicata, acquisisce il possesso fisico dei beni. Per esercitare il diritto di recesso, \u00e8 necessario informarci<\/p>\n<p>Firma Michael Gruber<br \/>Edelstauden 55<br \/>8081 Edelstauden<br \/>Austria<br \/>E-mail: info@digital-pinball.com<\/p>\n<p>della tua decisione di recedere dal presente contratto mediante una dichiarazione inequivocabile (ad esempio una lettera inviata per posta, fax o e-mail). \u00c8 possibile utilizzare il modulo di recesso modello allegato, ma non \u00e8 obbligatorio. Per rispettare il termine di recesso, \u00e8 sufficiente che invii la comunicazione relativa all&#039;esercizio del diritto di recesso prima della scadenza del periodo di recesso. Effetti del recesso Se recedi dal presente contratto, ti rimborseremo tutti i pagamenti ricevuti da te, inclusi i costi di consegna (ad eccezione dei costi supplementari derivanti dalla tua scelta di un tipo di consegna diverso dal tipo meno costoso di consegna standard da noi offerta), senza indebito ritardo e in ogni caso entro e non oltre 14 giorni dal giorno in cui siamo informati della tua decisione di recedere dal presente contratto. Effettueremo tale rimborso utilizzando lo stesso mezzo di pagamento che hai utilizzato per la transazione iniziale, a meno che tu non abbia espressamente concordato diversamente; in ogni caso, non dovrai sostenere alcun costo quale conseguenza di tale rimborso. Potremmo trattenere il rimborso fino a quando non avremo ricevuto i beni o finch\u00e9 non avrai fornito la prova di aver rispedito i beni, a seconda di quale si verifica per prima. Dovrai rispedirci la merce o consegnarla a noi, senza indebito ritardo e in ogni caso entro 14 giorni dal giorno in cui ci hai comunicato il tuo recesso dal presente contratto. Il termine \u00e8 rispettato se Lei rispedisce i beni prima della scadenza del periodo di 14 giorni. Dovrai sostenere il costo diretto della restituzione della merce. Sei responsabile solo della diminuzione del valore dei beni risultante da una manipolazione diversa da quella necessaria per stabilire la natura, le caratteristiche e il funzionamento dei beni. Modulo tipo di recesso (completare e restituire questo modulo solo se si desidera recedere dal contratto)<\/p>\n<p>Firma Michael Gruber<br \/>Edelstauden 55<br \/>8081 Edelstauden<br \/>Austria<br \/>E-mail: info@digital-pinball.com<\/p>\n<p>&#8212;&#8212;&#8212;&#8212;&#8211;<br \/>Con la presente io\/noi (*) notifichiamo il recesso dal mio\/nostro (*) contratto di vendita dei seguenti beni (*)\/per la fornitura del seguente servizio (*), \u2013 Ordinato il ( *)\/ricevuto il (*), \u2013 nome del\/dei consumatore\/i, \u2013 indirizzo del\/dei consumatore\/i, \u2013 firma del\/i consumatore\/i (solo se il presente modulo \u00e8 notificato su carta), \u2013 data<br \/>&#8212;&#8212;&#8212;&#8212;&#8211;<\/p>\n<h3><strong>&#8212;&#8212;&#8212;&#8212;&#8212;&#8212;&#8212;&#8212;&#8212;&#8212;&#8212;&#8212;&#8212;&#8212;&#8212;&#8212;&#8212;&#8212;&#8212;&#8212;&#8212;-<\/strong><br \/><strong>Widerrufsbelehrung<\/strong><br \/><strong>&#8212;&#8212;&#8212;&#8212;&#8212;&#8212;&#8212;&#8212;&#8212;&#8212;&#8212;&#8212;&#8212;&#8212;&#8212;&#8212;&#8212;&#8212;&#8212;&#8212;&#8212;-<\/strong><\/p>\n<\/h3>\n<p><strong>Widerrufsrecht in der EU<\/strong><br \/>Sie haben das Recht, binnen vierzehn Tagen ohne Angabe von Gr\u00fcnden diesen Vertrag zu widerrufen. Die Widerrufsfrist betr\u00e4gt vierzehn Tage ab dem Tag, an dem Sie oder ein von Ihnen benannter Dritter, der nicht der Bef\u00f6rderer ist, die Waren in Besitz genommen haben bzw. cappello. Um Ihr Widerrufsrecht auszu\u00fcben, m\u00fcssen Sie uns<\/p>\n<p>Firma Michael Gruber<br \/>Edelstauden 55<br \/>8081 Edelstauden<br \/>Austria<br \/>E-mail: info@digital-pinball.com<\/p>\n<p>mittels einer eindeutigen Erkl\u00e4rung (zB ein mit der Post versandter Brief, Telefax o EMail) \u00fcber Ihren Entschluss, diesen Vertrag zu widerrufen, informieren. Sie k\u00f6nnen daf\u00fcr das beigef\u00fcgte Muster-Widerrufsformular verwenden, das jedoch nicht vorgeschrieben ist. Zur Wahrung der Widerrufsfrist reicht es aus, dass Sie die Mitteilung \u00fcber die Aus\u00fcbung des Widerrufsrechts vor Ablauf der Widerrufsfrist absenden. Folgen des Widerrufs Wenn Sie diesen Vertrag widerrufen, haben wir Ihnen alle Zahlungen, die wir von Ihnen erhalten haben, einschlie\u00dflich der Lieferkosten (mit Ausnahme der zus\u00e4tzlichen Kosten, die sich daraus ergeben, dass Sie efergeine e g\u00fcnstigste Standardlieferung gew\u00e4hlt haben), unverz\u00fcglich und sp\u00e4testens binnen vierzehn Tagen ab dem Tag zur\u00fcckzuzahlen, an dem die Mitteilung \u00fcber Ihren Widerruf dieses Vertrags bei uns eingegangen ist. F\u00fcr diese R\u00fcckzahlung verwenden wir dasselbe Zahlungsmittel, das Sie bei der urspr\u00fcnglichen Transaktion eingesetzt haben, es sei denn, mit Ihnen wurde ausdr\u00fccklich etwas anderes vereinbart; in keinem Fall werden Ihnen wegen dieser R\u00fcckzahlung Entgelte berechnet. Wir k\u00f6nnen die R\u00fcckzahlung verweigern, bis wir die Waren wieder zur\u00fcckerhalten haben oder bis Sie den Nachweis erbracht haben, dass Sie die Waren zur\u00fcckgesandt haben, je nachdem, welches der fr\u00fchere Zeitpunkt ist. Sie haben die Waren unverz\u00fcglich und in jedem Fall sp\u00e4testens binnen vierzehn Tagen ab dem Tag, an dem Sie uns \u00fcber den Widerruf dieses Vertrags unterrichten, an uns zur\u00fcckzusenden oder zu \u00fcbergeben. Die Frist ist gewahrt, wenn Sie die Waren vor Ablauf der Frist von vierzehn Tagen absenden. Sie tragen die unmittelbaren Kosten der R\u00fccksendung der Waren. Sie m\u00fcssen f\u00fcr einen etwaigen Wertverlust der Waren nur aufkommen, wenn dieser Wertverlust auf einen zur Pr\u00fcfung der Beschaffenheit, Eigenschaften und Funktionsweise der Waren nicht notwendigen Umgang mit ihnen zur\u00fcckzuf\u00fchren ist.<\/p>\n<p><strong>Muster-Widerrufsformular<\/strong><br \/>Wenn Sie den Vertrag widerrufen wollen, dann f\u00fcllen Sie bitte dieses Formular aus und senden Sie es zur\u00fcck.)<\/p>\n<p>Firma Michael Gruber<br \/>Edelstauden 55<br \/>8081 Edelstauden<br \/>Austria<br \/>E-mail: info@digital-pinball.com<\/p>\n<p>&#8212;&#8212;&#8212;&#8212;&#8211;<br \/>Hiermit wideerrufe(n) ich\/wir (*) den von mir\/uns (*) abgeschlossenen Vertrag \u00fcber den Kauf der folgenden Waren (*)\/ die Erbringung der folgenden Dienstleistung (*) \u2013 Bestellt am (*)\/erhalten am (* ) \u2013 Nome des\/der Verbraucher(s) \u2013 Anschrift des\/der Verbraucher(s) \u2013 Unterschrift des\/der Verbraucher(s) (nur bei Mitteilung auf Papier) \u2013 Datum ___________ (*) Unzutreffendes streichen.<br \/>&#8212;&#8212;&#8212;&#8212;&#8211;<\/p>\n<p>[\/ et_pb_text] [\/ et_pb_column] [\/ et_pb_row] [\/ et_pb_section]<\/p>","protected":false},"excerpt":{"rendered":"<p>\u2014\u2014\u2014\u2014\u2014\u2014\u2014\u2014\u2014\u2014\u2014\u2014\u2014\u2014\u2014\u2014\u2014\u2014\u2014\u2014\u2014\u2014-Istruzioni sul recesso\u2014\u2014\u2014\u2014\u2014\u2014\u2014\u2014\u2014\u2014\u2014\u2014\u2014\u2014\u2014\u2014\u2014\u2014\u2014\u2014\u2014- Diritto di recesso nell&#039;UEHai il diritto di recedere dal presente contratto entro 14 giorni senza indicarne le ragioni. Il periodo di recesso scade dopo 14 giorni dal giorno in cui tu o un terzo, diverso dal vettore e da te designato, acquisisce il possesso fisico di [\u2026]<\/p>","protected":false},"author":1,"featured_media":0,"parent":0,"menu_order":0,"comment_status":"closed","ping_status":"closed","template":"","meta":{"_et_pb_use_builder":"on","_et_pb_old_content":"----------------------------------------------------------------\r\nInstructions on withdrawal \r\n----------------------------------------------------------------\r\n\r\nRight of withdrawal in the EU\r\nYou have the right to withdraw from this contract within 14 days without giving any reason. The withdrawal period will expire after 14 days from the day on which you acquire, or a third party other than the carrier and indicated by you acquires, physical possession of the goods. To exercise the right of withdrawal, you must inform us\r\n\r\nFirma Michael Gruber\r\nEdelstauden 55\r\n8081 Edelstauden\r\nAustria\r\nE-Mail: info@digital-pinball.com\r\n\r\nof your decision to withdraw from this contract by an unequivocal statement (e.g. a letter sent by post, fax or e-mail). You may use the attached model withdrawal form, but it is not obligatory. To meet the withdrawal deadline, it is sufficient for you to send your communication concerning your exercise of the right of withdrawal before the withdrawal period has expired. Effects of withdrawal If you withdraw from this contract, we shall reimburse to you all payments received from you, including the costs of delivery (with the exception of the supplementary costs resulting from your choice of a type of delivery other than the least expensive type of standard delivery offered by us), without undue delay and in any event not later than 14 days from the day on which we are informed about your decision to withdraw from this contract. We will carry out such reimbursement using the same means of payment as you used for the initial transaction, unless you have expressly agreed otherwise; in any event, you will not incur any fees as a result of such reimbursement. We may withhold reimbursement until we have received the goods back or you have supplied evidence of having sent back the goods, whichever is the earliest. You shall send back the goods or hand them over to us, without undue delay and in any event not later than 14 days from the day on which you communicate your withdrawal from this contract to us. The deadline is met if you send back the goods before the period of 14 days has expired. You will have to bear the direct cost of returning the goods. You are only liable for any diminished value of the goods resulting from the handling other than what is necessary to establish the nature, characteristics and functioning of the goods. Model withdrawal form (complete and return this form only if you wish to withdraw from the contract) \r\n\r\nFirma Michael Gruber\r\nEdelstauden 55\r\n8081 Edelstauden\r\nAustria\r\nE-Mail: info@digital-pinball.com\r\n\r\n--------------\r\nI\/We (*) hereby give notice that I\/We (*) withdraw from my\/our (*) contract of sale of the following goods (*)\/for the provision of the following service (*), - Ordered on (*)\/received on (*), - Name of consumer(s), - Address of consumer(s), - Signature of consumer(s) (only if this form is notified on paper), - Date\r\n--------------\r\n\r\n\r\n----------------------------------------------------------------\r\nWiderrufsbelehrung\r\n----------------------------------------------------------------\r\n(english version below)\r\n\r\nWiderrufsrecht in der EU\r\nSie haben das Recht, binnen vierzehn Tagen ohne Angabe von Gr\u00fcnden diesen Vertrag zu widerrufen. Die Widerrufsfrist betr\u00e4gt vierzehn Tage ab dem Tag, an dem Sie oder ein von Ihnen benannter Dritter, der nicht der Bef\u00f6rderer ist, die Waren in Besitz genommen haben bzw. hat. Um Ihr Widerrufsrecht auszu\u00fcben, m\u00fcssen Sie uns\r\n\r\nFirma Michael Gruber\r\nEdelstauden 55\r\n8081 Edelstauden\r\nAustria\r\nE-Mail: info@digital-pinball.com\r\n \r\nmittels einer eindeutigen Erkl\u00e4rung (z.B. ein mit der Post versandter Brief, Telefax oder EMail) \u00fcber Ihren Entschluss, diesen Vertrag zu widerrufen, informieren. Sie k\u00f6nnen daf\u00fcr das beigef\u00fcgte Muster-Widerrufsformular verwenden, das jedoch nicht vorgeschrieben ist. Zur Wahrung der Widerrufsfrist reicht es aus, dass Sie die Mitteilung \u00fcber die Aus\u00fcbung des Widerrufsrechts vor Ablauf der Widerrufsfrist absenden. Folgen des Widerrufs Wenn Sie diesen Vertrag widerrufen, haben wir Ihnen alle Zahlungen, die wir von Ihnen erhalten haben, einschlie\u00dflich der Lieferkosten (mit Ausnahme der zus\u00e4tzlichen Kosten, die sich daraus ergeben, dass Sie eine andere Art der Lieferung als die von uns angebotene, g\u00fcnstigste Standardlieferung gew\u00e4hlt haben), unverz\u00fcglich und sp\u00e4testens binnen vierzehn Tagen ab dem Tag zur\u00fcckzuzahlen, an dem die Mitteilung \u00fcber Ihren Widerruf dieses Vertrags bei uns eingegangen ist. F\u00fcr diese R\u00fcckzahlung verwenden wir dasselbe Zahlungsmittel, das Sie bei der urspr\u00fcnglichen Transaktion eingesetzt haben, es sei denn, mit Ihnen wurde ausdr\u00fccklich etwas anderes vereinbart; in keinem Fall werden Ihnen wegen dieser R\u00fcckzahlung Entgelte berechnet. Wir k\u00f6nnen die R\u00fcckzahlung verweigern, bis wir die Waren wieder zur\u00fcckerhalten haben oder bis Sie den Nachweis erbracht haben, dass Sie die Waren zur\u00fcckgesandt haben, je nachdem, welches der fr\u00fchere Zeitpunkt ist. Sie haben die Waren unverz\u00fcglich und in jedem Fall sp\u00e4testens binnen vierzehn Tagen ab dem Tag, an dem Sie uns \u00fcber den Widerruf dieses Vertrags unterrichten, an uns zur\u00fcckzusenden oder zu \u00fcbergeben. Die Frist ist gewahrt, wenn Sie die Waren vor Ablauf der Frist von vierzehn Tagen absenden. Sie tragen die unmittelbaren Kosten der R\u00fccksendung der Waren. Sie m\u00fcssen f\u00fcr einen etwaigen Wertverlust der Waren nur aufkommen, wenn dieser Wertverlust auf einen zur Pr\u00fcfung der Beschaffenheit, Eigenschaften und Funktionsweise der Waren nicht notwendigen Umgang mit ihnen zur\u00fcckzuf\u00fchren ist. \r\nMuster-Widerrufsformular \r\nWenn Sie den Vertrag widerrufen wollen, dann f\u00fcllen Sie bitte dieses Formular aus und senden Sie es zur\u00fcck.)\r\n\r\nFirma Michael Gruber\r\nEdelstauden 55\r\n8081 Edelstauden\r\nAustria\r\nE-Mail: info@digital-pinball.com\r\n\r\n--------------\r\nHiermit widerrufe(n) ich\/wir (*) den von mir\/uns (*) abgeschlossenen Vertrag \u00fcber den Kauf der folgenden Waren (*)\/ die Erbringung der folgenden Dienstleistung (*) - Bestellt am (*)\/erhalten am (*) - Name des\/der Verbraucher(s) - Anschrift des\/der Verbraucher(s) - Unterschrift des\/der Verbraucher(s) (nur bei Mitteilung auf Papier) - Datum ___________ (*) Unzutreffendes streichen. \r\n--------------\r\n\r\n","_et_gb_content_width":"","footnotes":""},"class_list":["post-13304","page","type-page","status-publish","hentry"],"_links":{"self":[{"href":"https:\/\/digital-pinball.com\/it\/wp-json\/wp\/v2\/pages\/13304","targetHints":{"allow":["GET"]}}],"collection":[{"href":"https:\/\/digital-pinball.com\/it\/wp-json\/wp\/v2\/pages"}],"about":[{"href":"https:\/\/digital-pinball.com\/it\/wp-json\/wp\/v2\/types\/page"}],"author":[{"embeddable":true,"href":"https:\/\/digital-pinball.com\/it\/wp-json\/wp\/v2\/users\/1"}],"replies":[{"embeddable":true,"href":"https:\/\/digital-pinball.com\/it\/wp-json\/wp\/v2\/comments?post=13304"}],"version-history":[{"count":3,"href":"https:\/\/digital-pinball.com\/it\/wp-json\/wp\/v2\/pages\/13304\/revisions"}],"predecessor-version":[{"id":14238,"href":"https:\/\/digital-pinball.com\/it\/wp-json\/wp\/v2\/pages\/13304\/revisions\/14238"}],"wp:attachment":[{"href":"https:\/\/digital-pinball.com\/it\/wp-json\/wp\/v2\/media?parent=13304"}],"curies":[{"name":"wp","href":"https:\/\/api.w.org\/{rel}","templated":true}]}}