{"id":13226,"date":"2021-09-23T08:29:44","date_gmt":"2021-09-23T06:29:44","guid":{"rendered":"https:\/\/www.digital-pinball.com\/legal_information\/"},"modified":"2022-11-30T13:40:03","modified_gmt":"2022-11-30T12:40:03","slug":"legal_information","status":"publish","type":"page","link":"https:\/\/digital-pinball.com\/it\/legal_information\/","title":{"rendered":"Informazione legale"},"content":{"rendered":"<p>[et_pb_section fb_built=\u201d1\u2033 admin_label=\u201dsection\u201d _builder_version=\u201d3.22\u2033][et_pb_row admin_label=\u201drow\u201d _builder_version=\u201d3.25\u2033 background_size=\u201dinitial\u201d background_position=\u201dtop_left\u201d background_repeat=\u201drepeat\u201d][et_pb_column type= \u201d4_4\u2033 _builder_version=\u201d3.25\u2033 custom_padding=\u201d|||\u201d custom_padding__hover=\u201d|||\u201d][et_pb_text admin_label=\u201dTesto\u201d _builder_version=\u201d4.6.5\u2033 background_size=\u201dinitial\u201d background_position=\u201dtop_left\u201d background_repeat=\u201drepeat\u201d hover_enabled=\u201d0\u2033 sticky_enabled=\u201d0\u2033]<\/p>\n<p>Firma Michael Gruber<br \/>Edelstauden 55<br \/>8081 Pirching am Traubenberg<br \/>Austria<\/p>\n<p><strong>\u00a0Umsatzsteueridentifikationsnummer:<\/strong> ATU75251905<\/p>\n<p class=\"adsimple-121238836\"><strong>Unternehmensgegenstand:<\/strong>\u00a0Handelsgewerbe<\/p>\n<p class=\"adsimple-121238836\"><strong>E-mail:<\/strong> \u00a0<a href=\"mailto:info@digital-pinball.com\">info@digital-pinball.com<\/a><\/p>\n<p class=\"adsimple-121238836\"><strong>Mitglied bei:<\/strong>\u00a0WKO<br \/><strong>Berufsrecht:<\/strong>\u00a0Gewerbeordnung: www.ris.bka.gv.at<\/p>\n<p class=\"adsimple-121238836\"><strong>Aufsichtsbeh\u00f6rde \/ Gewerbebeh\u00f6rde:<\/strong> Bezirkshauptmannschaft S\u00fcdoststeiermark<br \/><strong>Berufsbezeichnung:<\/strong>\u00a0Informationsdesigner<br \/><strong>Verleihungsstaat:<\/strong>\u00a0\u00d6sterreich<\/p>\n<p>[\/ et_pb_text] [\/ et_pb_column] [\/ et_pb_row] [\/ et_pb_section]<\/p>","protected":false},"excerpt":{"rendered":"<p>Firma Michael GruberEdelstauden 558081 Pirching am TraubenbergAustria Umsatzsteueridentifikationsnummer: ATU75251905 Unternehmensgegenstand: Handelsgewerbe E-Mail: info@digital-pinball.com Mitglied bei: WKOBerufsrecht: Gewerbeordnung: www.ris.bka.gv.at Aufsichtsbeh\u00f6rde\/Gewerbebe h\u00f6rde: Bezirkshauptmannschaft S\u00fcdoststeiermarkBerufsbezeichnung: InformationsdesignerVerleihungsstaat: \u00d6sterreich<\/p>","protected":false},"author":1,"featured_media":0,"parent":0,"menu_order":0,"comment_status":"closed","ping_status":"closed","template":"","meta":{"_et_pb_use_builder":"on","_et_pb_old_content":"Firma Michael Gruber\r\nEdelstauden 55\r\n8081 Pirching am Traubenberg\r\nAustria\r\n<p class=\"adsimple-121238836\"><strong>Unternehmensgegenstand:<\/strong>\u00a0Handelsgewerbe<\/p>\r\n<p class=\"adsimple-121238836\"><strong>E-Mail:<\/strong> \u00a0<a href=\"mailto:info@digital-pinball.com\">info@digital-pinball.com<\/a><\/p>\r\n<p class=\"adsimple-121238836\"><strong>Mitglied bei:<\/strong>\u00a0WKO\r\n<strong>Berufsrecht:<\/strong>\u00a0Gewerbeordnung: www.ris.bka.gv.at<\/p>\r\n<p class=\"adsimple-121238836\"><strong>Aufsichtsbeh\u00f6rde\/Gewerbebeh\u00f6rde:<\/strong> Bezirkshauptmannschaft S\u00fcdoststeiermark\r\n<strong>Berufsbezeichnung:<\/strong>\u00a0Informationsdesigner\r\n<strong>Verleihungsstaat:<\/strong>\u00a0\u00d6sterreich<\/p>","_et_gb_content_width":"","footnotes":""},"class_list":["post-13226","page","type-page","status-publish","hentry"],"_links":{"self":[{"href":"https:\/\/digital-pinball.com\/it\/wp-json\/wp\/v2\/pages\/13226","targetHints":{"allow":["GET"]}}],"collection":[{"href":"https:\/\/digital-pinball.com\/it\/wp-json\/wp\/v2\/pages"}],"about":[{"href":"https:\/\/digital-pinball.com\/it\/wp-json\/wp\/v2\/types\/page"}],"author":[{"embeddable":true,"href":"https:\/\/digital-pinball.com\/it\/wp-json\/wp\/v2\/users\/1"}],"replies":[{"embeddable":true,"href":"https:\/\/digital-pinball.com\/it\/wp-json\/wp\/v2\/comments?post=13226"}],"version-history":[{"count":5,"href":"https:\/\/digital-pinball.com\/it\/wp-json\/wp\/v2\/pages\/13226\/revisions"}],"predecessor-version":[{"id":15396,"href":"https:\/\/digital-pinball.com\/it\/wp-json\/wp\/v2\/pages\/13226\/revisions\/15396"}],"wp:attachment":[{"href":"https:\/\/digital-pinball.com\/it\/wp-json\/wp\/v2\/media?parent=13226"}],"curies":[{"name":"wp","href":"https:\/\/api.w.org\/{rel}","templated":true}]}}