{"id":3835,"date":"2020-03-23T08:24:33","date_gmt":"2020-03-23T07:24:33","guid":{"rendered":"https:\/\/www.digital-pinball.com\/?post_type=product&#038;p=3835"},"modified":"2024-03-31T11:17:10","modified_gmt":"2024-03-31T09:17:10","slug":"nintendo-switch-pinball-machine","status":"publish","type":"product","link":"https:\/\/digital-pinball.com\/fr\/virtual-pinball-store\/nintendo-switch-pinball-machine\/","title":{"rendered":"Kit de flipper pour Nintendo Switch et PC"},"content":{"rendered":"<p>[et_pb_section fb_built=\u201d1\u2033 _builder_version=\u201d4.16\u2033 custom_padding=\u201d0px||||false|false\u201d verrouill\u00e9=\u201doff\u201d global_colors_info=\u201d{}\u201d][et_pb_row column_structure=\u201d1_2,1_2\u2033 _builder_version=\u201d4.16\u2033 background_size=\u201dinitial\u201d background_position=\u201dtop_left\u201d background_repeat=\u201drepeat\u201d width=\u201d100%\u201d custom_padding=\u201d0px||0px||false|false\u201d global_colors_info=\u201d{}\u201d][et_pb_column type=\u201d1_2\u2033 _builder_version=\u201d 4.16\u2033 custom_padding=\u201d|||\u201d global_colors_info=\u201d{}\u201d custom_padding__hover=\u201d|||\u201d][et_pb_wc_images sale_badge_color=\u201d#000000\u2033 _builder_version=\u201d4.16\u2033 custom_margin=\u201d||0px||false|false\u201d custom_padding=\u201d||0px||false|false\u201d global_colors_info=\u201d{}\u201d][\/et_pb_wc_images][\/et_pb_column][et_pb_column type=\u201d1_2\u2033 _builder_version=\u201d4.16\u2033 custom_padding=\u201d|||\u201d global_colors_info=\u201d{}\u201d custom_padding__hover=\u201d|||\u201d][et_pb_wc_title _builder_version=\u201d4.16\u2033 custom_padding=\u201d||0px|||\u201d global_colors_info=\u201d{}\u201d][\/et_pb_wc_title][et_pb_wc_rating _builder_version=\u201d4.16\u2033 rating_text_color=\u201d#000000\u2033 body_text_color=\u201d#000000\u2033 custom_margin=\u201d-2em|0em|-0.4em|0em|false|false\u201d =\u201d{ }\u201d][\/et_pb_wc_rating][et_pb_wc_price _builder_version=\u201d4.16\u2033 body_text_color=\u201d#0c71c3\u2033 body_font_size=\u201d34px\u201d body_line_height=\u201d1em\u201d custom_padding=\u201d||0px||false|false\u201d global_colors_info=\u201d{}\u201d][\/ et_pb_wc_price][et_pb_wc_description _builder_version=\u201d4.16\u2033 global_colors_info=\u201d{}\u201d][\/et_pb_wc_description][et_pb_wc_add_to_cart show_quantity=\u201doff\u201d show_stock=\u201doff\u201d _builder_version=\u201d4.16\u2033 field_background_color=\u201d#ffffff field_label_text\u201d _color=\u201d#000000\u2033 custom_button=\u201d on&quot; bouton_text_color=&quot;#ffffff&quot; bouton_bg_color=&quot;#000000\u2033 bouton_icon=&quot;\ue07a||divi||400\u2033 bouton_on_hover=&quot;off&quot; bouton_custom_padding=&quot;|42px|||false|false&quot; custom_padding=&quot;||0px|||&quot; body_text_color = \u201d#000000 \u2033 global_colors_info =\u201d {} \u201d] [\/ et_pb_wc_add_to_cart] [\/ et_pb_colum padding = \u201d0px || 0px || |\u201d global_colors_info=\u201d{}\u201d][et_pb_column type=\u201d4_4\u2033 _builder_version=\u201d4.16\u2033 _module_preset=\u201ddefault\u201d global_colors_info=\u201d{}\u201d][et_pb_divider color=\u201d#000000\u2033 Divider_weight=\u201d3px\u201d _builder_version=\u201d4.16\u2033 _module_preset= &quot;par d\u00e9faut&quot; min_height = &quot;24,3px&quot; custom_margin = &quot;||-1px |||&quot; global_colors_info=\u201d{}\u201d][\/et_pb_divider][\/et_pb_column][\/et_pb_row][et_pb_row column_structure=\u201d1_3,1_3,1_3\u2033 _builder_version=\u201d4.16\u2033 _module_preset=\u201ddefault\u201d width=\u201d100%\u201d min_height=\u201d61px\u201d custom_padding=\u201d||0px|||\u201d global_colors_info=\u201d{}\u201d][et_pb_column type=\u201d1_3\u2033 _builder_version=\u201d4.16\u2033 _module_preset=\u201ddefault\u201d global_colors_info=\u201d{}\u201d][et_pb_blurb title=\u201dgarantie de remboursement\u201d use_icon=\u201don\u201d font_icon=\u201d\ue0f3 ||divi||400\u2033 icon_color=\u201d#007fe0\u2033 icon_placement=\u201dleft\u201d image_icon_width=\u201d47px\u201d _builder_version=\u201d4.16\u2033 _module_preset=\u201ddefault\u201d icon_font_size=\u201d47px\u201d global_colors_info=\u201d{}\u201d]Garantie de remboursement de 14 jours<br \/>\naucune question pos\u00e9e<br \/>\n[\/et_pb_blurb][\/et_pb_column][et_pb_column type=\u201d1_3\u2033 _builder_version=\u201d4.16\u2033 _module_preset=\u201ddefault\u201d global_colors_info=\u201d{}\u201d][et_pb_blurb title=\u201dExp\u00e9dition rapide\u201d use_icon=\u201don\u201d font_icon=\u201d\ue06b| |divi||400\u2033 icon_color=\u201d#007fe0\u2033 icon_placement=\u201dleft\u201d image_icon_width=\u201d47px\u201d _builder_version=\u201d4.16\u2033 _module_preset=\u201ddefault\u201d icon_font_size=\u201d47px\u201d global_colors_info=\u201d{}\u201d]Tous les articles en stock sont exp\u00e9di\u00e9s dans 1-3 jours. Mondial<\/p>\n<p>&nbsp;<br \/>\n[\/et_pb_blurb][\/et_pb_column][et_pb_column type=\u201d1_3\u2033 _builder_version=\u201d4.16\u2033 _module_preset=\u201ddefault\u201d global_colors_info=\u201d{}\u201d][et_pb_blurb title=\u201dPaiement s\u00e9curis\u00e9\u201d use_icon=\u201don\u201d font_icon=\u201d\ue0d9| |divi||400\u2033 icon_color=\u201d#007fe0\u2033 icon_placement=\u201dleft\u201d image_icon_width=\u201d47px\u201d _builder_version=\u201d4.16\u2033 _module_preset=\u201ddefault\u201d icon_font_size=\u201d47px\u201d global_colors_info=\u201d{}\u201d font_icon__hover_enabled=\u201doff|desktop\u201d] payer avec PayPal, carte de cr\u00e9dit ou virement bancaire<br \/>\n[\/et_pb_blurb][\/et_pb_column][\/et_pb_row][et_pb_row _builder_version=\u201d4.16\u2033 _module_preset=\u201ddefault\u201d width=\u201d100%\u201d custom_padding=\u201d0px||0px|||\u201d global_colors_info=\u201d{}\u201d][et_pb_column type=\u201d4_4\u2033 _builder_version=\u201d4.16\u2033 _module_preset=\u201ddefault\u201d global_colors_info=\u201d{}\u201d][et_pb_divider color=\u201d#000000\u2033 Divider_weight=\u201d3px\u201d _builder_version=\u201d4.16\u2033 _module_preset= &quot;par d\u00e9faut&quot; min_height = &quot;24,3px&quot; custom_margin = &quot;||-1px |||&quot; global_colors_info=\u201d{}\u201d][\/et_pb_divider][\/et_pb_column][\/et_pb_row][et_pb_row column_structure=\u201d1_2,1_2\u2033 _builder_version=\u201d4.16\u2033 background_size=\u201dinitial\u201d background_position=\u201dtop_left\u201d background_repeat=\u201drepeat\u201d width= \u00ab 100% \u00bb verrouill\u00e9 = \u00ab off \u00bb global_colors_info = \u00bb{} \u00bb][et_pb_column type= \u00bb1_2\u2033 _builder_version= \u00bb4.16\u2033 _module_preset= \u00bbdefault \u00bb global_colors_info= \u00bb{} \u00bb][et_pb_wc_tabs include_tabs= \u00bbdescription||reviews \u00bb _builder_version =\u201d4.21.0\u2033 global_colors_info=\u201d{}\u201d] [\/et_pb_wc_tabs][\/et_pb_column][et_pb_column type=\u201d1_2\u2033 _builder_version=\u201d4.16\u2033 custom_padding=\u201d|||\u201d global_colors_info=\u201d{}\u201d custom_padding__hover=\u201d|||\u201d][et_pb_text admin_label=\u201dTittle\u201d _builder_version=\u201d4.16\u2033 text_font=\u201dNunito||||||||\u201d text_font_size=\u201d18px\u201d text_line_height=\u201d1.8em\u201d header_font=\u201d||||||||\u201d header_2_font=\u201dOswald|||on|||||\u201d header_2_text_align=\u201dcenter\u201d header_2_font_size=\u201d40px\u201d header_2_letter_spacing=\u201d1px\u201d header_2_line_height=\u201d1.5em\u201d header_3_font=\u201d||||||||\u201d max_width=\u201d600px\u201d max_width_last_edited=\u201doff|desktop\u201d module_alignment=\u201dcenter\u201d min_height=\u201d10px\u201d custom_margin=\u201d||-2px|214px||\u201d verrouill\u00e9=\u201doff\u201d global_colors_info=\u201d{}\u201d]<\/p>\n<h2><span style=\"color: #000000;\"><span style=\"caret-color: #000000;\">AVIS YOUTUBE<\/span><\/span><\/h2>\n<p>[\/et_pb_text][et_pb_video_slider _builder_version=\u201d4.21.0\u2033 _module_preset=\u201ddefault\u201d global_colors_info=\u201d{}\u201d][et_pb_video_slider_item src=\u201dhttps:\/\/youtu.be\/W66-Y6qCh8o?si=-rmFd4wlJ0iRWakC\u201d _builder_version=\u201d 4.21.0\u2033 _module_preset=\u201ddefault\u201d global_colors_info=\u201d{}\u201d show_image_overlay=\u201doff\u201d][\/et_pb_video_slider_item][\/et_pb_video_slider][et_pb_button button_url=\u201dhttps:\/\/www.youtube.com\/results?search_query=sharpin+ pinball\u201d button_text=\u201dplus de vid\u00e9os\u201d button_alignment=\u201dcenter\u201d _builder_version=\u201d4.16\u2033 _module_preset=\u201ddefault\u201d custom_button=\u201don\u201d button_text_color=\u201d#ffffff\u201d button_bg_color=\u201d#e02b20\u2033 button_icon=\u201d\ue0a3||divi||400\u2033 button_on_hover =\u201doff\u201d custom_padding=\u201d|46px|||false|false\u201d global_colors_info=\u201d{}\u201d][\/et_pb_button][\/et_pb_column][\/et_pb_row][et_pb_row _builder_version=\u201d4.21.0\u2033 _module_preset=\u201ddefault\u201d largeur =\u201d100%\u201d global_colors_info=\u201d{}\u201d][et_pb_column type=\u201d4_4\u2033 _builder_version=\u201d4.21.0\u2033 _module_preset=\u201ddefault\u201d global_colors_info=\u201d{}\u201d][et_pb_text _builder_version=\u201d4.21.0\u2033 _module_preset=\u201ddefault &quot; global_colors_info = &quot;{}&quot;]<\/p>\n<article>\n<h1>Kit de flipper virtuel ultime pour Nintendo Switch<\/h1>\n<p>Lib\u00e9rez le passionn\u00e9 d&#039;arcade qui sommeille en vous avec le <strong>Contr\u00f4leur de flipper virtuel pour Switch<\/strong>, le compl\u00e9ment parfait \u00e0 votre <strong>Accessoires Nintendo Switch<\/strong>. Plongez dans des classiques comme <em>Effets de flipper<\/em> et <em>Flipper Star Wars<\/em> ou d\u00e9couvrez de nouveaux favoris parmi la riche biblioth\u00e8que de <strong>Jeux de flipper Nintendo Switch<\/strong>.<\/p>\n<p>Notre <strong>Contr\u00f4leur de flipper compatible avec le commutateur<\/strong> est con\u00e7u pour tous les niveaux de joueurs, que vous recherchiez <strong>meilleurs jeux de commutation physique<\/strong> ou <strong>Jeux Nintendo Switch pour enfants<\/strong>. Ce n&#039;est pas seulement un jeu ; c&#039;est un <strong>Commutateur d&#039;exp\u00e9rience de flipper r\u00e9aliste<\/strong> les joueurs peuvent profiter directement de chez eux avec notre <strong>Configuration de la maison du commutateur Pinball<\/strong>.<\/p>\n<p>Dot\u00e9 d&#039;un <strong>design compact<\/strong>, ce <strong>Commutateur de kit de jeu de flipper portable<\/strong> les utilisateurs adorent offre la flexibilit\u00e9 de jouer n\u2019importe o\u00f9. Transformez votre Switch en <strong>flipper<\/strong> avec cet accessoire innovant. C&#039;est un tout-en-un <strong>Pack de flipper num\u00e9rique pour Switch<\/strong> cela constitue \u00e9galement une fa\u00e7on passionnante d&#039;am\u00e9liorer la soir\u00e9e de jeux en famille avec <strong>flipper interactif pour les joueurs Switch<\/strong>.<\/p>\n<p>Vous recherchez une solution de jeu compl\u00e8te ? Cherchez pas plus loin. Notre kit fournit un <strong>Hub de flipper virtuel pour Switch<\/strong>, vous permettant de basculer facilement entre vos titres de flipper pr\u00e9f\u00e9r\u00e9s. Si vous \u00eates fan de la dynamique physique du jeu, le retour tactile de notre manette constitue un <strong>Jeu de flipper am\u00e9lior\u00e9 sur Switch<\/strong>.<\/p>\n<p>Pourquoi se contenter de moins quand on peut avoir le meilleur ? \u00c9levez vos sessions de jeu avec notre <strong>Arcade de flipper ultime pour Switch<\/strong>. Il ne s&#039;agit pas seulement de jeux ; il s&#039;agit de cr\u00e9er des exp\u00e9riences m\u00e9morables. Embrassez le monde du flipper virtuel et devenez un v\u00e9ritable <strong>Kit Assistant Pinball pour Switch<\/strong> passionn\u00e9s aujourd&#039;hui!<\/p>\n<\/article>\n<p>[\/ et_pb_text] [\/ et_pb_column] [\/ et_pb_row] [\/ et_pb_section]<\/p>","protected":false},"excerpt":{"rendered":"<p>Aucune Nintendo Switch incluse<\/p>\n<p><span style=\"color: #339966;\"><strong>en stock<\/strong><\/span><\/p>","protected":false},"featured_media":15787,"template":"","meta":{"_et_pb_use_builder":"on","_et_pb_old_content":"Compatible with Nintendo Switch and PC You get a prepared kit of the Sharpin Switch. Assembled in about 15 minutes. No Nintendo Switch included.\r\n\r\n<strong>The kit contains: <\/strong>\r\n<ul>\r\n \t<li>cnc cut wood cabinet (543mm x 334mm x 260mm)<\/li>\r\n \t<li>arcade button encoder<\/li>\r\n \t<li>arcade buttons<\/li>\r\n \t<li>2x \u00a0speaker<\/li>\r\n \t<li>22\" High-Quality FULL HD Display<\/li>\r\n \t<li>designed decals<\/li>\r\n \t<li>side rails<\/li>\r\n \t<li>screws<\/li>\r\n \t<li>instruction manual<\/li>\r\n<\/ul>\r\n&nbsp;\r\n\r\nSharpin Pinball is not associated with Nintendo or any App on the Nintendo Store. All trademarks, logos and brand names are the property of their respective owners. All company, product and service names used in this website are for identification purposes only.","_et_gb_content_width":""},"product_brand":[],"product_cat":[30,177],"product_tag":[],"class_list":{"0":"post-3835","1":"product","2":"type-product","3":"status-publish","4":"has-post-thumbnail","6":"product_cat-bartop","7":"product_cat-weship","9":"first","10":"instock","11":"taxable","12":"shipping-taxable","13":"purchasable","14":"product-type-simple"},"_links":{"self":[{"href":"https:\/\/digital-pinball.com\/fr\/wp-json\/wp\/v2\/product\/3835","targetHints":{"allow":["GET"]}}],"collection":[{"href":"https:\/\/digital-pinball.com\/fr\/wp-json\/wp\/v2\/product"}],"about":[{"href":"https:\/\/digital-pinball.com\/fr\/wp-json\/wp\/v2\/types\/product"}],"wp:featuredmedia":[{"embeddable":true,"href":"https:\/\/digital-pinball.com\/fr\/wp-json\/wp\/v2\/media\/15787"}],"wp:attachment":[{"href":"https:\/\/digital-pinball.com\/fr\/wp-json\/wp\/v2\/media?parent=3835"}],"wp:term":[{"taxonomy":"product_brand","embeddable":true,"href":"https:\/\/digital-pinball.com\/fr\/wp-json\/wp\/v2\/product_brand?post=3835"},{"taxonomy":"product_cat","embeddable":true,"href":"https:\/\/digital-pinball.com\/fr\/wp-json\/wp\/v2\/product_cat?post=3835"},{"taxonomy":"product_tag","embeddable":true,"href":"https:\/\/digital-pinball.com\/fr\/wp-json\/wp\/v2\/product_tag?post=3835"}],"curies":[{"name":"wp","href":"https:\/\/api.w.org\/{rel}","templated":true}]}}