{"id":16455,"date":"2024-03-15T08:59:14","date_gmt":"2024-03-15T07:59:14","guid":{"rendered":"https:\/\/www.digital-pinball.com\/?post_type=product&#038;p=16455"},"modified":"2026-05-11T22:02:45","modified_gmt":"2026-05-11T20:02:45","slug":"gaming-tablet","status":"publish","type":"product","link":"https:\/\/digital-pinball.com\/fr\/virtual-pinball-store\/gaming-tablet\/","title":{"rendered":"Tablette Sharpin S40 10.1 Android 12 Octa Core"},"content":{"rendered":"<p>[et_pb_section fb_built=\u201d1\u2033 _builder_version=\u201d4.16\u2033 custom_padding=\u201d0px||||false|false\u201d global_colors_info=\u201d{}\u201d][et_pb_row _builder_version=\u201d4.16\u2033 background_size=\u201dinitial\u201d background_position=\u201dtop_left\u201d background_repeat=\u201dr\u00e9p\u00e9ter\u201d width=\u201d100%\u201d custom_padding=\u201d0px||0px||false|false\u201d global_colors_info=\u201d{}\u201d][et_pb_column type=\u201d4_4\u2033 _builder_version=\u201d4.16\u2033 custom_padding=\u201d|||\u201d global_colors_info=\u201d{}\u201d custom_padding__hover=\u201d|||\u201d][et_pb_wc_cart_notice _builder_version=\u201d4.16\u2033 background_color=\u201d#000000\u2033 custom_button=\u201don\u201d button_text_color=\u201d#000000\u2033 button_use_icon=\u201doff\u201d button_custom_margin=\u201d-22px||||false|false\u201d button_custom_padding=\u201d||||false|false\u201d min_height=\u201d96px\u201d custom_margin=\u201d|0em|2em|0em|false|false\u201d custom_padding=\u201d37px|15px|15px|15px|false|false\u201d global_colors_info=\u201d{}\u201d][\/et_pb_wc_cart_notice][\/et_pb_column][\/et_pb_row][et_pb_row column_structure=\u201d1_2,1_2\u2033 _builder_version=\u201d4.16\u2033 background_size=\u201dinitial\u201d background_position=\u201dtop_left\u201d background_repeat=\u201dr\u00e9p\u00e9ter\u201d width=\u201d100%\u201d custom_margin=\u201d|auto|-23px|auto||\u201d custom_padding=\u201d0px||||false|false\u201d global_colors_info=\u201d{}\u201d][et_pb_column type=\u201d1_2\u2033 _builder_version=\u201d4.16\u2033 custom_padding=\u201d|||\u201d global_colors_info=\u201d{}\u201d custom_padding__hover=\u201d|||\u201d][et_pb_wc_images show_sale_badge=\u201doff\u201d sale_badge_color=\u201d#e02b20\u2033 _builder_version=\u201d4.16\u2033 global_colors_info=\u201d{}\u201d][\/et_pb_wc_images][\/et_pb_column][et_pb_column type=\u201d1_2\u2033 _builder_version=\u201d4.16\u2033 custom_padding=\u201d|||\u201d global_colors_info=\u201d{}\u201d custom_padding__hover=\u201d|||\u201d][et_pb_wc_title _builder_version=\u201d4.16\u2033 global_colors_info=\u201d{}\u201d][\/et_pb_wc_title][et_pb_wc_rating _builder_version=\u201d4.16\u2033 global_colors_info=\u201d{}\u201d][\/et_pb_wc_rating][et_pb_wc_price _builder_version=\u201d4.16\u2033 body_text_color=\u201d#000000\u2033 global_colors_info=\u201d{}\u201d][\/et_pb_wc_price][et_pb_wc_description _builder_version=\u201d4.16\u2033 global_colors_info=\u201d{}\u201d][\/et_pb_wc_description][et_pb_wc_add_to_cart show_quantity=\u201ddepuis\u201d show_stock=\u201ddepuis\u201d _builder_version=\u201d4.16\u2033 _module_preset=\u201dpar d\u00e9faut\u201d custom_button=\u201dactiv\u00e9\u201d button_text_color=\u201d#ffffff\u201d button_bg_color=\u201d#000000\u2033 global_colors_info=\u201d{}\u201d][\/et_pb_wc_add_to_cart][\/et_pb_column][\/et_pb_row][et_pb_row _builder_version=\u201d4.16\u2033 _module_preset=\u201dpar d\u00e9faut\u201d width=\u201d100%\u201d custom_padding=\u201d0px||0px|||\u201d global_colors_info=\u201d{}\u201d][et_pb_column type=\u201d4_4\u2033 _builder_version=\u201d4.16\u2033 _module_preset=\u201dpar d\u00e9faut\u201d global_colors_info=\u201d{}\u201d][et_pb_divider color=\u201d#000000\u2033 divider_weight=\u201d3px\u201d _builder_version=\u201d4.16\u2033 _module_preset=\u201dpar d\u00e9faut\u201d min_height=\u201d24.3px\u201d custom_margin=\u201d||-1px|||\u201d global_colors_info=\u201d{}\u201d][\/et_pb_divider][\/et_pb_column][\/et_pb_row][et_pb_row column_structure=\u201d1_3,1_3,1_3\u2033 _builder_version=\u201d4.16\u2033 _module_preset=\u201ddefault\u201d width=\u201d100%\u201d min_height=\u201d61px\u201d custom_padding=\u201d||0px|||\u201d global_colors_info=\u201d{}\u201d][et_pb_column type=\u201d1_3\u2033 _builder_version=\u201d4.16\u2033 _module_preset=\u201ddefault\u201d global_colors_info=\u201d{}\u201d][et_pb_blurb title=\u201dgarantie de remboursement\u201d use_icon=\u201don\u201d font_icon=\u201d\ue0f3||divi||400\u2033 icon_color=\u201d#007fe0\u2033 icon_placement=\u201dleft\u201d image_icon_width=\u201d47px\u201d _builder_version=\u201d4.16\u2033 _module_preset=\u201ddefault\u201d icon_font_size=\u201d47px\u201d global_colors_info=\u201d{}\u201d]Garantie de remboursement de 14 jours<br \/>\naucune question pos\u00e9e<br \/>\n[\/et_pb_blurb][\/et_pb_column][et_pb_column type=\u201d1_3\u2033 _builder_version=\u201d4.16\u2033 _module_preset=\u201ddefault\u201d global_colors_info=\u201d{}\u201d][et_pb_blurb title=\u201dExp\u00e9dition rapide\u201d use_icon=\u201don\u201d font_icon=\u201d\ue06b| |divi||400\u2033 icon_color=\u201d#007fe0\u2033 icon_placement=\u201dleft\u201d image_icon_width=\u201d47px\u201d _builder_version=\u201d4.16\u2033 _module_preset=\u201ddefault\u201d icon_font_size=\u201d47px\u201d global_colors_info=\u201d{}\u201d]Tous les articles en stock sont exp\u00e9di\u00e9s dans 1-3 jours. Mondial<\/p>\n<p>&nbsp;<br \/>\n[\/et_pb_blurb][\/et_pb_column][et_pb_column type=\u201d1_3\u2033 _builder_version=\u201d4.16\u2033 _module_preset=\u201ddefault\u201d global_colors_info=\u201d{}\u201d][et_pb_blurb title=\u201dPaiement s\u00e9curis\u00e9\u201d use_icon=\u201don\u201d font_icon=\u201d\ue0d9| |divi||400\u2033 icon_color=\u201d#007fe0\u2033 icon_placement=\u201dleft\u201d image_icon_width=\u201d47px\u201d _builder_version=\u201d4.16\u2033 _module_preset=\u201ddefault\u201d icon_font_size=\u201d47px\u201d global_colors_info=\u201d{}\u201d font_icon__hover_enabled=\u201doff|desktop\u201d] payer avec PayPal, carte de cr\u00e9dit ou virement bancaire<br \/>\n[\/et_pb_blurb][\/et_pb_column][\/et_pb_row][et_pb_row _builder_version=\u201d4.16\u2033 _module_preset=\u201dpar d\u00e9faut\u201d width=\u201d100%\u201d custom_padding=\u201d0px||0px|||\u201d global_colors_info=\u201d{}\u201d][et_pb_column type=\u201d4_4\u2033 _builder_version=\u201d4.16\u2033 _module_preset=\u201dpar d\u00e9faut\u201d global_colors_info=\u201d{}\u201d][et_pb_divider color=\u201d#000000\u2033 divider_weight=\u201d3px\u201d _builder_version=\u201d4.16\u2033 _module_preset=\u201dpar d\u00e9faut\u201d min_height=\u201d24.3px\u201d custom_margin=\u201d||-1px|||\u201d global_colors_info=\u201d{}\u201d][\/et_pb_divider][\/et_pb_column][\/et_pb_row][et_pb_row _builder_version=\u201d4.16\u2033 _module_preset=\u201dpar d\u00e9faut\u201d width=\u201d100%\u201d custom_padding=\u201d0px||0px|||\u201d global_colors_info=\u201d{}\u201d][et_pb_column type=\u201d4_4\u2033 _builder_version=\u201d4.16\u2033 _module_preset=\u201ddefault\u201d global_colors_info=\u201d{}\u201d][\/et_pb_column][\/et_pb_row][et_pb_row _builder_version=\u201d4.16\u2033 background_size=\u201dinitial\u201d background_position=\u201dtop_left\u201d background_repeat=\u201dr\u00e9p\u00e9ter\u201d width=\u201d100%\u201d global_colors_info=\u201d{}\u201d][et_pb_column type=\u201d4_4\u2033 _builder_version=\u201d4.16\u2033 custom_padding=\u201d|||\u201d global_colors_info=\u201d{}\u201d custom_padding__hover=\u201d|||\u201d][et_pb_wc_tabs include_tabs=\u201ddescription||commentaires\u201d _builder_version=\u201d4.16\u2033 global_colors_info=\u201d{}\u201d] [\/et_pb_wc_tabs][\/et_pb_column][\/et_pb_row][et_pb_row _builder_version=\u201d4.16\u2033 _module_preset=\u201dpar d\u00e9faut\u201d width=\u201d100%\u201d custom_padding=\u201d||0px|||\u201d global_colors_info=\u201d{}\u201d][et_pb_column type=\u201d4_4\u2033 _builder_version=\u201d4.16\u2033 _module_preset=\u201dpar d\u00e9faut\u201d global_colors_info=\u201d{}\u201d][et_pb_divider color=\u201d#000000\u2033 divider_weight=\u201d5px\u201d _builder_version=\u201d4.16\u2033 _module_preset=\u201dpar d\u00e9faut\u201d global_colors_info=\u201d{}\u201d][\/et_pb_divider][\/et_pb_column][\/et_pb_row][et_pb_row _builder_version=\u201d4.16\u2033 _module_preset=\u201dpar d\u00e9faut\u201d width=\u201d100%\u201d custom_padding=\u201d10px||||\u201d global_colors_info= \u00bb{} \u00bb][et_pb_column type= \u00bb4_4\u2033 _builder_version= \u00bb4.16\u2033 _module_preset= \u00bbdefault \u00bb global_colors_info= \u00bb{} \u00bb][et_pb_text admin_label= \u00bbTitre \u00bb _builder_version= \u00bb4.16\u2033 text_font= \u00bbNunito||||||||| \u00bb text_font_size= \u00bb18px \u00bb text_line_height= \u00bb1.8em \u00bb header_font= \u00bb|||||||| \u00bb header_2_font= \u00bbOswald|||on|||| \u00bb header_2_text_align= \u00bbcenter \u00bb header_2_font_size= \u00bb40px \u00bb header_2_letter_spacing= \u00bb1px \u00bb header_2_line_height= \u00bb1.5em \u00bb header_3_font= \u00bb|||||||| \u00bb max_width=\u201d600px\u201d max_width_last_edited=\u201doff|desktop\u201d module_alignment=\u201dcenter\u201d min_height=\u201d10px\u201d custom_margin=\u201d-10px||0px|214px|false|false\u201d locked=\u201doff\u201d global_colors_info=\u201d{}\u201d]<\/p>\n<h2><span style=\"color: #000000;\"><span style=\"caret-color: #000000;\">Produits connexes<\/span><\/span><\/h2>\n<p>[\/et_pb_text][et_pb_shop type= \u00bbproduct_category \u00bb posts_number= \u00bb1\u2033 include_categories= \u00bb183\u2033 columns_number= \u00bb5\u2033 _builder_version= \u00bb4.16\u2033 _module_preset= \u00bbdefault \u00bb global_colors_info= \u00bb{} \u00bb][\/et_pb_shop][\/et_pb_column ][\/et_pb_row][\/et_pb_section]<\/p>","protected":false},"excerpt":{"rendered":"<p><strong>Parfait \u00e0 utiliser pour les jeux de flipper dans le Sharpin Mini. Bien entendu, cette tablette puissante convient \u00e9galement \u00e0 toutes les autres utilisations.<\/strong><\/p>\n<p><span style=\"color: #ff0000;\"><strong>En rupture de stock<\/strong><\/span><\/p>","protected":false},"featured_media":16131,"template":"","meta":{"_et_pb_use_builder":"on","_et_pb_old_content":"<strong>Perfect to use for Pinball games in the Sharpin Mini. Of course this powerful tablet is suitable for all other uses as well.<\/strong>\r\n\r\n<span style=\"color: #ff0000\"><strong>It even outperformes the SAMSUNG Galaxy Tab A8!!!<\/strong><\/span>\r\n\r\n<a href=\"https:\/\/digital-pinball.com\/wp-content\/uploads\/2024\/03\/2.png\"><img class=\"alignnone size-full wp-image-16459\" src=\"https:\/\/digital-pinball.com\/wp-content\/uploads\/2024\/03\/2.png\" alt=\"\" width=\"1026\" height=\"412\" \/><\/a>\r\n\r\nSOURCE:<a href=\"https:\/\/versus.com\/en\/unisoc-t606-vs-unisoc-t618\"> https:\/\/versus.com\/en\/unisoc-t606-vs-unisoc-t618<\/a>\r\n\r\n&nbsp;\r\n\r\n&nbsp;\r\n<table class=\"alignleft\" style=\"width: 100%;border-style: solid;border-color: #b8b8b8\" border=\"1\">\r\n<thead>\r\n<tr>\r\n<th style=\"width: 281.219px\">Field<\/th>\r\n<th style=\"width: 995.781px\">Value<\/th>\r\n<\/tr>\r\n<\/thead>\r\n<tbody>\r\n<tr>\r\n<td style=\"width: 281.219px\">Screen Size<\/td>\r\n<td style=\"width: 995.781px\">10.1\"<\/td>\r\n<\/tr>\r\n<tr>\r\n<td style=\"width: 281.219px\">Memory Capacity<\/td>\r\n<td style=\"width: 995.781px\">12GB<\/td>\r\n<\/tr>\r\n<tr>\r\n<td style=\"width: 281.219px\">Display Resolution<\/td>\r\n<td style=\"width: 995.781px\">1920x1200<\/td>\r\n<\/tr>\r\n<tr>\r\n<td style=\"width: 281.219px\">Operating System<\/td>\r\n<td style=\"width: 995.781px\">ANDROID 11<\/td>\r\n<\/tr>\r\n<tr>\r\n<td style=\"width: 281.219px\">Type<\/td>\r\n<td style=\"width: 995.781px\">Tablet PC<\/td>\r\n<\/tr>\r\n<tr>\r\n<td style=\"width: 281.219px\">Scenarios<\/td>\r\n<td style=\"width: 995.781px\">Professional, Gaming<\/td>\r\n<\/tr>\r\n<tr>\r\n<td style=\"width: 281.219px\">Charging Interface<\/td>\r\n<td style=\"width: 995.781px\">USB Type C<\/td>\r\n<\/tr>\r\n<tr>\r\n<td style=\"width: 281.219px\">Drive Interface<\/td>\r\n<td style=\"width: 995.781px\">USB Type C<\/td>\r\n<\/tr>\r\n<tr>\r\n<td style=\"width: 281.219px\">Processor Manufacture<\/td>\r\n<td style=\"width: 995.781px\">Unisoc<\/td>\r\n<\/tr>\r\n<tr>\r\n<td style=\"width: 281.219px\">Network<\/td>\r\n<td style=\"width: 995.781px\">WiFi, GSM, 4G, 3G<\/td>\r\n<\/tr>\r\n<tr>\r\n<td style=\"width: 281.219px\">Feature<\/td>\r\n<td style=\"width: 995.781px\">Drop Resistance, Hard, SDK Available<\/td>\r\n<\/tr>\r\n<tr>\r\n<td style=\"width: 281.219px\">Processor Type<\/td>\r\n<td style=\"width: 995.781px\">Octa Core<\/td>\r\n<\/tr>\r\n<tr>\r\n<td style=\"width: 281.219px\">Processor Main Frequency<\/td>\r\n<td style=\"width: 995.781px\">1.6GHz<\/td>\r\n<\/tr>\r\n<tr>\r\n<td style=\"width: 281.219px\">Touch Screen Type<\/td>\r\n<td style=\"width: 995.781px\">Capacitive Screen<\/td>\r\n<\/tr>\r\n<tr>\r\n<td style=\"width: 281.219px\">Weight<\/td>\r\n<td style=\"width: 995.781px\">650g<\/td>\r\n<\/tr>\r\n<tr>\r\n<td style=\"width: 281.219px\">Model Number<\/td>\r\n<td style=\"width: 995.781px\">VASOUN P40<\/td>\r\n<\/tr>\r\n<tr>\r\n<td style=\"width: 281.219px\">CPU<\/td>\r\n<td style=\"width: 995.781px\">T606 Octa Core 1.6GHz<\/td>\r\n<\/tr>\r\n<tr>\r\n<td style=\"width: 281.219px\">OS<\/td>\r\n<td style=\"width: 995.781px\">Android 12<\/td>\r\n<\/tr>\r\n<tr>\r\n<td style=\"width: 281.219px\">Camera<\/td>\r\n<td style=\"width: 995.781px\">Front 5.0 Mega \/ Rear 13 Mega<\/td>\r\n<\/tr>\r\n<tr>\r\n<td style=\"width: 281.219px\">Speaker<\/td>\r\n<td style=\"width: 995.781px\">2 Box Speaker<\/td>\r\n<\/tr>\r\n<tr>\r\n<td style=\"width: 281.219px\">Battery Capacity<\/td>\r\n<td style=\"width: 995.781px\">8000mAh<\/td>\r\n<\/tr>\r\n<tr>\r\n<td style=\"width: 281.219px\">Keyboard<\/td>\r\n<td style=\"width: 995.781px\">Support Docking \/ Wireless Keyboard<\/td>\r\n<\/tr>\r\n<tr>\r\n<td style=\"width: 281.219px\">RAM\/ROM<\/td>\r\n<td style=\"width: 995.781px\">12GB + 128GB<\/td>\r\n<\/tr>\r\n<\/tbody>\r\n<\/table>","_et_gb_content_width":""},"product_brand":[],"product_cat":[183,177],"product_tag":[],"class_list":{"0":"post-16455","1":"product","2":"type-product","3":"status-publish","4":"has-post-thumbnail","6":"product_cat-app-page-shop","7":"product_cat-weship","9":"first","10":"outofstock","11":"taxable","12":"shipping-taxable","13":"purchasable","14":"product-type-simple"},"_links":{"self":[{"href":"https:\/\/digital-pinball.com\/fr\/wp-json\/wp\/v2\/product\/16455","targetHints":{"allow":["GET"]}}],"collection":[{"href":"https:\/\/digital-pinball.com\/fr\/wp-json\/wp\/v2\/product"}],"about":[{"href":"https:\/\/digital-pinball.com\/fr\/wp-json\/wp\/v2\/types\/product"}],"wp:featuredmedia":[{"embeddable":true,"href":"https:\/\/digital-pinball.com\/fr\/wp-json\/wp\/v2\/media\/16131"}],"wp:attachment":[{"href":"https:\/\/digital-pinball.com\/fr\/wp-json\/wp\/v2\/media?parent=16455"}],"wp:term":[{"taxonomy":"product_brand","embeddable":true,"href":"https:\/\/digital-pinball.com\/fr\/wp-json\/wp\/v2\/product_brand?post=16455"},{"taxonomy":"product_cat","embeddable":true,"href":"https:\/\/digital-pinball.com\/fr\/wp-json\/wp\/v2\/product_cat?post=16455"},{"taxonomy":"product_tag","embeddable":true,"href":"https:\/\/digital-pinball.com\/fr\/wp-json\/wp\/v2\/product_tag?post=16455"}],"curies":[{"name":"wp","href":"https:\/\/api.w.org\/{rel}","templated":true}]}}