{"id":15284,"date":"2022-10-10T11:07:05","date_gmt":"2022-10-10T09:07:05","guid":{"rendered":"https:\/\/www.digital-pinball.com\/?post_type=product&#038;p=15284"},"modified":"2026-05-11T22:03:45","modified_gmt":"2026-05-11T20:03:45","slug":"sharpin-mini-v3-ipad","status":"publish","type":"product","link":"https:\/\/digital-pinball.com\/fr\/virtual-pinball-store\/sharpin-mini-v3-ipad\/","title":{"rendered":"SHARPIN Mini V3 pour iPad"},"content":{"rendered":"<p>[et_pb_section fb_built=&#8221;1&#8243; _builder_version=&#8221;4.16&#8243; custom_padding=&#8221;0px||||false|false&#8221; global_colors_info=&#8221;{}&#8221;][et_pb_row _builder_version=&#8221;4.16&#8243; background_size=&#8221;initial&#8221; background_position=&#8221;top_left&#8221; background_repeat=&#8221;repeat&#8221; width=&#8221;100%&#8221; custom_padding=&#8221;0px||0px||false|false&#8221; global_colors_info=&#8221;{}&#8221;][et_pb_column type=&#8221;4_4&#8243; _builder_version=&#8221;4.16&#8243; custom_padding=&#8221;|||&#8221; global_colors_info=&#8221;{}&#8221; custom_padding__hover=&#8221;|||&#8221;][et_pb_wc_breadcrumb _builder_version=&#8221;4.16&#8243; global_colors_info=&#8221;{}&#8221;][\/et_pb_wc_breadcrumb][et_pb_wc_cart_notice _builder_version=&#8221;4.16&#8243; background_color=&#8221;#000000&#8243; custom_button=&#8221;on&#8221; button_text_color=&#8221;#000000&#8243; button_use_icon=&#8221;off&#8221; button_custom_margin=&#8221;-22px||||false|false&#8221; button_custom_padding=&#8221;||||false|false&#8221; min_height=&#8221;96px&#8221; custom_margin=&#8221;|0em|2em|0em|false|false&#8221; custom_padding=&#8221;37px|15px|15px|15px|false|false&#8221; global_colors_info=&#8221;{}&#8221;][\/et_pb_wc_cart_notice][\/et_pb_column][\/et_pb_row][et_pb_row column_structure=&#8221;1_2,1_2&#8243; _builder_version=&#8221;4.16&#8243; background_size=&#8221;initial&#8221; background_position=&#8221;top_left&#8221; background_repeat=&#8221;repeat&#8221; width=&#8221;100%&#8221; custom_margin=&#8221;|auto|-23px|auto||&#8221; custom_padding=&#8221;0px||||false|false&#8221; global_colors_info=&#8221;{}&#8221;][et_pb_column type=&#8221;1_2&#8243; _builder_version=&#8221;4.16&#8243; custom_padding=&#8221;|||&#8221; global_colors_info=&#8221;{}&#8221; custom_padding__hover=&#8221;|||&#8221;][et_pb_wc_images show_sale_badge=&#8221;off&#8221; sale_badge_color=&#8221;#e02b20&#8243; _builder_version=&#8221;4.16&#8243; global_colors_info=&#8221;{}&#8221;][\/et_pb_wc_images][\/et_pb_column][et_pb_column type=&#8221;1_2&#8243; _builder_version=&#8221;4.16&#8243; custom_padding=&#8221;|||&#8221; global_colors_info=&#8221;{}&#8221; custom_padding__hover=&#8221;|||&#8221;][et_pb_wc_title _builder_version=&#8221;4.16&#8243; global_colors_info=&#8221;{}&#8221;][\/et_pb_wc_title][et_pb_wc_rating _builder_version=&#8221;4.16&#8243; global_colors_info=&#8221;{}&#8221;][\/et_pb_wc_rating][et_pb_wc_price _builder_version=&#8221;4.16&#8243; body_text_color=&#8221;#000000&#8243; global_colors_info=&#8221;{}&#8221;][\/et_pb_wc_price][et_pb_wc_description _builder_version=&#8221;4.16&#8243; global_colors_info=&#8221;{}&#8221;][\/et_pb_wc_description][et_pb_wc_add_to_cart show_quantity=&#8221;off&#8221; show_stock=&#8221;off&#8221; _builder_version=&#8221;4.16&#8243; _module_preset=&#8221;default&#8221; custom_button=&#8221;on&#8221; button_text_color=&#8221;#ffffff&#8221; button_bg_color=&#8221;#000000&#8243; global_colors_info=&#8221;{}&#8221;][\/et_pb_wc_add_to_cart][\/et_pb_column][\/et_pb_row][et_pb_row column_structure=&#8221;1_2,1_2&#8243; _builder_version=&#8221;4.16&#8243; background_size=&#8221;initial&#8221; background_position=&#8221;top_left&#8221; background_repeat=&#8221;repeat&#8221; width=&#8221;100%&#8221; global_colors_info=&#8221;{}&#8221;][et_pb_column type=&#8221;1_2&#8243; _builder_version=&#8221;4.16&#8243; custom_padding=&#8221;|||&#8221; global_colors_info=&#8221;{}&#8221; custom_padding__hover=&#8221;|||&#8221;][et_pb_wc_tabs include_tabs=&#8221;description||reviews&#8221; _builder_version=&#8221;4.16&#8243; global_colors_info=&#8221;{}&#8221;] [\/et_pb_wc_tabs][\/et_pb_column][et_pb_column type=&#8221;1_2&#8243; _builder_version=&#8221;4.16&#8243; custom_padding=&#8221;|||&#8221; global_colors_info=&#8221;{}&#8221; custom_padding__hover=&#8221;|||&#8221;][et_pb_text admin_label=&#8221;Tittle&#8221; _builder_version=&#8221;4.16&#8243; text_font=&#8221;Nunito||||||||&#8221; text_font_size=&#8221;18px&#8221; text_line_height=&#8221;1.8em&#8221; header_font=&#8221;||||||||&#8221; header_2_font=&#8221;Oswald|||on|||||&#8221; header_2_text_align=&#8221;center&#8221; header_2_font_size=&#8221;40px&#8221; header_2_letter_spacing=&#8221;1px&#8221; header_2_line_height=&#8221;1.5em&#8221; header_3_font=&#8221;||||||||&#8221; max_width=&#8221;600px&#8221; max_width_last_edited=&#8221;off|desktop&#8221; module_alignment=&#8221;center&#8221; min_height=&#8221;10px&#8221; custom_margin=&#8221;||0px|214px|false|false&#8221; locked=&#8221;off&#8221; global_colors_info=&#8221;{}&#8221;]<\/p>\n<h2><span style=\"color: #000000;\"><span style=\"caret-color: #000000;\">AVIS YOUTUBE<\/span><\/span><\/h2>\n<p>[\/et_pb_text][et_pb_video_slider _builder_version=&#8221;4.16&#8243; _module_preset=&#8221;default&#8221; global_colors_info=&#8221;{}&#8221;][et_pb_video_slider_item src=&#8221;https:\/\/youtu.be\/u57Rr-jIvaw&#8221; _builder_version=&#8221;4.6.5&#8243; _module_preset=&#8221;default&#8221; global_colors_info=&#8221;{}&#8221; show_image_overlay=&#8221;off&#8221;][\/et_pb_video_slider_item][et_pb_video_slider_item src=&#8221;https:\/\/youtu.be\/tARqzRTN_QQ&#8221; _builder_version=&#8221;4.6.5&#8243; _module_preset=&#8221;default&#8221; global_colors_info=&#8221;{}&#8221; show_image_overlay=&#8221;off&#8221;][\/et_pb_video_slider_item][et_pb_video_slider_item src=&#8221;https:\/\/youtu.be\/TeKhhGGt3E4&#8243; _builder_version=&#8221;4.6.5&#8243; _module_preset=&#8221;default&#8221; global_colors_info=&#8221;{}&#8221; show_image_overlay=&#8221;off&#8221;][\/et_pb_video_slider_item][\/et_pb_video_slider][\/et_pb_column][\/et_pb_row][\/et_pb_section]<\/p>","protected":false},"excerpt":{"rendered":"<ul>\n<li><span style=\"color: #ff0000;\"><strong>En rupture de stock<\/strong><\/span><\/li>\n<\/ul>\n<p>Vous avez besoin d&#039;un Apple iPad pour jouer. (maximum : 296 mm x 210 mm)<\/p>\n<p>*Vous pouvez \u00e9galement utiliser un iPad Pro 13\u2033, mais vous devrez le monter vous-m\u00eame entre l&#039;armoire et les c\u00f4t\u00e9s de lit plut\u00f4t qu&#039;\u00e0 l&#039;int\u00e9rieur de l&#039;armoire.<\/p>\n<p><strong>Assurez-vous que votre iPad dispose d&#039;au moins iOS 16 install\u00e9.<\/strong><\/p>\n<p>Vous pouvez jouer \u00e0 tous les jeux iOS avec prise en charge de la manette de jeu. Les jeux sans prise en charge de la manette ne fonctionneront pas sur le Sharpin Mini.<\/p>\n<p>Ce qui est inclu:<\/p>\n<ul>\n<li>Armoire en bois d\u00e9coup\u00e9 CNC<\/li>\n<li>Button Encoder-Board pour se connecter \u00e0 votre iPad<\/li>\n<li>6 boutons d&#039;arcade<\/li>\n<li>Autocollants con\u00e7us<\/li>\n<li>Adaptateur Lightning vers USB<\/li>\n<\/ul>","protected":false},"featured_media":14755,"template":"","meta":{"_et_pb_use_builder":"on","_et_pb_old_content":"<h3>Play thousands of games.<\/h3>\r\n<a href=\"https:\/\/apps.apple.com\/us\/app\/pinball-hd-collection\/id484550839?see-all=customers-also-bought-apps\"><img class=\"alignnone size-full wp-image-15286\" src=\"https:\/\/digital-pinball.com\/wp-content\/uploads\/2022\/10\/11111.jpg\" alt=\"\" width=\"873\" height=\"664\" \/><\/a>\r\n\r\n[button link=\"<a href=\"https:\/\/apps.apple.com\/us\/app\/pinball-hd-collection\/id484550839?see-all=customers-also-bought-apps\">https:\/\/apps.apple.com\/us\/app\/pinball-hd-collection\/id484550839?see-all=customers-also-bought-apps<\/a>\" color=\"black\" newwindow=\"yes\"]more games[\/button]\r\n\r\nSharpin Pinball is not associated with the Apple App Store or any App on the App Store. All trademarks, logos and brand names are the property of their respective owners. All company, product and service names used in this website are for identification purposes only.","_et_gb_content_width":""},"product_brand":[],"product_cat":[59,147,177],"product_tag":[],"class_list":{"0":"post-15284","1":"product","2":"type-product","3":"status-publish","4":"has-post-thumbnail","6":"product_cat-mini","7":"product_cat-tablets","8":"product_cat-weship","10":"first","11":"outofstock","12":"taxable","13":"shipping-taxable","14":"purchasable","15":"product-type-simple"},"_links":{"self":[{"href":"https:\/\/digital-pinball.com\/fr\/wp-json\/wp\/v2\/product\/15284","targetHints":{"allow":["GET"]}}],"collection":[{"href":"https:\/\/digital-pinball.com\/fr\/wp-json\/wp\/v2\/product"}],"about":[{"href":"https:\/\/digital-pinball.com\/fr\/wp-json\/wp\/v2\/types\/product"}],"wp:featuredmedia":[{"embeddable":true,"href":"https:\/\/digital-pinball.com\/fr\/wp-json\/wp\/v2\/media\/14755"}],"wp:attachment":[{"href":"https:\/\/digital-pinball.com\/fr\/wp-json\/wp\/v2\/media?parent=15284"}],"wp:term":[{"taxonomy":"product_brand","embeddable":true,"href":"https:\/\/digital-pinball.com\/fr\/wp-json\/wp\/v2\/product_brand?post=15284"},{"taxonomy":"product_cat","embeddable":true,"href":"https:\/\/digital-pinball.com\/fr\/wp-json\/wp\/v2\/product_cat?post=15284"},{"taxonomy":"product_tag","embeddable":true,"href":"https:\/\/digital-pinball.com\/fr\/wp-json\/wp\/v2\/product_tag?post=15284"}],"curies":[{"name":"wp","href":"https:\/\/api.w.org\/{rel}","templated":true}]}}