{"id":14097,"date":"2021-12-22T10:04:21","date_gmt":"2021-12-22T09:04:21","guid":{"rendered":"https:\/\/www.digital-pinball.com\/?post_type=product&#038;p=14097"},"modified":"2022-03-03T19:50:08","modified_gmt":"2022-03-03T18:50:08","slug":"retro-upgrade","status":"publish","type":"product","link":"https:\/\/digital-pinball.com\/fr\/virtual-pinball-store\/retro-upgrade\/","title":{"rendered":"Mise \u00e0 niveau r\u00e9tro"},"content":{"rendered":"<p>[et_pb_section fb_built=\u201d1\u2033 _builder_version=\u201d3.22\u2033 custom_padding=\u201d0px||||false|false\u201d][et_pb_row _builder_version=\u201d3.25\u2033 background_size=\u201dinitial\u201d background_position=\u201dtop_left\u201d background_repeat=\u201drepeat\u201d width=\u201d 100%\u201d custom_padding=\u201d0px||0px||false|false\u201d][et_pb_column type=\u201d4_4\u2033 _builder_version=\u201d3.25\u2033 custom_padding=\u201d|||\u201d custom_padding__hover=\u201d|||\u201d][et_pb_wc_breadcrumb _builder_version=\u201d3.0.47\u2033][\/et_pb_wc_breadcrumb][et_pb_wc_cart_notice _builder_version=\u201d4.0.6\u2033 background_color=\u201d#000000\u2033 custom_button=\u201don\u201d button_text_color=\u201d#00000 \u201d button_custom_margin=\u201d-22px||||false|false\u201d button_custom_padding=\u201d||||false|false\u201d min_height=\u201d96px\u201d custom_margin=\u201d|0em|2em|0em|false|false\u201d custom_padding=\u201d37px|15px |15px|15px|false|false\u201d][\/et_pb_wc_cart_notice][\/et_pb_column][\/et_pb_row][et_pb_row column_structure=\u201d1_2,1_2\u2033 _builder_version=\u201d3.25\u2033 background_size=\u201dinitial\u201d background_position=\u201dtop_left\u201d background_repeat=\u201dr\u00e9p\u00e9ter \u201d width=\u201d100%\u201d custom_padding=\u201d0px||||false|false\u201d][et_pb_column type=\u201d1_2\u2033 _builder_version=\u201d3.25\u2033 custom_padding=\u201d|||\u201d custom_padding__hover=\u201d|||\u201d][et_pb_wc_images sale_badge_color=\u201d#000000\u2033 _builder_version=\u201d4.0.6\u2033][\/et_pb_wc_images][\/et_pb_column][et_pb_column type=\u201d1_2\u2033 _builder_version=\u201d3.25\u2033 custom_padding=\u201d|||\u201d custom_padding__hover= \u00bb||| \u00bb][et_pb_wc_title _builder_version= \u00bb3.0.47\u2033][\/et_pb_wc_title][et_pb_wc_rating _builder_version= \u00bb3.0.47\u2033][\/et_pb_wc_rating][et_pb_wc_price _builder_version= \u00bb4.0.6\u2033 body_text_color= \u00bb#00 ][\/et_pb_wc_price][et_pb_wc_description _builder_version= \u00bb4.6.5\u2033][\/et_pb_wc_description][et_pb_wc_add_to_cart _builder_version= \u00bb4.6.5\u2033 _module_preset= \u00bbdefault \u00bb][\/et_pb_wc_add_to_cart][\/et_pb_column][=et_pb_row ] \u201d3.25\u2033 background_size=\u201dinitial\u201d background_position=\u201dtop_left\u201d background_repeat=\u201drepeat\u201d width=\u201d100%\u201d][et_pb_column type=\u201d4_4\u2033 _builder_version=\u201d3.25\u2033 custom_padding=\u201d|||\u201d custom_padding__hover=\u201d|||\u201d][et_pb_wc_tabs include_tabs=\u201ddescription||reviews\u201d _builder_version=\u201d4.0.6\u2033] [\/et_pb_wc_tabs][\/et_pb_column][\/et_pb_row][\/et_pb_section]<\/p>","protected":false},"excerpt":{"rendered":"<p>Avec ce kit de conception, vous pouvez mettre \u00e0 niveau une machine de table Sharpin existante vers ce design r\u00e9tro.<\/p>\n<p>Le kit comprend la Backbox avec un faux affichage.<\/p>\n<p>vous pouvez acheter un vrai deuxi\u00e8me pr\u00e9sentoir dans le magasin s\u00e9par\u00e9ment.<\/p>\n<p><strong>exp\u00e9dition au premier trimestre<\/strong><\/p>","protected":false},"featured_media":14099,"template":"","meta":{"_et_pb_use_builder":"on","_et_pb_old_content":"","_et_gb_content_width":""},"product_brand":[],"product_cat":[15],"product_tag":[],"class_list":{"0":"post-14097","1":"product","2":"type-product","3":"status-publish","4":"has-post-thumbnail","6":"product_cat-uncategorized","8":"first","9":"instock","10":"virtual","11":"taxable","12":"purchasable","13":"product-type-simple"},"_links":{"self":[{"href":"https:\/\/digital-pinball.com\/fr\/wp-json\/wp\/v2\/product\/14097","targetHints":{"allow":["GET"]}}],"collection":[{"href":"https:\/\/digital-pinball.com\/fr\/wp-json\/wp\/v2\/product"}],"about":[{"href":"https:\/\/digital-pinball.com\/fr\/wp-json\/wp\/v2\/types\/product"}],"wp:featuredmedia":[{"embeddable":true,"href":"https:\/\/digital-pinball.com\/fr\/wp-json\/wp\/v2\/media\/14099"}],"wp:attachment":[{"href":"https:\/\/digital-pinball.com\/fr\/wp-json\/wp\/v2\/media?parent=14097"}],"wp:term":[{"taxonomy":"product_brand","embeddable":true,"href":"https:\/\/digital-pinball.com\/fr\/wp-json\/wp\/v2\/product_brand?post=14097"},{"taxonomy":"product_cat","embeddable":true,"href":"https:\/\/digital-pinball.com\/fr\/wp-json\/wp\/v2\/product_cat?post=14097"},{"taxonomy":"product_tag","embeddable":true,"href":"https:\/\/digital-pinball.com\/fr\/wp-json\/wp\/v2\/product_tag?post=14097"}],"curies":[{"name":"wp","href":"https:\/\/api.w.org\/{rel}","templated":true}]}}