{"id":2054,"date":"2020-01-28T14:56:44","date_gmt":"2020-01-28T13:56:44","guid":{"rendered":"https:\/\/www.digital-pinball.com\/?page_id=2054"},"modified":"2025-10-02T20:19:10","modified_gmt":"2025-10-02T18:19:10","slug":"virtual-pinball-support","status":"publish","type":"page","link":"https:\/\/digital-pinball.com\/fr\/virtual-pinball-support\/","title":{"rendered":"Nous contacter"},"content":{"rendered":"<p>[et_pb_section fb_built=\u201d1\u2033 _builder_version=\u201d4.16\u2033 global_colors_info=\u201d{}\u201d][et_pb_row _builder_version=\u201d4.16\u2033 _module_preset=\u201ddefault\u201d min_height=\u201d79.5px\u201d custom_padding=\u201d||4px|||\u201d global_colors_info=\u201d{}\u201d][et_pb_column type=\u201d4_4\u2033 _builder_version=\u201d4.16\u2033 _module_preset=\u201ddefault\u201d global_colors_info=\u201d{}\u201d][et_pb_heading title=\u201dAssistance et t\u00e9l\u00e9chargements\u201d _builder_version=\u201d4.27.4\u2033 _module_preset=\u201ddefault\u201d title_font=\u201d|600||on|||||\u201d title_text_align=\u201dcenter\u201d title_font_size=\u201d54px\u201d global_colors_info=\u201d{}\u201d][\/et_pb_heading][\/et_pb_column][\/et_pb_row][et_pb_row _builder_version=\u201d4.16\u2033 _module_preset=\u201ddefault\u201d min_height=\u201d79.5px\u201d custom_padding=\u201d||4px|||\u201d global_colors_info=\u201d{}\u201d][et_pb_column type=\u201d4_4\u2033 _builder_version=\u201d4.16\u2033 _module_preset=\u201ddefault\u201d global_colors_info=\u201d{}\u201d][et_pb_divider color=\u201d#000000\u2033 divider_weight=\u201d5px\u201d _builder_version=\u201d4.27.4\u2033 _module_preset=\u201ddefault\u201d global_colors_info=\u201d{}\u201d][\/et_pb_divider][\/et_pb_column][\/et_pb_row][et_pb_row _builder_version=\u201d4.16\u2033 custom_padding=\u201d||0px|||\u201d global_colors_info=\u201d{}\u201d][et_pb_column type=\u201d4_4\u2033 _builder_version=\u201d4.16\u2033 global_colors_info=\u201d{}\u201d][et_pb_text admin_label=\u201dTitre\u201d _builder_version=\u201d4.27.4\u2033 text_font=\u201dNunito|300|||||||\u201d text_font_size=\u201d18px\u201d text_line_height=\u201d1.8em\u201d header_font=\u201d|300|||||||\u201d header_2_font=\u201dOswald|300||on|||||\u201d header_2_text_align=\u201dcenter\u201d header_2_font_size=\u201d40px\u201d header_2_letter_spacing=\u201d1px\u201d header_2_line_height=\u201d1.5em\u201d header_3_font=\u201d||||||||\u201d max_width=&quot;600px&quot; max_width_last_edited=&quot;off|desktop&quot; module_alignment=&quot;center&quot; custom_margin=&quot;-27px||10px|214px||&quot; global_colors_info=&quot;{}&quot;]<\/p>\n<h2><span color=\"#ffffff\" style=\"color: #000000;\">Manuels d&#039;ASSEMBLAGE<\/span><\/h2>\n<p>[\/et_pb_text][\/et_pb_column][\/et_pb_row][et_pb_row _builder_version=\u201d4.16\u2033 custom_margin=\u201d|auto|28px|auto||\u201d global_colors_info=\u201d{}\u201d][et_pb_column type=\u201d4_4\u2033 _builder_version=\u201d4.16\u2033 global_colors_info=\u201d{}\u201d][et_pb_button button_url=\u201dhttps:\/\/digital-pinball.com\/wp-content\/uploads\/2022\/03\/Ultra-Max-Upgrade.pdf\u201d url_new_window=\u201don\u201d button_text=\u201dMise \u00e0 niveau Ultra Max (deuxi\u00e8me \u00e9cran)\u201d button_alignment=\u201dcenter\u201d _builder_version=\u201d4.16\u2033 custom_button=\u201don\u201d button_text_color=\u201d#ffffff\u201d button_bg_color=\u201d#e09900\u2033 button_icon=\u201d\ue071||divi||400\u2033 button_on_hover=\u201doff\u201d custom_padding=\u201d|40px|||false|false\u201d global_colors_info=\u201d{}\u201d][\/et_pb_button][et_pb_button button_url=\u201dhttps:\/\/digital-pinball.com\/wp-content\/uploads\/manual-v2-2022.pdf\u201d url_new_window=\u201don\u201d button_text=\u201dSharpin Ultra \/ Pro \/ Switch\u201d button_alignment=\u201dcenter\u201d _builder_version=\u201d4.16\u2033 custom_button=\u201don\u201d button_text_color=\u201d#ffffff\u201d button_bg_color=\u201d#0c71c3\u2033 button_icon=\u201d\ue071||divi||400\u2033 button_on_hover=\u201doff\u201d custom_padding=\u201d|40px|||false|false\u201d global_colors_info=\u201d{}\u201d][\/et_pb_button][et_pb_button button_url=\u201dhttps:\/\/digital-pinball.com\/wp-content\/uploads\/2022\/03\/Sharpin-Retro-Max.pdf\u201d url_new_window=\u201don\u201d button_text=\u201dSharpin Retro MAX\u201d button_alignment=\u201dcenter\u201d _builder_version=\u201d4.16\u2033 custom_button=\u201don\u201d button_text_color=\u201d#ffffff\u201d button_bg_color=\u201d#e02b20\u2033 button_icon=\u201d\ue071||divi||400\u2033 button_on_hover=\u201doff\u201d custom_padding=\u201d|40px|||false|false\u201d global_colors_info=\u201d{}\u201d][\/et_pb_button][et_pb_button button_url=&quot;https:\/\/digital-pinball.com\/wp-content\/uploads\/2022\/09\/Mini-V3-web.pdf&quot; url_new_window=&quot;on&quot; button_text=&quot;Sharpin MINI&quot; button_alignment=&quot;center&quot; _builder_version=&quot;4.16&quot; custom_button=&quot;on&quot; button_text_color=&quot;#ffffff&quot; button_bg_color=&quot;#000000&quot; button_icon=&quot;\ue071||divi||400&quot; button_on_hover=&quot;off&quot; custom_padding=&quot;|40px|||false|false&quot; global_colors_info=&quot;{}&quot;][\/et_pb_button][et_pb_button button_url=&quot;https:\/\/digital-pinball.com\/wp-content\/uploads\/2023\/05\/Sharpin-Arcade.pdf&quot; url_new_window=&quot;on&quot; button_text=&quot;Sharpin Arcade&quot; button_alignment=&quot;center&quot; _builder_version=&quot;4.21.0&quot; custom_button=&quot;on&quot; button_text_color=&quot;#ffffff&quot; button_bg_color=&quot;#8300E9&quot; button_icon=&quot;\ue071||divi||400&quot; button_on_hover=&quot;off&quot; custom_padding=&quot;|40px|||false|false&quot; global_colors_info=&quot;{}&quot;][\/et_pb_button][\/et_pb_column][\/et_pb_row][et_pb_row _builder_version=&quot;4.16&quot; _module_preset=&quot;default&quot; min_height=&quot;79.5px&quot; custom_padding=&quot;||0px|||&quot; global_colors_info=&quot;{}&quot;][et_pb_column type=&quot;4_4&quot; _builder_version=&quot;4.16&quot; _module_preset=&quot;default&quot; global_colors_info=&quot;{}&quot;][et_pb_divider color=&quot;#000000&quot; divider_weight=&quot;5px&quot; _builder_version=&quot;4.16&quot; _module_preset=&quot;default&quot; global_colors_info=&quot;{}&quot;][\/et_pb_divider][\/et_pb_column][\/et_pb_row][et_pb_row _builder_version=&quot;4.16&quot; min_height=&quot;109px&quot; custom_padding=&quot;||44px|||&quot; global_colors_info=\u201d{}\u201d][et_pb_column type=\u201d4_4\u2033 _builder_version=\u201d4.16\u2033 global_colors_info=\u201d{}\u201d][et_pb_text admin_label=\u201dTitre\u201d _builder_version=\u201d4.27.4\u2033 text_font=\u201dNunito|300|||||||\u201d text_font_size=\u201d18px\u201d text_line_height=\u201d1.8em\u201d header_font=\u201d|300|||||||\u201d header_2_font=\u201dOswald|300||on|||||\u201d header_2_text_align=\u201dcenter\u201d header_2_font_size=\u201d40px\u201d header_2_letter_spacing=\u201d1px\u201d header_2_line_height=\u201d1.5em\u201d header_3_font=\u201d||||||||\u201d max_width=&quot;600px&quot; module_alignment=&quot;center&quot; custom_margin=&quot;-27px||10px|214px||&quot; global_colors_info=&quot;{}&quot;]<\/p>\n<h2><span color=\"#ffffff\" style=\"color: #000000;\">APPLICATIONS Sharpin<\/span><\/h2>\n<p>[et_pb_text][et_pb_button button_url=&quot;https:\/\/digital-pinball.com\/wp-content\/uploads\/sender-app-final.apk&quot; url_new_window=&quot;on&quot; button_text=&quot;Application Sender&quot; button_alignment=&quot;center&quot; _builder_version=&quot;4.27.4&quot; custom_button=&quot;on&quot; button_text_color=&quot;#ffffff&quot; button_bg_color=&quot;#0c71c3&quot; button_icon=&quot;\ue071||divi||400&quot; button_on_hover=&quot;off&quot; custom_padding=&quot;|40px|||false|false&quot; hover_enabled=&quot;0&quot; global_colors_info=&quot;{}&quot; sticky_enabled=&quot;0&quot;][\/et_pb_button][et_pb_button button_url=&quot;https:\/\/digital-pinball.com\/wp-content\/uploads\/score-app.apk&quot; url_new_window=&quot;on&quot; button_text=&quot;Application de visualisation&quot; button_alignment=&quot;center&quot; _builder_version=&quot;4.27.4&quot; custom_button=&quot;on&quot; button_text_color=&quot;#ffffff&quot; button_bg_color=&quot;#e09900&quot; button_icon=&quot;\ue071||divi||400&quot; button_on_hover=&quot;off&quot; custom_padding=&quot;|40px|||false|false&quot; hover_enabled=&quot;0&quot; global_colors_info=&quot;{}&quot; sticky_enabled=&quot;0&quot;][\/et_pb_button][et_pb_text _builder_version=&quot;4.27.4&quot; _module_preset=&quot;default&quot; global_colors_info=&quot;{}&quot;]<\/p>\n<p style=\"text-align: center;\"><span><strong>guide de configuration pour le deuxi\u00e8me mode d&#039;affichage<\/strong>:<br \/><a href=\"https:\/\/digital-pinball.com\/app-help\">https:\/\/digital-pinball.com\/app-help<\/a><\/span><\/p>\n<p>[\/et_pb_text][\/et_pb_column][\/et_pb_row][et_pb_row _builder_version=\u201d4.16\u2033 _module_preset=\u201ddefault\u201d min_height=\u201d79.5px\u201d custom_padding=\u201d||0px|||\u201d global_colors_info=\u201d{}\u201d][et_pb_column type=\u201d4_4\u2033 _builder_version=\u201d4.16\u2033 _module_preset=\u201ddefault\u201d global_colors_info=\u201d{}\u201d][et_pb_divider color=\u201d#000000\u2033 divider_weight=\u201d5px\u201d _builder_version=\u201d4.16\u2033 _module_preset=\u201ddefault\u201d global_colors_info=\u201d{}\u201d][\/et_pb_divider][\/et_pb_column][\/et_pb_row][et_pb_row _builder_version=\u201d4.16\u2033 min_height=\u201d109px\u201d custom_padding=\u201d||44px|||\u201d global_colors_info=\u201d{}\u201d][et_pb_column type=\u201d4_4\u2033 _builder_version=\u201d4.16\u2033 global_colors_info=\u201d{}\u201d][et_pb_text admin_label=\u201dTitre\u201d _builder_version=\u201d4.27.4\u2033 text_font=\u201dNunito|300|||||||\u201d text_font_size=\u201d18px\u201d text_line_height=\u201d1.8em\u201d header_font=\u201d|300|||||||\u201d header_2_font=\u201dOswald|300||on|||||\u201d header_2_text_align=\u201dcenter\u201d header_2_font_size=\u201d40px\u201d header_2_letter_spacing=\u201d1px\u201d header_2_line_height=\u201d1.5em\u201d header_3_font=\u201d||||||||\u201d max_width=&quot;600px&quot; module_alignment=&quot;center&quot; custom_margin=&quot;-27px||10px|214px||&quot; global_colors_info=&quot;{}&quot;]<\/p>\n<h2><span color=\"#ffffff\" style=\"color: #000000;\">Utilitaires<\/span><\/h2>\n<p>[et_pb_text][et_pb_button button_url=&quot;https:\/\/digital-pinball.com\/wp-content\/downloads\/aurora-store-4-7-0.apk&quot; url_new_window=&quot;on&quot; button_text=&quot;Aurora App Store&quot; button_alignment=&quot;center&quot; _builder_version=&quot;4.27.4&quot; custom_button=&quot;on&quot; button_text_color=&quot;#FFFFFF&quot; button_bg_color=&quot;#7CDA24&quot; button_icon=&quot;\ue071||divi||400&quot; button_on_hover=&quot;off&quot; custom_padding=&quot;|40px|||false|false&quot; global_colors_info=&quot;{}&quot;][\/et_pb_button][et_pb_button button_url=&quot;https:\/\/digital-pinball.com\/wp-content\/downloads\/Tutorial.pdf&quot; url_new_window=&quot;on&quot; button_text=&quot;Tutoriel : Mise \u00e0 jour du firmware&quot; button_alignment=&quot;center&quot; _builder_version=&quot;4.27.4&quot; custom_button=&quot;on&quot; button_text_color=&quot;#FFFFFF&quot; button_bg_color=&quot;#12876F&quot; button_icon=&quot;\ue071||divi||400&quot; button_on_hover=&quot;off&quot; custom_padding=&quot;|40px|||false|false&quot; global_colors_info=&quot;{}&quot;][\/et_pb_button][\/et_pb_column][\/et_pb_row][et_pb_row module_id=&quot;spaceforce&quot; _builder_version=&quot;4.27.4&quot; _module_preset=&quot;default&quot; global_colors_info=&quot;{}&quot;][et_pb_column type=&quot;4_4&quot; _builder_version=&quot;4.27.4&quot; _module_preset=&quot;default&quot; global_colors_info=&quot;{}&quot;][et_pb_divider color=&quot;#000000&quot; divider_weight=&quot;5px&quot; _builder_version=&quot;4.16&quot; _module_preset=&quot;default&quot; global_colors_info=&quot;{}&quot;][\/et_pb_divider][et_pb_text admin_label=&quot;Titre&quot; _builder_version=&quot;4.27.4&quot; text_font=&quot;Nunito|300|||||||&quot; text_font_size=&quot;18px&quot; text_line_height=&quot;1.8em&quot; header_font=&quot;|300|||||||&quot; header_2_font=&quot;Oswald|300||on|||||&quot; header_2_text_align=&quot;center&quot; header_2_font_size=&quot;40px&quot; header_2_letter_spacing=&quot;1px&quot; header_2_line_height=&quot;1.5em&quot; header_3_font=&quot;||||||||&quot; max_width=&quot;600px&quot; module_alignment=&quot;center&quot; custom_margin=&quot;-27px||10px|214px||&quot; global_colors_info=&quot;{}&quot;]<\/p>\n<h2><span color=\"#ffffff\" style=\"color: #000000;\">Sharpin JEUX<\/span><\/h2>\n<p>[et_pb_text][et_pb_image src=\u201dhttps:\/\/digital-pinball.com\/wp-content\/uploads\/2025\/04\/banner-space-force.png\u201d title_text=\u201dbanner-space-force\u201d _builder_version=\u201d4.27.4\u2033 _module_preset=\u201ddefault\u201d custom_margin=\u201d1px|||||\u201d global_colors_info=\u201d{}\u201d][\/et_pb_image][et_pb_button button_url=\u201dhttps:\/\/digital-pinball.com\/wp-content\/downloads\/space-force.apk\u201d url_new_window=\u201don\u201d button_text=\u201dSpace Force\u201d button_alignment=\u201dcenter\u201d _builder_version=\u201d4.27.4\u2033 custom_button=\u201don\u201d button_text_color=\u201d#FFFFFF\u201d button_bg_color=\u201d#000000\u2033 button_icon=\u201d\ue071||divi||400\u2033 button_on_hover=\u201doff\u201d custom_padding=\u201d|40px|||false|false\u201d global_colors_info=\u201d{}\u201d][\/et_pb_button][\/et_pb_column][\/et_pb_row][et_pb_row _builder_version=\u201d4.16\u2033 _module_preset=\u201ddefault\u201d min_height=\u201d79.5px\u201d custom_padding=\u201d||3px|||\u201d global_colors_info=\u201d{}\u201d][et_pb_column type=\u201d4_4\u2033 _builder_version=\u201d4.16\u2033 _module_preset=\u201ddefault\u201d global_colors_info=\u201d{}\u201d][et_pb_divider color=\u201d#000000\u2033 divider_weight=\u201d5px\u201d _builder_version=\u201d4.16\u2033 _module_preset=\u201ddefault\u201d global_colors_info=\u201d{}\u201d][\/et_pb_divider][et_pb_text admin_label=\u201dTitre\u201d _builder_version=\u201d4.16\u2033 text_font=\u201dNunito|300|||||||\u201d taille_police_texte=\u201d18px\u201d hauteur_ligne_texte=\u201d1.8em\u201d police_en-t\u00eate=\u201d|300|||||||\u201d police_en-t\u00eate_2=\u201dOswald|300||on|||||\u201d alignement_texte_en-t\u00eate_2=\u201dcentre\u201d taille_police_en-t\u00eate_2=\u201d40px\u201d espacement_lettres_en-t\u00eate_2=\u201d1px\u201d hauteur_ligne_en-t\u00eate_2=\u201d1.5em\u201d police_en-t\u00eate_3=\u201d||||||||\u201d largeur_max=\u201d600px\u201d alignement_module=\u201dcentre\u201d marge_personnalis\u00e9e=\u201d-27px||10px|214px||\u201d informations_couleurs_globales=\u201d{}\u201d]<\/p>\n<h2><span color=\"#ffffff\" style=\"color: #000000;\">Nous contacter<\/span><\/h2>\n<p>[et_pb_text][\/et_pb_column][\/et_pb_row][et_pb_row _builder_version=\u201d4.16\u2033 global_colors_info=\u201d{}\u201d][et_pb_column type=\u201d4_4\u2033 _builder_version=\u201d4.16\u2033 global_colors_info=\u201d{}\u201d][et_pb_contact_form email=\u201dinfo@digital-pinball.com\u201d custom_message=\u201dNom\u00a0: %%Name%%||et_pb_line_break_holder||Pays\u00a0:%%country%%||et_pb_line_break_holder||Num\u00e9ro de commande\u00a0: %%order_number%%||et_pb_line_break_holder||||et_pb_line_break_holder||Nachricht:||et_pb_line_break_holder||||et_pb_line_break_holder||%%Message%%\u201d success_message=\u201dMerci \u2013 nous vous recontacterons prochainement\u201d submit_button_text=\u201dEnvoyer\u201d _builder_version=\u201d4.16\u2033 _unique_id=\u201d09799698-2c1c-408c-87aa-dda1d9528e82\u2033 min_height=\u201d263px\u201d global_colors_info=\u201d{}\u201d][et_pb_contact_field field_id=\u201dName\u201d field_title=\u201dNom*\u201d _builder_version=\u201d4.16\u2033 global_colors_info=&quot;{}&quot; button_text_size__hover_enabled=&quot;off&quot; button_one_text_size__hover_enabled=&quot;off&quot; button_two_text_size__hover_enabled=&quot;off&quot; button_text_color__hover_enabled=&quot;off&quot; button_one_text_color__hover_enabled=&quot;off&quot; button_two_text_color__hover_enabled=&quot;off&quot; button_border_width__hover_enabled=&quot;off&quot; button_one_border_width__hover_enabled=&quot;off&quot; button_two_border_width__hover_enabled=&quot;off&quot; button_border_color__hover_enabled=&quot;off&quot; button_one_border_color__hover_enabled=&quot;off&quot; button_two_border_color__hover_enabled=&quot;off&quot; button_border_radius__hover_enabled=&quot;off&quot; button_one_border_radius__hover_enabled=\u201doff\u201d button_two_border_radius__hover_enabled=\u201doff\u201d button_letter_spacing__hover_enabled=\u201doff\u201d button_one_letter_spacing__hover_enabled=\u201doff\u201d button_two_letter_spacing__hover_enabled=\u201doff\u201d button_bg_color__hover_enabled=\u201doff\u201d button_one_bg_color__hover_enabled=\u201doff\u201d button_two_bg_color__hover_enabled=\u201doff\u201d][\/et_pb_contact_field][et_pb_contact_field field_id=\u201dEmail\u201d field_title=\u201dAdresse e-mail*\u201d field_type=\u201demail\u201d _builder_version=\u201d4.16\u2033 global_colors_info=\u201d{}\u201d button_text_size__hover_enabled=\u201doff\u201d button_one_text_size__hover_enabled=\u201doff\u201d button_two_text_size__hover_enabled=\u201doff\u201d button_text_color__hover_enabled=\u201doff\u201d button_one_text_color__hover_enabled=\u201doff\u201d button_two_text_color__hover_enabled=\u201doff\u201d button_border_width__hover_enabled=\u201doff\u201d button_one_border_width__hover_enabled=\u201doff\u201d button_two_border_width__hover_enabled=\u201doff\u201d button_border_color__hover_enabled=\u201doff\u201d button_one_border_color__hover_enabled=\u201doff\u201d button_two_border_color__hover_enabled=\u201doff\u201d button_one_border_color__hover_enabled=\u201doff\u201d button_two_border_color__hover_enabled=\u201doff\u201d button_border_radius__hover_enabled=\u201doff\u201d button_one_border_radius__hover_enabled=\u201doff\u201d button_two_border_radius__hover_enabled=&quot;off&quot; button_letter_spacing__hover_enabled=&quot;off&quot; button_one_letter_spacing__hover_enabled=&quot;off&quot; button_two_letter_spacing__hover_enabled=&quot;off&quot; button_bg_color__hover_enabled=&quot;off&quot; button_one_bg_color__hover_enabled=&quot;off&quot; button_two_bg_color__hover_enabled=&quot;off&quot;][\/et_pb_contact_field][et_pb_contact_field field_id=&quot;country&quot; field_title=&quot;country*&quot; required_mark=&quot;off&quot; fullwidth_field=&quot;on&quot; _builder_version=&quot;4.16&quot; _module_preset=&quot;default&quot; global_colors_info=&quot;{}&quot;][\/et_pb_contact_field][et_pb_contact_field field_id=&quot;Order_number&quot; field_title=&quot;Num\u00e9ro de commande&quot; required_mark=&quot;off&quot; fullwidth_field=&quot;on&quot; _builder_version=&quot;4.16&quot; _module_preset=&quot;default&quot; global_colors_info=&quot;{}&quot;][\/et_pb_contact_field][et_pb_contact_field field_id=&quot;Message&quot; field_title=&quot;Message*&quot; field_type=&quot;text&quot; fullwidth_field=&quot;on&quot; _builder_version=&quot;4.16&quot; global_colors_info=&quot;{}&quot; button_text_size__hover_enabled=&quot;off&quot; button_one_text_size__hover_enabled=&quot;off&quot; button_two_text_size__hover_enabled=&quot;off&quot; button_text_color__hover_enabled=&quot;off&quot; button_one_text_color__hover_enabled=&quot;off&quot; button_two_text_color__hover_enabled=\u201doff\u201d button_border_width__hover_enabled=\u201doff\u201d button_one_border_width__hover_enabled=\u201doff\u201d button_two_border_width__hover_enabled=\u201doff\u201d button_border_color__hover_enabled=\u201doff\u201d button_one_border_color__hover_enabled=\u201doff\u201d button_two_border_color__hover_enabled=\u201doff\u201d button_border_radius__hover_enabled=\u201doff\u201d button_one_border_radius__hover_enabled=\u201doff\u201d button_two_border_radius__hover_enabled=\u201doff\u201d button_one_letter_spacing__hover_enabled=\u201doff\u201d button_two_letter_spacing__hover_enabled=\u201doff\u201d button_one_letter_spacing__hover_enabled=\u201doff\u201d button_two_letter_spacing__hover_enabled=\u201doff\u201d button_bg_color__hover_enabled=\u201doff\u201d button_one_bg_color__hover_enabled=\u201doff\u201d button_two_bg_color__hover_enabled=\u201doff\u201d][\/et_pb_contact_field][\/et_pb_contact_form][\/et_pb_column][\/et_pb_row][\/et_pb_section][et_pb_section fb_built=\u201d1\u2033 _builder_version=\u201d4.16\u2033 global_colors_info=\u201d{}\u201d][\/et_pb_section]<\/p>","protected":false},"excerpt":{"rendered":"<p>Manuels d&#039;assemblage APPLICATIONS Sharpin Guide d&#039;installation pour le deuxi\u00e8me mode d&#039;affichage\u00a0: https:\/\/digital-pinball.com\/app-help Utilitaires JEUX Sharpin Nous contacter<\/p>","protected":false},"author":1,"featured_media":0,"parent":0,"menu_order":0,"comment_status":"closed","ping_status":"closed","template":"","meta":{"_et_pb_use_builder":"on","_et_pb_old_content":"","_et_gb_content_width":"","footnotes":""},"class_list":["post-2054","page","type-page","status-publish","hentry"],"_links":{"self":[{"href":"https:\/\/digital-pinball.com\/fr\/wp-json\/wp\/v2\/pages\/2054","targetHints":{"allow":["GET"]}}],"collection":[{"href":"https:\/\/digital-pinball.com\/fr\/wp-json\/wp\/v2\/pages"}],"about":[{"href":"https:\/\/digital-pinball.com\/fr\/wp-json\/wp\/v2\/types\/page"}],"author":[{"embeddable":true,"href":"https:\/\/digital-pinball.com\/fr\/wp-json\/wp\/v2\/users\/1"}],"replies":[{"embeddable":true,"href":"https:\/\/digital-pinball.com\/fr\/wp-json\/wp\/v2\/comments?post=2054"}],"version-history":[{"count":25,"href":"https:\/\/digital-pinball.com\/fr\/wp-json\/wp\/v2\/pages\/2054\/revisions"}],"predecessor-version":[{"id":17194,"href":"https:\/\/digital-pinball.com\/fr\/wp-json\/wp\/v2\/pages\/2054\/revisions\/17194"}],"wp:attachment":[{"href":"https:\/\/digital-pinball.com\/fr\/wp-json\/wp\/v2\/media?parent=2054"}],"curies":[{"name":"wp","href":"https:\/\/api.w.org\/{rel}","templated":true}]}}