{"id":13230,"date":"2021-09-23T08:29:44","date_gmt":"2021-09-23T06:29:44","guid":{"rendered":"https:\/\/www.digital-pinball.com\/payment_methods\/"},"modified":"2024-03-31T09:11:52","modified_gmt":"2024-03-31T07:11:52","slug":"payment_methods","status":"publish","type":"page","link":"https:\/\/digital-pinball.com\/fr\/payment_methods\/","title":{"rendered":"m\u00e9thodes de payement"},"content":{"rendered":"<p><strong>Types de paiement<\/strong><\/p>\n<p>Nous vous proposons les types de paiement suivants. Parcourez simplement la liste pour trouver le meilleur type de paiement pour vous. Les frais de livraison peuvent varier selon le type de paiement s\u00e9lectionn\u00e9. Les prix indiqu\u00e9s dans les offres respectives sont d\u00e9finitifs et incluent tous les \u00e9l\u00e9ments de prix (y compris toute taxe applicable telle que la taxe sur la valeur ajout\u00e9e (TVA)). Les autres taxes (par exemple celles applicables aux achats intracommunautaires) et\/ou droits (par exemple les droits de douane) ne sont encourus que dans le cadre de transactions transfrontali\u00e8res et sont payables aux autorit\u00e9s douani\u00e8res et\/ou fiscales respectives et non au vendeur. Les frais d&#039;exp\u00e9dition et de livraison ne sont pas inclus dans le prix d&#039;achat et peuvent \u00eatre consult\u00e9s sur la page \u00ab\u00a0Frais d&#039;exp\u00e9dition\u00a0\u00bb. Ils sont indiqu\u00e9s s\u00e9par\u00e9ment lors du processus de commande et sont \u00e0 r\u00e9gler par vos soins en suppl\u00e9ment du prix d&#039;achat.<\/p>\n<p><em>Pr\u00e9l\u00e8vement automatique<\/em><\/p>\n<p>Nous collecterons le montant de la facture sur votre compte bancaire sp\u00e9cifi\u00e9 apr\u00e8s r\u00e9ception de votre commande.<\/p>\n<p><em>Carte de cr\u00e9dit<\/em><\/p>\n<p>Paiement par carte de cr\u00e9dit sans tracas.<\/p>\n<p><em>Pay Pal<\/em><\/p>\n<p>Le paiement est encore plus rapide et facile avec votre compte PayPal.<\/p>\n<p>Veuillez transf\u00e9rer le montant total d\u00fb sur notre compte\u00a0:<\/p>\n<p>Titulaire du compte : Michael Gruber<br \/>\nIBAN:<br \/>\nAT83 2081 5000 4312 2126<\/p>\n<p>BIC:<br \/>\nSTSPAT2GXXX<\/p>","protected":false},"excerpt":{"rendered":"<p>Types de paiement Nous vous proposons les types de paiement suivants. Parcourez simplement la liste pour trouver le meilleur type de paiement pour vous. Les frais de livraison peuvent varier selon le type de paiement s\u00e9lectionn\u00e9. Les prix indiqu\u00e9s dans les offres respectives sont d\u00e9finitifs et incluent tous les \u00e9l\u00e9ments de prix (y compris toute taxe applicable telle que la taxe sur la valeur ajout\u00e9e (TVA)). Autres imp\u00f4ts [\u2026]<\/p>","protected":false},"author":1,"featured_media":0,"parent":0,"menu_order":0,"comment_status":"closed","ping_status":"closed","template":"","meta":{"_et_pb_use_builder":"","_et_pb_old_content":"","_et_gb_content_width":"","footnotes":""},"class_list":["post-13230","page","type-page","status-publish","hentry"],"_links":{"self":[{"href":"https:\/\/digital-pinball.com\/fr\/wp-json\/wp\/v2\/pages\/13230","targetHints":{"allow":["GET"]}}],"collection":[{"href":"https:\/\/digital-pinball.com\/fr\/wp-json\/wp\/v2\/pages"}],"about":[{"href":"https:\/\/digital-pinball.com\/fr\/wp-json\/wp\/v2\/types\/page"}],"author":[{"embeddable":true,"href":"https:\/\/digital-pinball.com\/fr\/wp-json\/wp\/v2\/users\/1"}],"replies":[{"embeddable":true,"href":"https:\/\/digital-pinball.com\/fr\/wp-json\/wp\/v2\/comments?post=13230"}],"version-history":[{"count":2,"href":"https:\/\/digital-pinball.com\/fr\/wp-json\/wp\/v2\/pages\/13230\/revisions"}],"predecessor-version":[{"id":13249,"href":"https:\/\/digital-pinball.com\/fr\/wp-json\/wp\/v2\/pages\/13230\/revisions\/13249"}],"wp:attachment":[{"href":"https:\/\/digital-pinball.com\/fr\/wp-json\/wp\/v2\/media?parent=13230"}],"curies":[{"name":"wp","href":"https:\/\/api.w.org\/{rel}","templated":true}]}}