{"id":3835,"date":"2020-03-23T08:24:33","date_gmt":"2020-03-23T07:24:33","guid":{"rendered":"https:\/\/www.digital-pinball.com\/?post_type=product&#038;p=3835"},"modified":"2024-03-31T11:17:10","modified_gmt":"2024-03-31T09:17:10","slug":"nintendo-switch-pinball-machine","status":"publish","type":"product","link":"https:\/\/digital-pinball.com\/es\/virtual-pinball-store\/nintendo-switch-pinball-machine\/","title":{"rendered":"Kit de pinball para Nintendo Switch y PC"},"content":{"rendered":"<p>[et_pb_section fb_built=\u201d1\u2033 _builder_version=\u201d4.16\u2033 custom_padding=\u201d0px||||false|false\u201d bloqueado=\u201ddesactivado\u201d global_colors_info=\u201d{}\u201d][et_pb_row estructura_columna=\u201d1_2,1_2\u2033 _builder_version=\u201d4.16\u2033 tama\u00f1o_fondo=\u201dinicial\u201d posici\u00f3n_fondo=\u201dsuperior_izquierda\u201d repetici\u00f3n_fondo=\u201drepetir\u201d ancho=\u201d100%\u201d custom_padding=\u201d0px||0px||false|false\u201d global_colors_info=\u201d{}\u201d][et_pb_column tipo=\u201d1_2\u2033 _builder_version=\u201d4.16\u2033 custom_padding=\u201d|||\u201d global_colors_info=\u201d{}\u201d custom_padding__hover=\u201d|||\u201d][et_pb_wc_images sale_badge_color=\u201d#000000\u2033 _builder_version=\u201d4.16\u2033 custom_margin=\u201d||0px||false|false\u201d custom_padding=\u201d||0px||false|false\u201d global_colors_info=\u201d{}\u201d][\/et_pb_wc_images][\/et_pb_column][et_pb_column type=\u201d1_2\u2033 _builder_version=\u201d4.16\u2033 custom_padding=\u201d|||\u201d global_colors_info=\u201d{}\u201d custom_padding__hover=\u201d|||\u201d][et_pb_wc_title _builder_version=\u201d4.16\u2033 custom_padding=\u201d||0px|||\u201d global_colors_info=\u201d{}\u201d][\/et_pb_wc_title][et_pb_wc_rating _builder_version=\u201d4.16\u2033 rating_text_color=\u201d#000000\u2033 body_text_color=\u201d#000000\u2033 custom_margin=\u201d-2em|0em|-0.4em|0em|false|false\u201d global_colors_info=\u201d{}\u201d][\/et_pb_wc_rating][et_pb_wc_price _builder_version=\u201d4.16\u2033 body_text_color=\u201d#0c71c3\u2033 body_font_size=\u201d34px\u201d body_line_height=\u201d1em\u201d custom_padding=\u201d||0px||false|false\u201d global_colors_info=\u201d{}\u201d][\/et_pb_wc_price][et_pb_wc_description _builder_version=\u201d4.16\u2033 global_colors_info=\u201d{}\u201d][\/et_pb_wc_description][et_pb_wc_add_to_cart mostrar_cantidad=\u201ddesactivado\u201d mostrar_stock=\u201ddesactivado\u201d _builder_version=\u201d4.16\u2033 campos_fondo_color=\u201d#ffffff\u201d campo_etiqueta_texto_color=\u201d#000000\u2033 bot\u00f3n_personalizado=\u201dactivado\u201d bot\u00f3n_texto_color=\u201d#ffffff\u201d bot\u00f3n_bg_color=\u201d#000000\u2033 bot\u00f3n_icono=\u201d\ue07a||divi||400\u2033 bot\u00f3n_on_hover=\u201ddesactivado\u201d bot\u00f3n_padding_personalizado=\u201d|42px|||falso|falso\u201d relleno_personalizado=\u201d||0px|||\u201d color_del_texto_del_cuerpo=\u201d#000000\u2033 informaci\u00f3n_de_colores_global=\u201d{}\u201d][\/et_pb_wc_add_to_cart][\/et_pb_column][\/et_pb_row][et_pb_row _builder_version=\u201d4.16\u2033 _module_preset=\u201dpredeterminado\u201d ancho=\u201d100%\u201d relleno_personalizado=\u201d0px||0px|||\u201d global_colors_info=\u201d{}\u201d][et_pb_column type=\u201d4_4\u2033 _builder_version=\u201d4.16\u2033 _module_preset=\u201dpredeterminado\u201d global_colors_info=\u201d{}\u201d][et_pb_divider color=\u201d#000000\u2033 divider_weight=\u201d3px\u201d _builder_version=\u201d4.16\u2033 _module_preset=\u201dpredeterminado\u201d min_height=\u201d24.3px\u201d custom_margin=\u201d||-1px|||\u201d global_colors_info=\u201d{}\u201d][\/et_pb_divider][\/et_pb_column][\/et_pb_row][et_pb_row estructura_columna=\u201d1_3,1_3,1_3\u2033 _builder_version=\u201d4.16\u2033 _module_preset=\u201dpredeterminado\u201d ancho=\u201d100%\u201d altura_m\u00ednima=\u201d61px\u201d relleno_personalizado=\u201d||0px|||\u201d global_colors_info=\u201d{}\u201d][et_pb_column type=\u201d1_3\u2033 _builder_version=\u201d4.16\u2033 _module_preset=\u201ddefault\u201d global_colors_info=\u201d{}\u201d][et_pb_blurb title=\u201dgarant\u00eda de devoluci\u00f3n de dinero\u201d use_icon=\u201don\u201d font_icon=\u201d\ue0f3||divi||400\u2033 icon_color=\u201d#007fe0\u2033 icon_placement=\u201dleft\u201d image_icon_width=\u201d47px\u201d _builder_version=\u201d4.16\u2033 _module_preset=\u201ddefault\u201d icon_font_size=\u201d47px\u201d global_colors_info=\u201d{}\u201d]14 d\u00edas de garant\u00eda de devoluci\u00f3n de dinero<br \/>\nno se hicieron preguntas<br \/>\n[\/et_pb_blurb][\/et_pb_column][et_pb_column type=\u201d1_3\u2033 _builder_version=\u201d4.16\u2033 _module_preset=\u201ddefault\u201d global_colors_info=\u201d{}\u201d][et_pb_blurb title=\u201dEnv\u00edo r\u00e1pido\u201d use_icon=\u201don\u201d font_icon=\u201d\ue06b||divi||400\u2033 icon_color=\u201d#007fe0\u2033 icon_placement=\u201dleft\u201d image_icon_width=\u201d47px\u201d _builder_version=\u201d4.16\u2033 _module_preset=\u201ddefault\u201d icon_font_size=\u201d47px\u201d global_colors_info=\u201d{}\u201d]Todos los art\u00edculos en stock se env\u00edan en 1-3 d\u00edas. En todo el mundo<\/p>\n<p>&nbsp;<br \/>\n[\/et_pb_blurb][\/et_pb_column][et_pb_column type=\u201d1_3\u2033 _builder_version=\u201d4.16\u2033 _module_preset=\u201ddefault\u201d global_colors_info=\u201d{}\u201d][et_pb_blurb title=\u201dPago seguro\u201d use_icon=\u201don\u201d font_icon=\u201d\ue0d9||divi||400\u2033 icon_color=\u201d#007fe0\u2033 icon_placement=\u201dleft\u201d image_icon_width=\u201d47px\u201d _builder_version=\u201d4.16\u2033 _module_preset=\u201ddefault\u201d icon_font_size=\u201d47px\u201d global_colors_info=\u201d{}\u201d font_icon__hover_enabled=\u201doff|desktop\u201d]Pague con PayPal, tarjeta de cr\u00e9dito o transferencia bancaria<br \/>\n[\/et_pb_blurb][\/et_pb_column][\/et_pb_row][et_pb_row _builder_version=\u201d4.16\u2033 _module_preset=\u201dpredeterminado\u201d ancho=\u201d100%\u201d relleno_personalizado=\u201d0px||0px|||\u201d informaci\u00f3n_de_colores_global=\u201d{}\u201d][et_pb_column tipo=\u201d4_4\u2033 _builder_version=\u201d4.16\u2033 _module_preset=\u201dpredeterminado\u201d informaci\u00f3n_de_colores_global=\u201d{}\u201d][et_pb_divider color=\u201d#000000\u2033 peso_del_divisor=\u201d3px\u201d _builder_version=\u201d4.16\u2033 _module_preset=\u201dpredeterminado\u201d altura_m\u00ednima=\u201d24.3px\u201d margen_personalizado=\u201d||-1px|||\u201d global_colors_info=\u201d{}\u201d][\/et_pb_divider][\/et_pb_column][\/et_pb_row][et_pb_row estructura_columna=\u201d1_2,1_2\u2033 _builder_version=\u201d4.16\u2033 tama\u00f1o_fondo=\u201dinicial\u201d posici\u00f3n_fondo=\u201dsuperior_izquierda\u201d repetici\u00f3n_fondo=\u201drepetir\u201d ancho=\u201d100%\u201d bloqueado=\u201ddesactivado\u201d global_colors_info=\u201d{}\u201d][et_pb_column tipo=\u201d1_2\u2033 _builder_version=\u201d4.16\u2033 _module_preset=\u201dpredeterminado\u201d global_colors_info=\u201d{}\u201d][et_pb_wc_tabs incluir_tabs=\u201ddescripci\u00f3n||rese\u00f1as\u201d _builder_version=\u201d4.21.0\u2033 global_colors_info=\u201d{}\u201d] [\/et_pb_wc_tabs][\/et_pb_column][et_pb_column type=\u201d1_2\u2033 _builder_version=\u201d4.16\u2033 custom_padding=\u201d|||\u201d global_colors_info=\u201d{}\u201d custom_padding__hover=\u201d|||\u201d][et_pb_text admin_label=\u201dT\u00edtulo\u201d _builder_version=\u201d4.16\u2033 text_font=\u201dNunito||||||||\u201d text_font_size=\u201d18px\u201d text_line_height=\u201d1.8em\u201d header_font=\u201d|||||||||\u201d header_2_font=\u201dOswald|||en|||||\u201d header_2_text_align=\u201dcenter\u201d header_2_font_size=\u201d40px\u201d header_2_letter_spacing=\u201d1px\u201d header_2_line_height=\u201d1.5em\u201d header_3_font=\u201d|||||||||\u201d ancho_m\u00e1ximo=\u201d600px\u201d ancho_m\u00e1ximo_\u00faltima_edici\u00f3n=\u201doff|desktop\u201d module_alignment=\u201dcenter\u201d altura_m\u00ednima=\u201d10px\u201d margen_personalizado=\u201d||-2px|214px||\u201d bloqueado=\u201doff\u201d global_colors_info=\u201d{}\u201d]<\/p>\n<h2><span style=\"color: #000000;\"><span style=\"caret-color: #000000;\">OPINIONES DE YOUTUBE<\/span><\/span><\/h2>\n<p>[\/et_pb_text][et_pb_video_slider _builder_version=\u201d4.21.0\u2033 _module_preset=\u201dpredeterminado\u201d global_colors_info=\u201d{}\u201d][et_pb_video_slider_item src=\u201dhttps:\/\/youtu.be\/W66-Y6qCh8o?si=-rmFd4wlJ0iRWakC\u201d _builder_version=\u201d4.21.0\u2033 _module_preset=\u201dpredeterminado\u201d global_colors_info=\u201d{}\u201d show_image_overlay=\u201doff\u201d][\/et_pb_video_slider_item][\/et_pb_video_slider][et_pb_button bot\u00f3n_url=\u201dhttps:\/\/www.youtube.com\/results?search_query=sharpin+pinball\u201d bot\u00f3n_texto=\u201dm\u00e1s v\u00eddeos\u201d bot\u00f3n_alineaci\u00f3n=\u201dcentro\u201d _builder_version=\u201d4.16\u2033 _module_preset=\u201dpredeterminado\u201d bot\u00f3n_personalizado=\u201dactivado\u201d color_texto_bot\u00f3n=\u201d#ffffff\u201d color_bg_bot\u00f3n=\u201d#e02b20\u2033 icono_bot\u00f3n=\u201d\ue0a3||divi||400\u2033 bot\u00f3n_al_pasar_por_el_hover=\u201ddesactivado\u201d relleno_personalizado=\u201d|46px|||falso|falso\u201d informaci\u00f3n_colores_globales=\u201d{}\u201d][\/et_pb_button][\/et_pb_column][\/et_pb_row][et_pb_row _builder_version=\u201d4.21.0\u2033 _module_preset=\u201dpredeterminado\u201d ancho=\u201d100%\u201d informaci\u00f3n_colores_globales=\u201d{}\u201d][et_pb_column tipo=\u201d4_4\u2033 _builder_version=\u201d4.21.0\u2033 _module_preset=\u201dpredeterminado\u201d informaci\u00f3n_global_colores=\u201d{}\u201d][et_pb_text _builder_version=\u201d4.21.0\u2033 _module_preset=\u201dpredeterminado\u201d informaci\u00f3n_global_colores=\u201d{}\u201d]<\/p>\n<article>\n<h1>Kit de pinball virtual definitivo para Nintendo Switch<\/h1>\n<p>Libera al entusiasta de los juegos arcade que llevas dentro con el <strong>Controlador de pinball virtual para Switch<\/strong>, el complemento perfecto para tu <strong>Accesorios para Nintendo Switch<\/strong>. Sum\u00e9rgete en cl\u00e1sicos como <em>efectos de pinball<\/em> y <em>Pinball de la Guerra de las Galaxias<\/em> o descubre nuevos favoritos entre la rica biblioteca de <strong>Juegos de pinball para Nintendo Switch<\/strong>.<\/p>\n<p>Nuestro <strong>Controlador de pinball compatible con interruptor<\/strong> est\u00e1 dise\u00f1ado para todos los niveles de jugadores, ya sea que est\u00e9s buscando <strong>mejores juegos de switch fisico<\/strong> o <strong>Juegos de Nintendo Switch para ni\u00f1os<\/strong>. No es s\u00f3lo un juego; es un <strong>Interruptor de experiencia de pinball realista<\/strong> Los jugadores pueden disfrutar desde casa con nuestro <strong>Cambiar la configuraci\u00f3n de inicio de Pinball<\/strong>.<\/p>\n<p>Con un <strong>dise\u00f1o compacto<\/strong>, este <strong>Interruptor de kit de juego de pinball port\u00e1til<\/strong> a los usuarios les encanta ofrece la flexibilidad de jugar en cualquier lugar. Transforma tu Switch en un <strong>m\u00e1quina de pinball<\/strong> con este innovador accesorio. es un todo en uno <strong>Paquete de pinball digital para Switch<\/strong> que tambi\u00e9n funciona como una forma emocionante de mejorar la noche de juegos familiar con <strong>pinball interactivo para jugadores de Switch<\/strong>.<\/p>\n<p>\u00bfBusca una soluci\u00f3n de juego integral? No busque m\u00e1s. Nuestro kit proporciona una <strong>Centro de pinball virtual para Switch<\/strong>, permiti\u00e9ndote alternar entre tus t\u00edtulos de pinball favoritos con facilidad. Si eres fan\u00e1tico de la din\u00e1mica f\u00edsica del juego, la respuesta t\u00e1ctil de nuestro controlador lo convierte en un <strong>Juego de pinball mejorado en Switch<\/strong>.<\/p>\n<p>\u00bfPor qu\u00e9 conformarse con menos cuando puedes tener lo mejor? Mejore sus sesiones de juego con nuestro <strong>Arcade de pinball definitivo para Switch<\/strong>. No se trata s\u00f3lo de juegos; se trata de crear experiencias memorables. Abraza el mundo del pinball virtual y convi\u00e9rtete en un verdadero <strong>Kit de asistente de pinball para Switch<\/strong> entusiastas hoy!<\/p>\n<\/article>\n<p>[\/ et_pb_text] [\/ et_pb_column] [\/ et_pb_row] [\/ et_pb_section]<\/p>","protected":false},"excerpt":{"rendered":"<p>No incluye Nintendo Switch<\/p>\n<p><span style=\"color: #339966;\"><strong>en stock<\/strong><\/span><\/p>","protected":false},"featured_media":15787,"template":"","meta":{"_et_pb_use_builder":"on","_et_pb_old_content":"Compatible with Nintendo Switch and PC You get a prepared kit of the Sharpin Switch. Assembled in about 15 minutes. No Nintendo Switch included.\r\n\r\n<strong>The kit contains: <\/strong>\r\n<ul>\r\n \t<li>cnc cut wood cabinet (543mm x 334mm x 260mm)<\/li>\r\n \t<li>arcade button encoder<\/li>\r\n \t<li>arcade buttons<\/li>\r\n \t<li>2x \u00a0speaker<\/li>\r\n \t<li>22\" High-Quality FULL HD Display<\/li>\r\n \t<li>designed decals<\/li>\r\n \t<li>side rails<\/li>\r\n \t<li>screws<\/li>\r\n \t<li>instruction manual<\/li>\r\n<\/ul>\r\n&nbsp;\r\n\r\nSharpin Pinball is not associated with Nintendo or any App on the Nintendo Store. All trademarks, logos and brand names are the property of their respective owners. All company, product and service names used in this website are for identification purposes only.","_et_gb_content_width":""},"product_brand":[],"product_cat":[30,177],"product_tag":[],"class_list":{"0":"post-3835","1":"product","2":"type-product","3":"status-publish","4":"has-post-thumbnail","6":"product_cat-bartop","7":"product_cat-weship","9":"first","10":"instock","11":"taxable","12":"shipping-taxable","13":"purchasable","14":"product-type-simple"},"_links":{"self":[{"href":"https:\/\/digital-pinball.com\/es\/wp-json\/wp\/v2\/product\/3835","targetHints":{"allow":["GET"]}}],"collection":[{"href":"https:\/\/digital-pinball.com\/es\/wp-json\/wp\/v2\/product"}],"about":[{"href":"https:\/\/digital-pinball.com\/es\/wp-json\/wp\/v2\/types\/product"}],"wp:featuredmedia":[{"embeddable":true,"href":"https:\/\/digital-pinball.com\/es\/wp-json\/wp\/v2\/media\/15787"}],"wp:attachment":[{"href":"https:\/\/digital-pinball.com\/es\/wp-json\/wp\/v2\/media?parent=3835"}],"wp:term":[{"taxonomy":"product_brand","embeddable":true,"href":"https:\/\/digital-pinball.com\/es\/wp-json\/wp\/v2\/product_brand?post=3835"},{"taxonomy":"product_cat","embeddable":true,"href":"https:\/\/digital-pinball.com\/es\/wp-json\/wp\/v2\/product_cat?post=3835"},{"taxonomy":"product_tag","embeddable":true,"href":"https:\/\/digital-pinball.com\/es\/wp-json\/wp\/v2\/product_tag?post=3835"}],"curies":[{"name":"wp","href":"https:\/\/api.w.org\/{rel}","templated":true}]}}