{"id":15872,"date":"2023-04-25T16:09:42","date_gmt":"2023-04-25T14:09:42","guid":{"rendered":"https:\/\/www.digital-pinball.com\/?post_type=product&#038;p=15872"},"modified":"2024-03-12T15:14:39","modified_gmt":"2024-03-12T14:14:39","slug":"arcade-for-nintendo-switch","status":"publish","type":"product","link":"https:\/\/digital-pinball.com\/es\/virtual-pinball-store\/arcade-for-nintendo-switch\/","title":{"rendered":"Arcade para Nintendo Switch"},"content":{"rendered":"<p>[et_pb_section fb_built=\u201d1\u2033 _builder_version=\u201d4.16\u2033 custom_padding=\u201d0px||||false|false\u201d global_colors_info=\u201d{}\u201d][et_pb_row estructura_columna=\u201d1_2,1_2\u2033 _builder_version=\u201d4.16\u2033 tama\u00f1o_fondo=\u201dinicial\u201d posici\u00f3n_fondo=\u201dsuperior_izquierda\u201d repetici\u00f3n_fondo=\u201drepetir\u201d ancho=\u201d100%\u201d custom_padding=\u201d0px||0px||false|false\u201d hover_enabled=\u201d0\u2033 global_colors_info=\u201d{}\u201d sticky_enabled=\u201d0\u2033][et_pb_column tipo=\u201d1_2\u2033 _builder_version=\u201d4.16\u2033 custom_padding=\u201d|||\u201d global_colors_info=\u201d{}\u201d custom_padding__hover=\u201d|||\u201d][et_pb_wc_images sale_badge_color=\u201d#000000\u2033 _builder_version=\u201d4.16\u2033 custom_margin=\u201d||0px||false|false\u201d custom_padding=\u201d||0px||false|false\u201d global_colors_info=\u201d{}\u201d][\/et_pb_wc_images][\/et_pb_column][et_pb_column type=\u201d1_2\u2033 _builder_version=\u201d4.16\u2033 custom_padding=\u201d|||\u201d global_colors_info=\u201d{}\u201d custom_padding__hover=\u201d|||\u201d][et_pb_wc_title _builder_version=\u201d4.16\u2033 custom_padding=\u201d||0px|||\u201d global_colors_info=\u201d{}\u201d][\/et_pb_wc_title][et_pb_wc_rating producto=\u201d14246\u2033 mostrar_rese\u00f1as_enlace=\u201doff\u201d _builder_version=\u201d4.21.0\u2033 color_texto_calificaci\u00f3n=\u201d#000000\u2033 color_texto_cuerpo=\u201d#000000\u2033 margen_personalizado=\u201d-2em|0em|-0.4em|0em|false|false\u201d global_colors_info=\u201d{}\u201d][\/et_pb_wc_rating][et_pb_wc_price _builder_version=\u201d4.16\u2033 color_texto_cuerpo=\u201d#0c71c3\u2033 tama\u00f1o_fuente_cuerpo=\u201d34px\u201d altura_l\u00ednea_cuerpo=\u201d1em\u201d padding_personalizado=\u00bb||0px||false|false\u00bb informaci\u00f3n_colores_global=\u00bb{}\u00bb][\/et_pb_wc_price][et_pb_wc_description _builder_version=\u00bb4.16\u2033 informaci\u00f3n_colores_global=\u00bb{}\u00bb][\/et_pb_wc_description][et_pb_wc_add_to_cart mostrar_cantidad=\u00bbdesactivado\u00bb mostrar_stock=\u00bbdesactivado\u00bb _builder_version=\u00bb4.16\u2033 color_fondo_campos=\u00bb#ffffff\u00bb color_texto_etiqueta_campo=\u00bb#000000\u2033 bot\u00f3n_personalizado=\u00bbactivado\u00bb color_texto_bot\u00f3n=\u00bb#ffffff\u00bb color_fondo_bot\u00f3n=\u00bb#000000\u2033 icono_bot\u00f3n=\u00bb\ue07a||divi||400\u2033 bot\u00f3n_on_hover=\u00bbdesactivado\u00bb bot\u00f3n_padding_personalizado=\u201d|42px|||falso|falso\u201d relleno_personalizado=\u201d||0px|||\u201d color_del_texto_del_cuerpo=\u201d#000000\u2033 informaci\u00f3n_de_colores_global=\u201d{}\u201d][\/et_pb_wc_add_to_cart][\/et_pb_column][\/et_pb_row][et_pb_row _builder_version=\u201d4.16\u2033 _module_preset=\u201dpredeterminado\u201d ancho=\u201d100%\u201d relleno_personalizado=\u201d0px||0px|||\u201d global_colors_info=\u201d{}\u201d][et_pb_column type=\u201d4_4\u2033 _builder_version=\u201d4.16\u2033 _module_preset=\u201dpredeterminado\u201d global_colors_info=\u201d{}\u201d][et_pb_divider color=\u201d#000000\u2033 divider_weight=\u201d3px\u201d _builder_version=\u201d4.16\u2033 _module_preset=\u201dpredeterminado\u201d min_height=\u201d24.3px\u201d custom_margin=\u201d||-1px|||\u201d global_colors_info=\u201d{}\u201d][\/et_pb_divider][\/et_pb_column][\/et_pb_row][et_pb_row estructura_columna=\u201d1_3,1_3,1_3\u2033 _builder_version=\u201d4.16\u2033 _module_preset=\u201dpredeterminado\u201d ancho=\u201d100%\u201d altura_m\u00ednima=\u201d61px\u201d relleno_personalizado=\u201d||0px|||\u201d global_colors_info=\u201d{}\u201d][et_pb_column type=\u201d1_3\u2033 _builder_version=\u201d4.16\u2033 _module_preset=\u201ddefault\u201d global_colors_info=\u201d{}\u201d][et_pb_blurb title=\u201dgarant\u00eda de devoluci\u00f3n de dinero\u201d use_icon=\u201don\u201d font_icon=\u201d\ue0f3||divi||400\u2033 icon_color=\u201d#007fe0\u2033 icon_placement=\u201dleft\u201d image_icon_width=\u201d47px\u201d _builder_version=\u201d4.16\u2033 _module_preset=\u201ddefault\u201d icon_font_size=\u201d47px\u201d global_colors_info=\u201d{}\u201d]14 d\u00edas de garant\u00eda de devoluci\u00f3n de dinero<br \/>\nno se hicieron preguntas<br \/>\n[\/et_pb_blurb][\/et_pb_column][et_pb_column type=\u201d1_3\u2033 _builder_version=\u201d4.16\u2033 _module_preset=\u201ddefault\u201d global_colors_info=\u201d{}\u201d][et_pb_blurb title=\u201dEnv\u00edo r\u00e1pido\u201d use_icon=\u201don\u201d font_icon=\u201d\ue06b||divi||400\u2033 icon_color=\u201d#007fe0\u2033 icon_placement=\u201dleft\u201d image_icon_width=\u201d47px\u201d _builder_version=\u201d4.16\u2033 _module_preset=\u201ddefault\u201d icon_font_size=\u201d47px\u201d global_colors_info=\u201d{}\u201d]Todos los art\u00edculos en stock se env\u00edan en 1-3 d\u00edas. En todo el mundo<\/p>\n<p>&nbsp;<br \/>\n[\/et_pb_blurb][\/et_pb_column][et_pb_column type=\u201d1_3\u2033 _builder_version=\u201d4.16\u2033 _module_preset=\u201ddefault\u201d global_colors_info=\u201d{}\u201d][et_pb_blurb title=\u201dPago seguro\u201d use_icon=\u201don\u201d font_icon=\u201d\ue0d9||divi||400\u2033 icon_color=\u201d#007fe0\u2033 icon_placement=\u201dleft\u201d image_icon_width=\u201d47px\u201d _builder_version=\u201d4.16\u2033 _module_preset=\u201ddefault\u201d icon_font_size=\u201d47px\u201d global_colors_info=\u201d{}\u201d font_icon__hover_enabled=\u201doff|desktop\u201d]Pague con PayPal, tarjeta de cr\u00e9dito o transferencia bancaria<br \/>\n[\/et_pb_blurb][\/et_pb_column][\/et_pb_row][et_pb_row _builder_version=\u201d4.16\u2033 _module_preset=\u201dpredeterminado\u201d ancho=\u201d100%\u201d relleno_personalizado=\u201d0px||0px|||\u201d informaci\u00f3n_de_colores_global=\u201d{}\u201d][et_pb_column tipo=\u201d4_4\u2033 _builder_version=\u201d4.16\u2033 _module_preset=\u201dpredeterminado\u201d informaci\u00f3n_de_colores_global=\u201d{}\u201d][et_pb_divider color=\u201d#000000\u2033 peso_del_divisor=\u201d3px\u201d _builder_version=\u201d4.16\u2033 _module_preset=\u201dpredeterminado\u201d altura_m\u00ednima=\u201d24.3px\u201d margen_personalizado=\u201d||-1px|||\u201d global_colors_info=\u201d{}\u201d][\/et_pb_divider][\/et_pb_column][\/et_pb_row][et_pb_row estructura_columna=\u201d1_2,1_2\u2033 _builder_version=\u201d4.16\u2033 tama\u00f1o_fondo=\u201dinicial\u201d posici\u00f3n_fondo=\u201dsuperior_izquierda\u201d repetici\u00f3n_fondo=\u201drepetir\u201d ancho=\u201d100%\u201d bloqueado=\u201ddesactivado\u201d global_colors_info=\u201d{}\u201d][et_pb_column tipo=\u201d1_2\u2033 _builder_version=\u201d4.16\u2033 _module_preset=\u201dpredeterminado\u201d global_colors_info=\u201d{}\u201d][et_pb_wc_tabs include_tabs=\u201ddescripci\u00f3n||rese\u00f1as\u201d _builder_version=\u201d4.16\u2033 global_colors_info=\u201d{}\u201d] [\/et_pb_wc_tabs][\/et_pb_column][et_pb_column tipo=\u201d1_2\u2033 _builder_version=\u201d4.16\u2033 relleno_personalizado=\u201d|||\u201d global_colors_info=\u201d{}\u201d custom_padding__hover=\u201d|||\u201d][et_pb_text _builder_version=\u201d4.16\u2033 _module_preset=\u201dpredeterminado\u201d color_texto=\u201d#00000\u2033 color_texto_encabezado=\u201d#0c71c3\u2033 color_texto_encabezado=\u201d#0c71c3\u2033 color_texto_encabezado=\u201d#0c71c3\u2033 color_texto_encabezado=\u201d#e02b20\u2033 color_texto_encabezado=\u201d#0c71c3\u2033 margen_personalizado=\u201d21px||||falso|falso\u201d relleno_personalizado=\u201d17px||13px|12px|falso|falso\u201d ancho_border_all=\u201d5px\u201d color_border_all=\u201d#e02b20\u2033 border_style_all=\u201ddiscontinuo\u201d box_shadow_style=\u201dpreset3\u2033 global_colors_info=\u201d{}\u201d]<\/p>\n<h3><strong>Nunca te pierdas una venta:<\/strong><\/h3>\n<div class=\"tnp tnp-subscription-minimal\"><form action=\"https:\/\/digital-pinball.com\/wp-admin\/admin-ajax.php?action=tnp&amp;na=s\" method=\"post\" style=\"text-align: center\"><input type='hidden' name='nl[]' value='13'>\n<input type=\"hidden\" name=\"nr\" value=\"minimal\">\n<input type=\"hidden\" name=\"nlang\" value=\"\">\n<input class=\"tnp-email\" type=\"email\" required name=\"ne\" value=\"\" placeholder=\"Email\"><input class=\"tnp-submit\" type=\"submit\" value=\"enviar\" style=\"\">\n<div class=\"tnp-field tnp-privacy-field\"><label><input type=\"checkbox\" name=\"ny\" required class=\"tnp-privacy\"> <a target=\"_blank\" href=\"https:\/\/digital-pinball.com\/privacy\/\">Acepto la pol\u00edtica de privacidad*<\/a><\/label><\/div><\/form><\/div>\n\n<p>[\/ et_pb_text] [\/ et_pb_column] [\/ et_pb_row] [\/ et_pb_section]<\/p>","protected":false},"excerpt":{"rendered":"<p><strong>en stock<\/strong><\/p>\n<p>Necesitas una Nintendo Switch para jugar<\/p>\n<p><strong>para cargar tambi\u00e9n su dispositivo mientras juega, puede agregar el cable USB C Y:<\/strong><br \/>\n<a href=\"https:\/\/digital-pinball.com\/00\/usb-c-double-cable\/\">ir al producto<\/a><\/p>\n<p>&nbsp;<\/p>","protected":false},"featured_media":15890,"template":"","meta":{"_et_pb_use_builder":"on","_et_pb_old_content":"Introducing the ultimate gaming experience - the arcade machine for the Nintendo Switch! This sleek and stylish arcade machine is the perfect addition to any gamer's collection. Simply slide in your Nintendo Switch and start playing all of your favorite games with the joystick and buttons.\r\n\r\nWhether you're looking to relive the nostalgia of classic arcade games or take your modern gaming to the next level, this arcade machine has got you covered. With its intuitive controls and seamless integration with the Nintendo Switch, you'll be able to play your favorite games for hours on end.\r\n\r\nDon't settle for anything less than the best. Get your hands on the arcade machine for the Nintendo Switch today and experience gaming like never before!","_et_gb_content_width":""},"product_brand":[],"product_cat":[30,173,177],"product_tag":[],"class_list":{"0":"post-15872","1":"product","2":"type-product","3":"status-publish","4":"has-post-thumbnail","6":"product_cat-bartop","7":"product_cat-best-seller","8":"product_cat-weship","10":"first","11":"instock","12":"taxable","13":"shipping-taxable","14":"purchasable","15":"product-type-simple"},"_links":{"self":[{"href":"https:\/\/digital-pinball.com\/es\/wp-json\/wp\/v2\/product\/15872","targetHints":{"allow":["GET"]}}],"collection":[{"href":"https:\/\/digital-pinball.com\/es\/wp-json\/wp\/v2\/product"}],"about":[{"href":"https:\/\/digital-pinball.com\/es\/wp-json\/wp\/v2\/types\/product"}],"wp:featuredmedia":[{"embeddable":true,"href":"https:\/\/digital-pinball.com\/es\/wp-json\/wp\/v2\/media\/15890"}],"wp:attachment":[{"href":"https:\/\/digital-pinball.com\/es\/wp-json\/wp\/v2\/media?parent=15872"}],"wp:term":[{"taxonomy":"product_brand","embeddable":true,"href":"https:\/\/digital-pinball.com\/es\/wp-json\/wp\/v2\/product_brand?post=15872"},{"taxonomy":"product_cat","embeddable":true,"href":"https:\/\/digital-pinball.com\/es\/wp-json\/wp\/v2\/product_cat?post=15872"},{"taxonomy":"product_tag","embeddable":true,"href":"https:\/\/digital-pinball.com\/es\/wp-json\/wp\/v2\/product_tag?post=15872"}],"curies":[{"name":"wp","href":"https:\/\/api.w.org\/{rel}","templated":true}]}}