{"id":15871,"date":"2023-04-25T16:03:11","date_gmt":"2023-04-25T14:03:11","guid":{"rendered":"https:\/\/www.digital-pinball.com\/?post_type=product&#038;p=15871"},"modified":"2024-03-12T15:14:17","modified_gmt":"2024-03-12T14:14:17","slug":"arcade-for-android","status":"publish","type":"product","link":"https:\/\/digital-pinball.com\/es\/virtual-pinball-store\/arcade-for-android\/","title":{"rendered":"Arcade para tel\u00e9fonos inteligentes Android"},"content":{"rendered":"<p>[et_pb_section fb_built=\u201d1\u2033 _builder_version=\u201d4.16\u2033 custom_padding=\u201d0px||||false|false\u201d global_colors_info=\u201d{}\u201d][et_pb_row estructura_columna=\u201d1_2,1_2\u2033 _builder_version=\u201d4.16\u2033 tama\u00f1o_fondo=\u201dinicial\u201d posici\u00f3n_fondo=\u201dsuperior_izquierda\u201d repetici\u00f3n_fondo=\u201drepetir\u201d ancho=\u201d100%\u201d custom_padding=\u201d0px||0px||false|false\u201d global_colors_info=\u201d{}\u201d][et_pb_column tipo=\u201d1_2\u2033 _builder_version=\u201d4.16\u2033 custom_padding=\u201d|||\u201d global_colors_info=\u201d{}\u201d custom_padding__hover=\u201d|||\u201d][et_pb_wc_images sale_badge_color=\u201d#000000\u2033 _builder_version=\u201d4.16\u2033 custom_margin=\u201d||0px||false|false\u201d custom_padding=\u201d||0px||false|false\u201d global_colors_info=\u201d{}\u201d][\/et_pb_wc_images][\/et_pb_column][et_pb_column type=\u201d1_2\u2033 _builder_version=\u201d4.16\u2033 custom_padding=\u201d|||\u201d global_colors_info=\u201d{}\u201d custom_padding__hover=\u201d|||\u201d][et_pb_wc_title _builder_version=\u201d4.16\u2033 custom_padding=\u201d||0px|||\u201d global_colors_info=\u201d{}\u201d][\/et_pb_wc_title][et_pb_wc_rating _builder_version=\u201d4.16\u2033 rating_text_color=\u201d#000000\u2033 body_text_color=\u201d#000000\u2033 custom_margin=\u201d-2em|0em|-0.4em|0em|false|false\u201d global_colors_info=\u201d{}\u201d][\/et_pb_wc_rating][et_pb_wc_price _builder_version=\u201d4.16\u2033 body_text_color=\u201d#0c71c3\u2033 body_font_size=\u201d34px\u201d body_line_height=\u201d1em\u201d custom_padding=\u201d||0px||false|false\u201d global_colors_info=\u201d{}\u201d][\/et_pb_wc_price][et_pb_wc_description _builder_version=\u201d4.16\u2033 global_colors_info=\u201d{}\u201d][\/et_pb_wc_description][et_pb_wc_add_to_cart mostrar_cantidad=\u201ddesactivado\u201d mostrar_stock=\u201ddesactivado\u201d _builder_version=\u201d4.16\u2033 campos_fondo_color=\u201d#ffffff\u201d campo_etiqueta_texto_color=\u201d#000000\u2033 bot\u00f3n_personalizado=\u201dactivado\u201d bot\u00f3n_texto_color=\u201d#ffffff\u201d bot\u00f3n_bg_color=\u201d#000000\u2033 bot\u00f3n_icono=\u201d\ue07a||divi||400\u2033 bot\u00f3n_on_hover=\u201ddesactivado\u201d bot\u00f3n_padding_personalizado=\u201d|42px|||falso|falso\u201d relleno_personalizado=\u201d||0px|||\u201d color_del_texto_del_cuerpo=\u201d#000000\u2033 informaci\u00f3n_de_colores_global=\u201d{}\u201d][\/et_pb_wc_add_to_cart][\/et_pb_column][\/et_pb_row][et_pb_row _builder_version=\u201d4.16\u2033 _module_preset=\u201dpredeterminado\u201d ancho=\u201d100%\u201d relleno_personalizado=\u201d0px||0px|||\u201d global_colors_info=\u201d{}\u201d][et_pb_column type=\u201d4_4\u2033 _builder_version=\u201d4.16\u2033 _module_preset=\u201dpredeterminado\u201d global_colors_info=\u201d{}\u201d][et_pb_divider color=\u201d#000000\u2033 divider_weight=\u201d3px\u201d _builder_version=\u201d4.16\u2033 _module_preset=\u201dpredeterminado\u201d min_height=\u201d24.3px\u201d custom_margin=\u201d||-1px|||\u201d global_colors_info=\u201d{}\u201d][\/et_pb_divider][\/et_pb_column][\/et_pb_row][et_pb_row estructura_columna=\u201d1_3,1_3,1_3\u2033 _builder_version=\u201d4.16\u2033 _module_preset=\u201dpredeterminado\u201d ancho=\u201d100%\u201d altura_m\u00ednima=\u201d61px\u201d relleno_personalizado=\u201d||0px|||\u201d global_colors_info=\u201d{}\u201d][et_pb_column type=\u201d1_3\u2033 _builder_version=\u201d4.16\u2033 _module_preset=\u201ddefault\u201d global_colors_info=\u201d{}\u201d][et_pb_blurb title=\u201dgarant\u00eda de devoluci\u00f3n de dinero\u201d use_icon=\u201don\u201d font_icon=\u201d\ue0f3||divi||400\u2033 icon_color=\u201d#007fe0\u2033 icon_placement=\u201dleft\u201d image_icon_width=\u201d47px\u201d _builder_version=\u201d4.16\u2033 _module_preset=\u201ddefault\u201d icon_font_size=\u201d47px\u201d global_colors_info=\u201d{}\u201d]14 d\u00edas de garant\u00eda de devoluci\u00f3n de dinero<br \/>\nno se hicieron preguntas<br \/>\n[\/et_pb_blurb][\/et_pb_column][et_pb_column type=\u201d1_3\u2033 _builder_version=\u201d4.16\u2033 _module_preset=\u201ddefault\u201d global_colors_info=\u201d{}\u201d][et_pb_blurb title=\u201dEnv\u00edo r\u00e1pido\u201d use_icon=\u201don\u201d font_icon=\u201d\ue06b||divi||400\u2033 icon_color=\u201d#007fe0\u2033 icon_placement=\u201dleft\u201d image_icon_width=\u201d47px\u201d _builder_version=\u201d4.16\u2033 _module_preset=\u201ddefault\u201d icon_font_size=\u201d47px\u201d global_colors_info=\u201d{}\u201d]Todos los art\u00edculos en stock se env\u00edan en 1-3 d\u00edas. En todo el mundo<\/p>\n<p>[\/et_pb_blurb][\/et_pb_column][et_pb_column type=\u201d1_3\u2033 _builder_version=\u201d4.16\u2033 _module_preset=\u201ddefault\u201d global_colors_info=\u201d{}\u201d][et_pb_blurb title=\u201dPago seguro\u201d use_icon=\u201don\u201d font_icon=\u201d\ue0d9||divi||400\u2033 icon_color=\u201d#007fe0\u2033 icon_placement=\u201dleft\u201d image_icon_width=\u201d47px\u201d _builder_version=\u201d4.16\u2033 _module_preset=\u201ddefault\u201d icon_font_size=\u201d47px\u201d global_colors_info=\u201d{}\u201d font_icon__hover_enabled=\u201doff|desktop\u201d]Pague con PayPal, tarjeta de cr\u00e9dito o transferencia bancaria<br \/>\n[\/et_pb_blurb][\/et_pb_column][\/et_pb_row][et_pb_row _builder_version=\u201d4.16\u2033 _module_preset=\u201dpredeterminado\u201d ancho=\u201d100%\u201d relleno_personalizado=\u201d0px||0px|||\u201d informaci\u00f3n_de_colores_global=\u201d{}\u201d][et_pb_column tipo=\u201d4_4\u2033 _builder_version=\u201d4.16\u2033 _module_preset=\u201dpredeterminado\u201d informaci\u00f3n_de_colores_global=\u201d{}\u201d][et_pb_divider color=\u201d#000000\u2033 peso_del_divisor=\u201d3px\u201d _builder_version=\u201d4.16\u2033 _module_preset=\u201dpredeterminado\u201d altura_m\u00ednima=\u201d24.3px\u201d margen_personalizado=\u201d||-1px|||\u201d global_colors_info=\u201d{}\u201d][\/et_pb_divider][\/et_pb_column][\/et_pb_row][et_pb_row estructura_columna=\u201d1_2,1_2\u2033 _builder_version=\u201d4.16\u2033 tama\u00f1o_fondo=\u201dinicial\u201d posici\u00f3n_fondo=\u201dsuperior_izquierda\u201d repetici\u00f3n_fondo=\u201drepetir\u201d ancho=\u201d100%\u201d bloqueado=\u201ddesactivado\u201d global_colors_info=\u201d{}\u201d][et_pb_column tipo=\u201d1_2\u2033 _builder_version=\u201d4.16\u2033 _module_preset=\u201dpredeterminado\u201d global_colors_info=\u201d{}\u201d][et_pb_wc_tabs include_tabs=\u201ddescripci\u00f3n||rese\u00f1as\u201d _builder_version=\u201d4.16\u2033 global_colors_info=\u201d{}\u201d] [\/et_pb_wc_tabs][\/et_pb_column][et_pb_column tipo=\u201d1_2\u2033 _builder_version=\u201d4.16\u2033 relleno_personalizado=\u201d|||\u201d global_colors_info=\u201d{}\u201d custom_padding__hover=\u201d|||\u201d][et_pb_text _builder_version=\u201d4.16\u2033 _module_preset=\u201dpredeterminado\u201d color_texto=\u201d#00000\u2033 color_texto_encabezado=\u201d#0c71c3\u2033 color_texto_encabezado=\u201d#0c71c3\u2033 color_texto_encabezado=\u201d#0c71c3\u2033 color_texto_encabezado=\u201d#e02b20\u2033 color_texto_encabezado=\u201d#0c71c3\u2033 margen_personalizado=\u201d21px||||falso|falso\u201d relleno_personalizado=\u201d17px||13px|12px|falso|falso\u201d ancho_border_all=\u201d5px\u201d color_border_all=\u201d#e02b20\u2033 border_style_all=\u201ddiscontinuo\u201d box_shadow_style=\u201dpreset3\u2033 global_colors_info=\u201d{}\u201d]<\/p>\n<h3><strong>Nunca te pierdas una venta:<\/strong><\/h3>\n<div class=\"tnp tnp-subscription-minimal\"><form action=\"https:\/\/digital-pinball.com\/wp-admin\/admin-ajax.php?action=tnp&amp;na=s\" method=\"post\" style=\"text-align: center\"><input type='hidden' name='nl[]' value='13'>\n<input type=\"hidden\" name=\"nr\" value=\"minimal\">\n<input type=\"hidden\" name=\"nlang\" value=\"\">\n<input class=\"tnp-email\" type=\"email\" required name=\"ne\" value=\"\" placeholder=\"Email\"><input class=\"tnp-submit\" type=\"submit\" value=\"enviar\" style=\"\">\n<div class=\"tnp-field tnp-privacy-field\"><label><input type=\"checkbox\" name=\"ny\" required class=\"tnp-privacy\"> <a target=\"_blank\" href=\"https:\/\/digital-pinball.com\/privacy\/\">Acepto la pol\u00edtica de privacidad*<\/a><\/label><\/div><\/form><\/div>\n\n<p>[\/ et_pb_text] [\/ et_pb_column] [\/ et_pb_row] [\/ et_pb_section]<\/p>","protected":false},"excerpt":{"rendered":"<p><strong>en stock<\/strong><\/p>\n<p>Necesitas un tel\u00e9fono inteligente o tableta Android (hasta 8 pulgadas) para jugar<\/p>\n<p><strong>para cargar tambi\u00e9n su dispositivo mientras juega, puede agregar el cable USB C Y:<\/strong><br \/>\n<a href=\"https:\/\/digital-pinball.com\/00\/usb-c-double-cable\/\">ir al producto<\/a><\/p>","protected":false},"featured_media":15865,"template":"","meta":{"_et_pb_use_builder":"on","_et_pb_old_content":"Introducing the ultimate mobile gaming device for Android users. This innovative device allows you to take your gaming experience to the next level by transforming your Android smartphone or tablet (up to 8 inches) into a fully functional Mini Arcade Machine.\r\n\r\nWith its sleek and compact design, the Sharpin Arcade is easy to carry around and can be set up in seconds. Simply attach your smartphone or tablet to the device and use the built-in controller to play all of your favorite mobile games with ease.\r\n\r\nThe Sharpin Arcade features high-quality buttons and joystick, providing a responsive and immersive gaming experience that you won't find on a touchscreen alone.","_et_gb_content_width":""},"product_brand":[],"product_cat":[30,177],"product_tag":[],"class_list":{"0":"post-15871","1":"product","2":"type-product","3":"status-publish","4":"has-post-thumbnail","6":"product_cat-bartop","7":"product_cat-weship","9":"first","10":"instock","11":"taxable","12":"shipping-taxable","13":"purchasable","14":"product-type-simple"},"_links":{"self":[{"href":"https:\/\/digital-pinball.com\/es\/wp-json\/wp\/v2\/product\/15871","targetHints":{"allow":["GET"]}}],"collection":[{"href":"https:\/\/digital-pinball.com\/es\/wp-json\/wp\/v2\/product"}],"about":[{"href":"https:\/\/digital-pinball.com\/es\/wp-json\/wp\/v2\/types\/product"}],"wp:featuredmedia":[{"embeddable":true,"href":"https:\/\/digital-pinball.com\/es\/wp-json\/wp\/v2\/media\/15865"}],"wp:attachment":[{"href":"https:\/\/digital-pinball.com\/es\/wp-json\/wp\/v2\/media?parent=15871"}],"wp:term":[{"taxonomy":"product_brand","embeddable":true,"href":"https:\/\/digital-pinball.com\/es\/wp-json\/wp\/v2\/product_brand?post=15871"},{"taxonomy":"product_cat","embeddable":true,"href":"https:\/\/digital-pinball.com\/es\/wp-json\/wp\/v2\/product_cat?post=15871"},{"taxonomy":"product_tag","embeddable":true,"href":"https:\/\/digital-pinball.com\/es\/wp-json\/wp\/v2\/product_tag?post=15871"}],"curies":[{"name":"wp","href":"https:\/\/api.w.org\/{rel}","templated":true}]}}