{"id":15547,"date":"2023-01-19T08:22:24","date_gmt":"2023-01-19T07:22:24","guid":{"rendered":"https:\/\/www.digital-pinball.com\/?post_type=product&#038;p=15547"},"modified":"2023-09-05T11:29:01","modified_gmt":"2023-09-05T09:29:01","slug":"sharpin-king-4k-ready","status":"publish","type":"product","link":"https:\/\/digital-pinball.com\/es\/virtual-pinball-store\/sharpin-king-4k-ready\/","title":{"rendered":"Sharpin King listo para 4K"},"content":{"rendered":"<p>[et_pb_section fb_built=\u201d1\u2033 _builder_version=\u201d4.16\u2033 custom_padding=\u201d0px||||false|false\u201d global_colors_info=\u201d{}\u201d][et_pb_row _builder_version=\u201d4.16\u2033 background_size=\u201dinitial\u201d background_position=\u201dtop_left\u201d background_repeat=\u201drepeat\u201d width=\u201d100%\u201d custom_padding=\u201d0px||0px||false|false\u201d global_colors_info=\u201d{}\u201d][et_pb_column type=\u201d4_4\u2033 _builder_version=\u201d4.16\u2033 custom_padding=\u201d|||\u201d Informaci\u00f3n global de colores = &quot;{}&quot; relleno personalizado__hover = &quot;|||&quot;][et_pb_wc_breadcrumb _builder_version = &quot;4.16&quot; Informaci\u00f3n global de colores = &quot;{}&quot;][\/et_pb_wc_breadcrumb][et_pb_wc_cart_notice _builder_version = &quot;4.16&quot; Informaci\u00f3n global de colores = &quot;{}&quot;][\/et_pb_wc_cart_notice][\/et_pb_column][\/et_pb_row][et_pb_row Estructura de columna = &quot;1_2,1_2&quot; _builder_version = &quot;4.16&quot; Tama\u00f1o de fondo = &quot;inicial&quot; Posici\u00f3n de fondo = &quot;arriba a la izquierda&quot; Repetici\u00f3n de fondo = &quot;repetir&quot; Ancho = &quot;100%&quot; Relleno personalizado = &quot;0px&quot; |||| Falso | Falso global_colors_info=\u201d{}\u201d theme_builder_area=\u201dpost_content\u201d][et_pb_column type=\u201d1_2\u2033 _builder_version=\u201d4.16\u2033 custom_padding=\u201d|||\u201d global_colors_info=\u201d{}\u201d custom_padding__hover=\u201d|||\u201d theme_builder_area=\u201dpost_content\u201d][et_pb_wc_images _builder_version=\u201d4.16\u2033 global_colors_info=\u201d{}\u201d theme_builder_area=\u201dpost_content\u201d][\/et_pb_wc_images][\/et_pb_column][et_pb_column type=\u201d1_2\u2033 _builder_version=\u201d4.16\u2033 custom_padding=\u201d|||\u201d global_colors_info=\u201d{}\u201d custom_padding__hover=\u201d|||\u201d \u00c1rea del constructor de temas = &quot;contenido de la publicaci\u00f3n&quot;][et_pb_wc_title _builder_version = &quot;4.16&quot; informaci\u00f3n global de colores = &quot;{}&quot; \u00c1rea del constructor de temas = &quot;contenido de la publicaci\u00f3n&quot;][\/et_pb_wc_title][et_pb_wc_rating _builder_version = &quot;4.16&quot; informaci\u00f3n global de colores = &quot;{}&quot; \u00c1rea del constructor de temas = &quot;contenido de la publicaci\u00f3n&quot;][\/et_pb_wc_rating][et_pb_wc_price _builder_version = &quot;4.16&quot; informaci\u00f3n global de colores = &quot;{}&quot; \u00c1rea del constructor de temas = &quot;contenido de la publicaci\u00f3n&quot;][\/et_pb_wc_price][et_pb_wc_description _builder_version = &quot;4.16&quot; informaci\u00f3n global de colores = &quot;{}&quot; \u00c1rea del generador de temas = \u201ccontenido de la publicaci\u00f3n\u201d][\/et_pb_wc_description][et_pb_wc_add_to_cart mostrar_cantidad = \u201cdesactivado\u201d _builder_version = \u201c4.21.0\u2033 bot\u00f3n_personalizado = \u201cactivado\u201d color_texto_bot\u00f3n = \u201c#FFFFFF\u201d color_fondo_bot\u00f3n = \u201c#000000\u2033 informaci\u00f3n_colores_globales = \u201c{}\u201d \u00e1rea del generador de temas = \u201ccontenido de la publicaci\u00f3n\u201d][\/et_pb_wc_add_to_cart][et_pb_color_divider = \u201c#000000\u2033 peso_divisor = \u201c3px\u201d _builder_version = \u201c4.16\u2033 _module_preset = \u201cpredeterminado\u201d altura_m\u00ednima = \u201c24.3px\u201d margen_personalizado = \u201c||-1px|||\u201d bloqueado=\u201ddesactivado\u201d informaci\u00f3n_de_colores_global=\u201d{}\u201d \u00e1rea_del_constructor_de_temas=\u201dcontenido_de_la_publicaci\u00f3n\u201d][\/et_pb_divider][et_pb_texto etiqueta_de_administraci\u00f3n=\u201dT\u00edtulo\u201d versi\u00f3n_del_constructor=\u201d4.16\u2033 fuente_del_texto=\u201dNunito||||||||\u201d tama\u00f1o_de_la_fuente_del_texto=\u201d18px\u201d altura_de_la_l\u00ednea_del_texto=\u201d1.8em\u201d fuente_del_encabezado=\u201d||||||||\u201d fuente_del_encabezado_2=\u201dOswald|||activado|||||\u201d alineaci\u00f3n_del_texto_del_encabezado_2=\u201dcentrado\u201d tama\u00f1o_de_la_fuente_del_encabezado_2=\u201d40px\u201d espaciado_de_las_letras_del_encabezado_2=\u201d1px\u201d altura_de_la_l\u00ednea_del_encabezado_2=\u201d1.5em\u201d fuente_del_encabezado_3=\u201d|||||||||\u201d Ancho m\u00e1ximo = 600 px. \u00daltima edici\u00f3n del ancho m\u00e1ximo = desactivado | escritorio. Alineaci\u00f3n del m\u00f3dulo = centrada. Altura m\u00ednima = 10 px. Margen personalizado = -2 px | 214 px. Bloqueado = desactivado. Informaci\u00f3n global de colores = {}. \u00c1rea del creador de temas = contenido de la publicaci\u00f3n.<\/p>\n<h2><span style=\"color: #000000;\"><span style=\"caret-color: #000000;\">Videos de Youtube<\/span><\/span><\/h2>\n<p>[\/et_pb_text][et_pb_video_slider _builder_version=\u201d4.21.0\u2033 _module_preset=\u201ddefault\u201d global_colors_info=\u201d{}\u201d theme_builder_area=\u201dpost_content\u201d][et_pb_video_slider_item src=\u201dhttps:\/\/www.youtube.com\/watch?v=TGCiP1EiEuU\u201d _builder_version=\u201d4.21.0\u2033 _module_preset=\u201ddefault\u201d global_colors_info=\u201d{}\u201d theme_builder_area=\u201dpost_content\u201d show_image_overlay=\u201doff\u201d][\/et_pb_video_slider_item][et_pb_video_slider_item src=\u201dhttps:\/\/www.youtube.com\/shorts\/LiyQ8AXb9dI\u201d _builder_version=\u201d4.21.0\u2033 _module_preset=\u201ddefault\u201d global_colors_info=\u201d{}\u201d theme_builder_area=\u201dpost_content\u201d show_image_overlay=\u201doff\u201d][\/et_pb_video_slider_item][et_pb_video_slider_item src=\u201dhttps:\/\/youtu.be\/1inwCpQSLvU\u201d _builder_version=\u201d4.21.0\u2033 _module_preset=\u201ddefault\u201d global_colors_info=\u201d{}\u201d theme_builder_area=\u201dpost_content\u201d show_image_overlay=\u201doff\u201d][\/et_pb_video_slider_item][\/et_pb_video_slider][\/et_pb_column][\/et_pb_row][et_pb_row _builder_version=\u201d4.16\u2033 background_size=\u201dinitial\u201d background_position=\u201dtop_left\u201d repetici\u00f3n_de_fondo=\u201drepetir\u201d ancho=\u201d100%\u201d informaci\u00f3n_de_colores_globales=\u201d{}\u201d][columna_et_pb tipo=\u201d4_4\u2033 _versi\u00f3n_del_constructor=\u201d4.16\u2033 relleno_personalizado=\u201d|||\u201d Informaci\u00f3n global de colores = &quot;{}&quot; relleno_personalizado__hover = &quot;|||&quot;][et_pb_wc_tabs _builder_version = &quot;4.16&quot; informaci\u00f3n global de colores = &quot;{}&quot;] [\/et_pb_wc_tabs][et_pb_wc_upsells _builder_version = &quot;4.16&quot; informaci\u00f3n global de colores = &quot;{}&quot;][\/et_pb_wc_upsells][et_pb_wc_related_products _builder_version = &quot;4.16&quot; informaci\u00f3n global de colores = &quot;{}&quot;][\/et_pb_wc_related_products][\/et_pb_column][\/et_pb_row][\/et_pb_section]<\/p>","protected":false},"excerpt":{"rendered":"<p>Env\u00edo en 14-21 d\u00edas<\/p>","protected":false},"featured_media":12064,"template":"","meta":{"_et_pb_use_builder":"on","_et_pb_old_content":"Full-Size Digital Pinball Machine with <strong>43 inch 4K Playfield<\/strong> and 27-inch Backglass and 10\" DMD (LCD). Includes a Gaming PC with GeForce Graphics Card.\r\nThe Pinball Machine comes flat packed and needs to be assembled. The assembly is very easy and there is a Tutorial and video instructions available.\r\n\r\n<strong>4k ready:<\/strong> The machine features a 4K Display but the PC is optimised for FULL HD gaming. If you want 4K gameplay in the future you just need to use a more powerful Graphics card.\r\n\r\n<strong>Main Features:<\/strong>\r\n<ul>\r\n \t<li>Full size Cabinet<\/li>\r\n \t<li>43 inch 4K Playfield Monitor<\/li>\r\n \t<li>27 inch Backglass Monitor<\/li>\r\n \t<li>10 inch DMD (LCD)<\/li>\r\n \t<li>Gaming PC for 4K Pinball games<\/li>\r\n \t<li><span style=\"color: #339966\">plug and play. comes with games installed - ready to use<\/span><\/li>\r\n<\/ul>\r\n&nbsp;\r\n<div id=\"gtx-trans\">\r\n<div class=\"gtx-trans-icon\"><\/div>\r\n<\/div>","_et_gb_content_width":""},"product_brand":[],"product_cat":[73],"product_tag":[],"class_list":{"0":"post-15547","1":"product","2":"type-product","3":"status-publish","4":"has-post-thumbnail","6":"product_cat-full-size","8":"first","9":"instock","10":"sold-individually","11":"taxable","12":"shipping-taxable","13":"purchasable","14":"product-type-simple"},"_links":{"self":[{"href":"https:\/\/digital-pinball.com\/es\/wp-json\/wp\/v2\/product\/15547","targetHints":{"allow":["GET"]}}],"collection":[{"href":"https:\/\/digital-pinball.com\/es\/wp-json\/wp\/v2\/product"}],"about":[{"href":"https:\/\/digital-pinball.com\/es\/wp-json\/wp\/v2\/types\/product"}],"wp:featuredmedia":[{"embeddable":true,"href":"https:\/\/digital-pinball.com\/es\/wp-json\/wp\/v2\/media\/12064"}],"wp:attachment":[{"href":"https:\/\/digital-pinball.com\/es\/wp-json\/wp\/v2\/media?parent=15547"}],"wp:term":[{"taxonomy":"product_brand","embeddable":true,"href":"https:\/\/digital-pinball.com\/es\/wp-json\/wp\/v2\/product_brand?post=15547"},{"taxonomy":"product_cat","embeddable":true,"href":"https:\/\/digital-pinball.com\/es\/wp-json\/wp\/v2\/product_cat?post=15547"},{"taxonomy":"product_tag","embeddable":true,"href":"https:\/\/digital-pinball.com\/es\/wp-json\/wp\/v2\/product_tag?post=15547"}],"curies":[{"name":"wp","href":"https:\/\/api.w.org\/{rel}","templated":true}]}}