{"id":14246,"date":"2022-01-20T08:41:09","date_gmt":"2022-01-20T07:41:09","guid":{"rendered":"https:\/\/www.digital-pinball.com\/?post_type=product&#038;p=14246"},"modified":"2025-03-07T07:07:42","modified_gmt":"2025-03-07T06:07:42","slug":"virtual-pinball-bartop-sharpin-ultra-max","status":"publish","type":"product","link":"https:\/\/digital-pinball.com\/es\/virtual-pinball-store\/virtual-pinball-bartop-sharpin-ultra-max\/","title":{"rendered":"SHARPIN Ultra MAX \u2013 Pinball virtual de mesa"},"content":{"rendered":"<p>[et_pb_section fb_built=\u201d1\u2033 _builder_version=\u201d4.16\u2033 custom_padding=\u201d0px||||false|false\u201d global_colors_info=\u201d{}\u201d][et_pb_row estructura_columna=\u201d1_2,1_2\u2033 _builder_version=\u201d4.16\u2033 tama\u00f1o_fondo=\u201dinicial\u201d posici\u00f3n_fondo=\u201dsuperior_izquierda\u201d repetici\u00f3n_fondo=\u201drepetir\u201d ancho=\u201d100%\u201d custom_padding=\u201d0px||0px||false|false\u201d global_colors_info=\u201d{}\u201d][et_pb_column tipo=\u201d1_2\u2033 _builder_version=\u201d4.16\u2033 custom_padding=\u201d|||\u201d global_colors_info=\u201d{}\u201d custom_padding__hover=\u201d|||\u201d][et_pb_wc_images sale_badge_color=\u201d#000000\u2033 _builder_version=\u201d4.16\u2033 custom_margin=\u201d||0px||false|false\u201d custom_padding=\u201d||0px||false|false\u201d global_colors_info=\u201d{}\u201d][\/et_pb_wc_images][\/et_pb_column][et_pb_column type=\u201d1_2\u2033 _builder_version=\u201d4.16\u2033 custom_padding=\u201d|||\u201d global_colors_info=\u201d{}\u201d custom_padding__hover=\u201d|||\u201d][et_pb_wc_title _builder_version=\u201d4.16\u2033 custom_padding=\u201d||0px|||\u201d global_colors_info=\u201d{}\u201d][\/et_pb_wc_title][et_pb_wc_rating _builder_version=\u201d4.16\u2033 rating_text_color=\u201d#000000\u2033 body_text_color=\u201d#000000\u2033 custom_margin=\u201d-2em|0em|-0.4em|0em|false|false\u201d global_colors_info=\u201d{}\u201d][\/et_pb_wc_rating][et_pb_wc_price _builder_version=\u201d4.16\u2033 body_text_color=\u201d#0c71c3\u2033 body_font_size=\u201d34px\u201d body_line_height=\u201d1em\u201d custom_padding=\u201d||0px||false|false\u201d global_colors_info=\u201d{}\u201d][\/et_pb_wc_price][et_pb_wc_description _builder_version=\u201d4.16\u2033 global_colors_info=\u201d{}\u201d][\/et_pb_wc_description][et_pb_wc_add_to_cart mostrar_cantidad=\u201ddesactivado\u201d mostrar_stock=\u201ddesactivado\u201d _builder_version=\u201d4.16\u2033 campos_fondo_color=\u201d#ffffff\u201d campo_etiqueta_texto_color=\u201d#000000\u2033 bot\u00f3n_personalizado=\u201dactivado\u201d bot\u00f3n_texto_color=\u201d#ffffff\u201d bot\u00f3n_bg_color=\u201d#000000\u2033 bot\u00f3n_icono=\u201d\ue07a||divi||400\u2033 bot\u00f3n_on_hover=\u201ddesactivado\u201d bot\u00f3n_padding_personalizado=\u201d|42px|||falso|falso\u201d relleno_personalizado=\u201d||0px|||\u201d color_del_texto_del_cuerpo=\u201d#000000\u2033 informaci\u00f3n_de_colores_global=\u201d{}\u201d][\/et_pb_wc_add_to_cart][\/et_pb_column][\/et_pb_row][et_pb_row _builder_version=\u201d4.16\u2033 _module_preset=\u201dpredeterminado\u201d ancho=\u201d100%\u201d relleno_personalizado=\u201d0px||0px|||\u201d global_colors_info=\u201d{}\u201d][et_pb_column type=\u201d4_4\u2033 _builder_version=\u201d4.16\u2033 _module_preset=\u201dpredeterminado\u201d global_colors_info=\u201d{}\u201d][et_pb_divider color=\u201d#000000\u2033 divider_weight=\u201d3px\u201d _builder_version=\u201d4.16\u2033 _module_preset=\u201dpredeterminado\u201d min_height=\u201d24.3px\u201d custom_margin=\u201d||-1px|||\u201d global_colors_info=\u201d{}\u201d][\/et_pb_divider][\/et_pb_column][\/et_pb_row][et_pb_row estructura_columna=\u201d1_3,1_3,1_3\u2033 _builder_version=\u201d4.16\u2033 _module_preset=\u201dpredeterminado\u201d ancho=\u201d100%\u201d altura_m\u00ednima=\u201d61px\u201d relleno_personalizado=\u201d||0px|||\u201d global_colors_info=\u201d{}\u201d][et_pb_column type=\u201d1_3\u2033 _builder_version=\u201d4.16\u2033 _module_preset=\u201ddefault\u201d global_colors_info=\u201d{}\u201d][et_pb_blurb title=\u201dgarant\u00eda de devoluci\u00f3n de dinero\u201d use_icon=\u201don\u201d font_icon=\u201d\ue0f3||divi||400\u2033 icon_color=\u201d#007fe0\u2033 icon_placement=\u201dleft\u201d image_icon_width=\u201d47px\u201d _builder_version=\u201d4.16\u2033 _module_preset=\u201ddefault\u201d icon_font_size=\u201d47px\u201d global_colors_info=\u201d{}\u201d]14 d\u00edas de garant\u00eda de devoluci\u00f3n de dinero<br \/>\nno se hicieron preguntas<br \/>\n[\/et_pb_blurb][\/et_pb_column][et_pb_column type=\u201d1_3\u2033 _builder_version=\u201d4.16\u2033 _module_preset=\u201ddefault\u201d global_colors_info=\u201d{}\u201d][et_pb_blurb title=\u201dEnv\u00edo r\u00e1pido\u201d use_icon=\u201don\u201d font_icon=\u201d\ue06b||divi||400\u2033 icon_color=\u201d#007fe0\u2033 icon_placement=\u201dleft\u201d image_icon_width=\u201d47px\u201d _builder_version=\u201d4.16\u2033 _module_preset=\u201ddefault\u201d icon_font_size=\u201d47px\u201d global_colors_info=\u201d{}\u201d]Todos los art\u00edculos en stock se env\u00edan en 1-3 d\u00edas. En todo el mundo<br \/>\n[\/et_pb_blurb][\/et_pb_column][et_pb_column type=\u201d1_3\u2033 _builder_version=\u201d4.16\u2033 _module_preset=\u201ddefault\u201d global_colors_info=\u201d{}\u201d][et_pb_blurb title=\u201dPago seguro\u201d use_icon=\u201don\u201d font_icon=\u201d\ue0d9||divi||400\u2033 icon_color=\u201d#007fe0\u2033 icon_placement=\u201dleft\u201d image_icon_width=\u201d47px\u201d _builder_version=\u201d4.16\u2033 _module_preset=\u201ddefault\u201d icon_font_size=\u201d47px\u201d global_colors_info=\u201d{}\u201d font_icon__hover_enabled=\u201doff|desktop\u201d]Pague con PayPal, tarjeta de cr\u00e9dito o transferencia bancaria<br \/>\n[\/et_pb_blurb][\/et_pb_column][\/et_pb_row][et_pb_row _builder_version=\u201d4.16\u2033 _module_preset=\u201ddefault\u201d width=\u201d100%\u201d custom_padding=\u201d0px||0px|||\u201d global_colors_info=\u201d{}\u201d][et_pb_column type=\u201d4_4\u2033 _builder_version=\u201d4.16\u2033 _module_preset=\u201ddefault\u201d global_colors_info=\u201d{}\u201d][et_pb_divider color=\u201d#000000\u2033 divider_weight=\u201d3px\u201d _builder_version=\u201d4.16\u2033 _module_preset= \u201dpredeterminado\u201d min_height=\u201d24.3px\u201d custom_margin=\u201d||-1px|||\u201d global_colors_info=\u201d{}\u201d][\/et_pb_divider][\/et_pb_column][\/et_pb_row][et_pb_row column_structure=\u201d1_2,1_2\u2033 _builder_version=\u201d4.16\u2033 background_size=\u201dinitial\u201d background_position=\u201dtop_left\u201d background_repeat=\u201drepeat\u201d width= \u201d100%\u201d bloqueado=\u201doff\u201d global_colors_info=\u201d{}\u201d][et_pb_column type=\u201d1_2\u2033 _builder_version=\u201d4.16\u2033 _module_preset=\u201ddefault\u201d global_colors_info=\u201d{}\u201d][et_pb_wc_tabs include_tabs=\u201ddescripci\u00f3n||revisiones\u201d _builder_version =\u201d4.16\u2033 global_colors_info=\u201d{}\u201d] [\/et_pb_wc_tabs][\/et_pb_column][et_pb_column type=\u201d1_2\u2033 _builder_version=\u201d4.16\u2033 custom_padding=\u201d|||\u201d global_colors_info=\u201d{}\u201d custom_padding__hover=\u201d|||\u201d][et_pb_text admin_label=\u201dT\u00edtulo\u201d _builder_version=\u201d4.16\u2033 text_font=\u201dNunito||||||||\u201d text_font_size=\u201d18px\u201d text_line_height=\u201d1.8em\u201d header_font=\u201d||||||||\u201d header_2_font=\u201dOswald|||en|||||\u201d header_2_text_align=\u201dcenter\u201d header_2_font_size=\u201d40px\u201d header_2_letter_spacing=\u201d1px\u201d header_2_line_height=\u201d1.5em\u201d header_3_font=\u201d||||||||\u201d max_width=\u201d600px\u201d max_width_last_edited=\u201doff|desktop\u201d module_alignment=\u201dcenter\u201d min_height=\u201d10px\u201d custom_margin=\u201d||-2px|214px||\u201d bloqueado=\u201dapagado\u201d global_colors_info=\u201d{}\u201d]<\/p>\n<h2><span style=\"color: #000000;\"><span style=\"caret-color: #000000;\">OPINIONES DE YOUTUBE<\/span><\/span><\/h2>\n<p>[\/et_pb_text][et_pb_video_slider _builder_version=\u201d4.16\u2033 _module_preset=\u201dpredeterminado\u201d global_colors_info=\u201d{}\u201d][et_pb_video_slider_item src=\u201dhttps:\/\/www.youtube.com\/watch?v=r9oPtHB5Xws\u201d _builder_version=\u201d4.6.5\u2033 _module_preset=\u201dpredeterminado\u201d global_colors_info=\u201d{}\u201d show_image_overlay=\u201doff\u201d][\/et_pb_video_slider_item][et_pb_video_slider_item src=\u201dhttps:\/\/youtu.be\/8PtGnsq5Yys\u201d _builder_version=\u201d4.6.5\u2033 _module_preset=\u201dpredeterminado\u201d global_colors_info=\u201d{}\u201d show_image_overlay=\u201doff\u201d][\/et_pb_video_slider_item][et_pb_video_slider_item src=\u201dhttps:\/\/youtu.be\/wghgwomEckg\u201d _builder_version=\u201d4.6.5\u2033 _module_preset=\u201ddefault\u201d global_colors_info=\u201d{}\u201d show_image_overlay=\u201doff\u201d][\/et_pb_video_slider_item][\/et_pb_video_slider][et_pb_button button_url=\u201dhttps:\/\/www.youtube.com\/results?search_query=sharpin+pinball\u201d button_text=\u201dm\u00e1s v\u00eddeos\u201d button_alignment=\u201dcenter\u201d _builder_version=\u201d4.16\u2033 _module_preset=\u201ddefault\u201d custom_button=\u201don\u201d button_text_color=\u201d#ffffff\u201d bot\u00f3n_bg_color=\u201d#e02b20\u2033 bot\u00f3n_icono=\u201d\ue0a3||divi||400\u2033 bot\u00f3n_al_desplazarse=\u201ddesactivado\u201d relleno_personalizado=\u201d|46px|||falso|falso\u201d informaci\u00f3n_colores_globales=\u201d{}\u201d][\/et_pb_button][et_pb_text _builder_version=\u201d4.16\u2033 _module_preset=\u201dpredeterminado\u201d color_texto=\u201d#000000\u2033 color_texto_encabezado=\u201d#0c71c3\u2033 color_texto_encabezado=\u201d#0c71c3\u2033 color_texto_encabezado=\u201d#0c71c3\u2033 color_texto_encabezado=\u201d#e02b20\u2033 color_texto_encabezado=\u201d#0c71c3\u2033 margen_personalizado=\u201d21px||||falso|falso\u201d relleno_personalizado=\u201d17px||13px|12px|falso|falso\u201d ancho_borde_todo=\u201d5px\u201d color_borde_todo=\u201d#e02b20\u2033 estilo_borde_todo=\u201ddiscontinuo\u201d estilo_sombra_caja=\u201dpreset3\u2033 informaci\u00f3n_colores_global=\u201d{}\u201d]<\/p>\n<h3><strong>Nunca te pierdas una venta:<\/strong><\/h3>\n<p><div class=\"tnp tnp-subscription-minimal\"><form action=\"https:\/\/digital-pinball.com\/wp-admin\/admin-ajax.php?action=tnp&amp;na=s\" method=\"post\" style=\"text-align: center\"><input type='hidden' name='nl[]' value='13'>\n<input type=\"hidden\" name=\"nr\" value=\"minimal\">\n<input type=\"hidden\" name=\"nlang\" value=\"\">\n<input class=\"tnp-email\" type=\"email\" required name=\"ne\" value=\"\" placeholder=\"Email\"><input class=\"tnp-submit\" type=\"submit\" value=\"enviar\" style=\"\">\n<div class=\"tnp-field tnp-privacy-field\"><label><input type=\"checkbox\" name=\"ny\" required class=\"tnp-privacy\"> <a target=\"_blank\" href=\"https:\/\/digital-pinball.com\/privacy\/\">Acepto la pol\u00edtica de privacidad*<\/a><\/label><\/div><\/form><\/div>\n<br \/>\n[\/ et_pb_text] [\/ et_pb_column] [\/ et_pb_row] [\/ et_pb_section]<\/p>","protected":false},"excerpt":{"rendered":"<p data-start=\"71\" data-end=\"338\">El <strong data-start=\"75\" data-end=\"96\">Sharpin Ultra Max<\/strong> ofrece el juego de pinball virtual m\u00e1s potente e inmersivo hasta la fecha. Actualizado con la <strong data-start=\"186\" data-end=\"203\">Caja de TV X96 X9<\/strong> y el <strong data-start=\"212\" data-end=\"242\">Procesador Snapdragon S922X<\/strong>, asegura <strong data-start=\"255\" data-end=\"335\">Rendimiento ultrarr\u00e1pido, controles ultra sensibles y una jugabilidad fluida.<\/strong>.<\/p>\n<p data-start=\"340\" data-end=\"677\">Disfrute del acceso a <strong data-start=\"356\" data-end=\"391\">Juegos de pinball en Google Play Store<\/strong> o <strong data-start=\"395\" data-end=\"417\">Con\u00e9ctate a tu PC<\/strong> para <strong data-start=\"422\" data-end=\"459\">Pinball del futuro y pinball visual<\/strong>, desbloqueando miles de mesas. Con un <strong data-start=\"504\" data-end=\"576\">Pantalla Full HD de 22\u201d, parlantes de alta calidad y botones estilo arcade<\/strong>, el <strong data-start=\"582\" data-end=\"603\">Sharpin Ultra Max<\/strong> ofrece una aut\u00e9ntica experiencia de pinball en un dise\u00f1o elegante y minimalista.<\/p>\n<p data-start=\"679\" data-end=\"734\" data-is-last-node=\"\" data-is-only-node=\"\">\ud83d\udd25 <strong data-start=\"682\" data-end=\"731\">M\u00e1s potencia, mismo precio. \u00a1Juega sin l\u00edmites!<\/strong> \ud83d\udd25<\/p>","protected":false},"featured_media":15676,"template":"","meta":{"_et_pb_use_builder":"on","_et_pb_old_content":"<h3>Play thousands of games.<\/h3>\r\n<h3><a href=\"https:\/\/digital-pinball.com\/wp-content\/uploads\/2019\/12\/google-play.jpg\"><img class=\"alignnone size-full wp-image-14229\" src=\"https:\/\/digital-pinball.com\/wp-content\/uploads\/2019\/12\/google-play.jpg\" alt=\"\" width=\"873\" height=\"481\" \/><\/a><\/h3>\r\n[button link=\"https:\/\/play.google.com\/store\/apps\/collection\/cluster?clp=ggEJCgdwaW5iYWxs:S:ANO1ljLJLM4&amp;gsr=CgyCAQkKB3BpbmJhbGw%3D:S:ANO1ljKhr9g\" color=\"black\" newwindow=\"yes\"]more games[\/button]\r\n\r\nSharpin Pinball is not associated with Google Play or any App on the Google Play Store. All trademarks, logos and brand names are the property of their respective owners. All company, product and service names used in this website are for identification purposes only. The availability of pinball apps depends on your country and the Play Store restrictions set by the app developers.\r\n<h1>Sharpin Ultra MAX - Virtual Pinball Bartop<\/h1>\r\n<h4 data-start=\"55\" data-end=\"106\"><strong data-start=\"60\" data-end=\"104\">Experience the Future of Virtual Pinball<\/strong><\/h4>\r\n<p data-start=\"107\" data-end=\"296\">The <strong data-start=\"111\" data-end=\"132\">Sharpin Ultra Max<\/strong> has just received a <strong data-start=\"153\" data-end=\"170\">major upgrade<\/strong>, making it the most powerful and versatile virtual pinball tabletop ever \u2013 and the best part? <strong data-start=\"265\" data-end=\"294\">The price stays the same!<\/strong><\/p>\r\n<p data-start=\"298\" data-end=\"517\">Designed with a sleek, minimalistic aesthetic and built on a high-performance <strong data-start=\"376\" data-end=\"396\">Android platform<\/strong>, the <strong data-start=\"402\" data-end=\"423\">Sharpin Ultra Max<\/strong> delivers an <strong data-start=\"436\" data-end=\"468\">unlimited pinball experience<\/strong> without locking you into a specific ecosystem.<\/p>\r\n\r\n<h3 data-start=\"519\" data-end=\"564\"><strong data-start=\"523\" data-end=\"562\">Unmatched Performance &amp; Flexibility<\/strong><\/h3>\r\n<p data-start=\"565\" data-end=\"876\">At the heart of the <strong data-start=\"585\" data-end=\"606\">Sharpin Ultra Max<\/strong> is the <strong data-start=\"614\" data-end=\"631\">X96 X9 TV box<\/strong>, now powered by the <strong data-start=\"652\" data-end=\"682\">S922X Snapdragon processor<\/strong>, ensuring:<br data-start=\"693\" data-end=\"696\" \/>\u2705 <strong data-start=\"698\" data-end=\"723\">Blazing-fast gameplay<\/strong> with ultra-responsive controls<br data-start=\"754\" data-end=\"757\" \/>\u2705 <strong data-start=\"759\" data-end=\"783\">Seamless performance<\/strong> with zero lag or stutter<br data-start=\"808\" data-end=\"811\" \/>\u2705 <strong data-start=\"813\" data-end=\"874\">Enhanced graphics and fluid motion for a true arcade feel<\/strong><\/p>\r\n\r\n<h3 data-start=\"878\" data-end=\"916\"><strong data-start=\"882\" data-end=\"914\">Endless Gaming Possibilities<\/strong><\/h3>\r\n<p data-start=\"917\" data-end=\"1123\">Unlike traditional pinball machines with a limited selection of games, the <strong data-start=\"992\" data-end=\"1013\">Sharpin Ultra Max<\/strong> gives you access to the <strong data-start=\"1038\" data-end=\"1059\">Google Play Store<\/strong>, opening the door to <strong data-start=\"1081\" data-end=\"1120\">countless pinball and arcade titles<\/strong>.<\/p>\r\n<p data-start=\"1125\" data-end=\"1327\">Want even more? <strong data-start=\"1141\" data-end=\"1166\">Connect it to your PC<\/strong> and enjoy <strong data-start=\"1177\" data-end=\"1195\">Future Pinball<\/strong> and <strong data-start=\"1200\" data-end=\"1218\">Visual Pinball<\/strong>, giving you access to <strong data-start=\"1241\" data-end=\"1272\">thousands of pinball tables<\/strong>, from classic favorites to high-tech modern designs.<\/p>\r\n\r\n<h3 data-start=\"1329\" data-end=\"1368\"><strong data-start=\"1333\" data-end=\"1366\">Immersive Pinball at Its Best<\/strong><\/h3>\r\n<p data-start=\"1369\" data-end=\"1709\">\u2714 <strong data-start=\"1371\" data-end=\"1398\">22-inch Full HD display<\/strong> \u2013 Crisp, vibrant visuals for a stunning gaming experience<br data-start=\"1456\" data-end=\"1459\" \/>\u2714 <strong data-start=\"1461\" data-end=\"1500\">Arcade-style buttons &amp; encoder unit<\/strong> \u2013 Perfectly responsive flipper action<br data-start=\"1538\" data-end=\"1541\" \/>\u2714 <strong data-start=\"1543\" data-end=\"1568\">High-quality speakers<\/strong> \u2013 Dynamic sound for full immersion<br data-start=\"1603\" data-end=\"1606\" \/>\u2714 <strong data-start=\"1608\" data-end=\"1631\">Minimalistic design<\/strong> \u2013 CNC-cut wood cabinet with acrylic glass cover for a sleek, durable finish<\/p>\r\n\r\n<h3 data-start=\"1711\" data-end=\"1748\"><strong data-start=\"1715\" data-end=\"1746\">What\u2019s Included in the Kit?<\/strong><\/h3>\r\n<p data-start=\"1749\" data-end=\"2170\">\u2714 <strong data-start=\"1751\" data-end=\"1768\">X96 X9 TV Box<\/strong> (S922X Snapdragon, custom open-source OS)<br data-start=\"1810\" data-end=\"1813\" \/>\u2714 <strong data-start=\"1815\" data-end=\"1839\">CNC-cut wood cabinet<\/strong> (543mm x 334mm x 260mm)<br data-start=\"1863\" data-end=\"1866\" \/>\u2714 <strong data-start=\"1868\" data-end=\"1889\">Backglass Display<\/strong> <em data-start=\"1890\" data-end=\"1943\">(requires an active WiFi connection to show scores)<\/em><br data-start=\"1943\" data-end=\"1946\" \/>\u2714 <strong data-start=\"1948\" data-end=\"1971\">Acrylic glass cover<\/strong><br data-start=\"1971\" data-end=\"1974\" \/>\u2714 <strong data-start=\"1976\" data-end=\"2018\">Arcade button encoder &amp; arcade buttons<\/strong><br data-start=\"2018\" data-end=\"2021\" \/>\u2714 <strong data-start=\"2023\" data-end=\"2051\">2x high-quality speakers<\/strong><br data-start=\"2051\" data-end=\"2054\" \/>\u2714 <strong data-start=\"2056\" data-end=\"2079\">22\u201d Full HD display<\/strong><br data-start=\"2079\" data-end=\"2082\" data-is-only-node=\"\" \/>\u2714 <strong data-start=\"2084\" data-end=\"2116\">Designed decals &amp; side rails<\/strong><br data-start=\"2116\" data-end=\"2119\" \/>\u2714 <strong data-start=\"2121\" data-end=\"2168\">All necessary screws and assembly materials<\/strong><\/p>\r\nThe second screen needs an active WIFI connection to display the score.","_et_gb_content_width":""},"product_brand":[],"product_cat":[30,173,177],"product_tag":[],"class_list":{"0":"post-14246","1":"product","2":"type-product","3":"status-publish","4":"has-post-thumbnail","6":"product_cat-bartop","7":"product_cat-best-seller","8":"product_cat-weship","10":"first","11":"instock","12":"taxable","13":"shipping-taxable","14":"purchasable","15":"product-type-simple"},"_links":{"self":[{"href":"https:\/\/digital-pinball.com\/es\/wp-json\/wp\/v2\/product\/14246","targetHints":{"allow":["GET"]}}],"collection":[{"href":"https:\/\/digital-pinball.com\/es\/wp-json\/wp\/v2\/product"}],"about":[{"href":"https:\/\/digital-pinball.com\/es\/wp-json\/wp\/v2\/types\/product"}],"wp:featuredmedia":[{"embeddable":true,"href":"https:\/\/digital-pinball.com\/es\/wp-json\/wp\/v2\/media\/15676"}],"wp:attachment":[{"href":"https:\/\/digital-pinball.com\/es\/wp-json\/wp\/v2\/media?parent=14246"}],"wp:term":[{"taxonomy":"product_brand","embeddable":true,"href":"https:\/\/digital-pinball.com\/es\/wp-json\/wp\/v2\/product_brand?post=14246"},{"taxonomy":"product_cat","embeddable":true,"href":"https:\/\/digital-pinball.com\/es\/wp-json\/wp\/v2\/product_cat?post=14246"},{"taxonomy":"product_tag","embeddable":true,"href":"https:\/\/digital-pinball.com\/es\/wp-json\/wp\/v2\/product_tag?post=14246"}],"curies":[{"name":"wp","href":"https:\/\/api.w.org\/{rel}","templated":true}]}}