{"id":14224,"date":"2022-01-16T17:48:51","date_gmt":"2022-01-16T16:48:51","guid":{"rendered":"https:\/\/www.digital-pinball.com\/?post_type=product&#038;p=14224"},"modified":"2024-09-24T20:12:02","modified_gmt":"2024-09-24T18:12:02","slug":"retro-pinball-max","status":"publish","type":"product","link":"https:\/\/digital-pinball.com\/es\/virtual-pinball-store\/retro-pinball-max\/","title":{"rendered":"Pinball retro MAX"},"content":{"rendered":"<p>[et_pb_section fb_built=\u201d1\u2033 _builder_version=\u201d4.16\u2033 custom_padding=\u201d0px||||false|false\u201d global_colors_info=\u201d{}\u201d][et_pb_row estructura_columna=\u201d1_2,1_2\u2033 _builder_version=\u201d4.16\u2033 tama\u00f1o_fondo=\u201dinicial\u201d posici\u00f3n_fondo=\u201dsuperior_izquierda\u201d repetici\u00f3n_fondo=\u201drepetir\u201d ancho=\u201d100%\u201d custom_padding=\u201d0px||0px||false|false\u201d global_colors_info=\u201d{}\u201d][et_pb_column tipo=\u201d1_2\u2033 _builder_version=\u201d4.16\u2033 custom_padding=\u201d|||\u201d global_colors_info=\u201d{}\u201d custom_padding__hover=\u201d|||\u201d][et_pb_wc_images sale_badge_color=\u201d#000000\u2033 _builder_version=\u201d4.16\u2033 custom_margin=\u201d||0px||false|false\u201d custom_padding=\u201d||0px||false|false\u201d global_colors_info=\u201d{}\u201d][\/et_pb_wc_images][\/et_pb_column][et_pb_column type=\u201d1_2\u2033 _builder_version=\u201d4.16\u2033 custom_padding=\u201d|||\u201d global_colors_info=\u201d{}\u201d custom_padding__hover=\u201d|||\u201d][et_pb_wc_title _builder_version=\u201d4.16\u2033 custom_padding=\u201d||0px|||\u201d global_colors_info=\u201d{}\u201d][\/et_pb_wc_title][et_pb_wc_rating _builder_version=\u201d4.16\u2033 rating_text_color=\u201d#000000\u2033 body_text_color=\u201d#000000\u2033 custom_margin=\u201d-2em|0em|-0.4em|0em|false|false\u201d global_colors_info=\u201d{}\u201d][\/et_pb_wc_rating][et_pb_wc_price _builder_version=\u201d4.16\u2033 body_text_color=\u201d#0c71c3\u2033 body_font_size=\u201d34px\u201d body_line_height=\u201d1em\u201d custom_padding=\u201d||0px||false|false\u201d global_colors_info=\u201d{}\u201d][\/et_pb_wc_price][et_pb_wc_description _builder_version=\u201d4.16\u2033 _module_preset=\u201dpredeterminado\u201d global_colors_info=\u201d{}\u201d][\/et_pb_wc_description][et_pb_wc_add_to_cart mostrar_cantidad=\u201ddesactivado\u201d mostrar_stock=\u201ddesactivado\u201d _builder_version=\u201d4.16\u2033 _module_preset=\u201dpredeterminado\u201d bot\u00f3n_personalizado=\u201dactivado\u201d color_texto_bot\u00f3n=\u201d#ffffff\u201d color_fondo_bot\u00f3n=\u201d#000000\u2033 icono_uso_bot\u00f3n=\u201ddesactivado\u201d margen_personalizado=\u201d|||0px|falso|falso\u201d margen_personalizado=\u201d|||0px|falso|falso\u201d global_colors_info=\u201d{}\u201d][\/et_pb_wc_add_to_cart][\/et_pb_column][\/et_pb_row][et_pb_row _builder_version=\u201d4.16\u2033 _module_preset=\u201dpredeterminado\u201d ancho=\u201d100%\u201d relleno_personalizado=\u201d0px||0px|||\u201d global_colors_info=\u201d{}\u201d][et_pb_column type=\u201d4_4\u2033 _builder_version=\u201d4.16\u2033 _module_preset=\u201dpredeterminado\u201d global_colors_info=\u201d{}\u201d][et_pb_divider color=\u201d#000000\u2033 divider_weight=\u201d3px\u201d _builder_version=\u201d4.16\u2033 _module_preset=\u201dpredeterminado\u201d min_height=\u201d24.3px\u201d custom_margin=\u201d||-1px|||\u201d global_colors_info=\u201d{}\u201d][\/et_pb_divider][\/et_pb_column][\/et_pb_row][et_pb_row estructura_columna=\u201d1_3,1_3,1_3\u2033 _builder_version=\u201d4.16\u2033 _module_preset=\u201dpredeterminado\u201d ancho=\u201d100%\u201d altura_m\u00ednima=\u201d61px\u201d relleno_personalizado=\u201d||0px|||\u201d global_colors_info=\u201d{}\u201d][et_pb_column type=\u201d1_3\u2033 _builder_version=\u201d4.16\u2033 _module_preset=\u201ddefault\u201d global_colors_info=\u201d{}\u201d][et_pb_blurb title=\u201dgarant\u00eda de devoluci\u00f3n de dinero\u201d use_icon=\u201don\u201d font_icon=\u201d\ue0f3||divi||400\u2033 icon_color=\u201d#007fe0\u2033 icon_placement=\u201dleft\u201d image_icon_width=\u201d47px\u201d _builder_version=\u201d4.16\u2033 _module_preset=\u201ddefault\u201d icon_font_size=\u201d47px\u201d global_colors_info=\u201d{}\u201d]<\/p>\n<p>14 d\u00edas de garant\u00eda de devoluci\u00f3n de dinero<br \/>no se hicieron preguntas<\/p>\n<p>[\/et_pb_blurb][\/et_pb_column][et_pb_column type=\u201d1_3\u2033 _builder_version=\u201d4.16\u2033 _module_preset=\u201ddefault\u201d global_colors_info=\u201d{}\u201d][et_pb_blurb title=\u201dEnv\u00edo r\u00e1pido\u201d use_icon=\u201don\u201d font_icon=\u201d\ue06b| |divi||400\u2033 icon_color=\u201d#007fe0\u2033 icon_placement=\u201dleft\u201d image_icon_width=\u201d47px\u201d _builder_version=\u201d4.16\u2033 _module_preset=\u201ddefault\u201d icon_font_size=\u201d47px\u201d global_colors_info=\u201d{}\u201d]<\/p>\n<p>Todos los art\u00edculos en stock se env\u00edan en 1-3 d\u00edas. En todo el mundo<\/p>\n<p>&nbsp;<\/p>\n<p>[\/et_pb_blurb][\/et_pb_column][et_pb_column type=\u201d1_3\u2033 _builder_version=\u201d4.16\u2033 _module_preset=\u201ddefault\u201d global_colors_info=\u201d{}\u201d][et_pb_blurb title=\u201dPago seguro\u201d use_icon=\u201don\u201d font_icon=\u201d\ue0d9| |divi||400\u2033 icon_color=\u201d#007fe0\u2033 icon_placement=\u201dleft\u201d image_icon_width=\u201d47px\u201d _builder_version=\u201d4.16\u2033 _module_preset=\u201ddefault\u201d icon_font_size=\u201d47px\u201d global_colors_info=\u201d{}\u201d font_icon__hover_enabled=\u201doff|escritorio\u201d]<\/p>\n<p>pagar con PayPal, tarjeta de cr\u00e9dito o transferencia bancaria<\/p>\n<p>[\/et_pb_blurb][\/et_pb_column][\/et_pb_row][et_pb_row _builder_version=\u201d4.16\u2033 _module_preset=\u201dpredeterminado\u201d ancho=\u201d100%\u201d relleno_personalizado=\u201d0px||0px|||\u201d informaci\u00f3n_de_colores_global=\u201d{}\u201d][et_pb_column tipo=\u201d4_4\u2033 _builder_version=\u201d4.16\u2033 _module_preset=\u201dpredeterminado\u201d informaci\u00f3n_de_colores_global=\u201d{}\u201d][et_pb_divider color=\u201d#000000\u2033 peso_del_divisor=\u201d3px\u201d _builder_version=\u201d4.16\u2033 _module_preset=\u201dpredeterminado\u201d altura_m\u00ednima=\u201d24.3px\u201d margen_personalizado=\u201d||-1px|||\u201d global_colors_info=\u201d{}\u201d][\/et_pb_divider][\/et_pb_column][\/et_pb_row][et_pb_row estructura_columna=\u201d1_2,1_2\u2033 _builder_version=\u201d4.16\u2033 tama\u00f1o_fondo=\u201dinicial\u201d posici\u00f3n_fondo=\u201dsuperior_izquierda\u201d repetici\u00f3n_fondo=\u201drepetir\u201d ancho=\u201d100%\u201d bloqueado=\u201ddesactivado\u201d global_colors_info=\u201d{}\u201d][et_pb_column tipo=\u201d1_2\u2033 _builder_version=\u201d4.16\u2033 _module_preset=\u201dpredeterminado\u201d global_colors_info=\u201d{}\u201d][et_pb_wc_tabs include_tabs=\u201ddescripci\u00f3n||rese\u00f1as\u201d _builder_version=\u201d4.16\u2033 global_colors_info=\u201d{}\u201d] [\/et_pb_wc_tabs][\/et_pb_column][et_pb_column type=\u201d1_2\u2033 _builder_version=\u201d4.16\u2033 _module_preset=\u201dpredeterminado\u201d global_colors_info=\u201d{}\u201d][et_pb_video_slider _builder_version=\u201d4.16\u2033 _module_preset=\u201dpredeterminado\u201d global_colors_info=\u201d{}\u201d][et_pb_video_slider_item src=\u201dhttps:\/\/youtu.be\/hmhA-vUAzDc\u201d _builder_version=\u201d4.6.5\u2033 _module_preset=\u201dpredeterminado\u201d global_colors_info=\u201d{}\u201d show_image_overlay=\u201doff\u201d][\/et_pb_video_slider_item][\/et_pb_video_slider][\/et_pb_column][\/et_pb_row][et_pb_row _builder_version=\u201d4.16\u2033 background_size=\u201dinitial\u201d background_position=\u201dtop_left\u201d background_repeat=\u201drepeat\u201d width=\u201d100%\u201d locking=\u201doff\u201d global_colors_info=\u201d{}\u201d][et_pb_column type=\u201d4_4\u2033 _builder_version=\u201d4.16\u2033 _module_preset=\u201ddefault\u201d global_colors_info=\u201d{}\u201d][et_pb_wc_tabs include_tabs=\u201ddescription||reviews\u201d _builder_version=\u201d4.16\u2033 global_colors_info=\u201d{}\u201d] [\/et_pb_wc_tabs][\/et_pb_column][\/et_pb_row][\/et_pb_section]<\/p>","protected":false},"excerpt":{"rendered":"<p><strong>listo en 5-9 d\u00edas<\/strong><\/p>","protected":false},"featured_media":14268,"template":"","meta":{"_et_pb_use_builder":"on","_et_pb_old_content":"<h3>Play thousands of games.<\/h3>\r\n<!--more-->\r\n\r\n<!--more-->\r\n<h3><a href=\"https:\/\/digital-pinball.com\/wp-content\/uploads\/2019\/12\/google-play.jpg\"><img class=\"alignnone size-full wp-image-14229\" src=\"https:\/\/digital-pinball.com\/wp-content\/uploads\/2019\/12\/google-play.jpg\" alt=\"\" width=\"873\" height=\"481\" \/><\/a><\/h3>\r\n[button link=\"https:\/\/play.google.com\/store\/apps\/collection\/cluster?clp=ggEJCgdwaW5iYWxs:S:ANO1ljLJLM4&amp;gsr=CgyCAQkKB3BpbmJhbGw%3D:S:ANO1ljKhr9g\" color=\"black\" newwindow=\"yes\"]more games[\/button]\r\n\r\nSharpin Pinball is not associated with Google Play or any App on the Google Play Store. All trademarks, logos and brand names are the property of their respective owners. All company, product and service names used in this website are for identification purposes only.\r\n\r\n<strong>The kit contains: <\/strong>\r\n<ul>\r\n \t<li>Android Box with the following specs:\r\nCPU \u2013 Amlogic S922X hexa-core with 4x Arm Cortex A73 cores @ up to 1.8 GHz, 2x Arm Cortex A53 cores @ 1.9 GHz\r\nGPU \u2013 Arm Mali-G52MP4 @ 846MHz\r\nSystem Memory \u2013 4GB DDR4 RAM\r\nWIFI 6\r\nStorage \u2013 64GB\r\nOS: Android 9<\/li>\r\n \t<li>cnc cut wood cabinet<\/li>\r\n \t<li>10-inch Backbox display<\/li>\r\n \t<li>Original Pinball metal legs<\/li>\r\n \t<li>Acrylic glas cover<\/li>\r\n \t<li>arcade button encoder<\/li>\r\n \t<li>arcade buttons<\/li>\r\n \t<li>2x \u00a0speaker<\/li>\r\n \t<li>22\" High-Quality FULL HD Display<\/li>\r\n \t<li>designed decals<\/li>\r\n \t<li>side rails<\/li>\r\n \t<li>screws<\/li>\r\n<\/ul>","_et_gb_content_width":""},"product_brand":[],"product_cat":[175,177],"product_tag":[],"class_list":{"0":"post-14224","1":"product","2":"type-product","3":"status-publish","4":"has-post-thumbnail","6":"product_cat-retro","7":"product_cat-weship","8":"product_shipping_class-normal","10":"first","11":"outofstock","12":"taxable","13":"shipping-taxable","14":"purchasable","15":"product-type-simple"},"_links":{"self":[{"href":"https:\/\/digital-pinball.com\/es\/wp-json\/wp\/v2\/product\/14224","targetHints":{"allow":["GET"]}}],"collection":[{"href":"https:\/\/digital-pinball.com\/es\/wp-json\/wp\/v2\/product"}],"about":[{"href":"https:\/\/digital-pinball.com\/es\/wp-json\/wp\/v2\/types\/product"}],"wp:featuredmedia":[{"embeddable":true,"href":"https:\/\/digital-pinball.com\/es\/wp-json\/wp\/v2\/media\/14268"}],"wp:attachment":[{"href":"https:\/\/digital-pinball.com\/es\/wp-json\/wp\/v2\/media?parent=14224"}],"wp:term":[{"taxonomy":"product_brand","embeddable":true,"href":"https:\/\/digital-pinball.com\/es\/wp-json\/wp\/v2\/product_brand?post=14224"},{"taxonomy":"product_cat","embeddable":true,"href":"https:\/\/digital-pinball.com\/es\/wp-json\/wp\/v2\/product_cat?post=14224"},{"taxonomy":"product_tag","embeddable":true,"href":"https:\/\/digital-pinball.com\/es\/wp-json\/wp\/v2\/product_tag?post=14224"}],"curies":[{"name":"wp","href":"https:\/\/api.w.org\/{rel}","templated":true}]}}