{"id":11775,"date":"2021-02-02T11:25:58","date_gmt":"2021-02-02T10:25:58","guid":{"rendered":"https:\/\/www.digital-pinball.com\/?post_type=product&#038;p=11775"},"modified":"2023-09-05T11:26:29","modified_gmt":"2023-09-05T09:26:29","slug":"sharpin-king-pc-4k","status":"publish","type":"product","link":"https:\/\/digital-pinball.com\/es\/virtual-pinball-store\/sharpin-king-pc-4k\/","title":{"rendered":"Sharpin King 4K"},"content":{"rendered":"<p>[et_pb_section fb_built=\u201d1\u2033 _builder_version=\u201d4.16\u2033 custom_padding=\u201d0px||||false|false\u201d global_colors_info=\u201d{}\u201d][et_pb_row _builder_version=\u201d4.16\u2033 background_size=\u201dinitial\u201d background_position=\u201dtop_left\u201d background_repeat=\u201drepeat\u201d width=\u201d100%\u201d custom_padding=\u201d0px||0px||false|false\u201d global_colors_info=\u201d{}\u201d][et_pb_column type=\u201d4_4\u2033 _builder_version=\u201d4.16\u2033 custom_padding=\u201d|||\u201d Informaci\u00f3n global de colores = &quot;{}&quot; relleno personalizado__hover = &quot;|||&quot;][et_pb_wc_breadcrumb _builder_version = &quot;4.16&quot; Informaci\u00f3n global de colores = &quot;{}&quot;][\/et_pb_wc_breadcrumb][et_pb_wc_cart_notice _builder_version = &quot;4.16&quot; Informaci\u00f3n global de colores = &quot;{}&quot;][\/et_pb_wc_cart_notice][\/et_pb_column][\/et_pb_row][et_pb_row Estructura de columna = &quot;1_2,1_2&quot; _builder_version = &quot;4.16&quot; Tama\u00f1o de fondo = &quot;inicial&quot; Posici\u00f3n de fondo = &quot;arriba a la izquierda&quot; Repetici\u00f3n de fondo = &quot;repetir&quot; Ancho = &quot;100%&quot; Relleno personalizado = &quot;0px&quot; |||| Falso | Falso global_colors_info=\u201d{}\u201d][et_pb_column type=\u201d1_2\u2033 _builder_version=\u201d4.16\u2033 custom_padding=\u201d|||\u201d global_colors_info=\u201d{}\u201d custom_padding__hover=\u201d|||\u201d][et_pb_wc_images _builder_version=\u201d4.16\u2033 global_colors_info=\u201d{}\u201d][\/et_pb_wc_images][\/et_pb_column][et_pb_column type=\u201d1_2\u2033 _builder_version=\u201d4.16\u2033 custom_padding=\u201d|||\u201d Informaci\u00f3n global de colores = &quot;{}&quot; relleno_personalizado__hover = &quot;|||&quot;][et_pb_wc_title _builder_version = &quot;4.16&quot; informaci\u00f3n global de colores = &quot;{}&quot;][\/et_pb_wc_title][et_pb_wc_rating _builder_version = &quot;4.16&quot; informaci\u00f3n global de colores = &quot;{}&quot;][\/et_pb_wc_rating][et_pb_wc_price _builder_version = &quot;4.16&quot; informaci\u00f3n global de colores = &quot;{}&quot;][\/et_pb_wc_price][et_pb_wc_description _builder_version = &quot;4.16&quot; informaci\u00f3n global de colores = &quot;{}&quot;][\/et_pb_wc_description][et_pb_wc_add_to_cart mostrar_cantidad = &quot;desactivado&quot; _builder_version=\u201d4.21.0\u2033 custom_button=\u201don\u201d button_text_color=\u201d#FFFFFF\u201d button_bg_color=\u201d#000000\u2033 global_colors_info=\u201d{}\u201d][\/et_pb_wc_add_to_cart][et_pb_divider color=\u201d#000000\u2033 divider_weight=\u201d3px\u201d _builder_version=\u201d4.16\u2033 _module_preset=\u201ddefault\u201d min_height=\u201d24.3px\u201d custom_margin=\u201d||-1px|||\u201d locking=\u201doff\u201d global_colors_info=\u201d{}\u201d][\/et_pb_divider][et_pb_text admin_label=\u201dTittle\u201d _builder_version=\u201d4.16\u2033 text_font=\u201dNunito||||||||\u201d tama\u00f1o de fuente del texto = 18 px, altura de l\u00ednea del texto = 1.8 em, fuente del encabezado = \u203a\u203a\u203a\u203a\u203a\u203a fuente del encabezado 2 = \u203a ...<\/p>\n<h2><span style=\"color: #000000;\"><span style=\"caret-color: #000000;\">Videos de Youtube<\/span><\/span><\/h2>\n<p>[\/et_pb_text][et_pb_video_slider _builder_version=\u201d4.21.0\u2033 _module_preset=\u201ddefault\u201d global_colors_info=\u201d{}\u201d][et_pb_video_slider_item src=\u201dhttps:\/\/www.youtube.com\/watch?v=TGCiP1EiEuU\u201d _builder_version=\u201d4.21.0\u2033 _module_preset=\u201ddefault\u201d global_colors_info=\u201d{}\u201d show_image_overlay=\u201doff\u201d][\/et_pb_video_slider_item][et_pb_video_slider_item src=\u201dhttps:\/\/www.youtube.com\/shorts\/LiyQ8AXb9dI\u201d _builder_version=\u201d4.21.0\u2033 _module_preset=\u201ddefault\u201d global_colors_info=\u201d{}\u201d Mostrar_superposici\u00f3n_de_imagen=\u201ddesactivado\u201d][\/et_pb_video_slider_item][et_pb_video_slider_item src=\u201dhttps:\/\/youtu.be\/1inwCpQSLvU\u201d _builder_version=\u201d4.21.0\u2033 _module_preset=\u201dpredeterminado\u201d global_colors_info=\u201d{}\u201d Mostrar_superposici\u00f3n_de_imagen=\u201ddesactivado\u201d][\/et_pb_video_slider_item][\/et_pb_video_slider][\/et_pb_column][\/et_pb_row][et_pb_row _builder_version=\u201d4.16\u2033 background_size=\u201dinitial\u201d background_position=\u201dtop_left\u201d background_repeat=\u201drepeat\u201d width=\u201d100%\u201d global_colors_info=\u201d{}\u201d][et_pb_column type=\u201d4_4\u2033 _builder_version=\u201d4.16\u2033 custom_padding=\u201d|||\u201d global_colors_info=\u201d{}\u201d custom_padding__hover=\u201d|||\u201d][et_pb_wc_tabs _builder_version=\u201d4.16\u2033 global_colors_info=\u201d{}\u201d] [\/et_pb_wc_tabs][et_pb_wc_upsells _builder_version=\u201d4.16\u2033 global_colors_info=\u201d{}\u201d][\/et_pb_wc_upsells][et_pb_wc_related_products _builder_version=\u201d4.16\u2033 global_colors_info=\u201d{}\u201d][\/et_pb_wc_related_products][\/et_pb_column][\/et_pb_row][\/et_pb_section]<\/p>","protected":false},"excerpt":{"rendered":"<p>Env\u00edo en 14-21 d\u00edas<\/p>","protected":false},"featured_media":12064,"template":"","meta":{"_et_pb_use_builder":"on","_et_pb_old_content":"Full-Size Digital Pinball Machine with <strong>43 inch 4K Playfield<\/strong> and 27-inch Backglass and 10\" DMD (LCD). Includes a powerful Gaming PC with GeForce Graphics Card for the highest Performance.\r\nThe Pinball Machine comes flat packed and needs to be assembled. The assembly is very easy and there is a Tutorial and video instructions available.\r\n\r\n<strong>Main Features:<\/strong>\r\n<ul>\r\n \t<li>Full size Cabinet<\/li>\r\n \t<li>43 inch 4K Playfield Monitor<\/li>\r\n \t<li>27 inch Backglass Monitor<\/li>\r\n \t<li>10 inch DMD (LCD)<\/li>\r\n \t<li>Gaming PC for 4K Pinball games<\/li>\r\n \t<li><span style=\"color: #339966\">plug and play. comes with games installed - ready to use<\/span><\/li>\r\n<\/ul>\r\n&nbsp;\r\n<div id=\"gtx-trans\">\r\n<div class=\"gtx-trans-icon\"><\/div>\r\n<\/div>","_et_gb_content_width":""},"product_brand":[],"product_cat":[73],"product_tag":[],"class_list":{"0":"post-11775","1":"product","2":"type-product","3":"status-publish","4":"has-post-thumbnail","6":"product_cat-full-size","8":"first","9":"instock","10":"sold-individually","11":"taxable","12":"shipping-taxable","13":"purchasable","14":"product-type-simple"},"_links":{"self":[{"href":"https:\/\/digital-pinball.com\/es\/wp-json\/wp\/v2\/product\/11775","targetHints":{"allow":["GET"]}}],"collection":[{"href":"https:\/\/digital-pinball.com\/es\/wp-json\/wp\/v2\/product"}],"about":[{"href":"https:\/\/digital-pinball.com\/es\/wp-json\/wp\/v2\/types\/product"}],"wp:featuredmedia":[{"embeddable":true,"href":"https:\/\/digital-pinball.com\/es\/wp-json\/wp\/v2\/media\/12064"}],"wp:attachment":[{"href":"https:\/\/digital-pinball.com\/es\/wp-json\/wp\/v2\/media?parent=11775"}],"wp:term":[{"taxonomy":"product_brand","embeddable":true,"href":"https:\/\/digital-pinball.com\/es\/wp-json\/wp\/v2\/product_brand?post=11775"},{"taxonomy":"product_cat","embeddable":true,"href":"https:\/\/digital-pinball.com\/es\/wp-json\/wp\/v2\/product_cat?post=11775"},{"taxonomy":"product_tag","embeddable":true,"href":"https:\/\/digital-pinball.com\/es\/wp-json\/wp\/v2\/product_tag?post=11775"}],"curies":[{"name":"wp","href":"https:\/\/api.w.org\/{rel}","templated":true}]}}