{"id":13304,"date":"2022-01-17T15:40:43","date_gmt":"2022-01-17T14:40:43","guid":{"rendered":"https:\/\/www.digital-pinball.com\/?page_id=13304"},"modified":"2022-03-03T19:49:43","modified_gmt":"2022-03-03T18:49:43","slug":"refund_returns","status":"publish","type":"page","link":"https:\/\/digital-pinball.com\/es\/refund_returns\/","title":{"rendered":"Pol\u00edtica de reembolso y devoluciones"},"content":{"rendered":"<p>[et_pb_section fb_built=\u201d1\u2033 admin_label=\u201dsection\u201d _builder_version=\u201d3.22\u2033][et_pb_row admin_label=\u201drow\u201d _builder_version=\u201d3.25\u2033 background_size=\u201dinitial\u201d background_position=\u201dtop_left\u201d background_repeat=\u201drepeat\u201d][et_pb_column type= \u201d4_4\u2033 _builder_version=\u201d3.25\u2033 custom_padding=\u201d|||\u201d custom_padding__hover=\u201d|||\u201d][et_pb_text admin_label=\u201dText\u201d _builder_version=\u201d4.6.5\u2033 background_size=\u201dinitial\u201d background_position=\u201dtop_left\u201d background_repeat=\u201drepeat\u201d hover_enabled=\u201d0\u2033 sticky_enabled=\u201d0\u2033]<\/p>\n<h3><strong>&#8212;&#8212;&#8212;&#8212;&#8212;&#8212;&#8212;&#8212;&#8212;&#8212;&#8212;&#8212;&#8212;&#8212;&#8212;&#8212;&#8212;&#8212;&#8212;&#8212;&#8212;-<\/strong><br \/><strong>Instrucciones sobre retiro<\/strong><br \/><strong>&#8212;&#8212;&#8212;&#8212;&#8212;&#8212;&#8212;&#8212;&#8212;&#8212;&#8212;&#8212;&#8212;&#8212;&#8212;&#8212;&#8212;&#8212;&#8212;&#8212;&#8212;-<\/strong><\/h3>\n<p><strong>Derecho de desistimiento en la UE<\/strong><br \/>Tiene derecho a rescindir este contrato en un plazo de 14 d\u00edas sin dar ning\u00fan motivo. El plazo de desistimiento expirar\u00e1 a los 14 d\u00edas desde el d\u00eda en que usted adquiera, o un tercero distinto del transportista e indicado por usted adquiera, la posesi\u00f3n f\u00edsica de la mercanc\u00eda. Para ejercer el derecho de desistimiento, debe informarnos<\/p>\n<p>Firma Michael Gruber<br \/>Edelstauden 55<br \/>8081 Edelstauden<br \/>Austria<br \/>Correo electr\u00f3nico: info@digital-pinball.com<\/p>\n<p>de su decisi\u00f3n de rescindir este contrato mediante una declaraci\u00f3n inequ\u00edvoca (por ejemplo, una carta enviada por correo postal, fax o correo electr\u00f3nico). Puede utilizar el modelo de formulario de desistimiento adjunto, pero no es obligatorio. Para cumplir con el plazo de desistimiento, es suficiente que env\u00ede su comunicaci\u00f3n sobre el ejercicio del derecho de desistimiento antes de que expire el per\u00edodo de desistimiento. Efectos de la rescisi\u00f3n Si se rescinde de este contrato, le reembolsaremos todos los pagos recibidos de usted, incluidos los costos de env\u00edo (con la excepci\u00f3n de los costos suplementarios resultantes de su elecci\u00f3n de un tipo de env\u00edo que no sea el menos costoso de entrega est\u00e1ndar ofrecida por nosotros), sin demoras indebidas y, en cualquier caso, a m\u00e1s tardar 14 d\u00edas a partir del d\u00eda en que se nos informe sobre su decisi\u00f3n de rescindir este contrato. Realizaremos dicho reembolso utilizando el mismo medio de pago que utiliz\u00f3 para la transacci\u00f3n inicial, a menos que haya acordado expresamente lo contrario; en cualquier caso, no incurrir\u00e1 en ninguna tarifa como resultado de dicho reembolso. Podemos retener el reembolso hasta que hayamos recibido la mercanc\u00eda de regreso o usted haya proporcionado evidencia de haber devuelto la mercanc\u00eda, lo que ocurra primero. Deber\u00e1 devolver la mercanc\u00eda o entreg\u00e1rnosla sin demora indebida y, en cualquier caso, a m\u00e1s tardar 14 d\u00edas a partir del d\u00eda en que nos comunique su desistimiento de este contrato. El plazo se cumple si devuelve la mercanc\u00eda antes de que expire el plazo de 14 d\u00edas. Tendr\u00e1s que asumir el coste directo de devoluci\u00f3n de la mercanc\u00eda. Usted solo es responsable de la disminuci\u00f3n de valor de los bienes resultante de una manipulaci\u00f3n distinta a la necesaria para establecer la naturaleza, caracter\u00edsticas y funcionamiento de los bienes. Modelo de formulario de desistimiento (complete y devuelva este formulario solo si desea desistir del contrato)<\/p>\n<p>Firma Michael Gruber<br \/>Edelstauden 55<br \/>8081 Edelstauden<br \/>Austria<br \/>Correo electr\u00f3nico: info@digital-pinball.com<\/p>\n<p>&#8212;&#8212;&#8212;&#8212;&#8211;<br \/>Yo\/nosotros (*) por la presente notifico\/notificamos (*) que yo\/nosotros (*) desisto de mi\/nuestro (*) contrato de venta de los siguientes bienes (*)\/para la prestaci\u00f3n del siguiente servicio (*), \u2013 Pedido el ( *)\/recibido el (*), \u2013 Nombre del consumidor(es), \u2013 Direcci\u00f3n del consumidor(es), \u2013 Firma del consumidor(es) (solo si este formulario se notifica en papel), \u2013 Fecha<br \/>&#8212;&#8212;&#8212;&#8212;&#8211;<\/p>\n<h3><strong>&#8212;&#8212;&#8212;&#8212;&#8212;&#8212;&#8212;&#8212;&#8212;&#8212;&#8212;&#8212;&#8212;&#8212;&#8212;&#8212;&#8212;&#8212;&#8212;&#8212;&#8212;-<\/strong><br \/><strong>Widerrufsbelehrung<\/strong><br \/><strong>&#8212;&#8212;&#8212;&#8212;&#8212;&#8212;&#8212;&#8212;&#8212;&#8212;&#8212;&#8212;&#8212;&#8212;&#8212;&#8212;&#8212;&#8212;&#8212;&#8212;&#8212;-<\/strong><\/p>\n<\/h3>\n<p><strong>Widerrufsrecht in der EU<\/strong><br \/>Sie haben das Recht, binnen vierzehn Tagen ohne Angabe von Gr\u00fcnden diesen Vertrag zu widerufen. Die Widerrufsfrist betr\u00e4gt vierzehn Tage ab dem Tag, an dem Sie oder ein von Ihnen benannter Dritter, der nicht der Bef\u00f6rderer ist, die Waren in Besitz genommen haben bzw. sombrero. Um Ihr Widerrufsrecht auszu\u00fcben, m\u00fcssen Sie uns<\/p>\n<p>Firma Michael Gruber<br \/>Edelstauden 55<br \/>8081 Edelstauden<br \/>Austria<br \/>Correo electr\u00f3nico: info@digital-pinball.com<\/p>\n<p>mittels einer eindeutigen Erkl\u00e4rung (zB ein mit der Post versandter Brief, Telefax oder EMail) \u00fcber Ihren Entschluss, diesen Vertrag zu widerufen, informieren. Sie k\u00f6nnen daf\u00fcr das beigef\u00fcgte Muster-Widerrufsformular verwenden, das jedoch nicht vorgeschrieben ist. Zur Wahrung der Widerrufsfrist reicht es aus, dass Sie die Mitteilung \u00fcber die Aus\u00fcbung des Widerrufsrechts vor Ablauf der Widerrufsfrist absenden. Folgen des Widerrufs Wenn Sie diesen Vertrag largerrufen, haben wir Ihnen alle Zahlungen, die wir von Ihnen erhalten haben, einschlie\u00dflich der Lieferkosten (mit Ausnahme der zus\u00e4tzlichen Kosten, die sich daraus ergeben, dass Sie eine andere Art von der lieferung als g\u00fcnstigste Standardlieferung gew\u00e4hlt haben), unverz\u00fcglich und sp\u00e4testens binnen vierzehn Tagen ab dem Tag zur\u00fcckzuzahlen, an dem die Mitteilung \u00fcber Ihren Widerruf dieses Vertrags bei uns eingegangen ist. F\u00fcr diese R\u00fcckzahlung verwenden wir dasselbe Zahlungsmittel, das Sie bei der urspr\u00fcnglichen Transaktion eingesetzt haben, es sei denn, mit Ihnen wurde ausdr\u00fccklich etwas anderes vereinbart; in keinem Fall werden Ihnen wegen dieser R\u00fcckzahlung Entgelte berechnet. Wir k\u00f6nnen die R\u00fcckzahlung verweigern, bis wir die Waren wieder zur\u00fcckerhalten haben oder bis Sie den Nachweis erbracht haben, dass Sie die Waren zur\u00fcckgesandt haben, je nachdem, welches der fr\u00fchere Zeitpunkt ist. Sie haben die Waren unverz\u00fcglich und in jedem Fall sp\u00e4testens binnen vierzehn Tagen ab dem Tag, an dem Sie uns \u00fcber den Widerruf dieses Vertrags unterrichten, an uns zur\u00fcckzusenden oder zu \u00fcbergeben. Die Frist ist gewahrt, wenn Sie die Waren vor Ablauf der Frist von vierzehn Tagen absenden. Sie tragen die unmittelbaren Kosten der R\u00fccksendung der Waren. Sie m\u00fcssen f\u00fcr einen etwaigen Wertverlust der Waren nur aufkommen, wenn dieser Wertverlust auf einen zur Pr\u00fcfung der Beschaffenheit, Eigenschaften und Funktionsweise der Waren nicht notwendigen Umgang mit ihnen zur\u00fcckzuf\u00fchren.<\/p>\n<p><strong>Muster-Widerrufsformular<\/strong><br \/>Wenn Sie den Vertrag widerufen wollen, dann f\u00fcllen Sie bitte dieses Formular aus und senden Sie es zur\u00fcck.)<\/p>\n<p>Firma Michael Gruber<br \/>Edelstauden 55<br \/>8081 Edelstauden<br \/>Austria<br \/>Correo electr\u00f3nico: info@digital-pinball.com<\/p>\n<p>&#8212;&#8212;&#8212;&#8212;&#8211;<br \/>Hiermit widerufe(n) ich\/wir (*) den von mir\/uns (*) abgeschlossenen Vertrag \u00fcber den Kauf der folgenden Waren (*)\/ die Erbringung der folgenden Dienstleistung (*) \u2013 Bestellt am (*)\/erhalten am (* ) \u2013 Nombre des\/der Verbraucher(s) \u2013 Anschrift des\/der Verbraucher(s) \u2013 Unterschrift des\/der Verbraucher(s) (nur bei Mitteilung auf Papier) \u2013 Datum ___________ (*) Unzutreffendes streichen.<br \/>&#8212;&#8212;&#8212;&#8212;&#8211;<\/p>\n<p>[\/ et_pb_text] [\/ et_pb_column] [\/ et_pb_row] [\/ et_pb_section]<\/p>","protected":false},"excerpt":{"rendered":"<p>\u2014\u2014\u2014\u2014\u2014\u2014\u2014\u2014\u2014\u2014\u2014\u2014\u2014\u2014\u2014\u2014\u2014\u2014\u2014\u2014\u2014\u2014-Instrucciones sobre el desistimiento\u2014\u2014\u2014\u2014\u2014\u2014\u2014\u2014\u2014\u2014\u2014\u2014\u2014\u2014\u2014\u2014\u2014\u2014\u2014\u2014\u2014- Derecho de desistimiento en la UETienes derecho a desistir del presente contrato en un plazo de 14 d\u00edas sin necesidad de justificaci\u00f3n. El plazo de desistimiento expirar\u00e1 a los 14 d\u00edas del d\u00eda que t\u00fa o un tercero por ti indicado, distinto del transportista, adquiera la posesi\u00f3n material de [\u2026]<\/p>","protected":false},"author":1,"featured_media":0,"parent":0,"menu_order":0,"comment_status":"closed","ping_status":"closed","template":"","meta":{"_et_pb_use_builder":"on","_et_pb_old_content":"----------------------------------------------------------------\r\nInstructions on withdrawal \r\n----------------------------------------------------------------\r\n\r\nRight of withdrawal in the EU\r\nYou have the right to withdraw from this contract within 14 days without giving any reason. The withdrawal period will expire after 14 days from the day on which you acquire, or a third party other than the carrier and indicated by you acquires, physical possession of the goods. To exercise the right of withdrawal, you must inform us\r\n\r\nFirma Michael Gruber\r\nEdelstauden 55\r\n8081 Edelstauden\r\nAustria\r\nE-Mail: info@digital-pinball.com\r\n\r\nof your decision to withdraw from this contract by an unequivocal statement (e.g. a letter sent by post, fax or e-mail). You may use the attached model withdrawal form, but it is not obligatory. To meet the withdrawal deadline, it is sufficient for you to send your communication concerning your exercise of the right of withdrawal before the withdrawal period has expired. Effects of withdrawal If you withdraw from this contract, we shall reimburse to you all payments received from you, including the costs of delivery (with the exception of the supplementary costs resulting from your choice of a type of delivery other than the least expensive type of standard delivery offered by us), without undue delay and in any event not later than 14 days from the day on which we are informed about your decision to withdraw from this contract. We will carry out such reimbursement using the same means of payment as you used for the initial transaction, unless you have expressly agreed otherwise; in any event, you will not incur any fees as a result of such reimbursement. We may withhold reimbursement until we have received the goods back or you have supplied evidence of having sent back the goods, whichever is the earliest. You shall send back the goods or hand them over to us, without undue delay and in any event not later than 14 days from the day on which you communicate your withdrawal from this contract to us. The deadline is met if you send back the goods before the period of 14 days has expired. You will have to bear the direct cost of returning the goods. You are only liable for any diminished value of the goods resulting from the handling other than what is necessary to establish the nature, characteristics and functioning of the goods. Model withdrawal form (complete and return this form only if you wish to withdraw from the contract) \r\n\r\nFirma Michael Gruber\r\nEdelstauden 55\r\n8081 Edelstauden\r\nAustria\r\nE-Mail: info@digital-pinball.com\r\n\r\n--------------\r\nI\/We (*) hereby give notice that I\/We (*) withdraw from my\/our (*) contract of sale of the following goods (*)\/for the provision of the following service (*), - Ordered on (*)\/received on (*), - Name of consumer(s), - Address of consumer(s), - Signature of consumer(s) (only if this form is notified on paper), - Date\r\n--------------\r\n\r\n\r\n----------------------------------------------------------------\r\nWiderrufsbelehrung\r\n----------------------------------------------------------------\r\n(english version below)\r\n\r\nWiderrufsrecht in der EU\r\nSie haben das Recht, binnen vierzehn Tagen ohne Angabe von Gr\u00fcnden diesen Vertrag zu widerrufen. Die Widerrufsfrist betr\u00e4gt vierzehn Tage ab dem Tag, an dem Sie oder ein von Ihnen benannter Dritter, der nicht der Bef\u00f6rderer ist, die Waren in Besitz genommen haben bzw. hat. Um Ihr Widerrufsrecht auszu\u00fcben, m\u00fcssen Sie uns\r\n\r\nFirma Michael Gruber\r\nEdelstauden 55\r\n8081 Edelstauden\r\nAustria\r\nE-Mail: info@digital-pinball.com\r\n \r\nmittels einer eindeutigen Erkl\u00e4rung (z.B. ein mit der Post versandter Brief, Telefax oder EMail) \u00fcber Ihren Entschluss, diesen Vertrag zu widerrufen, informieren. Sie k\u00f6nnen daf\u00fcr das beigef\u00fcgte Muster-Widerrufsformular verwenden, das jedoch nicht vorgeschrieben ist. Zur Wahrung der Widerrufsfrist reicht es aus, dass Sie die Mitteilung \u00fcber die Aus\u00fcbung des Widerrufsrechts vor Ablauf der Widerrufsfrist absenden. Folgen des Widerrufs Wenn Sie diesen Vertrag widerrufen, haben wir Ihnen alle Zahlungen, die wir von Ihnen erhalten haben, einschlie\u00dflich der Lieferkosten (mit Ausnahme der zus\u00e4tzlichen Kosten, die sich daraus ergeben, dass Sie eine andere Art der Lieferung als die von uns angebotene, g\u00fcnstigste Standardlieferung gew\u00e4hlt haben), unverz\u00fcglich und sp\u00e4testens binnen vierzehn Tagen ab dem Tag zur\u00fcckzuzahlen, an dem die Mitteilung \u00fcber Ihren Widerruf dieses Vertrags bei uns eingegangen ist. F\u00fcr diese R\u00fcckzahlung verwenden wir dasselbe Zahlungsmittel, das Sie bei der urspr\u00fcnglichen Transaktion eingesetzt haben, es sei denn, mit Ihnen wurde ausdr\u00fccklich etwas anderes vereinbart; in keinem Fall werden Ihnen wegen dieser R\u00fcckzahlung Entgelte berechnet. Wir k\u00f6nnen die R\u00fcckzahlung verweigern, bis wir die Waren wieder zur\u00fcckerhalten haben oder bis Sie den Nachweis erbracht haben, dass Sie die Waren zur\u00fcckgesandt haben, je nachdem, welches der fr\u00fchere Zeitpunkt ist. Sie haben die Waren unverz\u00fcglich und in jedem Fall sp\u00e4testens binnen vierzehn Tagen ab dem Tag, an dem Sie uns \u00fcber den Widerruf dieses Vertrags unterrichten, an uns zur\u00fcckzusenden oder zu \u00fcbergeben. Die Frist ist gewahrt, wenn Sie die Waren vor Ablauf der Frist von vierzehn Tagen absenden. Sie tragen die unmittelbaren Kosten der R\u00fccksendung der Waren. Sie m\u00fcssen f\u00fcr einen etwaigen Wertverlust der Waren nur aufkommen, wenn dieser Wertverlust auf einen zur Pr\u00fcfung der Beschaffenheit, Eigenschaften und Funktionsweise der Waren nicht notwendigen Umgang mit ihnen zur\u00fcckzuf\u00fchren ist. \r\nMuster-Widerrufsformular \r\nWenn Sie den Vertrag widerrufen wollen, dann f\u00fcllen Sie bitte dieses Formular aus und senden Sie es zur\u00fcck.)\r\n\r\nFirma Michael Gruber\r\nEdelstauden 55\r\n8081 Edelstauden\r\nAustria\r\nE-Mail: info@digital-pinball.com\r\n\r\n--------------\r\nHiermit widerrufe(n) ich\/wir (*) den von mir\/uns (*) abgeschlossenen Vertrag \u00fcber den Kauf der folgenden Waren (*)\/ die Erbringung der folgenden Dienstleistung (*) - Bestellt am (*)\/erhalten am (*) - Name des\/der Verbraucher(s) - Anschrift des\/der Verbraucher(s) - Unterschrift des\/der Verbraucher(s) (nur bei Mitteilung auf Papier) - Datum ___________ (*) Unzutreffendes streichen. \r\n--------------\r\n\r\n","_et_gb_content_width":"","footnotes":""},"class_list":["post-13304","page","type-page","status-publish","hentry"],"_links":{"self":[{"href":"https:\/\/digital-pinball.com\/es\/wp-json\/wp\/v2\/pages\/13304","targetHints":{"allow":["GET"]}}],"collection":[{"href":"https:\/\/digital-pinball.com\/es\/wp-json\/wp\/v2\/pages"}],"about":[{"href":"https:\/\/digital-pinball.com\/es\/wp-json\/wp\/v2\/types\/page"}],"author":[{"embeddable":true,"href":"https:\/\/digital-pinball.com\/es\/wp-json\/wp\/v2\/users\/1"}],"replies":[{"embeddable":true,"href":"https:\/\/digital-pinball.com\/es\/wp-json\/wp\/v2\/comments?post=13304"}],"version-history":[{"count":3,"href":"https:\/\/digital-pinball.com\/es\/wp-json\/wp\/v2\/pages\/13304\/revisions"}],"predecessor-version":[{"id":14238,"href":"https:\/\/digital-pinball.com\/es\/wp-json\/wp\/v2\/pages\/13304\/revisions\/14238"}],"wp:attachment":[{"href":"https:\/\/digital-pinball.com\/es\/wp-json\/wp\/v2\/media?parent=13304"}],"curies":[{"name":"wp","href":"https:\/\/api.w.org\/{rel}","templated":true}]}}