{"id":13230,"date":"2021-09-23T08:29:44","date_gmt":"2021-09-23T06:29:44","guid":{"rendered":"https:\/\/www.digital-pinball.com\/payment_methods\/"},"modified":"2024-03-31T09:11:52","modified_gmt":"2024-03-31T07:11:52","slug":"payment_methods","status":"publish","type":"page","link":"https:\/\/digital-pinball.com\/es\/payment_methods\/","title":{"rendered":"M\u00e9todos de pago"},"content":{"rendered":"<p><strong>Formas de pago<\/strong><\/p>\n<p>Te ofrecemos las siguientes formas de pago. Simplemente busque en la lista el mejor tipo de pago para usted. Los gastos de env\u00edo pueden variar seg\u00fan el tipo de pago seleccionado. Los precios indicados en las ofertas respectivas son finales e incluyen todos los componentes del precio (incluido cualquier impuesto aplicable, como el impuesto al valor agregado (IVA)). Otros impuestos (por ejemplo, los aplicables a las compras intracomunitarias) y \/ o derechos (por ejemplo, derechos de aduana) solo se generan en relaci\u00f3n con transacciones transfronterizas y son pagaderos a las respectivas autoridades aduaneras y \/ o fiscales y no al vendedor. Los gastos de env\u00edo y entrega no est\u00e1n incluidos en el precio de compra y se pueden consultar en la p\u00e1gina \u201cGastos de env\u00edo\u201d. Se indican por separado durante el proceso de pedido y debe pagarlas usted adem\u00e1s del precio de compra.<\/p>\n<p><em>D\u00e9bito directo<\/em><\/p>\n<p>Recaudaremos el monto de la factura de su cuenta bancaria especificada despu\u00e9s de recibir su pedido.<\/p>\n<p><em>Tarjeta de cr\u00e9dito<\/em><\/p>\n<p>Pago con tarjeta de cr\u00e9dito sin problemas.<\/p>\n<p><em>PayPal<\/em><\/p>\n<p>El pago es a\u00fan m\u00e1s r\u00e1pido y sencillo con su cuenta PayPal.<\/p>\n<p>Transfiera el monto total adeudado a nuestra cuenta:<\/p>\n<p>Titular de la cuenta: Michael Gruber<br \/>\nIBAN:<br \/>\nAT83 2081 5000 4312 2126<\/p>\n<p>BIC:<br \/>\nSTSPAT2GXXX<\/p>","protected":false},"excerpt":{"rendered":"<p>Formas de pago Le ofrecemos las siguientes formas de pago. Simplemente busque en la lista el mejor tipo de pago para usted. Los gastos de env\u00edo pueden variar seg\u00fan el tipo de pago seleccionado. Los precios indicados en las ofertas respectivas son finales e incluyen todos los componentes del precio (incluido cualquier impuesto aplicable, como el impuesto al valor agregado (IVA)). Otros impuestos [\u2026]<\/p>","protected":false},"author":1,"featured_media":0,"parent":0,"menu_order":0,"comment_status":"closed","ping_status":"closed","template":"","meta":{"_et_pb_use_builder":"","_et_pb_old_content":"","_et_gb_content_width":"","footnotes":""},"class_list":["post-13230","page","type-page","status-publish","hentry"],"_links":{"self":[{"href":"https:\/\/digital-pinball.com\/es\/wp-json\/wp\/v2\/pages\/13230","targetHints":{"allow":["GET"]}}],"collection":[{"href":"https:\/\/digital-pinball.com\/es\/wp-json\/wp\/v2\/pages"}],"about":[{"href":"https:\/\/digital-pinball.com\/es\/wp-json\/wp\/v2\/types\/page"}],"author":[{"embeddable":true,"href":"https:\/\/digital-pinball.com\/es\/wp-json\/wp\/v2\/users\/1"}],"replies":[{"embeddable":true,"href":"https:\/\/digital-pinball.com\/es\/wp-json\/wp\/v2\/comments?post=13230"}],"version-history":[{"count":2,"href":"https:\/\/digital-pinball.com\/es\/wp-json\/wp\/v2\/pages\/13230\/revisions"}],"predecessor-version":[{"id":13249,"href":"https:\/\/digital-pinball.com\/es\/wp-json\/wp\/v2\/pages\/13230\/revisions\/13249"}],"wp:attachment":[{"href":"https:\/\/digital-pinball.com\/es\/wp-json\/wp\/v2\/media?parent=13230"}],"curies":[{"name":"wp","href":"https:\/\/api.w.org\/{rel}","templated":true}]}}