{"id":15872,"date":"2023-04-25T16:09:42","date_gmt":"2023-04-25T14:09:42","guid":{"rendered":"https:\/\/www.digital-pinball.com\/?post_type=product&#038;p=15872"},"modified":"2024-03-12T15:14:39","modified_gmt":"2024-03-12T14:14:39","slug":"arcade-for-nintendo-switch","status":"publish","type":"product","link":"https:\/\/digital-pinball.com\/de\/virtual-pinball-store\/arcade-for-nintendo-switch\/","title":{"rendered":"Arcade f\u00fcr Nintendo Switch"},"content":{"rendered":"<p>[et_pb_section fb_built=\u201d1\u2033 _builder_version=\u201d4.16\u2033 custom_padding=\u201d0px||||false|false\u201d global_colors_info=\u201d{}\u201d][et_pb_row column_structure=\u201d1_2,1_2\u2033 _builder_version=\u201d4.16\u2033 background_size=\u201dinitial\u201d background_position=\u201dtop_left\u201d background_repeat=\u201drepeat\u201d width=\u201d100%\u201d custom_padding=\u201d0px||0px||false|false\u201d hover_enabled=\u201d0\u2033 global_colors_info=\u201d{}\u201d sticky_enabled=\u201d0\u2033][et_pb_column type=\u201d1_2\u2033 _builder_version=\u201d4.16\u2033 custom_padding=\u201d|||\u201d global_colors_info=\u201d{}\u201d custom_padding__hover=\u201d|||\u201d][et_pb_wc_images sale_badge_color=\u201d#000000\u2033 _builder_version=\u201d4.16\u2033 custom_margin=\u201d||0px||false|false\u201d custom_padding=\u201d||0px||false|false\u201d global_colors_info=\u201d{}\u201d][\/et_pb_wc_images][\/et_pb_column][et_pb_column type=\u201d1_2\u2033 _builder_version=\u201d4.16\u2033 custom_padding=\u201d|||\u201d global_colors_info=\u201d{}\u201d custom_padding__hover=\u201d|||\u201d][et_pb_wc_title _builder_version=\u201d4.16\u2033 custom_padding=\u201d||0px|||\u201d global_colors_info=\u201d{}\u201d][\/et_pb_wc_title][et_pb_wc_rating product=\u201d14246\u2033 show_reviews_link=\u201doff\u201d _builder_version=\u201d4.21.0\u2033 rating_text_color=\u201d#000000\u2033 body_text_color=\u201d#000000\u2033 custom_margin=\u201d-2em|0em|-0.4em|0em|false|false\u201d global_colors_info=\u201d{}\u201d][\/et_pb_wc_rating][et_pb_wc_price _builder_version=\u201d4.16\u2033 body_text_color=\u201d#0c71c3\u2033 body_font_size=\u201d34px\u201d body_line_height=\u201d1em\u201d custom_padding=\u201d||0px||false|false\u201d global_colors_info=\u201d{}\u201d][\/et_pb_wc_price][et_pb_wc_description _builder_version=\u201d4.16\u2033 global_colors_info=\u201d{}\u201d][\/et_pb_wc_description][et_pb_wc_add_to_cart show_quantity=\u201doff\u201d show_stock=\u201doff\u201d _builder_version=\u201d4.16\u2033 fields_background_color=\u201d#ffffff\u201d field_label_text_color=\u201d#000000\u2033 custom_button=\u201don\u201d button_text_color=\u201d#ffffff\u201d button_bg_color=\u201d#000000\u2033 button_icon=\u201d\ue07a||divi||400\u2033 button_on_hover=\u201daus\u201d button_custom_padding=\u201d|42px|||false|false\u201d custom_padding=\u201d||0px|||\u201d body_text_color=\u201d#000000\u2033 global_colors_info=\u201d{}\u201d][\/et_pb_wc_add_to_cart][\/et_pb_column][\/et_pb_row][et_pb_row _builder_version=\u201d4.16\u2033 _module_preset=\u201ddefault\u201d width=\u201d100%\u201d custom_padding=\u201d0px||0px|||\u201d global_colors_info=\u201d{}\u201d][et_pb_column type=\u201d4_4\u2033 _builder_version=\u201d4.16\u2033 _module_preset=\u201ddefault\u201d global_colors_info=\u201d{}\u201d][et_pb_divider color=\u201d#000000\u2033 divider_weight=\u201d3px\u201d _builder_version=\u201d4.16\u2033 _module_preset=\u201ddefault\u201d min_height=\u201d24.3px\u201d custom_margin=\u201d||-1px|||\u201d global_colors_info=\u201d{}\u201d][\/et_pb_divider][\/et_pb_column][\/et_pb_row][et_pb_row column_structure=\u201d1_3,1_3,1_3\u2033 _builder_version=\u201d4.16\u2033 _module_preset=\u201ddefault\u201d width=\u201d100%\u201d min_height=\u201d61px\u201d custom_padding=\u201d||0px|||\u201d global_colors_info=\u201d{}\u201d][et_pb_column type=\u201d1_3\u2033 _builder_version=\u201d4.16\u2033 _module_preset=\u201ddefault\u201d global_colors_info=\u201d{}\u201d][et_pb_blurb title=\u201dGeld-zur\u00fcck-Garantie\u201d use_icon=\u201don\u201d font_icon=\u201d\ue0f3||divi||400\u2033 icon_color=\u201d#007fe0\u2033 icon_placement=\u201dleft\u201d image_icon_width=\u201d47px\u201d _builder_version=\u201d4.16\u2033 _module_preset=\u201ddefault\u201d icon_font_size=\u201d47px\u201d global_colors_info=\u201d{}\u201d]14 Tage Geld-zur\u00fcck-Garantie<br \/>\nKeine Fragen gefragt<br \/>\n[\/et_pb_blurb][\/et_pb_column][et_pb_column type=\u201d1_3\u2033 _builder_version=\u201d4.16\u2033 _module_preset=\u201ddefault\u201d global_colors_info=\u201d{}\u201d][et_pb_blurb title=\u201dSchneller Versand\u201d use_icon=\u201don\u201d font_icon=\u201d\ue06b||divi||400\u2033 icon_color=\u201d#007fe0\u2033 icon_placement=\u201dleft\u201d image_icon_width=\u201d47px\u201d _builder_version=\u201d4.16\u2033 _module_preset=\u201ddefault\u201d icon_font_size=\u201d47px\u201d global_colors_info=\u201d{}\u201d]Alle vorr\u00e4tigen Artikel werden innerhalb von 1-3 Tagen versandt. Weltweit<\/p>\n<p>&nbsp;<br \/>\n[\/et_pb_blurb][\/et_pb_column][et_pb_column type=\u201d1_3\u2033 _builder_version=\u201d4.16\u2033 _module_preset=\u201ddefault\u201d global_colors_info=\u201d{}\u201d][et_pb_blurb title=\u201dSichere Zahlung\u201d use_icon=\u201don\u201d font_icon=\u201d\ue0d9||divi||400\u2033 icon_color=\u201d#007fe0\u2033 icon_placement=\u201dleft\u201d image_icon_width=\u201d47px\u201d _builder_version=\u201d4.16\u2033 _module_preset=\u201ddefault\u201d icon_font_size=\u201d47px\u201d global_colors_info=\u201d{}\u201d font_icon__hover_enabled=\u201doff|desktop\u201d]Bezahlen mit PayPal, Kreditkarte oder Bank\u00fcberweisung<br \/>\n[\/et_pb_blurb][\/et_pb_column][\/et_pb_row][et_pb_row _builder_version=\u201d4.16\u2033 _module_preset=\u201ddefault\u201d width=\u201d100%\u201d custom_padding=\u201d0px||0px|||\u201d global_colors_info=\u201d{}\u201d][et_pb_column Typ=\u201d4_4\u2033 _builder_version=\u201d4.16\u2033 _module_preset=\u201dStandard\u201d global_colors_info=\u201d{}\u201d][et_pb_divider Farbe=\u201d#000000\u2033 Teilergewicht=\u201d3px\u201d _builder_version=\u201d4.16\u2033 _module_preset=\u201dStandard\u201d Mindesth\u00f6he=\u201d24,3px\u201d benutzerdefinierter_Margin=\u201d||-1px|||\u201d global_colors_info=\u201d{}\u201d][\/et_pb_divider][\/et_pb_column][\/et_pb_row][et_pb_row column_structure=\u201d1_2,1_2\u2033 _builder_version=\u201d4.16\u2033 background_size=\u201dinitial\u201d background_position=\u201doben_links\u201d background_repeat=\u201dwiederholen\u201d width=\u201d100%\u201d locked=\u201doff\u201d global_colors_info=\u201d{}\u201d][et_pb_column type=\u201d1_2\u2033 _builder_version=\u201d4.16\u2033 _module_preset=\u201ddefault\u201d global_colors_info=\u201d{}\u201d][et_pb_wc_tabs include_tabs=\u201ddescription||reviews\u201d _builder_version=\u201d4.16\u2033 global_colors_info=\u201d{}\u201d] [\/et_pb_wc_tabs][\/et_pb_column][et_pb_column Typ = \u201e1_2\u201c _builder_version = \u201e4.16\u201c custom_padding = \u201e|||\u201c global_colors_info=\u201d{}\u201d custom_padding__hover=\u201d|||\u201d][et_pb_text _builder_version=\u201d4.16\u2033 _module_preset=\u201ddefault\u201d text_text_color=\u201d#000000\u2033 header_text_color=\u201d#0c71c3\u2033 header_2_text_color=\u201d#0c71c3\u2033 header_3_text_color=\u201d#e02b20\u2033 header_4_text_color=\u201d#0c71c3\u2033 custom_margin=\u201d21px||||false|false\u201d custom_padding=\u201d17px||13px|12px|false|false\u201d border_width_all=\u201d5px\u201d border_color_all=\u201d#e02b20\u2033 border_style_all=\u201dgestrichelt\u201d box_shadow_style=\u201dpreset3\u2033 global_colors_info=\u201d{}\u201d]<\/p>\n<h3><strong>Verpassen Sie keinen Sale mehr:<\/strong><\/h3>\n<div class=\"tnp tnp-subscription-minimal\"><form action=\"https:\/\/digital-pinball.com\/wp-admin\/admin-ajax.php?action=tnp&amp;na=s\" method=\"post\" style=\"text-align: center\"><input type='hidden' name='nl[]' value='13'>\n<input type=\"hidden\" name=\"nr\" value=\"minimal\">\n<input type=\"hidden\" name=\"nlang\" value=\"\">\n<input class=\"tnp-email\" type=\"email\" required name=\"ne\" value=\"\" placeholder=\"Email\"><input class=\"tnp-submit\" type=\"submit\" value=\"senden\" style=\"\">\n<div class=\"tnp-field tnp-privacy-field\"><label><input type=\"checkbox\" name=\"ny\" required class=\"tnp-privacy\"> <a target=\"_blank\" href=\"https:\/\/digital-pinball.com\/privacy\/\">Ich akzeptiere die Datenschutzregelung*<\/a><\/label><\/div><\/form><\/div>\n\n<p>[\/et_pb_text][\/et_pb_column][\/et_pb_row][\/et_pb_section]<\/p>","protected":false},"excerpt":{"rendered":"<p><strong>auf Lager<\/strong><\/p>\n<p>Zum Spielen ben\u00f6tigen Sie einen Nintendo Switch<\/p>\n<p><strong>Um Ihr Ger\u00e4t auch w\u00e4hrend des Spielens aufzuladen, k\u00f6nnen Sie das USB-C-Y-Kabel hinzuf\u00fcgen:<\/strong><br \/>\n<a href=\"https:\/\/digital-pinball.com\/00\/usb-c-double-cable\/\">Gehe zum Produkt<\/a><\/p>\n<p>&nbsp;<\/p>","protected":false},"featured_media":15890,"template":"","meta":{"_et_pb_use_builder":"on","_et_pb_old_content":"Introducing the ultimate gaming experience - the arcade machine for the Nintendo Switch! This sleek and stylish arcade machine is the perfect addition to any gamer's collection. Simply slide in your Nintendo Switch and start playing all of your favorite games with the joystick and buttons.\r\n\r\nWhether you're looking to relive the nostalgia of classic arcade games or take your modern gaming to the next level, this arcade machine has got you covered. With its intuitive controls and seamless integration with the Nintendo Switch, you'll be able to play your favorite games for hours on end.\r\n\r\nDon't settle for anything less than the best. Get your hands on the arcade machine for the Nintendo Switch today and experience gaming like never before!","_et_gb_content_width":""},"product_brand":[],"product_cat":[30,173,177],"product_tag":[],"class_list":{"0":"post-15872","1":"product","2":"type-product","3":"status-publish","4":"has-post-thumbnail","6":"product_cat-bartop","7":"product_cat-best-seller","8":"product_cat-weship","10":"first","11":"instock","12":"taxable","13":"shipping-taxable","14":"purchasable","15":"product-type-simple"},"_links":{"self":[{"href":"https:\/\/digital-pinball.com\/de\/wp-json\/wp\/v2\/product\/15872","targetHints":{"allow":["GET"]}}],"collection":[{"href":"https:\/\/digital-pinball.com\/de\/wp-json\/wp\/v2\/product"}],"about":[{"href":"https:\/\/digital-pinball.com\/de\/wp-json\/wp\/v2\/types\/product"}],"wp:featuredmedia":[{"embeddable":true,"href":"https:\/\/digital-pinball.com\/de\/wp-json\/wp\/v2\/media\/15890"}],"wp:attachment":[{"href":"https:\/\/digital-pinball.com\/de\/wp-json\/wp\/v2\/media?parent=15872"}],"wp:term":[{"taxonomy":"product_brand","embeddable":true,"href":"https:\/\/digital-pinball.com\/de\/wp-json\/wp\/v2\/product_brand?post=15872"},{"taxonomy":"product_cat","embeddable":true,"href":"https:\/\/digital-pinball.com\/de\/wp-json\/wp\/v2\/product_cat?post=15872"},{"taxonomy":"product_tag","embeddable":true,"href":"https:\/\/digital-pinball.com\/de\/wp-json\/wp\/v2\/product_tag?post=15872"}],"curies":[{"name":"wp","href":"https:\/\/api.w.org\/{rel}","templated":true}]}}