{"id":1336,"date":"2019-12-24T11:58:26","date_gmt":"2019-12-24T10:58:26","guid":{"rendered":"https:\/\/www.digital-pinball.com\/?post_type=product&#038;p=1336"},"modified":"2025-03-07T07:12:21","modified_gmt":"2025-03-07T06:12:21","slug":"virtual-pinball-tabletop-ultra","status":"publish","type":"product","link":"https:\/\/digital-pinball.com\/de\/virtual-pinball-store\/virtual-pinball-tabletop-ultra\/","title":{"rendered":"Sharpin Ultra Virtual Flipper Tabletop"},"content":{"rendered":"<p>[et_pb_section fb_built=\u201d1\u2033 _builder_version=\u201d4.16\u2033 custom_padding=\u201d0px||||false|false\u201d global_colors_info=\u201d{}\u201d][et_pb_row column_structure=\u201d1_2,1_2\u2033 _builder_version=\u201d4.16\u2033 background_size=\u201dinitial\u201d background_position=\u201doben_links\u201d background_repeat=\u201dwiederholen\u201d width=\u201d100%\u201d custom_padding=\u201d0px||0px||false|false\u201d global_colors_info=\u201d{}\u201d][et_pb_column type=\u201d1_2\u2033 _builder_version=\u201d4.16\u2033 custom_padding=\u201d|||\u201d global_colors_info=\u201d{}\u201d custom_padding__hover=\u201d|||\u201d][et_pb_wc_images sale_badge_color=\u201d#000000\u2033 _builder_version=\u201d4.16\u2033 custom_margin=\u201d||0px||false|false\u201d custom_padding=\u201d||0px||false|false\u201d global_colors_info=\u201d{}\u201d][\/et_pb_wc_images][\/et_pb_column][et_pb_column Typ=\u201d1_2\u2033 _builder_version=\u201d4.16\u2033 custom_padding=\u201d|||\u201d global_colors_info=\u201d{}\u201d custom_padding__hover=\u201d|||\u201d][et_pb_wc_title _builder_version=\u201d4.16\u2033 custom_padding=\u201d||0px|||\u201d global_colors_info=\u201d{}\u201d][\/et_pb_wc_title][et_pb_wc_rating _builder_version=\u201d4.16\u2033 Bewertungstextfarbe=\u201d#000000\u2033 Bodytextfarbe=\u201d#000000\u2033 Custommargin=\u201d-2em|0em|-0.4em|0em|false|false\u201d global_colors_info=\u201d{}\u201d][\/et_pb_wc_rating][et_pb_wc_Preis Produkt=\u201d1336\u2033 _builder_version=\u201d4.16\u2033 Bodytextfarbe=\u201d#0c71c3\u2033 Bodyfont_size=\u201d34px\u201d Bodylineh\u00f6he=\u201d1em\u201d Custompadding=\u201d||0px||false|false\u201d global_colors_info=\u201d{}\u201d][\/et_pb_wc_price][et_pb_wc_add_to_cart product=\u201d1336\u2033 show_quantity=\u201daus\u201d _builder_version=\u201d4.16\u2033 _module_preset=\u201dstandardm\u00e4\u00dfig\u201d custom_button=\u201dein\u201d button_text_color=\u201d#ffffff\u201d button_bg_color=\u201d#000000\u2033 global_colors_info=\u201d{}\u201d][\/et_pb_wc_add_to_cart][et_pb_wc_description product=\u201d1336\u2033 _builder_version=\u201d4.16\u2033 _module_preset=\u201dstandardm\u00e4\u00dfig\u201d global_colors_info=\u201d{}\u201d][\/et_pb_wc_description][\/et_pb_column][\/et_pb_row][et_pb_row _builder_version=\u201d4.16\u2033 _module_preset=\u201ddefault\u201d width=\u201d100%\u201d custom_padding=\u201d0px||0px|||\u201d global_colors_info=\u201d{}\u201d][et_pb_column Typ=\u201d4_4\u2033 _builder_version=\u201d4.16\u2033 _module_preset=\u201dStandard\u201d global_colors_info=\u201d{}\u201d][et_pb_divider Farbe=\u201d#000000\u2033 Teilergewicht=\u201d3px\u201d _builder_version=\u201d4.16\u2033 _module_preset=\u201dStandard\u201d Mindesth\u00f6he=\u201d24,3px\u201d benutzerdefinierter_Margin=\u201d||-1px|||\u201d global_colors_info=\u201d{}\u201d][\/et_pb_divider][\/et_pb_column][\/et_pb_row][et_pb_row column_structure=\u201d1_3,1_3,1_3\u2033 _builder_version=\u201d4.16\u2033 _module_preset=\u201ddefault\u201d width=\u201d100%\u201d min_height=\u201d61px\u201d custom_padding=\u201d||0px|||\u201d global_colors_info=\u201d{}\u201d][et_pb_column type=\u201d1_3\u2033 _builder_version=\u201d4.16\u2033 _module_preset=\u201ddefault\u201d global_colors_info=\u201d{}\u201d][et_pb_blurb title=\u201dGeld-zur\u00fcck-Garantie\u201d use_icon=\u201don\u201d font_icon=\u201d\ue0f3||divi||400\u2033 icon_color=\u201d#007fe0\u2033 icon_placement=\u201dleft\u201d image_icon_width=\u201d47px\u201d _builder_version=\u201d4.16\u2033 _module_preset=\u201ddefault\u201d icon_font_size=\u201d47px\u201d global_colors_info=\u201d{}\u201d]<\/p>\n<p>14 Tage Geld-zur\u00fcck-Garantie<br \/>Keine Fragen gefragt<\/p>\n<p>[\/et_pb_blurb][\/et_pb_column][et_pb_column type=\u201d1_3\u2033 _builder_version=\u201d4.16\u2033 _module_preset=\u201ddefault\u201d global_colors_info=\u201d{}\u201d][et_pb_blurb title=\u201dSchnelle Lieferung\u201d use_icon=\u201don\u201d font_icon=\u201d\ue06b||divi||400\u2033 icon_color=\u201d#007fe0\u2033 icon_placement=\u201dleft\u201d image_icon_width=\u201d47px\u201d _builder_version=\u201d4.16\u2033 _module_preset=\u201ddefault\u201d icon_font_size=\u201d47px\u201d global_colors_info=\u201d{}\u201d]<\/p>\n<p>Alle Artikel auf Lager werden innerhalb von 1-3 Tagen versandt. Weltweit<\/p>\n<p>&nbsp;<\/p>\n<p>[\/et_pb_blurb][\/et_pb_column][et_pb_column type=\u201d1_3\u2033 _builder_version=\u201d4.16\u2033 _module_preset=\u201ddefault\u201d global_colors_info=\u201d{}\u201d][et_pb_blurb title=\u201dSichere Zahlung\u201d use_icon=\u201don\u201d font_icon=\u201d\ue0d9||divi||400\u2033 icon_color=\u201d#007fe0\u2033 icon_placement=\u201dleft\u201d image_icon_width=\u201d47px\u201d _builder_version=\u201d4.16\u2033 _module_preset=\u201ddefault\u201d icon_font_size=\u201d47px\u201d global_colors_info=\u201d{}\u201d font_icon__hover_enabled=\u201doff|desktop\u201d]<\/p>\n<p>Bezahlen Sie mit PayPal, Kreditkarte oder Bank\u00fcberweisung<\/p>\n<p>[\/et_pb_blurb][\/et_pb_column][\/et_pb_row][et_pb_row _builder_version=\u201d4.16\u2033 _module_preset=\u201ddefault\u201d width=\u201d100%\u201d custom_padding=\u201d0px||0px|||\u201d global_colors_info=\u201d{}\u201d][et_pb_column Typ=\u201d4_4\u2033 _builder_version=\u201d4.16\u2033 _module_preset=\u201dStandard\u201d global_colors_info=\u201d{}\u201d][et_pb_divider Farbe=\u201d#000000\u2033 Teilergewicht=\u201d3px\u201d _builder_version=\u201d4.16\u2033 _module_preset=\u201dStandard\u201d Mindesth\u00f6he=\u201d24,3px\u201d benutzerdefinierter_Margin=\u201d||-1px|||\u201d global_colors_info=\u201d{}\u201d][\/et_pb_divider][\/et_pb_column][\/et_pb_row][et_pb_row column_structure=\u201d1_2,1_2\u2033 _builder_version=\u201d4.16\u2033 background_size=\u201dinitial\u201d background_position=\u201doben_links\u201d background_repeat=\u201dwiederholen\u201d width=\u201d100%\u201d locked=\u201doff\u201d global_colors_info=\u201d{}\u201d][et_pb_column type=\u201d1_2\u2033 _builder_version=\u201d4.16\u2033 _module_preset=\u201ddefault\u201d global_colors_info=\u201d{}\u201d][et_pb_wc_tabs include_tabs=\u201ddescription||reviews\u201d _builder_version=\u201d4.16\u2033 global_colors_info=\u201d{}\u201d] [\/et_pb_wc_tabs][\/et_pb_column][et_pb_column type=\u201d1_2\u2033 _builder_version=\u201d4.16\u2033 custom_padding=\u201d|||\u201d global_colors_info=\u201d{}\u201d custom_padding__hover=\u201d|||\u201d][et_pb_text admin_label=\u201dTitel\u201d _builder_version=\u201d4.16\u2033 text_font=\u201dNunito||||||||\u201d text_font_size=\u201d18px\u201d text_line_height=\u201d1.8em\u201d header_font=\u201d||||||||\u201d header_2_font=\u201dOswald|||on|||||\u201d header_2_text_align=\u201dzentriert\u201d header_2_font_size=\u201d40px\u201d header_2_letter_spacing=\u201d1px\u201d header_2_line_height=\u201d1.5em\u201d header_3_font=\u201d||||||||\u201d max_width=\u201d600px\u201d max_width_last_edited=\u201daus|desktop\u201d module_alignment=\u201dzentriert\u201d min_height=\u201d10px\u201d custom_margin=\u201d||-2px|214px||\u201d gesperrt=\u201daus\u201d global_colors_info=\u201d{}\u201d]<\/p>\n<h2><span style=\"color: #000000;\"><span style=\"caret-color: #000000;\">YOUTUBE-REZENSIONEN<\/span><\/span><\/h2>\n<p>[\/et_pb_text][et_pb_video_slider _builder_version=\u201d4.16\u2033 _module_preset=\u201ddefault\u201d global_colors_info=\u201d{}\u201d][et_pb_video_slider_item src=\u201dhttps:\/\/youtu.be\/jYzbYb9irAs\u201d _builder_version=\u201d4.6.5\u2033 _module_preset=\u201ddefault\u201d global_colors_info=\u201d{}\u201d show_image_overlay=\u201doff\u201d][\/et_pb_video_slider_item][et_pb_video_slider_item src=\u201dhttps:\/\/youtu.be\/7l2INlsHbEg\u201d _builder_version=\u201d4.6.5\u2033 _module_preset=\u201ddefault\u201d global_colors_info=\u201d{}\u201d show_image_overlay=\u201daus\u201d][\/et_pb_video_slider_item][et_pb_video_slider_item src=\u201dhttps:\/\/youtu.be\/wghgwomEckg\u201d _builder_version=\u201d4.6.5\u2033 _module_preset=\u201ddefault\u201d global_colors_info=\u201d{}\u201d show_image_overlay=\u201daus\u201d][\/et_pb_video_slider_item][\/et_pb_video_slider][et_pb_button button_url=\u201dhttps:\/\/www.youtube.com\/results?search_query=sharpin+pinball\u201d button_text=\u201dweitere Videos\u201d button_alignment=\u201dcenter\u201d _builder_version=\u201d4.16\u2033 _module_preset=\u201ddefault\u201d custom_button=\u201dan\u201d button_text_color=\u201d#ffffff\u201d button_bg_color=\u201d#e02b20\u2033 button_icon=\u201d\ue0a3||divi||400\u2033 button_on_hover=\u201daus\u201d custom_padding=\u201d|46px|||false|false\u201d global_colors_info=\u201d{}\u201d][\/et_pb_button][\/et_pb_column][\/et_pb_row][\/et_pb_section]<\/p>","protected":false},"excerpt":{"rendered":"<p><b>Neueste Version mit X96 Max Plus Ultra TV-Box und Android 11\u00a0<\/b><\/p>\n<p>Genie\u00dfen Sie grenzenlosen Flipper-Spa\u00df mit dem Sharpin Ultra Virtual Pinball Tabletop mit einem 22-Zoll-Display und Zugriff auf eine gro\u00dfe Auswahl an Spielen aus dem Google Play Store.<\/p>","protected":false},"featured_media":15787,"template":"","meta":{"_et_pb_use_builder":"on","_et_pb_old_content":"Thousands of games\r\n<h3><a href=\"https:\/\/digital-pinball.com\/wp-content\/uploads\/2019\/12\/google-play.jpg\"><img class=\"alignnone size-full wp-image-14229\" src=\"https:\/\/digital-pinball.com\/wp-content\/uploads\/2019\/12\/google-play.jpg\" alt=\"\" width=\"873\" height=\"481\" \/><\/a><\/h3>\r\n[button link=\"https:\/\/play.google.com\/store\/apps\/collection\/cluster?clp=ggEJCgdwaW5iYWxs:S:ANO1ljLJLM4&amp;gsr=CgyCAQkKB3BpbmJhbGw%3D:S:ANO1ljKhr9g\" color=\"black\" newwindow=\"yes\"]more games[\/button]\r\n\r\nSharpin Pinball is not associated with Google Play or any App on the Google Play Store. All trademarks, logos and brand names are the property of their respective owners. All company, product and service names used in this website are for identification purposes only. The availability of pinball apps depends on your country and the Play Store restrictions set by the app developers.\r\n<h1>Sharpin Ultra Virtual Pinball Tabletop: Unleash Endless Entertainment<\/h1>\r\n<strong>Introduction:<\/strong> Experience the future of gaming with the Sharpin Ultra Virtual Pinball Tabletop, a groundbreaking innovation that transforms your love for pinball into an unlimited adventure. Designed with a sleek, minimalistic aesthetic and built on a powerful Android platform, the Sharpin Ultra offers a versatile gaming experience without confining you to a specific brand or platform.\r\n\r\n<strong>Unmatched Versatility:<\/strong> One of the most striking features of the Sharpin Ultra is its unparalleled flexibility. Unlike many competitors that restrict you to their proprietary games, the Sharpin Ultra opens up a world of possibilities. With access to the Google Play Store, you're not just limited to a handful of titles; you can explore and enjoy a vast array of games that cater to all tastes and interests.\r\n\r\n<strong>Enhanced Connectivity:<\/strong> The innovation doesn't stop there. The Sharpin Ultra transcends traditional boundaries by allowing you to connect it to your PC. This connectivity ushers you into the realms of Future Pinball and Visual Pinball, offering access to thousands of games. Whether you're a fan of classic pinball tables or seek the thrill of modern designs, the Sharpin Ultra has something for everyone.\r\n\r\n<strong>Immersive Gaming Experience:<\/strong> At the heart of the Sharpin Ultra is a vibrant 22-inch monitor that brings every game to life with stunning clarity and detail. Coupled with potent hardware, the machine delivers a smooth and immersive gaming experience that keeps you engaged for hours. The dedicated computing unit, optimized for Android, ensures seamless performance, while the encoder unit flawlessly translates your actions from the arcade buttons to the virtual pin.\r\n\r\n<strong>Minimalistic Design, Maximal Enjoyment:<\/strong> Adhering to a philosophy of minimalism, the Sharpin Ultra features a design that focuses on essentials, eliminating any unnecessary clutter. This approach not only enhances the aesthetic appeal of the device but also contributes to its affordability. Despite its streamlined design, the Sharpin Ultra does not compromise on functionality or fun.\r\n\r\n<strong>Your Arcade, Your Rules:<\/strong> With the Sharpin Ultra Virtual Pinball Tabletop, you're not just buying a gaming machine; you're investing in a portal to endless entertainment. It's not just a product; it's your ticket to a world where you set the rules, choose your adventures, and enjoy unparalleled freedom in your gaming experience.\r\n\r\nEmbark on a journey of endless fun and limitless possibilities with the Sharpin Ultra Virtual Pinball Tabletop \u2013 where your only limit is your imagination.\r\n\r\n<strong>The kit contains: <\/strong>\r\n<ul>\r\n \t<li>Android Box with the following specs:\r\nX96 max plus ultra tv box with android 11, \u00a0amlogic s905x4 quad core, 4gb RAM, 64gb Storage<\/li>\r\n \t<li>cnc cut wood cabinet (543mm x 334mm x 260mm)<\/li>\r\n \t<li>Acrylic glas cover<\/li>\r\n \t<li>arcade button encoder<\/li>\r\n \t<li>arcade buttons<\/li>\r\n \t<li>2x \u00a0speaker<\/li>\r\n \t<li>22\" High-Quality FULL HD Display<\/li>\r\n \t<li>designed decals<\/li>\r\n \t<li>side rails<\/li>\r\n \t<li>screws<\/li>\r\n<\/ul>","_et_gb_content_width":""},"product_brand":[],"product_cat":[30,173,177],"product_tag":[],"class_list":{"0":"post-1336","1":"product","2":"type-product","3":"status-publish","4":"has-post-thumbnail","6":"product_cat-bartop","7":"product_cat-best-seller","8":"product_cat-weship","10":"first","11":"instock","12":"taxable","13":"shipping-taxable","14":"purchasable","15":"product-type-simple"},"_links":{"self":[{"href":"https:\/\/digital-pinball.com\/de\/wp-json\/wp\/v2\/product\/1336","targetHints":{"allow":["GET"]}}],"collection":[{"href":"https:\/\/digital-pinball.com\/de\/wp-json\/wp\/v2\/product"}],"about":[{"href":"https:\/\/digital-pinball.com\/de\/wp-json\/wp\/v2\/types\/product"}],"wp:featuredmedia":[{"embeddable":true,"href":"https:\/\/digital-pinball.com\/de\/wp-json\/wp\/v2\/media\/15787"}],"wp:attachment":[{"href":"https:\/\/digital-pinball.com\/de\/wp-json\/wp\/v2\/media?parent=1336"}],"wp:term":[{"taxonomy":"product_brand","embeddable":true,"href":"https:\/\/digital-pinball.com\/de\/wp-json\/wp\/v2\/product_brand?post=1336"},{"taxonomy":"product_cat","embeddable":true,"href":"https:\/\/digital-pinball.com\/de\/wp-json\/wp\/v2\/product_cat?post=1336"},{"taxonomy":"product_tag","embeddable":true,"href":"https:\/\/digital-pinball.com\/de\/wp-json\/wp\/v2\/product_tag?post=1336"}],"curies":[{"name":"wp","href":"https:\/\/api.w.org\/{rel}","templated":true}]}}