{"id":291,"date":"2019-11-13T12:11:22","date_gmt":"2019-11-13T11:11:22","guid":{"rendered":"https:\/\/www.digital-pinball.com\/?page_id=291"},"modified":"2024-08-05T13:47:58","modified_gmt":"2024-08-05T11:47:58","slug":"virtual-pinball-store","status":"publish","type":"page","link":"https:\/\/digital-pinball.com\/de\/virtual-pinball-store\/","title":{"rendered":"Virtueller Flipperladen"},"content":{"rendered":"<p>[et_pb_section fb_built=\u201d1\u2033 fullwidth=\u201don\u201d _builder_version=\u201d4.16\u2033 _module_preset=\u201ddefault\u201d global_colors_info=\u201d{}\u201d][et_pb_fullwidth_header title=\u201dSharpin Store\u201d subhead=\u201dVirtuelle Flipperautomaten, Arcade-Automaten und mehr\u201d text_orientation=\u201dcenter\u201d title_last_edited=\u201doff|desktop\u201d _builder_version=\u201d4.21.0\u2033 _module_preset=\u201ddefault\u201d title_font=\u201d|800|||||||\u201d Titelschriftgr\u00f6\u00dfe =\u201d61px\u201d Unter\u00fcberschriftenschriftgr\u00f6\u00dfe =\u201d28px\u201d Unter\u00fcberschriftenzeilenh\u00f6he =\u201d1,1em\u201d Hintergrundbild =\u201dhttps:\/\/digital-pinball.com\/wp-content\/uploads\/2023\/03\/gameroom-banner.png\u201d H\u00f6he =\u201d306px\u201d benutzerdefinierter Rand =\u201d||-1px|||\u201d benutzerdefinierte Polsterung =\u201d||0px|||\u201d title_font_size_tablet=\u201d\u201d title_font_size_phone=\u201d40px\u201d title_font_size_last_edited=\u201dam|Telefon\u201d subhead_font_size_tablet=\u201d\u201d subhead_font_size_phone=\u201d\u201d subhead_font_size_last_edited=\u201dam|Telefon\u201d global_colors_info=\u201d{}\u201d][\/et_pb_fullwidth_header][\/et_pb_section][et_pb_section fb_built=\u201d1\u2033 _builder_version=\u201d4.21.0\u2033 global_colors_info=\u201d{}\u201d][et_pb_row _builder_version=\u201d4.16\u2033 custom_margin=\u201d-3px|auto||auto||\u201d custom_padding=\u201d||8px|||\u201d global_colors_info=\u201d{}\u201d][et_pb_column type=\u201d4_4\u2033 _builder_version=\u201d4.16\u2033 global_colors_info=\u201d{}\u201d][et_pb_text admin_label=\u201dTitel\u201d _builder_version=\u201d4.21.0\u2033 text_font=\u201dNunito||||||||\u201d text_font_size=\u201d18px\u201d text_line_height=\u201d1.8em\u201d header_font=\u201dOswald|||on|||||\u201d header_font_size=\u201d40px\u201d header_letter_spacing=\u201d1px\u201d header_line_height=\u201d1.5em\u201d header_2_font=\u201dOswald|||on|||||\u201d header_2_text_align=\u201dMitte\u201d header_2_font_size=\u201d40px\u201d header_2_letter_spacing=\u201d1px\u201d header_2_line_height=\u201d1.5em\u201d header_3_font=\u201d||||||||\u201d max_width=\u201d600px\u201d module_alignment=\u201dMitte\u201d custom_margin=\u201d-27px||10px|214px||\u201d global_colors_info=\u201d{}\u201d]<\/p>\n<h1 style=\"text-align: center;\"><span style=\"color: #000000;\">Bestseller, Verkaufsschlager, Spitzenreiter<\/span><\/h1>\n<p>[\/et_pb_text][\/et_pb_column][\/et_pb_row][et_pb_row _builder_version=\u201d4.16\u2033 global_colors_info=\u201d{}\u201d][et_pb_column type=\u201d4_4\u2033 _builder_version=\u201d4.16\u2033 global_colors_info=\u201d{}\u201d][et_pb_shop type=\u201dproduct_category\u201d posts_number=\u201d50\u2033 include_categories=\u201d173\u2033 orderby=\u201dprice-desc\u201d sale_badge_color=\u201drgba(0,0,0,0)\u201d icon_hover_color=\u201drgba(0,0,0,0)\u201d hover_overlay_color=\u201drgba(0,0,0,0)\u201d hover_icon=\u201dP||divi||400\u2033 show_rating=\u201doff\u201d show_sale_badge=\u201daus\u201d _builder_version=\u201d4.21.0\u2033 title_font_size=\u201d22px\u201d price_text_color=\u201d#000000\u2033 price_font_size=\u201d21px\u201d sale_badge_text_color=\u201drgba(0,0,0,0)\u201d sale_price_text_color=\u201d#0c7c2a\u201d rating_text_color=\u201d#000000\u2033 rating_font_size=\u201d18px\u201d rating_letter_spacing=\u201d3px\u201d min_height=\u201d288px\u201d global_colors_info=\u201d{}\u201d][\/et_pb_shop][\/et_pb_column][\/et_pb_row][et_pb_row _builder_version=\u201d4.16\u2033 custom_margin=\u201d-34px|auto||auto||\u201d global_colors_info=\u201d{}\u201d][et_pb_column type=\u201d4_4\u2033 _builder_version=\u201d4.16\u2033 global_colors_info=\u201d{}\u201d][et_pb_text admin_label=\u201dTitel\u201d _builder_version=\u201d4.21.0\u2033 text_font=\u201dNunito||||||||\u201d text_font_size=\u201d18px\u201d text_line_height=\u201d1.8em\u201d header_font=\u201dOswald|||on|||||\u201d header_font_size=\u201d40px\u201d header_letter_spacing=\u201d1px\u201d header_line_height=\u201d1.5em\u201d header_2_font=\u201dOswald|||on|||||\u201d header_2_text_align=\u201dMitte\u201d header_2_font_size=\u201d40px\u201d header_2_letter_spacing=\u201d1px\u201d header_2_line_height=\u201d1.5em\u201d header_3_font=\u201d||||||||\u201d max_width=\u201d600px\u201d module_alignment=\u201dMitte\u201d custom_margin=\u201d-27px||10px|214px||\u201d global_colors_info=\u201d{}\u201d]<\/p>\n<h1 style=\"text-align: center;\"><span style=\"color: #000000;\">Weitere Flipper-Artikel<\/span><\/h1>\n<p>[\/et_pb_text][\/et_pb_column][\/et_pb_row][et_pb_row _builder_version=\u201d4.16\u2033 global_colors_info=\u201d{}\u201d][et_pb_column type=\u201d4_4\u2033 _builder_version=\u201d4.16\u2033 global_colors_info=\u201d{}\u201d][et_pb_shop type=\u201dproduct_category\u201d posts_number=\u201d50\u2033 include_categories=\u201d30,59,73,145,175,183,54\u2033 orderby=\u201dprice-desc\u201d sale_badge_color=\u201drgba(0,0,0,0)\u201d icon_hover_color=\u201drgba(0,0,0,0)\u201d hover_overlay_color=\u201drgba(0,0,0,0)\u201d hover_icon=\u201dP||divi||400\u2033 show_rating=\u201doff\u201d _builder_version=\u201d4.21.0\u2033 title_font_size=\u201d22px\u201d price_text_color=\u201d#000000\u2033 price_font_size=\u201d21px\u201d sale_badge_text_color=\u201drgba(0,0,0,0)\u201d sale_price_text_color=\u201d#0c7c2a\u201d rating_text_color=\u201d#000000\u2033 rating_font_size=\u201d18px\u201d rating_letter_spacing=\u201d3px\u201d min_height=\u201d288px\u201d global_colors_info=\u201d{}\u201d][\/et_pb_shop][\/et_pb_column][\/et_pb_row][\/et_pb_section]<\/p>","protected":false},"excerpt":{"rendered":"<p>BestsellerWeitere Flipperartikel<\/p>","protected":false},"author":1,"featured_media":0,"parent":0,"menu_order":0,"comment_status":"closed","ping_status":"open","template":"","meta":{"_et_pb_use_builder":"on","_et_pb_old_content":"","_et_gb_content_width":"","footnotes":""},"class_list":["post-291","page","type-page","status-publish","hentry"],"_links":{"self":[{"href":"https:\/\/digital-pinball.com\/de\/wp-json\/wp\/v2\/pages\/291","targetHints":{"allow":["GET"]}}],"collection":[{"href":"https:\/\/digital-pinball.com\/de\/wp-json\/wp\/v2\/pages"}],"about":[{"href":"https:\/\/digital-pinball.com\/de\/wp-json\/wp\/v2\/types\/page"}],"author":[{"embeddable":true,"href":"https:\/\/digital-pinball.com\/de\/wp-json\/wp\/v2\/users\/1"}],"replies":[{"embeddable":true,"href":"https:\/\/digital-pinball.com\/de\/wp-json\/wp\/v2\/comments?post=291"}],"version-history":[{"count":110,"href":"https:\/\/digital-pinball.com\/de\/wp-json\/wp\/v2\/pages\/291\/revisions"}],"predecessor-version":[{"id":16823,"href":"https:\/\/digital-pinball.com\/de\/wp-json\/wp\/v2\/pages\/291\/revisions\/16823"}],"wp:attachment":[{"href":"https:\/\/digital-pinball.com\/de\/wp-json\/wp\/v2\/media?parent=291"}],"curies":[{"name":"wp","href":"https:\/\/api.w.org\/{rel}","templated":true}]}}