{"id":13230,"date":"2021-09-23T08:29:44","date_gmt":"2021-09-23T06:29:44","guid":{"rendered":"https:\/\/www.digital-pinball.com\/payment_methods\/"},"modified":"2024-03-31T09:11:52","modified_gmt":"2024-03-31T07:11:52","slug":"payment_methods","status":"publish","type":"page","link":"https:\/\/digital-pinball.com\/de\/payment_methods\/","title":{"rendered":"Zahlungsarten"},"content":{"rendered":"<p><strong>Bezahlm\u00f6glichkeiten<\/strong><\/p>\n<p>Wir bieten Ihnen folgende Zahlungsarten an. Durchsuchen Sie einfach die Liste nach der f\u00fcr Sie besten Zahlungsart. Die Versandkosten k\u00f6nnen je nach gew\u00e4hlter Zahlungsart variieren. Die in den jeweiligen Angeboten genannten Preise sind Endpreise und beinhalten alle Preisbestandteile (einschlie\u00dflich etwaiger anfallender Steuern wie z. B. Mehrwertsteuer). Sonstige Steuern (z. B. bei innergemeinschaftlichen K\u00e4ufen) und\/oder Abgaben (z. B. Z\u00f6lle) fallen nur im Zusammenhang mit grenz\u00fcberschreitenden Gesch\u00e4ften an und sind an die jeweiligen Zoll- und\/oder Steuerbeh\u00f6rden und nicht an den Verk\u00e4ufer zu zahlen. Die Kosten f\u00fcr Versand und Lieferung sind nicht im Kaufpreis enthalten und k\u00f6nnen auf der Seite \u201eVersandkosten\u201c eingesehen werden. Sie werden im Bestellvorgang gesondert ausgewiesen und sind von Ihnen zus\u00e4tzlich zum Kaufpreis zu zahlen.<\/p>\n<p><em>Lastschrift<\/em><\/p>\n<p>Wir ziehen den Rechnungsbetrag nach Eingang Ihrer Bestellung von Ihrem angegebenen Bankkonto ein.<\/p>\n<p><em>Kreditkarte<\/em><\/p>\n<p>Problemlose Kreditkartenzahlung.<\/p>\n<p><em>PayPal<\/em><\/p>\n<p>Noch schneller und einfacher geht die Zahlung mit Ihrem PayPal-Konto.<\/p>\n<p>Bitte \u00fcberweisen Sie den f\u00e4lligen Gesamtbetrag auf unser Konto:<\/p>\n<p>Kontoinhaber: Michael Gruber<br \/>\nIBAN:<br \/>\nAT83 2081 5000 4312 2126<\/p>\n<p>BIC:<br \/>\nSTSPAT2GXXX<\/p>","protected":false},"excerpt":{"rendered":"<p>Zahlungsarten Wir bieten Ihnen folgende Zahlungsarten an. Suchen Sie sich einfach in der Liste die f\u00fcr Sie g\u00fcnstigste Zahlungsart heraus. Die Versandkosten k\u00f6nnen je nach gew\u00e4hlter Zahlungsart variieren. Die in den jeweiligen Angeboten angef\u00fchrten Preise sind Endpreise und beinhalten alle Preisbestandteile (einschlie\u00dflich etwaig anfallender Steuern wie Mehrwertsteuer). Sonstige Steuern [\u2026]<\/p>","protected":false},"author":1,"featured_media":0,"parent":0,"menu_order":0,"comment_status":"closed","ping_status":"closed","template":"","meta":{"_et_pb_use_builder":"","_et_pb_old_content":"","_et_gb_content_width":"","footnotes":""},"class_list":["post-13230","page","type-page","status-publish","hentry"],"_links":{"self":[{"href":"https:\/\/digital-pinball.com\/de\/wp-json\/wp\/v2\/pages\/13230","targetHints":{"allow":["GET"]}}],"collection":[{"href":"https:\/\/digital-pinball.com\/de\/wp-json\/wp\/v2\/pages"}],"about":[{"href":"https:\/\/digital-pinball.com\/de\/wp-json\/wp\/v2\/types\/page"}],"author":[{"embeddable":true,"href":"https:\/\/digital-pinball.com\/de\/wp-json\/wp\/v2\/users\/1"}],"replies":[{"embeddable":true,"href":"https:\/\/digital-pinball.com\/de\/wp-json\/wp\/v2\/comments?post=13230"}],"version-history":[{"count":2,"href":"https:\/\/digital-pinball.com\/de\/wp-json\/wp\/v2\/pages\/13230\/revisions"}],"predecessor-version":[{"id":13249,"href":"https:\/\/digital-pinball.com\/de\/wp-json\/wp\/v2\/pages\/13230\/revisions\/13249"}],"wp:attachment":[{"href":"https:\/\/digital-pinball.com\/de\/wp-json\/wp\/v2\/media?parent=13230"}],"curies":[{"name":"wp","href":"https:\/\/api.w.org\/{rel}","templated":true}]}}