{"id":13227,"date":"2021-09-23T08:29:44","date_gmt":"2021-09-23T06:29:44","guid":{"rendered":"https:\/\/www.digital-pinball.com\/shipping__delivery\/"},"modified":"2022-03-03T19:49:43","modified_gmt":"2022-03-03T18:49:43","slug":"shipping__delivery","status":"publish","type":"page","link":"https:\/\/digital-pinball.com\/de\/shipping__delivery\/","title":{"rendered":"Versand &amp; Lieferung"},"content":{"rendered":"<p><strong>Preise, Versandkosten und Lieferinformationen<\/strong><\/p>\n<p>Die auf den Produktseiten angegebenen Preise enthalten die gesetzliche Mehrwertsteuer und sonstige Preisbestandteile.<\/p>\n<p>Zus\u00e4tzlich zu den angegebenen Produktpreisen berechnen wir f\u00fcr die Lieferung eine Versandkostenpauschale. Die Versandkosten werden Ihnen w\u00e4hrend des Warenkorbvorgangs mitgeteilt und auf der Bestellseite nochmals best\u00e4tigt.<\/p>\n<p>Im Zusammenhang mit digitalen Inhalten (z. B. E-Books, Software etc.) fallen keine Versandkosten an.<\/p>\n<p>Die Versandkosten werden pauschal berechnet und verstehen sich inklusive der gesetzlichen Mehrwertsteuer. Da sich der in den Versandkosten enthaltene Mehrwertsteuerbetrag nach den gekauften Waren errechnet, kann er sich verringern, wenn die gekauften Waren einem niedrigeren Mehrwertsteuersatz unterliegen (z. B. B\u00fccher). Dies wiederum hat zur Folge, dass die endg\u00fcltigen Versandkosten erst w\u00e4hrend des Bestellvorgangs berechnet werden k\u00f6nnen. Da sie sich nicht erh\u00f6hen d\u00fcrfen, werden sie nur Ihrem Vorteil angepasst (dh gek\u00fcrzt).<\/p>\n<div id=\"gtx-trans\" style=\"position: absolute; left: 390px; top: 211px;\">\n<div class=\"gtx-trans-icon\"><\/div>\n<\/div>","protected":false},"excerpt":{"rendered":"<p>Preise, Versandkosten und Lieferinformationen Die auf den Produktseiten genannten Preise enthalten die gesetzliche Mehrwertsteuer und sonstige Preisbestandteile. Zus\u00e4tzlich zu den angegebenen Produktpreisen berechnen wir f\u00fcr die Lieferung pauschalierte Versandkosten. Die Versandkosten werden Ihnen im Warenkorb angezeigt und auf der Bestellseite nochmals best\u00e4tigt. Keine [\u2026]<\/p>","protected":false},"author":1,"featured_media":0,"parent":0,"menu_order":0,"comment_status":"closed","ping_status":"closed","template":"","meta":{"_et_pb_use_builder":"","_et_pb_old_content":"","_et_gb_content_width":"","footnotes":""},"class_list":["post-13227","page","type-page","status-publish","hentry"],"_links":{"self":[{"href":"https:\/\/digital-pinball.com\/de\/wp-json\/wp\/v2\/pages\/13227","targetHints":{"allow":["GET"]}}],"collection":[{"href":"https:\/\/digital-pinball.com\/de\/wp-json\/wp\/v2\/pages"}],"about":[{"href":"https:\/\/digital-pinball.com\/de\/wp-json\/wp\/v2\/types\/page"}],"author":[{"embeddable":true,"href":"https:\/\/digital-pinball.com\/de\/wp-json\/wp\/v2\/users\/1"}],"replies":[{"embeddable":true,"href":"https:\/\/digital-pinball.com\/de\/wp-json\/wp\/v2\/comments?post=13227"}],"version-history":[{"count":3,"href":"https:\/\/digital-pinball.com\/de\/wp-json\/wp\/v2\/pages\/13227\/revisions"}],"predecessor-version":[{"id":13260,"href":"https:\/\/digital-pinball.com\/de\/wp-json\/wp\/v2\/pages\/13227\/revisions\/13260"}],"wp:attachment":[{"href":"https:\/\/digital-pinball.com\/de\/wp-json\/wp\/v2\/media?parent=13227"}],"curies":[{"name":"wp","href":"https:\/\/api.w.org\/{rel}","templated":true}]}}